{"id":6947,"date":"2022-07-28T18:07:50","date_gmt":"2022-07-28T21:07:50","guid":{"rendered":"http:\/\/10.10.1.232\/wordpress\/?page_id=6947"},"modified":"2025-05-27T14:05:52","modified_gmt":"2025-05-27T17:05:52","slug":"unidades-de-memoria-institucional","status":"publish","type":"page","link":"http:\/\/10.10.1.232\/wordpress\/?page_id=6947","title":{"rendered":"Unidades de Mem\u00f3ria Institucional"},"content":{"rendered":"\t\t<div data-elementor-type=\"wp-page\" data-elementor-id=\"6947\" class=\"elementor elementor-6947\">\n\t\t\t\t\t\t<section class=\"elementor-section elementor-top-section elementor-element elementor-element-c8ddeb6 elementor-section-height-min-height elementor-section-boxed elementor-section-height-default elementor-section-items-middle\" data-id=\"c8ddeb6\" data-element_type=\"section\" data-e-type=\"section\" data-settings=\"{&quot;background_background&quot;:&quot;classic&quot;}\">\n\t\t\t\t\t\t\t<div class=\"elementor-background-overlay\"><\/div>\n\t\t\t\t\t\t\t<div class=\"elementor-container elementor-column-gap-default\">\n\t\t\t\t\t<div class=\"elementor-column elementor-col-100 elementor-top-column elementor-element elementor-element-6a5337e\" data-id=\"6a5337e\" data-element_type=\"column\" data-e-type=\"column\">\n\t\t\t<div class=\"elementor-widget-wrap elementor-element-populated\">\n\t\t\t\t\t\t<div class=\"elementor-element elementor-element-feefb6c elementor-widget elementor-widget-heading\" data-id=\"feefb6c\" data-element_type=\"widget\" data-e-type=\"widget\" data-widget_type=\"heading.default\">\n\t\t\t\t<div class=\"elementor-widget-container\">\n\t\t\t\t\t<h1 class=\"elementor-heading-title elementor-size-default\">Unidades de Mem\u00f3ria Institucional<\/h1>\t\t\t\t<\/div>\n\t\t\t\t<\/div>\n\t\t\t\t\t<\/div>\n\t\t<\/div>\n\t\t\t\t\t<\/div>\n\t\t<\/section>\n\t\t\t\t<section class=\"elementor-section elementor-top-section elementor-element elementor-element-ae3664b elementor-section-boxed elementor-section-height-default elementor-section-height-default\" data-id=\"ae3664b\" data-element_type=\"section\" data-e-type=\"section\">\n\t\t\t\t\t\t<div class=\"elementor-container elementor-column-gap-default\">\n\t\t\t\t\t<div class=\"elementor-column elementor-col-100 elementor-top-column elementor-element elementor-element-18ea5ac\" data-id=\"18ea5ac\" data-element_type=\"column\" data-e-type=\"column\">\n\t\t\t<div class=\"elementor-widget-wrap elementor-element-populated\">\n\t\t\t\t\t\t<div class=\"elementor-element elementor-element-a569c8a elementor-widget elementor-widget-spacer\" data-id=\"a569c8a\" data-element_type=\"widget\" data-e-type=\"widget\" data-widget_type=\"spacer.default\">\n\t\t\t\t<div class=\"elementor-widget-container\">\n\t\t\t\t\t\t\t<div class=\"elementor-spacer\">\n\t\t\t<div class=\"elementor-spacer-inner\"><\/div>\n\t\t<\/div>\n\t\t\t\t\t\t<\/div>\n\t\t\t\t<\/div>\n\t\t\t\t\t<\/div>\n\t\t<\/div>\n\t\t\t\t\t<\/div>\n\t\t<\/section>\n\t\t\t\t<section class=\"elementor-section elementor-top-section elementor-element elementor-element-0fba158 elementor-section-boxed elementor-section-height-default elementor-section-height-default\" data-id=\"0fba158\" data-element_type=\"section\" data-e-type=\"section\">\n\t\t\t\t\t\t<div class=\"elementor-container elementor-column-gap-default\">\n\t\t\t\t\t<div class=\"elementor-column elementor-col-100 elementor-top-column elementor-element elementor-element-1b482ef\" data-id=\"1b482ef\" data-element_type=\"column\" data-e-type=\"column\">\n\t\t\t<div class=\"elementor-widget-wrap elementor-element-populated\">\n\t\t\t\t\t\t<div class=\"elementor-element elementor-element-0a3a24a elementor-widget elementor-widget-button\" data-id=\"0a3a24a\" data-element_type=\"widget\" data-e-type=\"widget\" data-widget_type=\"button.default\">\n\t\t\t\t<div class=\"elementor-widget-container\">\n\t\t\t\t\t\t\t\t\t<div class=\"elementor-button-wrapper\">\n\t\t\t\t\t<a class=\"elementor-button elementor-button-link elementor-size-sm\" href=\"http:\/\/10.10.1.232\/wordpress\/?preview_id=11\">\n\t\t\t\t\t\t<span class=\"elementor-button-content-wrapper\">\n\t\t\t\t\t\t\t\t\t<span class=\"elementor-button-text\">Voltar ao menu inicial<\/span>\n\t\t\t\t\t<\/span>\n\t\t\t\t\t<\/a>\n\t\t\t\t<\/div>\n\t\t\t\t\t\t\t\t<\/div>\n\t\t\t\t<\/div>\n\t\t\t\t\t<\/div>\n\t\t<\/div>\n\t\t\t\t\t<\/div>\n\t\t<\/section>\n\t\t\t\t<section class=\"elementor-section elementor-top-section elementor-element elementor-element-e4a418e elementor-section-boxed elementor-section-height-default elementor-section-height-default\" data-id=\"e4a418e\" data-element_type=\"section\" data-e-type=\"section\">\n\t\t\t\t\t\t<div class=\"elementor-container elementor-column-gap-default\">\n\t\t\t\t\t<div class=\"elementor-column elementor-col-50 elementor-top-column elementor-element elementor-element-dc50665\" data-id=\"dc50665\" data-element_type=\"column\" data-e-type=\"column\">\n\t\t\t<div class=\"elementor-widget-wrap\">\n\t\t\t\t\t\t\t<\/div>\n\t\t<\/div>\n\t\t\t\t<div class=\"elementor-column elementor-col-25 elementor-top-column elementor-element elementor-element-4d3779c\" data-id=\"4d3779c\" data-element_type=\"column\" data-e-type=\"column\">\n\t\t\t<div class=\"elementor-widget-wrap\">\n\t\t\t\t\t\t\t<\/div>\n\t\t<\/div>\n\t\t\t\t<div class=\"elementor-column elementor-col-25 elementor-top-column elementor-element elementor-element-2305793\" data-id=\"2305793\" data-element_type=\"column\" data-e-type=\"column\">\n\t\t\t<div class=\"elementor-widget-wrap elementor-element-populated\">\n\t\t\t\t\t\t<section class=\"elementor-section elementor-inner-section elementor-element elementor-element-9993bef elementor-section-boxed elementor-section-height-default elementor-section-height-default\" data-id=\"9993bef\" data-element_type=\"section\" data-e-type=\"section\">\n\t\t\t\t\t\t<div class=\"elementor-container elementor-column-gap-default\">\n\t\t\t\t\t<div class=\"elementor-column elementor-col-33 elementor-inner-column elementor-element elementor-element-42dbfcf\" data-id=\"42dbfcf\" data-element_type=\"column\" data-e-type=\"column\">\n\t\t\t<div class=\"elementor-widget-wrap elementor-element-populated\">\n\t\t\t\t\t\t<div class=\"elementor-element elementor-element-a75ca7e elementor-widget elementor-widget-image\" data-id=\"a75ca7e\" data-element_type=\"widget\" data-e-type=\"widget\" data-widget_type=\"image.default\">\n\t\t\t\t<div class=\"elementor-widget-container\">\n\t\t\t\t\t\t\t\t\t\t\t\t\t\t\t\t<a href=\"http:\/\/10.10.1.232\/wordpress\/?page_id=6949\">\n\t\t\t\t\t\t\t<img fetchpriority=\"high\" decoding=\"async\" width=\"901\" height=\"768\" src=\"http:\/\/10.10.1.232\/wordpress\/wp-content\/uploads\/2022\/07\/arquivo.jpg\" class=\"attachment-large size-large wp-image-6950\" alt=\"\" \/>\t\t\t\t\t\t\t\t<\/a>\n\t\t\t\t\t\t\t\t\t\t\t\t\t\t\t<\/div>\n\t\t\t\t<\/div>\n\t\t\t\t\t<\/div>\n\t\t<\/div>\n\t\t\t\t<div class=\"elementor-column elementor-col-33 elementor-inner-column elementor-element elementor-element-9e3413f\" data-id=\"9e3413f\" data-element_type=\"column\" data-e-type=\"column\">\n\t\t\t<div class=\"elementor-widget-wrap elementor-element-populated\">\n\t\t\t\t\t\t<div class=\"elementor-element elementor-element-d0ed148 elementor-widget elementor-widget-image\" data-id=\"d0ed148\" data-element_type=\"widget\" data-e-type=\"widget\" data-widget_type=\"image.default\">\n\t\t\t\t<div class=\"elementor-widget-container\">\n\t\t\t\t\t\t\t\t\t\t\t\t\t\t\t\t<a href=\"http:\/\/10.10.1.232\/wordpress\/?page_id=6988\">\n\t\t\t\t\t\t\t<img decoding=\"async\" width=\"1024\" height=\"683\" src=\"http:\/\/10.10.1.232\/wordpress\/wp-content\/uploads\/2025\/05\/IMG_9988-1024x683.jpg\" class=\"attachment-large size-large wp-image-22730\" alt=\"\" srcset=\"http:\/\/10.10.1.232\/wordpress\/wp-content\/uploads\/2025\/05\/IMG_9988-1024x683.jpg 1024w, http:\/\/10.10.1.232\/wordpress\/wp-content\/uploads\/2025\/05\/IMG_9988-300x200.jpg 300w, http:\/\/10.10.1.232\/wordpress\/wp-content\/uploads\/2025\/05\/IMG_9988-768x512.jpg 768w, http:\/\/10.10.1.232\/wordpress\/wp-content\/uploads\/2025\/05\/IMG_9988-1536x1024.jpg 1536w, http:\/\/10.10.1.232\/wordpress\/wp-content\/uploads\/2025\/05\/IMG_9988-2048x1365.jpg 2048w\" sizes=\"(max-width: 1024px) 100vw, 1024px\" \/>\t\t\t\t\t\t\t\t<\/a>\n\t\t\t\t\t\t\t\t\t\t\t\t\t\t\t<\/div>\n\t\t\t\t<\/div>\n\t\t\t\t\t<\/div>\n\t\t<\/div>\n\t\t\t\t<div class=\"elementor-column elementor-col-33 elementor-inner-column elementor-element elementor-element-26bd1df\" data-id=\"26bd1df\" data-element_type=\"column\" data-e-type=\"column\">\n\t\t\t<div class=\"elementor-widget-wrap elementor-element-populated\">\n\t\t\t\t\t\t<div class=\"elementor-element elementor-element-e1021e3 elementor-widget elementor-widget-image\" data-id=\"e1021e3\" data-element_type=\"widget\" data-e-type=\"widget\" data-widget_type=\"image.default\">\n\t\t\t\t<div class=\"elementor-widget-container\">\n\t\t\t\t\t\t\t\t\t\t\t\t\t\t\t\t<a href=\"http:\/\/10.10.1.232\/wordpress\/?page_id=7010\">\n\t\t\t\t\t\t\t<img decoding=\"async\" width=\"1024\" height=\"791\" src=\"http:\/\/10.10.1.232\/wordpress\/wp-content\/uploads\/2025\/05\/Design-sem-nome-57-1024x791.png\" class=\"attachment-large size-large wp-image-22363\" alt=\"\" srcset=\"http:\/\/10.10.1.232\/wordpress\/wp-content\/uploads\/2025\/05\/Design-sem-nome-57-1024x791.png 1024w, http:\/\/10.10.1.232\/wordpress\/wp-content\/uploads\/2025\/05\/Design-sem-nome-57-300x232.png 300w, http:\/\/10.10.1.232\/wordpress\/wp-content\/uploads\/2025\/05\/Design-sem-nome-57-768x594.png 768w, http:\/\/10.10.1.232\/wordpress\/wp-content\/uploads\/2025\/05\/Design-sem-nome-57.png 1035w\" sizes=\"(max-width: 1024px) 100vw, 1024px\" \/>\t\t\t\t\t\t\t\t<\/a>\n\t\t\t\t\t\t\t\t\t\t\t\t\t\t\t<\/div>\n\t\t\t\t<\/div>\n\t\t\t\t\t<\/div>\n\t\t<\/div>\n\t\t\t\t\t<\/div>\n\t\t<\/section>\n\t\t\t\t<section class=\"elementor-section elementor-inner-section elementor-element elementor-element-4e49863 elementor-section-boxed elementor-section-height-default elementor-section-height-default\" data-id=\"4e49863\" data-element_type=\"section\" data-e-type=\"section\">\n\t\t\t\t\t\t<div class=\"elementor-container elementor-column-gap-default\">\n\t\t\t\t\t<div class=\"elementor-column elementor-col-33 elementor-inner-column elementor-element elementor-element-6389e7f\" data-id=\"6389e7f\" data-element_type=\"column\" data-e-type=\"column\">\n\t\t\t<div class=\"elementor-widget-wrap elementor-element-populated\">\n\t\t\t\t\t\t<div class=\"elementor-element elementor-element-cf866b6 elementor-widget elementor-widget-heading\" data-id=\"cf866b6\" data-element_type=\"widget\" data-e-type=\"widget\" data-widget_type=\"heading.default\">\n\t\t\t\t<div class=\"elementor-widget-container\">\n\t\t\t\t\t<h3 class=\"elementor-heading-title elementor-size-default\"><a href=\"http:\/\/10.10.1.232\/wordpress\/?page_id=6949\">Arquivo<\/a><\/h3>\t\t\t\t<\/div>\n\t\t\t\t<\/div>\n\t\t\t\t\t<\/div>\n\t\t<\/div>\n\t\t\t\t<div class=\"elementor-column elementor-col-33 elementor-inner-column elementor-element elementor-element-8ebd914\" data-id=\"8ebd914\" data-element_type=\"column\" data-e-type=\"column\">\n\t\t\t<div class=\"elementor-widget-wrap elementor-element-populated\">\n\t\t\t\t\t\t<div class=\"elementor-element elementor-element-4e5d841 elementor-widget elementor-widget-heading\" data-id=\"4e5d841\" data-element_type=\"widget\" data-e-type=\"widget\" data-widget_type=\"heading.default\">\n\t\t\t\t<div class=\"elementor-widget-container\">\n\t\t\t\t\t<h3 class=\"elementor-heading-title elementor-size-default\"><a href=\"http:\/\/10.10.1.232\/wordpress\/?page_id=6988\">Biblioteca<\/a><\/h3>\t\t\t\t<\/div>\n\t\t\t\t<\/div>\n\t\t\t\t\t<\/div>\n\t\t<\/div>\n\t\t\t\t<div class=\"elementor-column elementor-col-33 elementor-inner-column elementor-element elementor-element-1bdd8be\" data-id=\"1bdd8be\" data-element_type=\"column\" data-e-type=\"column\">\n\t\t\t<div class=\"elementor-widget-wrap elementor-element-populated\">\n\t\t\t\t\t\t<div class=\"elementor-element elementor-element-c66d674 elementor-widget elementor-widget-heading\" data-id=\"c66d674\" data-element_type=\"widget\" data-e-type=\"widget\" data-widget_type=\"heading.default\">\n\t\t\t\t<div class=\"elementor-widget-container\">\n\t\t\t\t\t<h3 class=\"elementor-heading-title elementor-size-default\"><a href=\"http:\/\/10.10.1.232\/wordpress\/?page_id=7010\">Memorial<\/a><\/h3>\t\t\t\t<\/div>\n\t\t\t\t<\/div>\n\t\t\t\t\t<\/div>\n\t\t<\/div>\n\t\t\t\t\t<\/div>\n\t\t<\/section>\n\t\t\t\t<div class=\"elementor-element elementor-element-4119d39 elementor-widget elementor-widget-spacer\" data-id=\"4119d39\" data-element_type=\"widget\" data-e-type=\"widget\" data-widget_type=\"spacer.default\">\n\t\t\t\t<div class=\"elementor-widget-container\">\n\t\t\t\t\t\t\t<div class=\"elementor-spacer\">\n\t\t\t<div class=\"elementor-spacer-inner\"><\/div>\n\t\t<\/div>\n\t\t\t\t\t\t<\/div>\n\t\t\t\t<\/div>\n\t\t\t\t<div class=\"elementor-element elementor-element-eaf9f2f elementor-widget elementor-widget-text-editor\" data-id=\"eaf9f2f\" data-element_type=\"widget\" data-e-type=\"widget\" data-widget_type=\"text-editor.default\">\n\t\t\t\t<div class=\"elementor-widget-container\">\n\t\t\t\t\t\t\t\t\t<p style=\"text-align: left;\">04\/10\/2022<\/p><p>\u00a0<\/p><p>Inicialmente inaugurado como Centro Hist\u00f3rico da Justi\u00e7a Eleitoral de Goi\u00e1s, em 5 de maio de 2011, em 20 de julho de 2022, passou a ser denominado <em>Centro de Mem\u00f3ria da Justi\u00e7a Eleitoral de Goi\u00e1s Desembargador Geraldo Crispim Borges<\/em>.<\/p><p>\u00a0<\/p><p>Instalado na sala do antigo Plen\u00e1rio do Tribunal Regional Eleitoral de Goi\u00e1s (TRE-GO), o espa\u00e7o e a gest\u00e3o da mem\u00f3ria institucional tem como objetivo recuperar, proteger, conservar, preservar e valorizar sua hist\u00f3ria, bem como, contribuir para a forma\u00e7\u00e3o da cidadania e a dissemina\u00e7\u00e3o de conhecimento t\u00e9cnico no estado.<\/p><p>\u00a0<\/p><p>O acervo conta com diversos documentos e itens com significado hist\u00f3rico e mant\u00e9m mobili\u00e1rio original do Tribunal Pleno, utilizado de 1945 a 1990, devidamente restaurado, al\u00e9m de objetos e registros que narram um pouco da hist\u00f3ria e da evolu\u00e7\u00e3o da Justi\u00e7a Eleitoral.<\/p><p>\u00a0<\/p><p>Um pouco da hist\u00f3ria da Justi\u00e7a Eleitoral de Goi\u00e1s foi descrita na Revista dos 60 anos da Justi\u00e7a Eleitoral, fruto do Projeto Mem\u00f3ria de 2005, de responsabilidade de uma comiss\u00e3o composta institu\u00edda pelo TRE-GO, composta pelas servidoras Mara Rocha da Costa Rassi, Margarida Nonato Oliveira e Mary Denize Martins.<\/p><p>\u00a0<\/p><p>Com a edi\u00e7\u00e3o da <a href=\"https:\/\/atos.cnj.jus.br\/atos\/detalhar\/3291\">Resolu\u00e7\u00e3o CNJ n\u00ba 316<\/a>, de 22 de abril de 2020, que instituiu o dia 10 de maio como o Dia da Mem\u00f3ria do Poder Judici\u00e1rio, a gest\u00e3o da mem\u00f3ria tornou-se assunto mais amplamente discutido. A <a href=\"https:\/\/atos.cnj.jus.br\/atos\/detalhar\/3376#:~:text=Institui%20diretrizes%20e%20normas%20de,Mem%C3%B3ria%20do%20Poder%20Judici%C3%A1rio%20%E2%80%93%20Proname.\">Resolu\u00e7\u00e3o CNJ n\u00b0 324<\/a>, de 30 de junho de 2020, definiu diretrizes e normas de gest\u00e3o de mem\u00f3ria e de gest\u00e3o documental, que culminou na institui\u00e7\u00e3o neste Tribunal de uma Comiss\u00e3o de Gest\u00e3o da Mem\u00f3ria composta por diversas \u00e1reas do conhecimento.<\/p><p>\u00a0<\/p><p>No ano de 2021, em comemora\u00e7\u00e3o ao Dia da Mem\u00f3ria do Poder Judici\u00e1rio, o TRE-GO lan\u00e7ou o Memorial Virtual, criado pela <a href=\"https:\/\/apps.tre-go.jus.br\/internet\/legislacao-compilada\/portaria-da-presidencia\/portaria-da-presidencia-202100111.htm\">Portaria PRES n\u00b0 111\/2021<\/a>, disponibilizando para a comunidade o acesso digital ao acervo e hist\u00f3ria da Justi\u00e7a Eleitoral em Goi\u00e1s, assim como, exposi\u00e7\u00f5es, fotografias, galerias, publica\u00e7\u00f5es, mapas das Zonas Eleitorais e outras informa\u00e7\u00f5es.<\/p><p>\u00a0<\/p><p>Em abril de 2022 foi inaugurada a expans\u00e3o do Centro de Mem\u00f3ria que passou a ocupar mais tr\u00eas salas do Edif\u00edcio Sede, destinadas a exposi\u00e7\u00f5es variadas, dentre elas a hist\u00f3ria das urnas de vota\u00e7\u00e3o, t\u00edtulos eleitorais antigos e exposi\u00e7\u00f5es tempor\u00e1rias.<\/p><p>\u00a0<\/p><p>O Centro de Mem\u00f3ria da Justi\u00e7a Eleitoral de Goi\u00e1s e o Memorial Virtual integram a estrutura da Secretaria Judici\u00e1ria (SJD), vinculados \u00e0 Se\u00e7\u00e3o de Biblioteca, Arquivo e Mem\u00f3ria (SEBAM) da Coordenadoria de Gest\u00e3o da Informa\u00e7\u00e3o (CGI).<\/p><p>\u00a0<\/p><p>O Centro de Mem\u00f3ria recebe visitantes, de ter\u00e7a a sexta-feira, das 9h \u00e0s 17h, por meio de visita\u00e7\u00e3o presencial guiada, com pr\u00e9vio agendamento pelo endere\u00e7o eletr\u00f4nico memorial-lista@tre-go.jus.br<\/p><p>\u00a0<\/p><p>Sess\u00e3o de Biblioteca, Arquivo e Mem\u00f3ria<\/p>\t\t\t\t\t\t\t\t<\/div>\n\t\t\t\t<\/div>\n\t\t\t\t<div class=\"elementor-element elementor-element-c497eb9 elementor-widget elementor-widget-text-editor\" data-id=\"c497eb9\" data-element_type=\"widget\" data-e-type=\"widget\" data-widget_type=\"text-editor.default\">\n\t\t\t\t<div class=\"elementor-widget-container\">\n\t\t\t\t\t\t\t\t\t<p class=\"CDt4Ke zfr3Q\" dir=\"ltr\" style=\"text-align: right;\"><small id=\"h.3xuqgk2x52q\" class=\"CDt4Ke zfr3Q TMjjoe\" dir=\"ltr\">Se\u00e7\u00e3o de Biblioteca, Arquivo e Mem\u00f3ria <\/small><\/p><p class=\"CDt4Ke zfr3Q\" dir=\"ltr\" style=\"text-align: right;\">\u00a0<\/p>\t\t\t\t\t\t\t\t<\/div>\n\t\t\t\t<\/div>\n\t\t\t\t\t<\/div>\n\t\t<\/div>\n\t\t\t\t\t<\/div>\n\t\t<\/section>\n\t\t\t\t<section class=\"elementor-section elementor-top-section elementor-element elementor-element-f0e259f elementor-section-boxed elementor-section-height-default elementor-section-height-default\" data-id=\"f0e259f\" data-element_type=\"section\" data-e-type=\"section\">\n\t\t\t\t\t\t<div class=\"elementor-container elementor-column-gap-default\">\n\t\t\t\t\t<div class=\"elementor-column elementor-col-100 elementor-top-column elementor-element elementor-element-ec8d71f\" data-id=\"ec8d71f\" data-element_type=\"column\" data-e-type=\"column\">\n\t\t\t<div class=\"elementor-widget-wrap elementor-element-populated\">\n\t\t\t\t\t\t<div class=\"elementor-element elementor-element-9fe839e elementor-widget elementor-widget-spacer\" data-id=\"9fe839e\" data-element_type=\"widget\" data-e-type=\"widget\" data-widget_type=\"spacer.default\">\n\t\t\t\t<div class=\"elementor-widget-container\">\n\t\t\t\t\t\t\t<div class=\"elementor-spacer\">\n\t\t\t<div class=\"elementor-spacer-inner\"><\/div>\n\t\t<\/div>\n\t\t\t\t\t\t<\/div>\n\t\t\t\t<\/div>\n\t\t\t\t\t<\/div>\n\t\t<\/div>\n\t\t\t\t\t<\/div>\n\t\t<\/section>\n\t\t\t\t<section class=\"elementor-section elementor-top-section elementor-element elementor-element-aeb68bd elementor-section-boxed elementor-section-height-default elementor-section-height-default\" data-id=\"aeb68bd\" data-element_type=\"section\" data-e-type=\"section\">\n\t\t\t\t\t\t<div class=\"elementor-container elementor-column-gap-default\">\n\t\t\t\t\t<div class=\"elementor-column elementor-col-100 elementor-top-column elementor-element elementor-element-2576807\" data-id=\"2576807\" data-element_type=\"column\" data-e-type=\"column\">\n\t\t\t<div class=\"elementor-widget-wrap\">\n\t\t\t\t\t\t\t<\/div>\n\t\t<\/div>\n\t\t\t\t\t<\/div>\n\t\t<\/section>\n\t\t\t\t<\/div>\n\t\t","protected":false},"excerpt":{"rendered":"<p>Unidades de Mem\u00f3ria Institucional Voltar ao menu inicial Arquivo Biblioteca Memorial 04\/10\/2022 \u00a0 Inicialmente inaugurado como Centro Hist\u00f3rico da Justi\u00e7a Eleitoral de Goi\u00e1s, em 5 de maio de 2011, em 20 de julho de 2022, passou a ser denominado Centro de Mem\u00f3ria da Justi\u00e7a Eleitoral de Goi\u00e1s Desembargador Geraldo Crispim Borges. \u00a0 Instalado na sala [&hellip;]<\/p>\n","protected":false},"author":4,"featured_media":0,"parent":0,"menu_order":0,"comment_status":"closed","ping_status":"closed","template":"","meta":{"site-sidebar-layout":"no-sidebar","site-content-layout":"page-builder","ast-site-content-layout":"default","site-content-style":"default","site-sidebar-style":"default","ast-global-header-display":"","ast-banner-title-visibility":"","ast-main-header-display":"","ast-hfb-above-header-display":"","ast-hfb-below-header-display":"","ast-hfb-mobile-header-display":"","site-post-title":"disabled","ast-breadcrumbs-content":"","ast-featured-img":"disabled","footer-sml-layout":"","ast-disable-related-posts":"","theme-transparent-header-meta":"enabled","adv-header-id-meta":"","stick-header-meta":"","header-above-stick-meta":"","header-main-stick-meta":"","header-below-stick-meta":"","astra-migrate-meta-layouts":"default","ast-page-background-enabled":"default","ast-page-background-meta":{"desktop":{"background-color":"var(--ast-global-color-4)","background-image":"","background-repeat":"repeat","background-position":"center center","background-size":"auto","background-attachment":"scroll","background-type":"","background-media":"","overlay-type":"","overlay-color":"","overlay-opacity":"","overlay-gradient":""},"tablet":{"background-color":"","background-image":"","background-repeat":"repeat","background-position":"center center","background-size":"auto","background-attachment":"scroll","background-type":"","background-media":"","overlay-type":"","overlay-color":"","overlay-opacity":"","overlay-gradient":""},"mobile":{"background-color":"","background-image":"","background-repeat":"repeat","background-position":"center center","background-size":"auto","background-attachment":"scroll","background-type":"","background-media":"","overlay-type":"","overlay-color":"","overlay-opacity":"","overlay-gradient":""}},"ast-content-background-meta":{"desktop":{"background-color":"var(--ast-global-color-5)","background-image":"","background-repeat":"repeat","background-position":"center center","background-size":"auto","background-attachment":"scroll","background-type":"","background-media":"","overlay-type":"","overlay-color":"","overlay-opacity":"","overlay-gradient":""},"tablet":{"background-color":"var(--ast-global-color-5)","background-image":"","background-repeat":"repeat","background-position":"center center","background-size":"auto","background-attachment":"scroll","background-type":"","background-media":"","overlay-type":"","overlay-color":"","overlay-opacity":"","overlay-gradient":""},"mobile":{"background-color":"var(--ast-global-color-5)","background-image":"","background-repeat":"repeat","background-position":"center center","background-size":"auto","background-attachment":"scroll","background-type":"","background-media":"","overlay-type":"","overlay-color":"","overlay-opacity":"","overlay-gradient":""}},"footnotes":""},"class_list":["post-6947","page","type-page","status-publish","hentry"],"_links":{"self":[{"href":"http:\/\/10.10.1.232\/wordpress\/index.php?rest_route=\/wp\/v2\/pages\/6947","targetHints":{"allow":["GET"]}}],"collection":[{"href":"http:\/\/10.10.1.232\/wordpress\/index.php?rest_route=\/wp\/v2\/pages"}],"about":[{"href":"http:\/\/10.10.1.232\/wordpress\/index.php?rest_route=\/wp\/v2\/types\/page"}],"author":[{"embeddable":true,"href":"http:\/\/10.10.1.232\/wordpress\/index.php?rest_route=\/wp\/v2\/users\/4"}],"replies":[{"embeddable":true,"href":"http:\/\/10.10.1.232\/wordpress\/index.php?rest_route=%2Fwp%2Fv2%2Fcomments&post=6947"}],"version-history":[{"count":52,"href":"http:\/\/10.10.1.232\/wordpress\/index.php?rest_route=\/wp\/v2\/pages\/6947\/revisions"}],"predecessor-version":[{"id":22739,"href":"http:\/\/10.10.1.232\/wordpress\/index.php?rest_route=\/wp\/v2\/pages\/6947\/revisions\/22739"}],"wp:attachment":[{"href":"http:\/\/10.10.1.232\/wordpress\/index.php?rest_route=%2Fwp%2Fv2%2Fmedia&parent=6947"}],"curies":[{"name":"wp","href":"https:\/\/api.w.org\/{rel}","templated":true}]}}