{"id":6774,"date":"2022-07-28T16:08:33","date_gmt":"2022-07-28T19:08:33","guid":{"rendered":"http:\/\/10.10.1.232\/wordpress\/?page_id=6774"},"modified":"2025-01-09T17:19:32","modified_gmt":"2025-01-09T20:19:32","slug":"pandemia-da-covid-19","status":"publish","type":"page","link":"http:\/\/10.10.1.232\/wordpress\/?page_id=6774","title":{"rendered":"Pandemia da COVID-19"},"content":{"rendered":"\t\t<div data-elementor-type=\"wp-page\" data-elementor-id=\"6774\" class=\"elementor elementor-6774\">\n\t\t\t\t\t\t<section class=\"elementor-section elementor-top-section elementor-element elementor-element-c8ddeb6 elementor-section-height-min-height elementor-section-boxed elementor-section-height-default elementor-section-items-middle\" data-id=\"c8ddeb6\" data-element_type=\"section\" data-settings=\"{&quot;background_background&quot;:&quot;classic&quot;}\">\n\t\t\t\t\t\t\t<div class=\"elementor-background-overlay\"><\/div>\n\t\t\t\t\t\t\t<div class=\"elementor-container elementor-column-gap-default\">\n\t\t\t\t\t<div class=\"elementor-column elementor-col-100 elementor-top-column elementor-element elementor-element-6a5337e\" data-id=\"6a5337e\" data-element_type=\"column\">\n\t\t\t<div class=\"elementor-widget-wrap elementor-element-populated\">\n\t\t\t\t\t\t<div class=\"elementor-element elementor-element-feefb6c elementor-widget elementor-widget-heading\" data-id=\"feefb6c\" data-element_type=\"widget\" data-widget_type=\"heading.default\">\n\t\t\t\t<div class=\"elementor-widget-container\">\n\t\t\t\t\t<h1 class=\"elementor-heading-title elementor-size-default\">Pandemia da COVID-19<\/h1>\t\t\t\t<\/div>\n\t\t\t\t<\/div>\n\t\t\t\t\t<\/div>\n\t\t<\/div>\n\t\t\t\t\t<\/div>\n\t\t<\/section>\n\t\t\t\t<section class=\"elementor-section elementor-top-section elementor-element elementor-element-ae3664b elementor-section-boxed elementor-section-height-default elementor-section-height-default\" data-id=\"ae3664b\" data-element_type=\"section\">\n\t\t\t\t\t\t<div class=\"elementor-container elementor-column-gap-default\">\n\t\t\t\t\t<div class=\"elementor-column elementor-col-100 elementor-top-column elementor-element elementor-element-18ea5ac\" data-id=\"18ea5ac\" data-element_type=\"column\">\n\t\t\t<div class=\"elementor-widget-wrap elementor-element-populated\">\n\t\t\t\t\t\t<div class=\"elementor-element elementor-element-a569c8a elementor-widget elementor-widget-spacer\" data-id=\"a569c8a\" data-element_type=\"widget\" data-widget_type=\"spacer.default\">\n\t\t\t\t<div class=\"elementor-widget-container\">\n\t\t\t\t\t\t\t<div class=\"elementor-spacer\">\n\t\t\t<div class=\"elementor-spacer-inner\"><\/div>\n\t\t<\/div>\n\t\t\t\t\t\t<\/div>\n\t\t\t\t<\/div>\n\t\t\t\t\t<\/div>\n\t\t<\/div>\n\t\t\t\t\t<\/div>\n\t\t<\/section>\n\t\t\t\t<section class=\"elementor-section elementor-top-section elementor-element elementor-element-1dd2fea elementor-section-boxed elementor-section-height-default elementor-section-height-default\" data-id=\"1dd2fea\" data-element_type=\"section\">\n\t\t\t\t\t\t<div class=\"elementor-container elementor-column-gap-default\">\n\t\t\t\t\t<div class=\"elementor-column elementor-col-100 elementor-top-column elementor-element elementor-element-b45607d\" data-id=\"b45607d\" data-element_type=\"column\">\n\t\t\t<div class=\"elementor-widget-wrap elementor-element-populated\">\n\t\t\t\t\t\t<div class=\"elementor-element elementor-element-0aed6b8 elementor-widget elementor-widget-button\" data-id=\"0aed6b8\" data-element_type=\"widget\" data-widget_type=\"button.default\">\n\t\t\t\t<div class=\"elementor-widget-container\">\n\t\t\t\t\t\t\t\t\t<div class=\"elementor-button-wrapper\">\n\t\t\t\t\t<a class=\"elementor-button elementor-button-link elementor-size-sm\" href=\"http:\/\/10.10.1.232\/wordpress\/?preview_id=11\">\n\t\t\t\t\t\t<span class=\"elementor-button-content-wrapper\">\n\t\t\t\t\t\t\t\t\t<span class=\"elementor-button-text\">Voltar ao menu inicial<\/span>\n\t\t\t\t\t<\/span>\n\t\t\t\t\t<\/a>\n\t\t\t\t<\/div>\n\t\t\t\t\t\t\t\t<\/div>\n\t\t\t\t<\/div>\n\t\t\t\t\t<\/div>\n\t\t<\/div>\n\t\t\t\t\t<\/div>\n\t\t<\/section>\n\t\t\t\t<section class=\"elementor-section elementor-top-section elementor-element elementor-element-e4a418e elementor-section-boxed elementor-section-height-default elementor-section-height-default\" data-id=\"e4a418e\" data-element_type=\"section\">\n\t\t\t\t\t\t<div class=\"elementor-container elementor-column-gap-default\">\n\t\t\t\t\t<div class=\"elementor-column elementor-col-50 elementor-top-column elementor-element elementor-element-dc50665\" data-id=\"dc50665\" data-element_type=\"column\">\n\t\t\t<div class=\"elementor-widget-wrap\">\n\t\t\t\t\t\t\t<\/div>\n\t\t<\/div>\n\t\t\t\t<div class=\"elementor-column elementor-col-25 elementor-top-column elementor-element elementor-element-4d3779c\" data-id=\"4d3779c\" data-element_type=\"column\">\n\t\t\t<div class=\"elementor-widget-wrap\">\n\t\t\t\t\t\t\t<\/div>\n\t\t<\/div>\n\t\t\t\t<div class=\"elementor-column elementor-col-25 elementor-top-column elementor-element elementor-element-2305793\" data-id=\"2305793\" data-element_type=\"column\">\n\t\t\t<div class=\"elementor-widget-wrap elementor-element-populated\">\n\t\t\t\t\t\t<div class=\"elementor-element elementor-element-cc6150f elementor-widget-divider--view-line elementor-widget elementor-widget-divider\" data-id=\"cc6150f\" data-element_type=\"widget\" data-widget_type=\"divider.default\">\n\t\t\t\t<div class=\"elementor-widget-container\">\n\t\t\t\t\t\t\t<div class=\"elementor-divider\">\n\t\t\t<span class=\"elementor-divider-separator\">\n\t\t\t\t\t\t<\/span>\n\t\t<\/div>\n\t\t\t\t\t\t<\/div>\n\t\t\t\t<\/div>\n\t\t\t\t<div class=\"elementor-element elementor-element-4976326 elementor-widget elementor-widget-text-editor\" data-id=\"4976326\" data-element_type=\"widget\" data-widget_type=\"text-editor.default\">\n\t\t\t\t<div class=\"elementor-widget-container\">\n\t\t\t\t\t\t\t\t\t<div class=\"oKdM2c ZZyype Kzv0Me\"><div id=\"h.4682052f4d6ccacd_8\" class=\"hJDwNd-AhqUyc-uQSCkd Ft7HRd-AhqUyc-uQSCkd jXK9ad D2fZ2 zu5uec OjCsFc dmUFtb GNzUNc\"><div class=\"jXK9ad-SmKAyb\"><div class=\"tyJCtd mGzaTb Depvyb baZpAe\"><p class=\"CDt4Ke zfr3Q\" dir=\"ltr\">10\/05\/2021<\/p><p dir=\"ltr\">\u00a0<\/p><p class=\"CDt4Ke zfr3Q\" dir=\"ltr\">Desde mar\u00e7o de 2020 o mundo vivencia uma realidade muito distinta da usual, em raz\u00e3o da pandemia da COVID-19. No Brasil, por se tratar de ano de elei\u00e7\u00f5es municipais, em 2020 a legisla\u00e7\u00e3o eleitoral teve que ser adequada para a realiza\u00e7\u00e3o de elei\u00e7\u00f5es com seguran\u00e7a.<\/p><p dir=\"ltr\">\u00a0<\/p><p class=\"CDt4Ke zfr3Q\" dir=\"ltr\">Em 2 de julho de 2020 foi promulgada a <a href=\"http:\/\/www.planalto.gov.br\/ccivil_03\/constituicao\/emendas\/emc\/emc107.htm\">Emenda Constitucional n\u00ba 107\/2020<\/a>, que adiou as elei\u00e7\u00f5es municipais de 2020 e os prazos eleitorais respectivos. Normalmente, acontecendo no primeiro domingo de outubro do ano da elei\u00e7\u00e3o, o pleito de 2020 ocorreu, excepcionalmente, no dia 15 de novembro, em primeiro turno, e em 29 de novembro nos munic\u00edpios onde houve segundo turno.<\/p><p dir=\"ltr\">\u00a0<\/p><p class=\"CDt4Ke zfr3Q\" dir=\"ltr\">O Tribunal Superior Eleitoral j\u00e1 havia publicado, desde dezembro de 2019, todas as normas eleitorais para as Elei\u00e7\u00f5es 2020, tendo sido necess\u00e1rio publicar novas resolu\u00e7\u00f5es, em meados do m\u00eas de agosto, adequando-as ao cen\u00e1rio do momento. Novo Calend\u00e1rio Eleitoral (<a href=\"https:\/\/www.tse.jus.br\/legislacao\/compilada\/res\/2020\/resolucao-no-23-627-de-13-de-agosto-de-2020\">Resolu\u00e7\u00e3o TSE n\u00ba 23.627\/20<\/a>) foi editado e a <a href=\"https:\/\/www.tse.jus.br\/legislacao\/compilada\/res\/2020\/resolucao-no-23-624-de-13-de-agosto-de-2020\">Resolu\u00e7\u00e3o TSE n\u00ba 23.624\/20<\/a> que promoveu ajustes normativos aplic\u00e1veis \u00e0s elei\u00e7\u00f5es municipais de 2020, em cumprimento ao estabelecido pela <a href=\"http:\/\/www.planalto.gov.br\/ccivil_03\/constituicao\/emendas\/emc\/emc107.htm\">Emenda Constitucional n\u00ba 107, de 2 de julho de 2020.<\/a><\/p><p dir=\"ltr\">\u00a0<\/p><p class=\"CDt4Ke zfr3Q\" dir=\"ltr\">Outras resolu\u00e7\u00f5es tamb\u00e9m foram ajustadas, a saber, a que trata dos prazos para fiscaliza\u00e7\u00e3o e acompanhamento dos programas de computador utilizados nas urnas eletr\u00f4nicas para os processos de vota\u00e7\u00e3o, apura\u00e7\u00e3o e totaliza\u00e7\u00e3o, bem como de todas as fases do processo de vota\u00e7\u00e3o, apura\u00e7\u00e3o das elei\u00e7\u00f5es e processamento eletr\u00f4nico da totaliza\u00e7\u00e3o dos resultados, para adequ\u00e1-los ao novo calend\u00e1rio eleitoral; e a que disciplina a recep\u00e7\u00e3o de votos, justificativas, auditoria e fiscaliza\u00e7\u00e3o no dia da elei\u00e7\u00e3o, inclusive no tocante ao hor\u00e1rio de funcionamento das se\u00e7\u00f5es eleitorais e \u00e0 distribui\u00e7\u00e3o dos eleitores no per\u00edodo, de forma a propiciar a melhor seguran\u00e7a sanit\u00e1ria poss\u00edvel a todos os participantes do processo eleitoral.<\/p><p dir=\"ltr\">\u00a0<\/p><p class=\"CDt4Ke zfr3Q\" dir=\"ltr\">As Elei\u00e7\u00f5es municipais de 2020 transcorreram normalmente, apesar de toda sorte de dificuldades enfrentadas. As formas de treinamentos aos mes\u00e1rios e colaboradores que trabalharam no pleito eleitoral foram aprimoradas e hor\u00e1rios foram fixados para a vota\u00e7\u00e3o, por faixa et\u00e1ria. \u00c1lcool em gel foi disponibilizado em todos os recintos de vota\u00e7\u00e3o, cujo acesso somente foi permitido com o uso de m\u00e1scara de prote\u00e7\u00e3o facial, mantido o distanciamento social de um metro e meio entre as pessoas, tudo com vistas \u00e0 prote\u00e7\u00e3o do eleitor, magistrados, servidores, colaboradores da Justi\u00e7a Eleitoral, que s\u00e3o os atores da grande festa da democracia que s\u00e3o as elei\u00e7\u00f5es.<\/p><p dir=\"ltr\">\u00a0<\/p><p class=\"CDt4Ke zfr3Q\" dir=\"ltr\">A cerim\u00f4nia de diploma\u00e7\u00e3o dos candidatos eleitos e suplentes ocorreu na modalidade \u00e0 dist\u00e2ncia por meio de ferramentas tecnol\u00f3gicas adequadas e os diplomas foram disponibilizados de forma eletr\u00f4nica pelo Sistema Diploma Net, dispon\u00edvel no Portal do Tribunal.<\/p><p dir=\"ltr\">\u00a0<\/p><p class=\"CDt4Ke zfr3Q\" dir=\"ltr\">O Tribunal Regional Eleitoral de Goi\u00e1s alterou, desde ent\u00e3o, a forma de atendimento ao eleitor, inovando na sua capacidade de prestar servi\u00e7os de qualidade ao cidad\u00e3o em geral. Hoje, o atendimento \u00e9 realizado em sua maior parte na modalidade online com o uso de modernas ferramentas de tecnologia da informa\u00e7\u00e3o como o aplicativo de mensagens WhatsApp, as mensagens eletr\u00f4nicas, Escrit\u00f3rio Remoto e, recentemente, o Balc\u00e3o Virtual. As sess\u00f5es plen\u00e1rias est\u00e3o sendo realizadas por meio do aplicativo Zoom e transmitidas ao vivo pelo Youtube.<\/p><p dir=\"ltr\">\u00a0<\/p><p class=\"CDt4Ke zfr3Q\" dir=\"ltr\">At\u00e9 que cesse o atual per\u00edodo de isolamento e a chegada de tempos melhores, a Justi\u00e7a Eleitoral de Goi\u00e1s mant\u00e9m o compromisso de sempre aprimorar o seu atendimento, zelando pela qualidade e pela excel\u00eancia na presta\u00e7\u00e3o de seus servi\u00e7os.<\/p><\/div><\/div><\/div><\/div>\t\t\t\t\t\t\t\t<\/div>\n\t\t\t\t<\/div>\n\t\t\t\t<div class=\"elementor-element elementor-element-c497eb9 elementor-widget elementor-widget-text-editor\" data-id=\"c497eb9\" data-element_type=\"widget\" data-widget_type=\"text-editor.default\">\n\t\t\t\t<div class=\"elementor-widget-container\">\n\t\t\t\t\t\t\t\t\t<p style=\"text-align: right;\">Coordenadoria de Gest\u00e3o da Informa\u00e7\u00e3o<\/p>\t\t\t\t\t\t\t\t<\/div>\n\t\t\t\t<\/div>\n\t\t\t\t\t<\/div>\n\t\t<\/div>\n\t\t\t\t\t<\/div>\n\t\t<\/section>\n\t\t\t\t<section class=\"elementor-section elementor-top-section elementor-element elementor-element-f0e259f elementor-section-boxed elementor-section-height-default elementor-section-height-default\" data-id=\"f0e259f\" data-element_type=\"section\">\n\t\t\t\t\t\t<div class=\"elementor-container elementor-column-gap-default\">\n\t\t\t\t\t<div class=\"elementor-column elementor-col-100 elementor-top-column elementor-element elementor-element-ec8d71f\" data-id=\"ec8d71f\" data-element_type=\"column\">\n\t\t\t<div class=\"elementor-widget-wrap elementor-element-populated\">\n\t\t\t\t\t\t<div class=\"elementor-element elementor-element-9fe839e elementor-widget elementor-widget-spacer\" data-id=\"9fe839e\" data-element_type=\"widget\" data-widget_type=\"spacer.default\">\n\t\t\t\t<div class=\"elementor-widget-container\">\n\t\t\t\t\t\t\t<div class=\"elementor-spacer\">\n\t\t\t<div class=\"elementor-spacer-inner\"><\/div>\n\t\t<\/div>\n\t\t\t\t\t\t<\/div>\n\t\t\t\t<\/div>\n\t\t\t\t\t<\/div>\n\t\t<\/div>\n\t\t\t\t\t<\/div>\n\t\t<\/section>\n\t\t\t\t<section class=\"elementor-section elementor-top-section elementor-element elementor-element-aeb68bd elementor-section-boxed elementor-section-height-default elementor-section-height-default\" data-id=\"aeb68bd\" data-element_type=\"section\">\n\t\t\t\t\t\t<div class=\"elementor-container elementor-column-gap-default\">\n\t\t\t\t\t<div class=\"elementor-column elementor-col-100 elementor-top-column elementor-element elementor-element-2576807\" data-id=\"2576807\" data-element_type=\"column\">\n\t\t\t<div class=\"elementor-widget-wrap\">\n\t\t\t\t\t\t\t<\/div>\n\t\t<\/div>\n\t\t\t\t\t<\/div>\n\t\t<\/section>\n\t\t\t\t<\/div>\n\t\t","protected":false},"excerpt":{"rendered":"<p>Pandemia da COVID-19 Voltar ao menu inicial 10\/05\/2021 \u00a0 Desde mar\u00e7o de 2020 o mundo vivencia uma realidade muito distinta da usual, em raz\u00e3o da pandemia da COVID-19. No Brasil, por se tratar de ano de elei\u00e7\u00f5es municipais, em 2020 a legisla\u00e7\u00e3o eleitoral teve que ser adequada para a realiza\u00e7\u00e3o de elei\u00e7\u00f5es com seguran\u00e7a. \u00a0 [&hellip;]<\/p>\n","protected":false},"author":4,"featured_media":0,"parent":0,"menu_order":0,"comment_status":"closed","ping_status":"closed","template":"","meta":{"site-sidebar-layout":"no-sidebar","site-content-layout":"page-builder","ast-site-content-layout":"default","site-content-style":"default","site-sidebar-style":"default","ast-global-header-display":"","ast-banner-title-visibility":"","ast-main-header-display":"","ast-hfb-above-header-display":"","ast-hfb-below-header-display":"","ast-hfb-mobile-header-display":"","site-post-title":"disabled","ast-breadcrumbs-content":"","ast-featured-img":"disabled","footer-sml-layout":"","theme-transparent-header-meta":"enabled","adv-header-id-meta":"","stick-header-meta":"","header-above-stick-meta":"","header-main-stick-meta":"","header-below-stick-meta":"","astra-migrate-meta-layouts":"default","ast-page-background-enabled":"default","ast-page-background-meta":{"desktop":{"background-color":"var(--ast-global-color-4)","background-image":"","background-repeat":"repeat","background-position":"center center","background-size":"auto","background-attachment":"scroll","background-type":"","background-media":"","overlay-type":"","overlay-color":"","overlay-opacity":"","overlay-gradient":""},"tablet":{"background-color":"","background-image":"","background-repeat":"repeat","background-position":"center center","background-size":"auto","background-attachment":"scroll","background-type":"","background-media":"","overlay-type":"","overlay-color":"","overlay-opacity":"","overlay-gradient":""},"mobile":{"background-color":"","background-image":"","background-repeat":"repeat","background-position":"center center","background-size":"auto","background-attachment":"scroll","background-type":"","background-media":"","overlay-type":"","overlay-color":"","overlay-opacity":"","overlay-gradient":""}},"ast-content-background-meta":{"desktop":{"background-color":"var(--ast-global-color-5)","background-image":"","background-repeat":"repeat","background-position":"center center","background-size":"auto","background-attachment":"scroll","background-type":"","background-media":"","overlay-type":"","overlay-color":"","overlay-opacity":"","overlay-gradient":""},"tablet":{"background-color":"var(--ast-global-color-5)","background-image":"","background-repeat":"repeat","background-position":"center center","background-size":"auto","background-attachment":"scroll","background-type":"","background-media":"","overlay-type":"","overlay-color":"","overlay-opacity":"","overlay-gradient":""},"mobile":{"background-color":"var(--ast-global-color-5)","background-image":"","background-repeat":"repeat","background-position":"center center","background-size":"auto","background-attachment":"scroll","background-type":"","background-media":"","overlay-type":"","overlay-color":"","overlay-opacity":"","overlay-gradient":""}},"footnotes":""},"class_list":["post-6774","page","type-page","status-publish","hentry"],"_links":{"self":[{"href":"http:\/\/10.10.1.232\/wordpress\/index.php?rest_route=\/wp\/v2\/pages\/6774","targetHints":{"allow":["GET"]}}],"collection":[{"href":"http:\/\/10.10.1.232\/wordpress\/index.php?rest_route=\/wp\/v2\/pages"}],"about":[{"href":"http:\/\/10.10.1.232\/wordpress\/index.php?rest_route=\/wp\/v2\/types\/page"}],"author":[{"embeddable":true,"href":"http:\/\/10.10.1.232\/wordpress\/index.php?rest_route=\/wp\/v2\/users\/4"}],"replies":[{"embeddable":true,"href":"http:\/\/10.10.1.232\/wordpress\/index.php?rest_route=%2Fwp%2Fv2%2Fcomments&post=6774"}],"version-history":[{"count":185,"href":"http:\/\/10.10.1.232\/wordpress\/index.php?rest_route=\/wp\/v2\/pages\/6774\/revisions"}],"predecessor-version":[{"id":21813,"href":"http:\/\/10.10.1.232\/wordpress\/index.php?rest_route=\/wp\/v2\/pages\/6774\/revisions\/21813"}],"wp:attachment":[{"href":"http:\/\/10.10.1.232\/wordpress\/index.php?rest_route=%2Fwp%2Fv2%2Fmedia&parent=6774"}],"curies":[{"name":"wp","href":"https:\/\/api.w.org\/{rel}","templated":true}]}}