{"id":6741,"date":"2022-07-28T15:40:14","date_gmt":"2022-07-28T18:40:14","guid":{"rendered":"http:\/\/10.10.1.232\/wordpress\/?page_id=6741"},"modified":"2025-01-09T17:00:24","modified_gmt":"2025-01-09T20:00:24","slug":"ouvidoria-da-mulher","status":"publish","type":"page","link":"http:\/\/10.10.1.232\/wordpress\/?page_id=6741","title":{"rendered":"Ouvidoria da Mulher"},"content":{"rendered":"\t\t<div data-elementor-type=\"wp-page\" data-elementor-id=\"6741\" class=\"elementor elementor-6741\">\n\t\t\t\t\t\t<section class=\"elementor-section elementor-top-section elementor-element elementor-element-c8ddeb6 elementor-section-height-min-height elementor-section-boxed elementor-section-height-default elementor-section-items-middle\" data-id=\"c8ddeb6\" data-element_type=\"section\" data-settings=\"{&quot;background_background&quot;:&quot;classic&quot;}\">\n\t\t\t\t\t\t\t<div class=\"elementor-background-overlay\"><\/div>\n\t\t\t\t\t\t\t<div class=\"elementor-container elementor-column-gap-default\">\n\t\t\t\t\t<div class=\"elementor-column elementor-col-100 elementor-top-column elementor-element elementor-element-6a5337e\" data-id=\"6a5337e\" data-element_type=\"column\">\n\t\t\t<div class=\"elementor-widget-wrap elementor-element-populated\">\n\t\t\t\t\t\t<div class=\"elementor-element elementor-element-feefb6c elementor-widget elementor-widget-heading\" data-id=\"feefb6c\" data-element_type=\"widget\" data-widget_type=\"heading.default\">\n\t\t\t\t<div class=\"elementor-widget-container\">\n\t\t\t\t\t<h1 class=\"elementor-heading-title elementor-size-default\">Ouvidoria da Mulher<\/h1>\t\t\t\t<\/div>\n\t\t\t\t<\/div>\n\t\t\t\t\t<\/div>\n\t\t<\/div>\n\t\t\t\t\t<\/div>\n\t\t<\/section>\n\t\t\t\t<section class=\"elementor-section elementor-top-section elementor-element elementor-element-ae3664b elementor-section-boxed elementor-section-height-default elementor-section-height-default\" data-id=\"ae3664b\" data-element_type=\"section\">\n\t\t\t\t\t\t<div class=\"elementor-container elementor-column-gap-default\">\n\t\t\t\t\t<div class=\"elementor-column elementor-col-100 elementor-top-column elementor-element elementor-element-18ea5ac\" data-id=\"18ea5ac\" data-element_type=\"column\">\n\t\t\t<div class=\"elementor-widget-wrap elementor-element-populated\">\n\t\t\t\t\t\t<div class=\"elementor-element elementor-element-a569c8a elementor-widget elementor-widget-spacer\" data-id=\"a569c8a\" data-element_type=\"widget\" data-widget_type=\"spacer.default\">\n\t\t\t\t<div class=\"elementor-widget-container\">\n\t\t\t\t\t\t\t<div class=\"elementor-spacer\">\n\t\t\t<div class=\"elementor-spacer-inner\"><\/div>\n\t\t<\/div>\n\t\t\t\t\t\t<\/div>\n\t\t\t\t<\/div>\n\t\t\t\t\t<\/div>\n\t\t<\/div>\n\t\t\t\t\t<\/div>\n\t\t<\/section>\n\t\t\t\t<section class=\"elementor-section elementor-top-section elementor-element elementor-element-90cb50a elementor-section-boxed elementor-section-height-default elementor-section-height-default\" data-id=\"90cb50a\" data-element_type=\"section\">\n\t\t\t\t\t\t<div class=\"elementor-container elementor-column-gap-default\">\n\t\t\t\t\t<div class=\"elementor-column elementor-col-100 elementor-top-column elementor-element elementor-element-8852488\" data-id=\"8852488\" data-element_type=\"column\">\n\t\t\t<div class=\"elementor-widget-wrap elementor-element-populated\">\n\t\t\t\t\t\t<div class=\"elementor-element elementor-element-3e4d205 elementor-widget elementor-widget-button\" data-id=\"3e4d205\" data-element_type=\"widget\" data-widget_type=\"button.default\">\n\t\t\t\t<div class=\"elementor-widget-container\">\n\t\t\t\t\t\t\t\t\t<div class=\"elementor-button-wrapper\">\n\t\t\t\t\t<a class=\"elementor-button elementor-button-link elementor-size-sm\" href=\"http:\/\/10.10.1.232\/wordpress\/?preview_id=11\">\n\t\t\t\t\t\t<span class=\"elementor-button-content-wrapper\">\n\t\t\t\t\t\t\t\t\t<span class=\"elementor-button-text\">Voltar ao menu inicial<\/span>\n\t\t\t\t\t<\/span>\n\t\t\t\t\t<\/a>\n\t\t\t\t<\/div>\n\t\t\t\t\t\t\t\t<\/div>\n\t\t\t\t<\/div>\n\t\t\t\t\t<\/div>\n\t\t<\/div>\n\t\t\t\t\t<\/div>\n\t\t<\/section>\n\t\t\t\t<section class=\"elementor-section elementor-top-section elementor-element elementor-element-e4a418e elementor-section-boxed elementor-section-height-default elementor-section-height-default\" data-id=\"e4a418e\" data-element_type=\"section\">\n\t\t\t\t\t\t<div class=\"elementor-container elementor-column-gap-default\">\n\t\t\t\t\t<div class=\"elementor-column elementor-col-50 elementor-top-column elementor-element elementor-element-dc50665\" data-id=\"dc50665\" data-element_type=\"column\">\n\t\t\t<div class=\"elementor-widget-wrap\">\n\t\t\t\t\t\t\t<\/div>\n\t\t<\/div>\n\t\t\t\t<div class=\"elementor-column elementor-col-25 elementor-top-column elementor-element elementor-element-4d3779c\" data-id=\"4d3779c\" data-element_type=\"column\">\n\t\t\t<div class=\"elementor-widget-wrap\">\n\t\t\t\t\t\t\t<\/div>\n\t\t<\/div>\n\t\t\t\t<div class=\"elementor-column elementor-col-25 elementor-top-column elementor-element elementor-element-2305793\" data-id=\"2305793\" data-element_type=\"column\">\n\t\t\t<div class=\"elementor-widget-wrap elementor-element-populated\">\n\t\t\t\t\t\t<div class=\"elementor-element elementor-element-e62b441 elementor-widget elementor-widget-heading\" data-id=\"e62b441\" data-element_type=\"widget\" data-widget_type=\"heading.default\">\n\t\t\t\t<div class=\"elementor-widget-container\">\n\t\t\t\t\t<h2 class=\"elementor-heading-title elementor-size-default\">TRE\/GO inaugura o Canal Ouvidoria da Mulher<\/h2>\t\t\t\t<\/div>\n\t\t\t\t<\/div>\n\t\t\t\t<div class=\"elementor-element elementor-element-99ac338 elementor-widget elementor-widget-text-editor\" data-id=\"99ac338\" data-element_type=\"widget\" data-widget_type=\"text-editor.default\">\n\t\t\t\t<div class=\"elementor-widget-container\">\n\t\t\t\t\t\t\t\t\t<div class=\"oKdM2c ZZyype\"><div id=\"h.1e64d51a2274a7c5_4\" class=\"hJDwNd-AhqUyc-uQSCkd Ft7HRd-AhqUyc-uQSCkd jXK9ad D2fZ2 zu5uec GNzUNc\"><div class=\"jXK9ad-SmKAyb\"><div class=\"tyJCtd mGzaTb Depvyb baZpAe\"><p class=\"CDt4Ke zfr3Q\" dir=\"ltr\">16\/06\/2021<\/p><p dir=\"ltr\">\u00a0<\/p><p class=\"CDt4Ke zfr3Q\" dir=\"ltr\">O Presidente do Tribunal Regional Eleitoral de Goi\u00e1s, Desembargador Leandro Crispim, lan\u00e7ou na manh\u00e3 desta quarta-feira (16), a \u201cOuvidoria da Mulher\u201d, um canal exclusivo para que mulheres possam apresentar den\u00fancias de ass\u00e9dio sexual, moral e discrimina\u00e7\u00e3o no \u00e2mbito da Justi\u00e7a Eleitoral.<\/p><p dir=\"ltr\">\u00a0<\/p><p class=\"CDt4Ke zfr3Q\" dir=\"ltr\">O evento online contou com a presen\u00e7a de v\u00e1rias autoridades nacionais ligadas ao Poder Judici\u00e1rio e foi transmitido pelo <a class=\"XqQF9c rXJpyf\" href=\"https:\/\/www.youtube.com\/watch?v=xK1FhFacymQ\" target=\"_blank\" rel=\"noopener\">YouTube do TRE\/GO (canaltrego<\/a>), assim como assim como pelos canais do TRE do Cear\u00e1, da OAB de Goi\u00e1s, da Pol\u00edcia Civil de Goi\u00e1s e da Defensoria P\u00fablica de Goi\u00e1s.<\/p><p dir=\"ltr\">\u00a0<\/p><p class=\"CDt4Ke zfr3Q\" dir=\"ltr\">Em seu discurso de abertura, o Presidente da Corte Eleitoral, Desembargador Leandro Crispim, declarou que o Tribunal sempre se mostrou sens\u00edvel \u00e0s causas femininas, citando v\u00e1rios eventos realizados sobre o tema em sua gest\u00e3o. \u201cA Ouvidoria da Mulher se insere justamente na din\u00e2mica aperfei\u00e7oadora da isonomia material, representando uma atitude proativa desta Corte no enfrentamento \u00e0 discrimina\u00e7\u00e3o, conferindo cuidado particular no ponto em que o ass\u00e9dio se evidencia mais cr\u00edtico\u201d, declarou o Desembargador-Presidente.<\/p><p dir=\"ltr\">\u00a0<\/p><p class=\"CDt4Ke zfr3Q\" dir=\"ltr\">Na sequ\u00eancia, o Juiz-Membro e Ouvidor Regional Eleitoral de Goi\u00e1s, M\u00e1rcio Ant\u00f4nio de Sousa Moraes J\u00fanior, anunciou que, ao implantar a Ouvidoria da Mulher, o TRE\/GO se torna o primeiro tribunal eleitoral do pa\u00eds a fazer uso desse importante canal. Creditou o feito a uma demonstra\u00e7\u00e3o de coragem do Presidente Leandro Crispim, que \u201cempenhou todos os esfor\u00e7os poss\u00edveis para que esse projeto se concretizasse, disponibilizando a complexa estrutura desse Regional para viabilizar esse sonho que busca colocar em holofote aquilo que muitos tentam ocultar: a quest\u00e3o do ass\u00e9dio e da discrimina\u00e7\u00e3o\u201d.<\/p><p dir=\"ltr\">\u00a0<\/p><p class=\"CDt4Ke zfr3Q\" dir=\"ltr\">O Ouvidor apresentou ainda um v\u00eddeo sobre a <a class=\"XqQF9c rXJpyf\" href=\"https:\/\/www.google.com\/url?q=https%3A%2F%2Fwww.tre-go.jus.br%2Fo-tre%2Fouvidoria%2Farquivos%2Ftre-go-cartilha-ouvidoria-da-mulher%2Frybena_pdf%3Ffile%3Dhttps%3A%2F%2Fwww.tre-go.jus.br%2Fo-tre%2Fouvidoria%2Farquivos%2Ftre-go-cartilha-ouvidoria-da-mulher%2Fat_download%2Ffile&amp;sa=D&amp;sntz=1&amp;usg=AOvVaw0T6no13V4vwtkjoiQb_TrW\" target=\"_blank\" rel=\"noopener\">Cartilha da Ouvidoria da Mulher<\/a>, um guia essencial para que as mulheres saibam como proceder em caso de ass\u00e9dio e discrimina\u00e7\u00e3o.<\/p><p dir=\"ltr\">\u00a0<\/p><p class=\"CDt4Ke zfr3Q\" dir=\"ltr\">A Ju\u00edza Eleitoral e de Direito, Fl\u00e1viah Lan\u00e7oni Costa Pinheiro, Coordenadora do Canal Ouvidoria da Mulher tamb\u00e9m ressaltou o car\u00e1ter inovador da medida: \u201c\u00c9 a primeira vez que uma Corte de Justi\u00e7a abra\u00e7a essa causa, implantando a Ouvidoria da Mulher.\u201d Destacou que n\u00e3o apenas homens podem ser denunciados, mas tamb\u00e9m mulheres que \u00e0s vezes, em seu ambiente de trabalho, humilham ou maltratam pessoas subordinadas. \u201cA nossa Ouvidoria est\u00e1 aberta. Vamos, acima de tudo, ouvir a v\u00edtima e fazer os encaminhamentos necess\u00e1rios\u201d, concluiu a magistrada.<\/p><p dir=\"ltr\">\u00a0<\/p><p class=\"CDt4Ke zfr3Q\" dir=\"ltr\">A apresenta\u00e7\u00e3o contou com um bloco de exposi\u00e7\u00f5es iniciais, seguidas de dois pain\u00e9is tem\u00e1ticos: \u201cPr\u00e1ticas e formas de combate ao ass\u00e9dio e discrimina\u00e7\u00e3o\u201d e \u201cA Ouvidoria da Mulher na pr\u00e1tica\u201d. Participaram do evento a Desembargadora Sandra Regina Teodoro Reis, Presidente da Coordenadoria da Mulher em Situa\u00e7\u00e3o de Viol\u00eancia Dom\u00e9stica e Familiar do TJGO; a advogada Caroline Lacerda, ex-Vice-Diretora da Escola Judici\u00e1ria Eleitoral do TSE; a Ju\u00edza Patr\u00edcia Carrijo, Presidente da Associa\u00e7\u00e3o dos Magistrados do Estado de Goi\u00e1s; a advogada Marina Morais, representante da OAB de Goi\u00e1s; a Conselheira do Conselho Nacional de Justi\u00e7a, Desembargadora T\u00e2nia Regina Silva Reckziegel,; o Ouvidor Nacional do Minist\u00e9rio P\u00fablico, Oswaldo D\u2019Albuquerque; o Juiz da 5\u00aa Vara C\u00edvel e de Arbitragem de Goi\u00e2nia, Paulo Cesar Alves das Neves; o Juiz do 6\u00ba Juizado Especial C\u00edvel de Goi\u00e2nia, Vitor Umbelino Soares J\u00fanior; a Defensora P\u00fablica do Estado de Goi\u00e1s, Gabriela Marques Rosa Handam; a Delegada Adjunta da 1\u00aa Delegacia Especializada no Atendimento \u00e0 Mulher de Goi\u00e2nia, Aline Leal Sberowsky Pa\u00e7\u00f4 Sousa; a Promotora de Justi\u00e7a do Estado de S\u00e3o Paulo, Gabriela Manssur e a Presidente do Col\u00e9gio de Ouvidores da Justi\u00e7a Eleitoral, Kamile Castro.<\/p><p dir=\"ltr\">\u00a0<\/p><p class=\"CDt4Ke zfr3Q\" dir=\"ltr\"><strong>Canal Ouvidoria da Mulher<\/strong><\/p><p dir=\"ltr\">\u00a0<\/p><p class=\"CDt4Ke zfr3Q\" dir=\"ltr\">O canal, uma iniciativa pioneira do TRE\/GO, \u00e9 uma ferramenta exclusiva para que as mulheres v\u00edtimas de ass\u00e9dio ou discrimina\u00e7\u00e3o, sejam elas magistradas e promotoras eleitorais, advogadas, estagi\u00e1rias, servidoras, colaboradoras ou eleitoras, possam apresentar suas den\u00fancias. A a\u00e7\u00e3o faz parte da Pol\u00edtica de Preven\u00e7\u00e3o e Enfrentamento ao Ass\u00e9dio Moral, Sexual e de Discrimina\u00e7\u00e3o na Justi\u00e7a Eleitoral.<\/p><p dir=\"ltr\">\u00a0<\/p><p class=\"CDt4Ke zfr3Q\" dir=\"ltr\">Para tratamento das den\u00fancias, o TRE\/GO ir\u00e1 manter canais de comunica\u00e7\u00e3o e procedimentos pr\u00f3prios para recebimento e encaminhamento das reclama\u00e7\u00f5es para os \u00f3rg\u00e3os internos e externos do Tribunal, garantindo o sigilo do nome e dados do denunciante.<\/p><p dir=\"ltr\">\u00a0<\/p><p class=\"CDt4Ke zfr3Q\" dir=\"ltr\">Na Ouvidoria da Mulher, a den\u00fancia ser\u00e1 recebida e tratada por servidoras e ju\u00edzas do Tribunal, oferecendo escuta ativa, acolhimento e orienta\u00e7\u00e3o de solu\u00e7\u00e3o para as denunciantes, como mudan\u00e7a de lota\u00e7\u00e3o, tratamento psicol\u00f3gico e instaura\u00e7\u00e3o de procedimentos disciplinares e at\u00e9 encaminhamento para procedimentos criminais, tudo de acordo com a vontade da v\u00edtima.<\/p><p dir=\"ltr\">\u00a0<\/p><p class=\"CDt4Ke zfr3Q\" dir=\"ltr\">Acesse a <a class=\"XqQF9c rXJpyf\" href=\"https:\/\/www.google.com\/url?q=https%3A%2F%2Fwww.tre-go.jus.br%2Fo-tre%2Fouvidoria%2Fouvidoria&amp;sa=D&amp;sntz=1&amp;usg=AOvVaw0DeX4-KwxzXAAzO_CIwUlL\" target=\"_blank\" rel=\"noopener\">P\u00e1gina da Ouvidoria da Mulher<\/a>.<\/p><p dir=\"ltr\">\u00a0<\/p><p class=\"CDt4Ke zfr3Q\" dir=\"ltr\">Acesse a <a class=\"XqQF9c rXJpyf\" href=\"https:\/\/www.google.com\/url?q=https%3A%2F%2Fwww.tre-go.jus.br%2Fo-tre%2Fouvidoria%2Farquivos%2Ftre-go-cartilha-ouvidoria-da-mulher%2Frybena_pdf%3Ffile%3Dhttps%3A%2F%2Fwww.tre-go.jus.br%2Fo-tre%2Fouvidoria%2Farquivos%2Ftre-go-cartilha-ouvidoria-da-mulher%2Fat_download%2Ffile&amp;sa=D&amp;sntz=1&amp;usg=AOvVaw0T6no13V4vwtkjoiQb_TrW\" target=\"_blank\" rel=\"noopener\">Cartilha da Ouvidoria da Mulher<\/a>.<\/p><\/div><\/div><\/div><\/div>\t\t\t\t\t\t\t\t<\/div>\n\t\t\t\t<\/div>\n\t\t\t\t<div class=\"elementor-element elementor-element-e25186e elementor-widget elementor-widget-text-editor\" data-id=\"e25186e\" data-element_type=\"widget\" data-widget_type=\"text-editor.default\">\n\t\t\t\t<div class=\"elementor-widget-container\">\n\t\t\t\t\t\t\t\t\t<p style=\"text-align: right;\">Assessoria de Imprensa e Comunica\u00e7\u00e3o Social<\/p>\t\t\t\t\t\t\t\t<\/div>\n\t\t\t\t<\/div>\n\t\t\t\t\t<\/div>\n\t\t<\/div>\n\t\t\t\t\t<\/div>\n\t\t<\/section>\n\t\t\t\t<section class=\"elementor-section elementor-top-section elementor-element elementor-element-f0e259f elementor-section-boxed elementor-section-height-default elementor-section-height-default\" data-id=\"f0e259f\" data-element_type=\"section\">\n\t\t\t\t\t\t<div class=\"elementor-container elementor-column-gap-default\">\n\t\t\t\t\t<div class=\"elementor-column elementor-col-100 elementor-top-column elementor-element elementor-element-ec8d71f\" data-id=\"ec8d71f\" data-element_type=\"column\">\n\t\t\t<div class=\"elementor-widget-wrap elementor-element-populated\">\n\t\t\t\t\t\t<div class=\"elementor-element elementor-element-9fe839e elementor-widget elementor-widget-spacer\" data-id=\"9fe839e\" data-element_type=\"widget\" data-widget_type=\"spacer.default\">\n\t\t\t\t<div class=\"elementor-widget-container\">\n\t\t\t\t\t\t\t<div class=\"elementor-spacer\">\n\t\t\t<div class=\"elementor-spacer-inner\"><\/div>\n\t\t<\/div>\n\t\t\t\t\t\t<\/div>\n\t\t\t\t<\/div>\n\t\t\t\t\t<\/div>\n\t\t<\/div>\n\t\t\t\t\t<\/div>\n\t\t<\/section>\n\t\t\t\t<section class=\"elementor-section elementor-top-section elementor-element elementor-element-aeb68bd elementor-section-boxed elementor-section-height-default elementor-section-height-default\" data-id=\"aeb68bd\" data-element_type=\"section\">\n\t\t\t\t\t\t<div class=\"elementor-container elementor-column-gap-default\">\n\t\t\t\t\t<div class=\"elementor-column elementor-col-100 elementor-top-column elementor-element elementor-element-2576807\" data-id=\"2576807\" data-element_type=\"column\">\n\t\t\t<div class=\"elementor-widget-wrap\">\n\t\t\t\t\t\t\t<\/div>\n\t\t<\/div>\n\t\t\t\t\t<\/div>\n\t\t<\/section>\n\t\t\t\t<\/div>\n\t\t","protected":false},"excerpt":{"rendered":"<p>Ouvidoria da Mulher Voltar ao menu inicial TRE\/GO inaugura o Canal Ouvidoria da Mulher 16\/06\/2021 \u00a0 O Presidente do Tribunal Regional Eleitoral de Goi\u00e1s, Desembargador Leandro Crispim, lan\u00e7ou na manh\u00e3 desta quarta-feira (16), a \u201cOuvidoria da Mulher\u201d, um canal exclusivo para que mulheres possam apresentar den\u00fancias de ass\u00e9dio sexual, moral e discrimina\u00e7\u00e3o no \u00e2mbito da [&hellip;]<\/p>\n","protected":false},"author":4,"featured_media":0,"parent":0,"menu_order":0,"comment_status":"closed","ping_status":"closed","template":"","meta":{"site-sidebar-layout":"no-sidebar","site-content-layout":"page-builder","ast-site-content-layout":"default","site-content-style":"default","site-sidebar-style":"default","ast-global-header-display":"","ast-banner-title-visibility":"","ast-main-header-display":"","ast-hfb-above-header-display":"","ast-hfb-below-header-display":"","ast-hfb-mobile-header-display":"","site-post-title":"disabled","ast-breadcrumbs-content":"","ast-featured-img":"disabled","footer-sml-layout":"","theme-transparent-header-meta":"enabled","adv-header-id-meta":"","stick-header-meta":"","header-above-stick-meta":"","header-main-stick-meta":"","header-below-stick-meta":"","astra-migrate-meta-layouts":"default","ast-page-background-enabled":"default","ast-page-background-meta":{"desktop":{"background-color":"var(--ast-global-color-4)","background-image":"","background-repeat":"repeat","background-position":"center center","background-size":"auto","background-attachment":"scroll","background-type":"","background-media":"","overlay-type":"","overlay-color":"","overlay-opacity":"","overlay-gradient":""},"tablet":{"background-color":"","background-image":"","background-repeat":"repeat","background-position":"center center","background-size":"auto","background-attachment":"scroll","background-type":"","background-media":"","overlay-type":"","overlay-color":"","overlay-opacity":"","overlay-gradient":""},"mobile":{"background-color":"","background-image":"","background-repeat":"repeat","background-position":"center center","background-size":"auto","background-attachment":"scroll","background-type":"","background-media":"","overlay-type":"","overlay-color":"","overlay-opacity":"","overlay-gradient":""}},"ast-content-background-meta":{"desktop":{"background-color":"var(--ast-global-color-5)","background-image":"","background-repeat":"repeat","background-position":"center center","background-size":"auto","background-attachment":"scroll","background-type":"","background-media":"","overlay-type":"","overlay-color":"","overlay-opacity":"","overlay-gradient":""},"tablet":{"background-color":"var(--ast-global-color-5)","background-image":"","background-repeat":"repeat","background-position":"center center","background-size":"auto","background-attachment":"scroll","background-type":"","background-media":"","overlay-type":"","overlay-color":"","overlay-opacity":"","overlay-gradient":""},"mobile":{"background-color":"var(--ast-global-color-5)","background-image":"","background-repeat":"repeat","background-position":"center center","background-size":"auto","background-attachment":"scroll","background-type":"","background-media":"","overlay-type":"","overlay-color":"","overlay-opacity":"","overlay-gradient":""}},"footnotes":""},"class_list":["post-6741","page","type-page","status-publish","hentry"],"_links":{"self":[{"href":"http:\/\/10.10.1.232\/wordpress\/index.php?rest_route=\/wp\/v2\/pages\/6741","targetHints":{"allow":["GET"]}}],"collection":[{"href":"http:\/\/10.10.1.232\/wordpress\/index.php?rest_route=\/wp\/v2\/pages"}],"about":[{"href":"http:\/\/10.10.1.232\/wordpress\/index.php?rest_route=\/wp\/v2\/types\/page"}],"author":[{"embeddable":true,"href":"http:\/\/10.10.1.232\/wordpress\/index.php?rest_route=\/wp\/v2\/users\/4"}],"replies":[{"embeddable":true,"href":"http:\/\/10.10.1.232\/wordpress\/index.php?rest_route=%2Fwp%2Fv2%2Fcomments&post=6741"}],"version-history":[{"count":22,"href":"http:\/\/10.10.1.232\/wordpress\/index.php?rest_route=\/wp\/v2\/pages\/6741\/revisions"}],"predecessor-version":[{"id":21780,"href":"http:\/\/10.10.1.232\/wordpress\/index.php?rest_route=\/wp\/v2\/pages\/6741\/revisions\/21780"}],"wp:attachment":[{"href":"http:\/\/10.10.1.232\/wordpress\/index.php?rest_route=%2Fwp%2Fv2%2Fmedia&parent=6741"}],"curies":[{"name":"wp","href":"https:\/\/api.w.org\/{rel}","templated":true}]}}