{"id":5979,"date":"2022-07-22T14:52:28","date_gmt":"2022-07-22T17:52:28","guid":{"rendered":"http:\/\/10.10.1.232\/wordpress\/?page_id=5979"},"modified":"2025-01-09T15:56:48","modified_gmt":"2025-01-09T18:56:48","slug":"juizes-membros-a-partir-de-2000","status":"publish","type":"page","link":"http:\/\/10.10.1.232\/wordpress\/?page_id=5979","title":{"rendered":"Ju\u00edzes Membros &#8211; De 2000 a 2020"},"content":{"rendered":"\t\t<div data-elementor-type=\"wp-page\" data-elementor-id=\"5979\" class=\"elementor elementor-5979\">\n\t\t\t\t\t\t<section class=\"elementor-section elementor-top-section elementor-element elementor-element-c8ddeb6 elementor-section-height-min-height elementor-section-boxed elementor-section-height-default elementor-section-items-middle\" data-id=\"c8ddeb6\" data-element_type=\"section\" data-settings=\"{&quot;background_background&quot;:&quot;classic&quot;}\">\n\t\t\t\t\t\t\t<div class=\"elementor-background-overlay\"><\/div>\n\t\t\t\t\t\t\t<div class=\"elementor-container elementor-column-gap-default\">\n\t\t\t\t\t<div class=\"elementor-column elementor-col-100 elementor-top-column elementor-element elementor-element-6a5337e\" data-id=\"6a5337e\" data-element_type=\"column\">\n\t\t\t<div class=\"elementor-widget-wrap elementor-element-populated\">\n\t\t\t\t\t\t<div class=\"elementor-element elementor-element-feefb6c elementor-widget elementor-widget-heading\" data-id=\"feefb6c\" data-element_type=\"widget\" data-widget_type=\"heading.default\">\n\t\t\t\t<div class=\"elementor-widget-container\">\n\t\t\t\t\t<h1 class=\"elementor-heading-title elementor-size-default\">Desembargadores Eleitorais<\/h1>\t\t\t\t<\/div>\n\t\t\t\t<\/div>\n\t\t\t\t\t<\/div>\n\t\t<\/div>\n\t\t\t\t\t<\/div>\n\t\t<\/section>\n\t\t\t\t<section class=\"elementor-section elementor-top-section elementor-element elementor-element-ae3664b elementor-section-boxed elementor-section-height-default elementor-section-height-default\" data-id=\"ae3664b\" data-element_type=\"section\">\n\t\t\t\t\t\t<div class=\"elementor-container elementor-column-gap-default\">\n\t\t\t\t\t<div class=\"elementor-column elementor-col-100 elementor-top-column elementor-element elementor-element-18ea5ac\" data-id=\"18ea5ac\" data-element_type=\"column\">\n\t\t\t<div class=\"elementor-widget-wrap elementor-element-populated\">\n\t\t\t\t\t\t<div class=\"elementor-element elementor-element-a569c8a elementor-widget elementor-widget-spacer\" data-id=\"a569c8a\" data-element_type=\"widget\" data-widget_type=\"spacer.default\">\n\t\t\t\t<div class=\"elementor-widget-container\">\n\t\t\t\t\t\t\t<div class=\"elementor-spacer\">\n\t\t\t<div class=\"elementor-spacer-inner\"><\/div>\n\t\t<\/div>\n\t\t\t\t\t\t<\/div>\n\t\t\t\t<\/div>\n\t\t\t\t<div class=\"elementor-element elementor-element-c079f07 elementor-widget elementor-widget-button\" data-id=\"c079f07\" data-element_type=\"widget\" data-widget_type=\"button.default\">\n\t\t\t\t<div class=\"elementor-widget-container\">\n\t\t\t\t\t\t\t\t\t<div class=\"elementor-button-wrapper\">\n\t\t\t\t\t<a class=\"elementor-button elementor-button-link elementor-size-sm\" href=\"http:\/\/10.10.1.232\/wordpress\/?page_id=5974\">\n\t\t\t\t\t\t<span class=\"elementor-button-content-wrapper\">\n\t\t\t\t\t\t<span class=\"elementor-button-icon\">\n\t\t\t\t<i aria-hidden=\"true\" class=\"fas fa-angle-double-left\"><\/i>\t\t\t<\/span>\n\t\t\t\t\t\t\t\t\t<span class=\"elementor-button-text\">Voltar para Desembargadores Eleitorais<\/span>\n\t\t\t\t\t<\/span>\n\t\t\t\t\t<\/a>\n\t\t\t\t<\/div>\n\t\t\t\t\t\t\t\t<\/div>\n\t\t\t\t<\/div>\n\t\t\t\t\t<\/div>\n\t\t<\/div>\n\t\t\t\t\t<\/div>\n\t\t<\/section>\n\t\t\t\t<section class=\"elementor-section elementor-top-section elementor-element elementor-element-e4a418e elementor-section-boxed elementor-section-height-default elementor-section-height-default\" data-id=\"e4a418e\" data-element_type=\"section\">\n\t\t\t\t\t\t<div class=\"elementor-container elementor-column-gap-default\">\n\t\t\t\t\t<div class=\"elementor-column elementor-col-50 elementor-top-column elementor-element elementor-element-dc50665\" data-id=\"dc50665\" data-element_type=\"column\">\n\t\t\t<div class=\"elementor-widget-wrap\">\n\t\t\t\t\t\t\t<\/div>\n\t\t<\/div>\n\t\t\t\t<div class=\"elementor-column elementor-col-25 elementor-top-column elementor-element elementor-element-4d3779c\" data-id=\"4d3779c\" data-element_type=\"column\">\n\t\t\t<div class=\"elementor-widget-wrap\">\n\t\t\t\t\t\t\t<\/div>\n\t\t<\/div>\n\t\t\t\t<div class=\"elementor-column elementor-col-25 elementor-top-column elementor-element elementor-element-2305793\" data-id=\"2305793\" data-element_type=\"column\">\n\t\t\t<div class=\"elementor-widget-wrap elementor-element-populated\">\n\t\t\t\t\t\t<div class=\"elementor-element elementor-element-4135b79 elementor-widget elementor-widget-heading\" data-id=\"4135b79\" data-element_type=\"widget\" data-widget_type=\"heading.default\">\n\t\t\t\t<div class=\"elementor-widget-container\">\n\t\t\t\t\t<h2 class=\"elementor-heading-title elementor-size-default\">De 2000 at\u00e9 2020<\/h2>\t\t\t\t<\/div>\n\t\t\t\t<\/div>\n\t\t\t\t<div class=\"elementor-element elementor-element-d35b045 elementor-widget elementor-widget-heading\" data-id=\"d35b045\" data-element_type=\"widget\" data-widget_type=\"heading.default\">\n\t\t\t\t<div class=\"elementor-widget-container\">\n\t\t\t\t\t<h5 class=\"elementor-heading-title elementor-size-default\">Composi\u00e7\u00e3o Plen\u00e1ria<\/h5>\t\t\t\t<\/div>\n\t\t\t\t<\/div>\n\t\t\t\t<div class=\"elementor-element elementor-element-fe9d3c4 elementor-widget elementor-widget-text-editor\" data-id=\"fe9d3c4\" data-element_type=\"widget\" data-widget_type=\"text-editor.default\">\n\t\t\t\t<div class=\"elementor-widget-container\">\n\t\t\t\t\t\t\t\t\t<div class=\"IFuOkc\">\u00a0<\/div><div class=\"mYVXT\"><div class=\"LS81yb VICjCf j5pSsc db35Fc\" tabindex=\"-1\"><div class=\"hJDwNd-AhqUyc-II5mzb Ft7HRd-AhqUyc-II5mzb purZT-AhqUyc-II5mzb ZcASvf-AhqUyc-II5mzb pSzOP-AhqUyc-qWD73c Ktthjf-AhqUyc-qWD73c JNdkSc SQVYQc\"><div class=\"JNdkSc-SmKAyb LkDMRd\"><div class=\"\"><div class=\"oKdM2c ZZyype Kzv0Me\"><div id=\"h.5dbcac617c16d320_1907\" class=\"hJDwNd-AhqUyc-II5mzb Ft7HRd-AhqUyc-II5mzb pSzOP-AhqUyc-qWD73c Ktthjf-AhqUyc-qWD73c jXK9ad D2fZ2 zu5uec OjCsFc dmUFtb wHaque g5GTcb GNzUNc\"><div class=\"jXK9ad-SmKAyb\"><div class=\"tyJCtd mGzaTb Depvyb baZpAe\"><ul class=\"n8H08c UVNKR\"><li class=\"TYR86d wXCUfe zfr3Q\" dir=\"ltr\"><p class=\"CDt4Ke zfr3Q\" dir=\"ltr\"><a href=\"http:\/\/10.10.1.232\/wordpress\/?page_id=6227\"><span class=\" aw5Odc\">2020<\/span><\/a><\/p><\/li><li class=\"TYR86d wXCUfe zfr3Q\" dir=\"ltr\"><p class=\"CDt4Ke zfr3Q\" dir=\"ltr\"><a href=\"http:\/\/10.10.1.232\/wordpress\/?page_id=6219\"><span class=\" aw5Odc\">2019<\/span><\/a><\/p><\/li><li class=\"TYR86d wXCUfe zfr3Q\" dir=\"ltr\"><p class=\"CDt4Ke zfr3Q\" dir=\"ltr\"><a href=\"http:\/\/10.10.1.232\/wordpress\/?page_id=6209\"><span class=\" aw5Odc\">2018<\/span><\/a><\/p><\/li><li class=\"TYR86d wXCUfe zfr3Q\" dir=\"ltr\"><p class=\"CDt4Ke zfr3Q\" dir=\"ltr\"><a href=\"http:\/\/10.10.1.232\/wordpress\/?page_id=6184\"><span class=\" aw5Odc\">2017<\/span><\/a><\/p><\/li><li class=\"TYR86d wXCUfe zfr3Q\" dir=\"ltr\"><p class=\"CDt4Ke zfr3Q\" dir=\"ltr\"><a href=\"http:\/\/10.10.1.232\/wordpress\/?page_id=6175\"><span class=\" aw5Odc\">201<\/span><span class=\" aw5Odc\">6<\/span><\/a><\/p><\/li><li class=\"TYR86d wXCUfe zfr3Q\" dir=\"ltr\"><p class=\"CDt4Ke zfr3Q\" dir=\"ltr\"><a href=\"http:\/\/10.10.1.232\/wordpress\/?page_id=6170\"><span class=\" aw5Odc\">2015<\/span><\/a><\/p><\/li><li class=\"TYR86d wXCUfe zfr3Q\" dir=\"ltr\"><p class=\"CDt4Ke zfr3Q\" dir=\"ltr\"><a href=\"http:\/\/10.10.1.232\/wordpress\/?page_id=6158\"><span class=\" aw5Odc\">2014<\/span><\/a><\/p><\/li><li class=\"TYR86d wXCUfe zfr3Q\" dir=\"ltr\"><p class=\"CDt4Ke zfr3Q\" dir=\"ltr\"><a href=\"http:\/\/10.10.1.232\/wordpress\/?page_id=6150\"><span class=\" aw5Odc\">2013<\/span><\/a><\/p><\/li><li class=\"TYR86d wXCUfe zfr3Q\" dir=\"ltr\"><p class=\"CDt4Ke zfr3Q\" dir=\"ltr\"><a href=\"http:\/\/10.10.1.232\/wordpress\/?page_id=6138\"><span class=\" aw5Odc\">2012<\/span><\/a><\/p><\/li><li class=\"TYR86d wXCUfe zfr3Q\" dir=\"ltr\"><p class=\"CDt4Ke zfr3Q\" dir=\"ltr\"><a href=\"http:\/\/10.10.1.232\/wordpress\/?page_id=6126\"><span class=\" aw5Odc\">2011<\/span><\/a><\/p><\/li><li class=\"TYR86d wXCUfe zfr3Q\" dir=\"ltr\"><p class=\"CDt4Ke zfr3Q\" dir=\"ltr\"><a href=\"http:\/\/10.10.1.232\/wordpress\/?page_id=6115\"><span class=\" aw5Odc\">2010<\/span><\/a><\/p><\/li><li class=\"TYR86d wXCUfe zfr3Q\" dir=\"ltr\"><p class=\"CDt4Ke zfr3Q\" dir=\"ltr\"><a href=\"http:\/\/10.10.1.232\/wordpress\/?page_id=6100\"><span class=\" aw5Odc\">2009<\/span><\/a><\/p><\/li><li class=\"TYR86d wXCUfe zfr3Q\" dir=\"ltr\"><p class=\"CDt4Ke zfr3Q\" dir=\"ltr\"><a href=\"http:\/\/10.10.1.232\/wordpress\/?page_id=6089\"><span class=\" aw5Odc\">2008<\/span><\/a><\/p><\/li><li class=\"TYR86d wXCUfe zfr3Q\" dir=\"ltr\"><p class=\"CDt4Ke zfr3Q\" dir=\"ltr\"><a href=\"http:\/\/10.10.1.232\/wordpress\/?page_id=6071\"><span class=\" aw5Odc\">2007<\/span><\/a><\/p><\/li><li class=\"TYR86d wXCUfe zfr3Q\" dir=\"ltr\"><p class=\"CDt4Ke zfr3Q\" dir=\"ltr\"><a href=\"http:\/\/10.10.1.232\/wordpress\/?page_id=6063\"><span class=\" aw5Odc\">2006<\/span><\/a><\/p><\/li><li class=\"TYR86d wXCUfe zfr3Q\" dir=\"ltr\"><p class=\"CDt4Ke zfr3Q\" dir=\"ltr\"><a href=\"http:\/\/10.10.1.232\/wordpress\/?page_id=6052\"><span class=\" aw5Odc\">2005<\/span><\/a><\/p><\/li><li class=\"TYR86d wXCUfe zfr3Q\" dir=\"ltr\"><p class=\"CDt4Ke zfr3Q\" dir=\"ltr\"><a href=\"http:\/\/10.10.1.232\/wordpress\/?page_id=6042\"><span class=\" aw5Odc\">2004<\/span><\/a><\/p><\/li><li class=\"TYR86d wXCUfe zfr3Q\" dir=\"ltr\"><p class=\"CDt4Ke zfr3Q\" dir=\"ltr\"><a href=\"http:\/\/10.10.1.232\/wordpress\/?page_id=6027\"><span class=\" aw5Odc\">2003<\/span><\/a><\/p><\/li><li class=\"TYR86d wXCUfe zfr3Q\" dir=\"ltr\"><p class=\"CDt4Ke zfr3Q\" dir=\"ltr\"><a href=\"http:\/\/10.10.1.232\/wordpress\/?page_id=6017\"><span class=\" aw5Odc\">2002<\/span><\/a><\/p><\/li><li class=\"TYR86d wXCUfe zfr3Q\" dir=\"ltr\"><p class=\"CDt4Ke zfr3Q\" dir=\"ltr\"><a href=\"http:\/\/10.10.1.232\/wordpress\/?page_id=6001\"><span class=\" aw5Odc\">2001<\/span><\/a><\/p><\/li><li class=\"TYR86d wXCUfe zfr3Q\" dir=\"ltr\"><p class=\"CDt4Ke zfr3Q\" dir=\"ltr\"><a href=\"http:\/\/10.10.1.232\/wordpress\/?page_id=5984\"><span class=\" aw5Odc\">2000<\/span><\/a><\/p><\/li><\/ul><\/div><\/div><\/div><\/div><\/div><\/div><\/div><\/div><\/div>\t\t\t\t\t\t\t\t<\/div>\n\t\t\t\t<\/div>\n\t\t\t\t\t<\/div>\n\t\t<\/div>\n\t\t\t\t\t<\/div>\n\t\t<\/section>\n\t\t\t\t<section class=\"elementor-section elementor-top-section elementor-element elementor-element-f0e259f elementor-section-boxed elementor-section-height-default elementor-section-height-default\" data-id=\"f0e259f\" data-element_type=\"section\">\n\t\t\t\t\t\t<div class=\"elementor-container elementor-column-gap-default\">\n\t\t\t\t\t<div class=\"elementor-column elementor-col-100 elementor-top-column elementor-element elementor-element-ec8d71f\" data-id=\"ec8d71f\" data-element_type=\"column\">\n\t\t\t<div class=\"elementor-widget-wrap elementor-element-populated\">\n\t\t\t\t\t\t<div class=\"elementor-element elementor-element-9fe839e elementor-widget elementor-widget-spacer\" data-id=\"9fe839e\" data-element_type=\"widget\" data-widget_type=\"spacer.default\">\n\t\t\t\t<div class=\"elementor-widget-container\">\n\t\t\t\t\t\t\t<div class=\"elementor-spacer\">\n\t\t\t<div class=\"elementor-spacer-inner\"><\/div>\n\t\t<\/div>\n\t\t\t\t\t\t<\/div>\n\t\t\t\t<\/div>\n\t\t\t\t\t<\/div>\n\t\t<\/div>\n\t\t\t\t\t<\/div>\n\t\t<\/section>\n\t\t\t\t<section class=\"elementor-section elementor-top-section elementor-element elementor-element-aeb68bd elementor-section-boxed elementor-section-height-default elementor-section-height-default\" data-id=\"aeb68bd\" data-element_type=\"section\">\n\t\t\t\t\t\t<div class=\"elementor-container elementor-column-gap-default\">\n\t\t\t\t\t<div class=\"elementor-column elementor-col-100 elementor-top-column elementor-element elementor-element-2576807\" data-id=\"2576807\" data-element_type=\"column\">\n\t\t\t<div class=\"elementor-widget-wrap\">\n\t\t\t\t\t\t\t<\/div>\n\t\t<\/div>\n\t\t\t\t\t<\/div>\n\t\t<\/section>\n\t\t\t\t<\/div>\n\t\t","protected":false},"excerpt":{"rendered":"<p>Desembargadores Eleitorais Voltar para Desembargadores Eleitorais De 2000 at\u00e9 2020 Composi\u00e7\u00e3o Plen\u00e1ria \u00a0 2020 2019 2018 2017 2016 2015 2014 2013 2012 2011 2010 2009 2008 2007 2006 2005 2004 2003 2002 2001 2000<\/p>\n","protected":false},"author":4,"featured_media":0,"parent":0,"menu_order":0,"comment_status":"closed","ping_status":"closed","template":"","meta":{"site-sidebar-layout":"no-sidebar","site-content-layout":"page-builder","ast-site-content-layout":"default","site-content-style":"default","site-sidebar-style":"default","ast-global-header-display":"","ast-banner-title-visibility":"","ast-main-header-display":"","ast-hfb-above-header-display":"","ast-hfb-below-header-display":"","ast-hfb-mobile-header-display":"","site-post-title":"disabled","ast-breadcrumbs-content":"","ast-featured-img":"disabled","footer-sml-layout":"","theme-transparent-header-meta":"enabled","adv-header-id-meta":"","stick-header-meta":"","header-above-stick-meta":"","header-main-stick-meta":"","header-below-stick-meta":"","astra-migrate-meta-layouts":"default","ast-page-background-enabled":"default","ast-page-background-meta":{"desktop":{"background-color":"var(--ast-global-color-4)","background-image":"","background-repeat":"repeat","background-position":"center center","background-size":"auto","background-attachment":"scroll","background-type":"","background-media":"","overlay-type":"","overlay-color":"","overlay-opacity":"","overlay-gradient":""},"tablet":{"background-color":"","background-image":"","background-repeat":"repeat","background-position":"center center","background-size":"auto","background-attachment":"scroll","background-type":"","background-media":"","overlay-type":"","overlay-color":"","overlay-opacity":"","overlay-gradient":""},"mobile":{"background-color":"","background-image":"","background-repeat":"repeat","background-position":"center center","background-size":"auto","background-attachment":"scroll","background-type":"","background-media":"","overlay-type":"","overlay-color":"","overlay-opacity":"","overlay-gradient":""}},"ast-content-background-meta":{"desktop":{"background-color":"var(--ast-global-color-5)","background-image":"","background-repeat":"repeat","background-position":"center center","background-size":"auto","background-attachment":"scroll","background-type":"","background-media":"","overlay-type":"","overlay-color":"","overlay-opacity":"","overlay-gradient":""},"tablet":{"background-color":"var(--ast-global-color-5)","background-image":"","background-repeat":"repeat","background-position":"center center","background-size":"auto","background-attachment":"scroll","background-type":"","background-media":"","overlay-type":"","overlay-color":"","overlay-opacity":"","overlay-gradient":""},"mobile":{"background-color":"var(--ast-global-color-5)","background-image":"","background-repeat":"repeat","background-position":"center center","background-size":"auto","background-attachment":"scroll","background-type":"","background-media":"","overlay-type":"","overlay-color":"","overlay-opacity":"","overlay-gradient":""}},"footnotes":""},"class_list":["post-5979","page","type-page","status-publish","hentry"],"_links":{"self":[{"href":"http:\/\/10.10.1.232\/wordpress\/index.php?rest_route=\/wp\/v2\/pages\/5979","targetHints":{"allow":["GET"]}}],"collection":[{"href":"http:\/\/10.10.1.232\/wordpress\/index.php?rest_route=\/wp\/v2\/pages"}],"about":[{"href":"http:\/\/10.10.1.232\/wordpress\/index.php?rest_route=\/wp\/v2\/types\/page"}],"author":[{"embeddable":true,"href":"http:\/\/10.10.1.232\/wordpress\/index.php?rest_route=\/wp\/v2\/users\/4"}],"replies":[{"embeddable":true,"href":"http:\/\/10.10.1.232\/wordpress\/index.php?rest_route=%2Fwp%2Fv2%2Fcomments&post=5979"}],"version-history":[{"count":59,"href":"http:\/\/10.10.1.232\/wordpress\/index.php?rest_route=\/wp\/v2\/pages\/5979\/revisions"}],"predecessor-version":[{"id":21478,"href":"http:\/\/10.10.1.232\/wordpress\/index.php?rest_route=\/wp\/v2\/pages\/5979\/revisions\/21478"}],"wp:attachment":[{"href":"http:\/\/10.10.1.232\/wordpress\/index.php?rest_route=%2Fwp%2Fv2%2Fmedia&parent=5979"}],"curies":[{"name":"wp","href":"https:\/\/api.w.org\/{rel}","templated":true}]}}