{"id":4146,"date":"2022-07-12T18:09:52","date_gmt":"2022-07-12T21:09:52","guid":{"rendered":"http:\/\/10.10.1.232\/wordpress\/?page_id=4146"},"modified":"2026-04-09T14:24:13","modified_gmt":"2026-04-09T17:24:13","slug":"comissao-de-gestao-da-memoria","status":"publish","type":"page","link":"http:\/\/10.10.1.232\/wordpress\/?page_id=4146","title":{"rendered":"Comiss\u00e3o de Gest\u00e3o da Mem\u00f3ria"},"content":{"rendered":"\t\t<div data-elementor-type=\"wp-page\" data-elementor-id=\"4146\" class=\"elementor elementor-4146\">\n\t\t\t\t\t\t<section class=\"elementor-section elementor-top-section elementor-element elementor-element-c8ddeb6 elementor-section-height-min-height elementor-section-boxed elementor-section-height-default elementor-section-items-middle\" data-id=\"c8ddeb6\" data-element_type=\"section\" data-e-type=\"section\" data-settings=\"{&quot;background_background&quot;:&quot;classic&quot;}\">\n\t\t\t\t\t\t\t<div class=\"elementor-background-overlay\"><\/div>\n\t\t\t\t\t\t\t<div class=\"elementor-container elementor-column-gap-default\">\n\t\t\t\t\t<div class=\"elementor-column elementor-col-100 elementor-top-column elementor-element elementor-element-6a5337e\" data-id=\"6a5337e\" data-element_type=\"column\" data-e-type=\"column\">\n\t\t\t<div class=\"elementor-widget-wrap elementor-element-populated\">\n\t\t\t\t\t\t<div class=\"elementor-element elementor-element-feefb6c elementor-widget elementor-widget-heading\" data-id=\"feefb6c\" data-element_type=\"widget\" data-e-type=\"widget\" data-widget_type=\"heading.default\">\n\t\t\t\t<div class=\"elementor-widget-container\">\n\t\t\t\t\t<h1 class=\"elementor-heading-title elementor-size-default\">Comiss\u00e3o de Gest\u00e3o da Mem\u00f3ria e Cultura<\/h1>\t\t\t\t<\/div>\n\t\t\t\t<\/div>\n\t\t\t\t\t<\/div>\n\t\t<\/div>\n\t\t\t\t\t<\/div>\n\t\t<\/section>\n\t\t\t\t<section class=\"elementor-section elementor-top-section elementor-element elementor-element-ae3664b elementor-section-boxed elementor-section-height-default elementor-section-height-default\" data-id=\"ae3664b\" data-element_type=\"section\" data-e-type=\"section\">\n\t\t\t\t\t\t<div class=\"elementor-container elementor-column-gap-default\">\n\t\t\t\t\t<div class=\"elementor-column elementor-col-100 elementor-top-column elementor-element elementor-element-18ea5ac\" data-id=\"18ea5ac\" data-element_type=\"column\" data-e-type=\"column\">\n\t\t\t<div class=\"elementor-widget-wrap elementor-element-populated\">\n\t\t\t\t\t\t<div class=\"elementor-element elementor-element-a569c8a elementor-widget elementor-widget-spacer\" data-id=\"a569c8a\" data-element_type=\"widget\" data-e-type=\"widget\" data-widget_type=\"spacer.default\">\n\t\t\t\t<div class=\"elementor-widget-container\">\n\t\t\t\t\t\t\t<div class=\"elementor-spacer\">\n\t\t\t<div class=\"elementor-spacer-inner\"><\/div>\n\t\t<\/div>\n\t\t\t\t\t\t<\/div>\n\t\t\t\t<\/div>\n\t\t\t\t\t<\/div>\n\t\t<\/div>\n\t\t\t\t\t<\/div>\n\t\t<\/section>\n\t\t\t\t<section class=\"elementor-section elementor-top-section elementor-element elementor-element-4b58e5a elementor-section-boxed elementor-section-height-default elementor-section-height-default\" data-id=\"4b58e5a\" data-element_type=\"section\" data-e-type=\"section\">\n\t\t\t\t\t\t<div class=\"elementor-container elementor-column-gap-default\">\n\t\t\t\t\t<div class=\"elementor-column elementor-col-100 elementor-top-column elementor-element elementor-element-52afdc3\" data-id=\"52afdc3\" data-element_type=\"column\" data-e-type=\"column\">\n\t\t\t<div class=\"elementor-widget-wrap elementor-element-populated\">\n\t\t\t\t\t\t<div class=\"elementor-element elementor-element-5442ae7 elementor-widget elementor-widget-button\" data-id=\"5442ae7\" data-element_type=\"widget\" data-e-type=\"widget\" data-widget_type=\"button.default\">\n\t\t\t\t<div class=\"elementor-widget-container\">\n\t\t\t\t\t\t\t\t\t<div class=\"elementor-button-wrapper\">\n\t\t\t\t\t<a class=\"elementor-button elementor-button-link elementor-size-sm\" href=\"http:\/\/10.10.1.232\/wordpress\/?preview_id=11\">\n\t\t\t\t\t\t<span class=\"elementor-button-content-wrapper\">\n\t\t\t\t\t\t\t\t\t<span class=\"elementor-button-text\">Voltar ao menu inicial<\/span>\n\t\t\t\t\t<\/span>\n\t\t\t\t\t<\/a>\n\t\t\t\t<\/div>\n\t\t\t\t\t\t\t\t<\/div>\n\t\t\t\t<\/div>\n\t\t\t\t\t<\/div>\n\t\t<\/div>\n\t\t\t\t\t<\/div>\n\t\t<\/section>\n\t\t\t\t<section class=\"elementor-section elementor-top-section elementor-element elementor-element-e4a418e elementor-section-boxed elementor-section-height-default elementor-section-height-default\" data-id=\"e4a418e\" data-element_type=\"section\" data-e-type=\"section\">\n\t\t\t\t\t\t<div class=\"elementor-container elementor-column-gap-default\">\n\t\t\t\t\t<div class=\"elementor-column elementor-col-50 elementor-top-column elementor-element elementor-element-dc50665\" data-id=\"dc50665\" data-element_type=\"column\" data-e-type=\"column\">\n\t\t\t<div class=\"elementor-widget-wrap\">\n\t\t\t\t\t\t\t<\/div>\n\t\t<\/div>\n\t\t\t\t<div class=\"elementor-column elementor-col-25 elementor-top-column elementor-element elementor-element-4d3779c\" data-id=\"4d3779c\" data-element_type=\"column\" data-e-type=\"column\">\n\t\t\t<div class=\"elementor-widget-wrap\">\n\t\t\t\t\t\t\t<\/div>\n\t\t<\/div>\n\t\t\t\t<div class=\"elementor-column elementor-col-25 elementor-top-column elementor-element elementor-element-2305793\" data-id=\"2305793\" data-element_type=\"column\" data-e-type=\"column\">\n\t\t\t<div class=\"elementor-widget-wrap elementor-element-populated\">\n\t\t\t\t\t\t<section class=\"elementor-section elementor-inner-section elementor-element elementor-element-f7065ee elementor-section-boxed elementor-section-height-default elementor-section-height-default\" data-id=\"f7065ee\" data-element_type=\"section\" data-e-type=\"section\">\n\t\t\t\t\t\t<div class=\"elementor-container elementor-column-gap-default\">\n\t\t\t\t\t<div class=\"elementor-column elementor-col-33 elementor-inner-column elementor-element elementor-element-4dd8951\" data-id=\"4dd8951\" data-element_type=\"column\" data-e-type=\"column\">\n\t\t\t<div class=\"elementor-widget-wrap elementor-element-populated\">\n\t\t\t\t\t\t<div class=\"elementor-element elementor-element-e93f5bd elementor-view-stacked elementor-shape-circle elementor-position-block-start elementor-mobile-position-block-start elementor-widget elementor-widget-icon-box\" data-id=\"e93f5bd\" data-element_type=\"widget\" data-e-type=\"widget\" data-widget_type=\"icon-box.default\">\n\t\t\t\t<div class=\"elementor-widget-container\">\n\t\t\t\t\t\t\t<div class=\"elementor-icon-box-wrapper\">\n\n\t\t\t\t\t\t<div class=\"elementor-icon-box-icon\">\n\t\t\t\t<a href=\"http:\/\/10.10.1.232\/wordpress\/?page_id=4155\" class=\"elementor-icon\" tabindex=\"-1\" aria-label=\"Integrantes da Comiss\u00e3o\">\n\t\t\t\t<i aria-hidden=\"true\" class=\"fas fa-camera\"><\/i>\t\t\t\t<\/a>\n\t\t\t<\/div>\n\t\t\t\n\t\t\t\t\t\t<div class=\"elementor-icon-box-content\">\n\n\t\t\t\t\t\t\t\t\t<h3 class=\"elementor-icon-box-title\">\n\t\t\t\t\t\t<a href=\"http:\/\/10.10.1.232\/wordpress\/?page_id=4155\" >\n\t\t\t\t\t\t\tIntegrantes da Comiss\u00e3o\t\t\t\t\t\t<\/a>\n\t\t\t\t\t<\/h3>\n\t\t\t\t\n\t\t\t\t\n\t\t\t<\/div>\n\t\t\t\n\t\t<\/div>\n\t\t\t\t\t\t<\/div>\n\t\t\t\t<\/div>\n\t\t\t\t\t<\/div>\n\t\t<\/div>\n\t\t\t\t<div class=\"elementor-column elementor-col-33 elementor-inner-column elementor-element elementor-element-50e49ec\" data-id=\"50e49ec\" data-element_type=\"column\" data-e-type=\"column\">\n\t\t\t<div class=\"elementor-widget-wrap elementor-element-populated\">\n\t\t\t\t\t\t<div class=\"elementor-element elementor-element-88ce2de elementor-view-stacked elementor-shape-circle elementor-position-block-start elementor-mobile-position-block-start elementor-widget elementor-widget-icon-box\" data-id=\"88ce2de\" data-element_type=\"widget\" data-e-type=\"widget\" data-widget_type=\"icon-box.default\">\n\t\t\t\t<div class=\"elementor-widget-container\">\n\t\t\t\t\t\t\t<div class=\"elementor-icon-box-wrapper\">\n\n\t\t\t\t\t\t<div class=\"elementor-icon-box-icon\">\n\t\t\t\t<a href=\"http:\/\/10.10.1.232\/wordpress\/?page_id=4286\" class=\"elementor-icon\" tabindex=\"-1\" aria-label=\"Atos de designa\u00e7\u00e3o\">\n\t\t\t\t<i aria-hidden=\"true\" class=\"far fa-newspaper\"><\/i>\t\t\t\t<\/a>\n\t\t\t<\/div>\n\t\t\t\n\t\t\t\t\t\t<div class=\"elementor-icon-box-content\">\n\n\t\t\t\t\t\t\t\t\t<h3 class=\"elementor-icon-box-title\">\n\t\t\t\t\t\t<a href=\"http:\/\/10.10.1.232\/wordpress\/?page_id=4286\" >\n\t\t\t\t\t\t\tAtos de designa\u00e7\u00e3o\t\t\t\t\t\t<\/a>\n\t\t\t\t\t<\/h3>\n\t\t\t\t\n\t\t\t\t\n\t\t\t<\/div>\n\t\t\t\n\t\t<\/div>\n\t\t\t\t\t\t<\/div>\n\t\t\t\t<\/div>\n\t\t\t\t\t<\/div>\n\t\t<\/div>\n\t\t\t\t<div class=\"elementor-column elementor-col-33 elementor-inner-column elementor-element elementor-element-4cb1d39\" data-id=\"4cb1d39\" data-element_type=\"column\" data-e-type=\"column\">\n\t\t\t<div class=\"elementor-widget-wrap elementor-element-populated\">\n\t\t\t\t\t\t<div class=\"elementor-element elementor-element-21d3f00 elementor-view-stacked elementor-shape-circle elementor-position-block-start elementor-mobile-position-block-start elementor-widget elementor-widget-icon-box\" data-id=\"21d3f00\" data-element_type=\"widget\" data-e-type=\"widget\" data-widget_type=\"icon-box.default\">\n\t\t\t\t<div class=\"elementor-widget-container\">\n\t\t\t\t\t\t\t<div class=\"elementor-icon-box-wrapper\">\n\n\t\t\t\t\t\t<div class=\"elementor-icon-box-icon\">\n\t\t\t\t<a href=\"http:\/\/10.10.1.232\/wordpress\/?page_id=19930\" class=\"elementor-icon\" tabindex=\"-1\" aria-label=\"Membros Passados da Comiss\u00e3o de Gest\u00e3o da Mem\u00f3ria e Cultura\">\n\t\t\t\t<i aria-hidden=\"true\" class=\"fas fa-photo-video\"><\/i>\t\t\t\t<\/a>\n\t\t\t<\/div>\n\t\t\t\n\t\t\t\t\t\t<div class=\"elementor-icon-box-content\">\n\n\t\t\t\t\t\t\t\t\t<h3 class=\"elementor-icon-box-title\">\n\t\t\t\t\t\t<a href=\"http:\/\/10.10.1.232\/wordpress\/?page_id=19930\" >\n\t\t\t\t\t\t\tMembros Passados da Comiss\u00e3o de Gest\u00e3o da Mem\u00f3ria e Cultura\t\t\t\t\t\t<\/a>\n\t\t\t\t\t<\/h3>\n\t\t\t\t\n\t\t\t\t\n\t\t\t<\/div>\n\t\t\t\n\t\t<\/div>\n\t\t\t\t\t\t<\/div>\n\t\t\t\t<\/div>\n\t\t\t\t\t<\/div>\n\t\t<\/div>\n\t\t\t\t\t<\/div>\n\t\t<\/section>\n\t\t\t\t<div class=\"elementor-element elementor-element-484cd89 elementor-widget elementor-widget-spacer\" data-id=\"484cd89\" data-element_type=\"widget\" data-e-type=\"widget\" data-widget_type=\"spacer.default\">\n\t\t\t\t<div class=\"elementor-widget-container\">\n\t\t\t\t\t\t\t<div class=\"elementor-spacer\">\n\t\t\t<div class=\"elementor-spacer-inner\"><\/div>\n\t\t<\/div>\n\t\t\t\t\t\t<\/div>\n\t\t\t\t<\/div>\n\t\t\t\t<div class=\"elementor-element elementor-element-61eb1e8 elementor-widget elementor-widget-text-editor\" data-id=\"61eb1e8\" data-element_type=\"widget\" data-e-type=\"widget\" data-widget_type=\"text-editor.default\">\n\t\t\t\t<div class=\"elementor-widget-container\">\n\t\t\t\t\t\t\t\t\t<div class=\"oKdM2c ZZyype Kzv0Me\">\n<div id=\"h.66c3600ef6cd59f1_188\" class=\"hJDwNd-AhqUyc-uQSCkd Ft7HRd-AhqUyc-uQSCkd jXK9ad D2fZ2 zu5uec OjCsFc dmUFtb GNzUNc\">\n<div class=\"jXK9ad-SmKAyb\">\n<div class=\"tyJCtd mGzaTb Depvyb baZpAe\">\n<p dir=\"ltr\">10\/05\/2021<\/p>\n<p class=\"CDt4Ke zfr3Q\" dir=\"ltr\">Em 25 de janeiro de 2021, a Presid\u00eancia do Tribunal Regional Eleitoral de Goi\u00e1s editou a <span class=\" aw5Odc\"><a class=\"XqQF9c\" href=\"https:\/\/apps.tre-go.jus.br\/internet\/legislacao-compilada\/portaria-da-presidencia\/portaria-da-presidencia-202200184.htm\" target=\"_blank\" rel=\"noopener\">Portaria PRES n\u00b0 21<\/a><\/span>, instituindo a primeira Comiss\u00e3o de Gest\u00e3o da Mem\u00f3ria da Justi\u00e7a Eleitoral de Goi\u00e1s, em cumprimento da determina\u00e7\u00e3o contida na <span class=\" aw5Odc\"><a class=\"XqQF9c\" href=\"https:\/\/www.google.com\/url?q=https%3A%2F%2Fatos.cnj.jus.br%2Fatos%2Fdetalhar%2F3376&amp;sa=D&amp;sntz=1&amp;usg=AOvVaw1xcG6uZo9_kQ5syfkVMkdB\" target=\"_blank\" rel=\"noopener\">Resolu\u00e7a\u0303o CNJ n\u00b0 324<\/a><\/span>, de 30 de junho de 2020, do Conselho Nacional de Justi\u00e7a, que define diretrizes e normas de Gest\u00e3o de Mem\u00f3ria e de Gest\u00e3o Documental e disp\u00f5e sobre o Programa Nacional de Gest\u00e3o Documental e Mem\u00f3ria do Poder Judici\u00e1rio \u2013 Proname.<\/p>\n<\/div>\n<p dir=\"ltr\">O Programa de Gest\u00e3o da Mem\u00f3ria da Justi\u00e7a Eleitoral foi institu\u00eddo pela <span class=\" aw5Odc\"><a class=\"XqQF9c\" href=\"https:\/\/www.google.com\/url?q=https%3A%2F%2Fapps.tre-go.jus.br%2Finternet%2Flegislacao-compilada%2Fportaria-da-presidencia%2Fportaria-da-presidencia-202100110.htm&amp;sa=D&amp;sntz=1&amp;usg=AOvVaw3S8bie3pBYZUASylhOZ9p_\" target=\"_blank\" rel=\"noopener\">Portaria PRES n\u00b0 110\/2021<\/a><\/span>.<\/p>\n<div class=\"tyJCtd mGzaTb Depvyb baZpAe\">\n<p class=\"CDt4Ke zfr3Q\" dir=\"ltr\"><span style=\"font-style: inherit; font-weight: inherit;\">Compete \u00e0 Comiss\u00e3o de Gest\u00e3o da Mem\u00f3ria, com o apoio da Coordenadoria de Gest\u00e3o da Informa\u00e7\u00e3o da Secretaria Judici\u00e1ria, por meio de sua Se\u00e7\u00e3o de Biblioteca, Arquivo e Mem\u00f3ria, a coordena\u00e7\u00e3o das atividades do Programa de Gest\u00e3o da Mem\u00f3ria do Tribunal.<\/span><\/p><\/div><div class=\"tyJCtd mGzaTb Depvyb baZpAe\">\n<p class=\"CDt4Ke zfr3Q\" dir=\"ltr\">O Programa de Gest\u00e3o da Mem\u00f3ria, institu\u00eddo no \u00e2mbito da Justi\u00e7a Eleitoral de Goi\u00e1s, tem os seguintes objetivos:<\/p>\n<p class=\"CDt4Ke zfr3Q\" dir=\"ltr\">I \u2013 consolidar a Mem\u00f3ria institucional mediante a realiza\u00e7\u00e3o de invent\u00e1rio dos documentos e das pe\u00e7as de interesse hist\u00f3rico;<\/p>\n<p class=\"CDt4Ke zfr3Q\" dir=\"ltr\">II \u2013 desenvolver o reposit\u00f3rio de Mem\u00f3ria da Justi\u00e7a Eleitoral;<\/p>\n<p class=\"CDt4Ke zfr3Q\" dir=\"ltr\">III \u2013 preservar e divulgar o acervo hist\u00f3rico;<\/p>\n<p class=\"CDt4Ke zfr3Q\" dir=\"ltr\">IV \u2013 fomentar a pesquisa de temas relacionados \u00e0 hist\u00f3ria e \u00e0 evolu\u00e7\u00e3o do Direito Eleitoral e da Justi\u00e7a Eleitoral;<\/p>\n<p class=\"CDt4Ke zfr3Q\" dir=\"ltr\">V \u2013 desenvolver, preservar e disponibilizar cole\u00e7\u00f5es formadoras da hist\u00f3ria da Justi\u00e7a Eleitoral;<\/p>\n<p class=\"CDt4Ke zfr3Q\" dir=\"ltr\">VI \u2013 organizar e promover eventos de ordem cultural, pedag\u00f3gica e educacional como semin\u00e1rios, confer\u00eancias e exposi\u00e7\u00f5es;<\/p>\n<p class=\"CDt4Ke zfr3Q\" dir=\"ltr\">VII \u2013 estabelecer parcerias com outras institui\u00e7\u00f5es da \u00e1rea da mem\u00f3ria e afins para o planejamento e execu\u00e7\u00e3o de suas a\u00e7\u00f5es;<\/p>\n<p class=\"CDt4Ke zfr3Q\" dir=\"ltr\">VIII \u2013 fomentar a interlocu\u00e7\u00e3o e a coopera\u00e7\u00e3o entre as \u00e1reas de Arquivo, Memorial, Biblioteca e Centro de Mem\u00f3ria do Tribunal Regional Eleitoral de Goi\u00e1s.<\/p>\n<p class=\"CDt4Ke zfr3Q\" dir=\"ltr\">A Comiss\u00e3o de Gest\u00e3o da Mem\u00f3ria tem como atribui\u00e7\u00f5es:<\/p>\n<p class=\"CDt4Ke zfr3Q\" dir=\"ltr\">I \u2013 dar apoio \u00e0 coordena\u00e7\u00e3o da pol\u00edtica de Gest\u00e3o da Mem\u00f3ria institucional, de acordo com a Resolu\u00e7\u00e3o CNJ n\u00ba 324\/2020 e em conformidade com os Manuais de Gest\u00e3o da Mem\u00f3ria e Documental do Poder Judici\u00e1rio;<\/p>\n<p class=\"CDt4Ke zfr3Q\" dir=\"ltr\">II \u2013 reunir, organizar, preservar, valorizar e divulgar a Mem\u00f3ria institucional;<\/p>\n<p class=\"CDt4Ke zfr3Q\" dir=\"ltr\">III \u2013 realizar projetos conjuntos com as demais unidades administrativas para a promo\u00e7\u00e3o, de modo colaborativo e interativo, de atividades integradas que privilegiem a preserva\u00e7\u00e3o, pesquisa e divulga\u00e7\u00e3o da hist\u00f3ria da Justi\u00e7a Eleitoral;<\/p>\n<p class=\"CDt4Ke zfr3Q\" dir=\"ltr\">IV \u2013 aprovar crit\u00e9rios de sele\u00e7\u00e3o, organiza\u00e7\u00e3o, preserva\u00e7\u00e3o e exposi\u00e7\u00e3o de objetos, processos, documentos museol\u00f3gicos, arquiv\u00edsticos ou bibliogr\u00e1ficos, e depoimentos que compor\u00e3o o acervo hist\u00f3rico permanente da Mem\u00f3ria da Justi\u00e7a Eleitoral;<\/p>\n<p class=\"CDt4Ke zfr3Q\" dir=\"ltr\">V \u2013 promover interc\u00e2mbio do conhecimento cient\u00edfico e cultural com outras institui\u00e7\u00f5es e programas similares;<\/p>\n<p class=\"CDt4Ke zfr3Q\" dir=\"ltr\">VI \u2013 coordenar a identifica\u00e7\u00e3o e o recebimento de material que compor\u00e1 os acervos f\u00edsico e virtual de preserva\u00e7\u00e3o, bem como a divulga\u00e7\u00e3o de informa\u00e7\u00f5es relativas \u00e0 Mem\u00f3ria institucional;<\/p>\n<p class=\"CDt4Ke zfr3Q\" dir=\"ltr\">VII \u2013 desenvolver projetos para a realiza\u00e7\u00e3o de a\u00e7\u00f5es que visem ao resgate e \u00e0 valoriza\u00e7\u00e3o da Mem\u00f3ria institucional, para a conserva\u00e7\u00e3o, divulga\u00e7\u00e3o e amplia\u00e7\u00e3o do acervo, bem como a coleta de depoimentos que incentivem a preserva\u00e7\u00e3o da mem\u00f3ria oral de seus Magistrados e Servidores;<\/p>\n<p class=\"CDt4Ke zfr3Q\" dir=\"ltr\">VIII \u2013 avaliar e aprovar o plano museol\u00f3gico do Tribunal, como ferramenta b\u00e1sica de planejamento estrat\u00e9gico da unidade de Mem\u00f3ria, a ser desenvolvido por um profissional de museologia no qual conste o ordenamento e a prioriza\u00e7\u00e3o dos objetivos e das a\u00e7\u00f5es da \u00e1rea;<\/p>\n<p class=\"CDt4Ke zfr3Q\" dir=\"ltr\">IX \u2013 propor, organizar e coordenar as atividades para a celebra\u00e7\u00e3o do Dia da Mem\u00f3ria do Poder Judici\u00e1rio, nos termos da Resolu\u00e7\u00e3o CNJ n\u00ba 316\/2020;<\/p>\n<p class=\"CDt4Ke zfr3Q\" dir=\"ltr\">X \u2013 trabalhar em conjunto com a Comiss\u00e3o Permanente de Avalia\u00e7\u00e3o Documental, quando necess\u00e1rio.<\/p>\n<\/div>\n<p dir=\"ltr\">Por meio da <a href=\"https:\/\/apps.tre-go.jus.br\/internet\/legislacao-compilada\/portaria-da-presidencia\/portaria-da-presidencia-202200140.htm\">Portaria PRES n\u00ba 184,<\/a> de 20 de julho de 2022, a Comiss\u00e3o de Gest\u00e3o de Mem\u00f3ria passou a ser denominada de Comiss\u00e3o de Gest\u00e3o de Mem\u00f3ria e Cultura da Justi\u00e7a Eleitoral de Goi\u00e1<\/p>\n<div class=\"tyJCtd mGzaTb Depvyb baZpAe\">\n<p class=\"CDt4Ke zfr3Q\" dir=\"ltr\">\n<\/p><\/div>\n<\/div>\n<\/div>\n<\/div>\t\t\t\t\t\t\t\t<\/div>\n\t\t\t\t<\/div>\n\t\t\t\t<div class=\"elementor-element elementor-element-4c485e6 elementor-widget elementor-widget-text-editor\" data-id=\"4c485e6\" data-element_type=\"widget\" data-e-type=\"widget\" data-widget_type=\"text-editor.default\">\n\t\t\t\t<div class=\"elementor-widget-container\">\n\t\t\t\t\t\t\t\t\t<p>Comiss\u00e3o de Gest\u00e3o da Mem\u00f3ria da Justi\u00e7a Eleitoral de Goi\u00e1s<\/p>\t\t\t\t\t\t\t\t<\/div>\n\t\t\t\t<\/div>\n\t\t\t\t\t<\/div>\n\t\t<\/div>\n\t\t\t\t\t<\/div>\n\t\t<\/section>\n\t\t\t\t<section class=\"elementor-section elementor-top-section elementor-element elementor-element-f0e259f elementor-section-boxed elementor-section-height-default elementor-section-height-default\" data-id=\"f0e259f\" data-element_type=\"section\" data-e-type=\"section\">\n\t\t\t\t\t\t<div class=\"elementor-container elementor-column-gap-default\">\n\t\t\t\t\t<div class=\"elementor-column elementor-col-100 elementor-top-column elementor-element elementor-element-ec8d71f\" data-id=\"ec8d71f\" data-element_type=\"column\" data-e-type=\"column\">\n\t\t\t<div class=\"elementor-widget-wrap elementor-element-populated\">\n\t\t\t\t\t\t<div class=\"elementor-element elementor-element-9fe839e elementor-widget elementor-widget-spacer\" data-id=\"9fe839e\" data-element_type=\"widget\" data-e-type=\"widget\" data-widget_type=\"spacer.default\">\n\t\t\t\t<div class=\"elementor-widget-container\">\n\t\t\t\t\t\t\t<div class=\"elementor-spacer\">\n\t\t\t<div class=\"elementor-spacer-inner\"><\/div>\n\t\t<\/div>\n\t\t\t\t\t\t<\/div>\n\t\t\t\t<\/div>\n\t\t\t\t\t<\/div>\n\t\t<\/div>\n\t\t\t\t\t<\/div>\n\t\t<\/section>\n\t\t\t\t<section class=\"elementor-section elementor-top-section elementor-element elementor-element-aeb68bd elementor-section-boxed elementor-section-height-default elementor-section-height-default\" data-id=\"aeb68bd\" data-element_type=\"section\" data-e-type=\"section\">\n\t\t\t\t\t\t<div class=\"elementor-container elementor-column-gap-default\">\n\t\t\t\t\t<div class=\"elementor-column elementor-col-100 elementor-top-column elementor-element elementor-element-2576807\" data-id=\"2576807\" data-element_type=\"column\" data-e-type=\"column\">\n\t\t\t<div class=\"elementor-widget-wrap\">\n\t\t\t\t\t\t\t<\/div>\n\t\t<\/div>\n\t\t\t\t\t<\/div>\n\t\t<\/section>\n\t\t\t\t<\/div>\n\t\t","protected":false},"excerpt":{"rendered":"<p>Comiss\u00e3o de Gest\u00e3o da Mem\u00f3ria e Cultura Voltar ao menu inicial Integrantes da Comiss\u00e3o Atos de designa\u00e7\u00e3o Membros Passados da Comiss\u00e3o de Gest\u00e3o da Mem\u00f3ria e Cultura 10\/05\/2021 Em 25 de janeiro de 2021, a Presid\u00eancia do Tribunal Regional Eleitoral de Goi\u00e1s editou a Portaria PRES n\u00b0 21, instituindo a primeira Comiss\u00e3o de Gest\u00e3o da [&hellip;]<\/p>\n","protected":false},"author":4,"featured_media":0,"parent":0,"menu_order":0,"comment_status":"closed","ping_status":"closed","template":"","meta":{"site-sidebar-layout":"no-sidebar","site-content-layout":"page-builder","ast-site-content-layout":"default","site-content-style":"default","site-sidebar-style":"default","ast-global-header-display":"","ast-banner-title-visibility":"","ast-main-header-display":"","ast-hfb-above-header-display":"","ast-hfb-below-header-display":"","ast-hfb-mobile-header-display":"","site-post-title":"disabled","ast-breadcrumbs-content":"","ast-featured-img":"disabled","footer-sml-layout":"","ast-disable-related-posts":"","theme-transparent-header-meta":"enabled","adv-header-id-meta":"","stick-header-meta":"","header-above-stick-meta":"","header-main-stick-meta":"","header-below-stick-meta":"","astra-migrate-meta-layouts":"default","ast-page-background-enabled":"default","ast-page-background-meta":{"desktop":{"background-color":"var(--ast-global-color-4)","background-image":"","background-repeat":"repeat","background-position":"center center","background-size":"auto","background-attachment":"scroll","background-type":"","background-media":"","overlay-type":"","overlay-color":"","overlay-opacity":"","overlay-gradient":""},"tablet":{"background-color":"","background-image":"","background-repeat":"repeat","background-position":"center center","background-size":"auto","background-attachment":"scroll","background-type":"","background-media":"","overlay-type":"","overlay-color":"","overlay-opacity":"","overlay-gradient":""},"mobile":{"background-color":"","background-image":"","background-repeat":"repeat","background-position":"center center","background-size":"auto","background-attachment":"scroll","background-type":"","background-media":"","overlay-type":"","overlay-color":"","overlay-opacity":"","overlay-gradient":""}},"ast-content-background-meta":{"desktop":{"background-color":"var(--ast-global-color-5)","background-image":"","background-repeat":"repeat","background-position":"center center","background-size":"auto","background-attachment":"scroll","background-type":"","background-media":"","overlay-type":"","overlay-color":"","overlay-opacity":"","overlay-gradient":""},"tablet":{"background-color":"var(--ast-global-color-5)","background-image":"","background-repeat":"repeat","background-position":"center center","background-size":"auto","background-attachment":"scroll","background-type":"","background-media":"","overlay-type":"","overlay-color":"","overlay-opacity":"","overlay-gradient":""},"mobile":{"background-color":"var(--ast-global-color-5)","background-image":"","background-repeat":"repeat","background-position":"center center","background-size":"auto","background-attachment":"scroll","background-type":"","background-media":"","overlay-type":"","overlay-color":"","overlay-opacity":"","overlay-gradient":""}},"footnotes":""},"class_list":["post-4146","page","type-page","status-publish","hentry"],"_links":{"self":[{"href":"http:\/\/10.10.1.232\/wordpress\/index.php?rest_route=\/wp\/v2\/pages\/4146","targetHints":{"allow":["GET"]}}],"collection":[{"href":"http:\/\/10.10.1.232\/wordpress\/index.php?rest_route=\/wp\/v2\/pages"}],"about":[{"href":"http:\/\/10.10.1.232\/wordpress\/index.php?rest_route=\/wp\/v2\/types\/page"}],"author":[{"embeddable":true,"href":"http:\/\/10.10.1.232\/wordpress\/index.php?rest_route=\/wp\/v2\/users\/4"}],"replies":[{"embeddable":true,"href":"http:\/\/10.10.1.232\/wordpress\/index.php?rest_route=%2Fwp%2Fv2%2Fcomments&post=4146"}],"version-history":[{"count":67,"href":"http:\/\/10.10.1.232\/wordpress\/index.php?rest_route=\/wp\/v2\/pages\/4146\/revisions"}],"predecessor-version":[{"id":23940,"href":"http:\/\/10.10.1.232\/wordpress\/index.php?rest_route=\/wp\/v2\/pages\/4146\/revisions\/23940"}],"wp:attachment":[{"href":"http:\/\/10.10.1.232\/wordpress\/index.php?rest_route=%2Fwp%2Fv2%2Fmedia&parent=4146"}],"curies":[{"name":"wp","href":"https:\/\/api.w.org\/{rel}","templated":true}]}}