{"id":3892,"date":"2022-07-05T16:24:16","date_gmt":"2022-07-05T19:24:16","guid":{"rendered":"http:\/\/10.10.1.232\/wordpress\/?page_id=3892"},"modified":"2024-06-07T12:36:36","modified_gmt":"2024-06-07T15:36:36","slug":"89-anos-da-justica-eleitoral-uma-historia-de-lutas-e-conquistas","status":"publish","type":"page","link":"http:\/\/10.10.1.232\/wordpress\/?page_id=3892","title":{"rendered":"89 anos da Justi\u00e7a Eleitoral: uma hist\u00f3ria de lutas e conquistas"},"content":{"rendered":"\t\t<div data-elementor-type=\"wp-page\" data-elementor-id=\"3892\" class=\"elementor elementor-3892\">\n\t\t\t\t\t\t<section class=\"elementor-section elementor-top-section elementor-element elementor-element-c8ddeb6 elementor-section-height-min-height elementor-section-boxed elementor-section-height-default elementor-section-items-middle\" data-id=\"c8ddeb6\" data-element_type=\"section\" data-settings=\"{&quot;background_background&quot;:&quot;classic&quot;}\">\n\t\t\t\t\t\t\t<div class=\"elementor-background-overlay\"><\/div>\n\t\t\t\t\t\t\t<div class=\"elementor-container elementor-column-gap-default\">\n\t\t\t\t\t<div class=\"elementor-column elementor-col-100 elementor-top-column elementor-element elementor-element-6a5337e\" data-id=\"6a5337e\" data-element_type=\"column\">\n\t\t\t<div class=\"elementor-widget-wrap elementor-element-populated\">\n\t\t\t\t\t\t<div class=\"elementor-element elementor-element-feefb6c elementor-widget elementor-widget-heading\" data-id=\"feefb6c\" data-element_type=\"widget\" data-widget_type=\"heading.default\">\n\t\t\t\t<div class=\"elementor-widget-container\">\n\t\t\t\t\t<h1 class=\"elementor-heading-title elementor-size-default\">89 anos da Justi\u00e7a Eleitoral: uma hist\u00f3ria de lutas e conquistas<\/h1>\t\t\t\t<\/div>\n\t\t\t\t<\/div>\n\t\t\t\t\t<\/div>\n\t\t<\/div>\n\t\t\t\t\t<\/div>\n\t\t<\/section>\n\t\t\t\t<section class=\"elementor-section elementor-top-section elementor-element elementor-element-ae3664b elementor-section-boxed elementor-section-height-default elementor-section-height-default\" data-id=\"ae3664b\" data-element_type=\"section\">\n\t\t\t\t\t\t<div class=\"elementor-container elementor-column-gap-default\">\n\t\t\t\t\t<div class=\"elementor-column elementor-col-100 elementor-top-column elementor-element elementor-element-18ea5ac\" data-id=\"18ea5ac\" data-element_type=\"column\">\n\t\t\t<div class=\"elementor-widget-wrap elementor-element-populated\">\n\t\t\t\t\t\t<div class=\"elementor-element elementor-element-a569c8a elementor-widget elementor-widget-spacer\" data-id=\"a569c8a\" data-element_type=\"widget\" data-widget_type=\"spacer.default\">\n\t\t\t\t<div class=\"elementor-widget-container\">\n\t\t\t\t\t\t\t<div class=\"elementor-spacer\">\n\t\t\t<div class=\"elementor-spacer-inner\"><\/div>\n\t\t<\/div>\n\t\t\t\t\t\t<\/div>\n\t\t\t\t<\/div>\n\t\t\t\t\t<\/div>\n\t\t<\/div>\n\t\t\t\t\t<\/div>\n\t\t<\/section>\n\t\t\t\t<section class=\"elementor-section elementor-top-section elementor-element elementor-element-e4a418e elementor-section-boxed elementor-section-height-default elementor-section-height-default\" data-id=\"e4a418e\" data-element_type=\"section\">\n\t\t\t\t\t\t<div class=\"elementor-container elementor-column-gap-default\">\n\t\t\t\t\t<div class=\"elementor-column elementor-col-100 elementor-top-column elementor-element elementor-element-2305793\" data-id=\"2305793\" data-element_type=\"column\">\n\t\t\t<div class=\"elementor-widget-wrap elementor-element-populated\">\n\t\t\t\t\t\t<div class=\"elementor-element elementor-element-1b596fd elementor-widget elementor-widget-button\" data-id=\"1b596fd\" data-element_type=\"widget\" data-widget_type=\"button.default\">\n\t\t\t\t<div class=\"elementor-widget-container\">\n\t\t\t\t\t\t\t\t\t<div class=\"elementor-button-wrapper\">\n\t\t\t\t\t<a class=\"elementor-button elementor-button-link elementor-size-sm\" href=\"http:\/\/10.10.1.232\/wordpress\/?page_id=11613\">\n\t\t\t\t\t\t<span class=\"elementor-button-content-wrapper\">\n\t\t\t\t\t\t<span class=\"elementor-button-icon\">\n\t\t\t\t<i aria-hidden=\"true\" class=\"fas fa-angle-double-left\"><\/i>\t\t\t<\/span>\n\t\t\t\t\t\t\t\t\t<span class=\"elementor-button-text\">Voltar para Hist\u00f3ria da Justi\u00e7a Eleitoral<\/span>\n\t\t\t\t\t<\/span>\n\t\t\t\t\t<\/a>\n\t\t\t\t<\/div>\n\t\t\t\t\t\t\t\t<\/div>\n\t\t\t\t<\/div>\n\t\t\t\t<div class=\"elementor-element elementor-element-fa48d94 elementor-widget elementor-widget-spacer\" data-id=\"fa48d94\" data-element_type=\"widget\" data-widget_type=\"spacer.default\">\n\t\t\t\t<div class=\"elementor-widget-container\">\n\t\t\t\t\t\t\t<div class=\"elementor-spacer\">\n\t\t\t<div class=\"elementor-spacer-inner\"><\/div>\n\t\t<\/div>\n\t\t\t\t\t\t<\/div>\n\t\t\t\t<\/div>\n\t\t\t\t<div class=\"elementor-element elementor-element-7b4b9d7 elementor-widget elementor-widget-text-editor\" data-id=\"7b4b9d7\" data-element_type=\"widget\" data-widget_type=\"text-editor.default\">\n\t\t\t\t<div class=\"elementor-widget-container\">\n\t\t\t\t\t\t\t\t\t<div class=\"oKdM2c ZZyype Kzv0Me\"><div id=\"h.bab8b4dc4469ba5_1198\" class=\"hJDwNd-AhqUyc-uQSCkd Ft7HRd-AhqUyc-uQSCkd jXK9ad D2fZ2 zu5uec OjCsFc dmUFtb GNzUNc\"><div class=\"jXK9ad-SmKAyb\"><div class=\"tyJCtd mGzaTb Depvyb baZpAe\"><p class=\"CDt4Ke zfr3Q\" dir=\"ltr\">Al\u00e9m do voto secreto e universal, o C\u00f3digo Eleitoral trouxe a previs\u00e3o do voto feminino<\/p><p dir=\"ltr\">\u00a0<\/p><p class=\"CDt4Ke zfr3Q\" dir=\"ltr\">Um processo de vota\u00e7\u00e3o seguro, transparente e feito para todos. A realidade atual s\u00f3 foi poss\u00edvel porque h\u00e1 89 anos nasceu, no dia 24 de fevereiro de 1932, o primeiro C\u00f3digo Eleitoral \u2013 institu\u00eddo pelo Decreto n\u00ba 21.076, consequ\u00eancia direta da luta da sociedade pela fiscaliza\u00e7\u00e3o e pela moderniza\u00e7\u00e3o das elei\u00e7\u00f5es. A data \u00e9 certamente a mais importante para a democracia brasileira.<\/p><p dir=\"ltr\">\u00a0<\/p><p class=\"CDt4Ke zfr3Q\" dir=\"ltr\">O C\u00f3digo Eleitoral de 1932, que criou a Justi\u00e7a Eleitoral, deu in\u00edcio a grandes mudan\u00e7as e transforma\u00e7\u00f5es no Brasil, ampliando o acesso \u00e0s elei\u00e7\u00f5es, antes feita por poucos e para poucos. A norma trouxe importantes conquistas, sendo a mais marcante delas o voto para todas as mulheres, sendo obrigat\u00f3rio apenas para as que exerciam fun\u00e7\u00e3o remunerada.<\/p><p dir=\"ltr\">\u00a0<\/p><p class=\"CDt4Ke zfr3Q\" dir=\"ltr\">\u201cA Justi\u00e7a Eleitoral surgiu, precisamente, para dar integridade ao processo democr\u00e1tico. Cabe a ela alistar os eleitores, organizar a vota\u00e7\u00e3o, apurar os votos, proclamar os eleitos e combater as fraudes\u201d, destacou o presidente do Tribunal Superior Eleitoral (TSE), ministro Lu\u00eds Roberto Barroso.<\/p><p dir=\"ltr\">\u00a0<\/p><p class=\"CDt4Ke zfr3Q\" dir=\"ltr\"><a class=\"XqQF9c rXJpyf\" href=\"https:\/\/www.youtube.com\/watch?v=ufm_xhlkRpo\" target=\"_blank\" rel=\"noopener\">Confira o v\u00eddeo comemorativo com a declara\u00e7\u00e3o do ministro Barroso.<\/a><\/p><p dir=\"ltr\">\u00a0<\/p><p class=\"CDt4Ke zfr3Q\" dir=\"ltr\">Com a consolida\u00e7\u00e3o da participa\u00e7\u00e3o feminina nas elei\u00e7\u00f5es, a mulher passou a conquistar mais espa\u00e7o no cen\u00e1rio pol\u00edtico brasileiro. Atualmente, s\u00e3o 12 senadoras, 77 deputadas federais, 161 deputadas estaduais, uma governadora e 651 prefeitas.<\/p><p dir=\"ltr\">\u00a0<\/p><p class=\"CDt4Ke zfr3Q\" dir=\"ltr\">\u201cAs mulheres s\u00e3o mais de 50% do eleitorado brasileiro. Ainda temos esse d\u00e9ficit quando olhamos para a representatividade na pol\u00edtica. Ter mais mulheres na vida p\u00fablica agrega valor \u00e0 sociedade\u201d, destacou Barroso em <em>live<\/em> sobre o tema, realizada em novembro de 2020.<\/p><p dir=\"ltr\">\u00a0<\/p><p class=\"CDt4Ke zfr3Q\" dir=\"ltr\"><strong>Mais conquistas<\/strong><\/p><p dir=\"ltr\">\u00a0<\/p><p class=\"CDt4Ke zfr3Q\" dir=\"ltr\">O C\u00f3digo Eleitoral de 1932 estabeleceu tamb\u00e9m que qualquer brasileiro com idade m\u00ednima de 21 anos fosse eleitor (sem distin\u00e7\u00e3o de sexo), com exce\u00e7\u00e3o de mendigos, analfabetos e pra\u00e7as, e estipulou o voto secreto determinando que o eleitor se dirigisse para um \u201cgabinete\u201d indevass\u00e1vel na hora da vota\u00e7\u00e3o.<\/p><p dir=\"ltr\">\u00a0<\/p><p class=\"CDt4Ke zfr3Q\" dir=\"ltr\">Instituiu ainda o sistema de representa\u00e7\u00e3o proporcional, em dois turnos simult\u00e2neos, e, de forma revolucion\u00e1ria, j\u00e1 previa o uso de m\u00e1quina de votar, o que s\u00f3 veio a se efetivar na d\u00e9cada de 1990.<\/p><p dir=\"ltr\">\u00a0<\/p><p class=\"CDt4Ke zfr3Q\" dir=\"ltr\">Outro marco da legisla\u00e7\u00e3o foi a cria\u00e7\u00e3o de um Tribunal Superior e dos Tribunais Regionais Eleitorais de cada unidade da Federa\u00e7\u00e3o. Al\u00e9m disso, o C\u00f3digo tamb\u00e9m fez refer\u00eancia aos partidos pol\u00edticos, passou a regular as elei\u00e7\u00f5es federais, estaduais e municipais e atribuiu \u00e0 Justi\u00e7a Eleitoral a responsabilidade de organizar o processo de vota\u00e7\u00e3o.<\/p><p dir=\"ltr\">\u00a0<\/p><p class=\"CDt4Ke zfr3Q\" dir=\"ltr\">O t\u00edtulo de eleitor de 1932 veio com duas inova\u00e7\u00f5es importantes: foi o primeiro a trazer a fotografia e a impress\u00e3o digital do eleitor. Tais dispositivos aumentaram a seguran\u00e7a da Justi\u00e7a Eleitoral quanto a quem estava votando ser realmente o titular do voto.<\/p><p dir=\"ltr\">\u00a0<\/p><p class=\"CDt4Ke zfr3Q\" dir=\"ltr\">Com o passar dos anos, o C\u00f3digo precisou acompanhar a evolu\u00e7\u00e3o da sociedade, adaptando-se \u00e0s mudan\u00e7as, \u00e0s novas tecnologias e \u00e0 realidade de cada \u00e9poca. No entanto, antes de chegar a evolu\u00e7\u00f5es t\u00e3o significativas, a Justi\u00e7a Eleitoral atravessou algumas fases e grandes desafios.<\/p><p dir=\"ltr\">\u00a0<\/p><p class=\"CDt4Ke zfr3Q\" dir=\"ltr\">Para o vice-presidente do TSE, ministro Edson Fachin, o exemplo de dedica\u00e7\u00e3o sempre foi dado pela Justi\u00e7a Eleitoral, e a celebra\u00e7\u00e3o de 24 de fevereiro de 2021 \u00e9 a renova\u00e7\u00e3o deste compromisso permanente de honrar as virtudes democr\u00e1ticas. \u201c\u00c9 preciso, pois, lembrar esta data para que se renove no desejo de todos o prop\u00f3sito de conserv\u00e1-la. E para isso, todos, sem exce\u00e7\u00e3o, devem atuar em regime democr\u00e1tico de prote\u00e7\u00e3o, de alerta, de vig\u00edlia em defesa da democracia e do sistema eleitoral brasileiro. Como escreveu o poeta Jo\u00e3o Cabral de Melo Neto, um galo sozinho n\u00e3o tece uma manh\u00e3. Ele precisar\u00e1 sempre de outros galos\u201d, afirmou ele.<\/p><p dir=\"ltr\">\u00a0<\/p><p class=\"CDt4Ke zfr3Q\" dir=\"ltr\"><strong>Principais Fases da Justi\u00e7a Eleitoral <\/strong><\/p><p dir=\"ltr\">\u00a0<\/p><p class=\"CDt4Ke zfr3Q\" dir=\"ltr\"><strong>1937<\/strong> \u2013 Primeiro veio o Estado Novo, quando Get\u00falio Vargas extinguiu a Justi\u00e7a Eleitoral. A \u201cPolaca\u201d, como ficou conhecida a Constitui\u00e7\u00e3o de 1937, aboliu ainda os partidos pol\u00edticos, suspendeu as elei\u00e7\u00f5es livres e estabeleceu a elei\u00e7\u00e3o indireta para presidente da Rep\u00fablica com mandato de seis anos.<\/p><p dir=\"ltr\">\u00a0<\/p><p class=\"CDt4Ke zfr3Q\" dir=\"ltr\"><strong>1945<\/strong> \u2013 Em seguida, o pr\u00f3prio Vargas editou uma lei respons\u00e1vel por reconstituir a Justi\u00e7a Eleitoral, conhecida como Lei Agamenon, que regulou em todo o pa\u00eds o alistamento eleitoral e as elei\u00e7\u00f5es, introduzindo a exig\u00eancia de organiza\u00e7\u00e3o em bases nacionais para o registro de partidos pol\u00edticos pelo TSE. O Tribunal Superior Eleitoral foi novamente instalado no Rio de Janeiro, onde permaneceu at\u00e9 abril de 1960, quando foi transferido para Bras\u00edlia.<\/p><p dir=\"ltr\">\u00a0<\/p><p class=\"CDt4Ke zfr3Q\" dir=\"ltr\"><strong>1946<\/strong> \u2013 Depois de sua reinstala\u00e7\u00e3o em 1945, a Justi\u00e7a Eleitoral concentrou-se em conscientizar os cidad\u00e3os sobre a import\u00e2ncia e o valor do voto para o aprimoramento da democracia. A nova Constitui\u00e7\u00e3o, promulgada em 1946, consagrou a Justi\u00e7a Eleitoral como um \u00f3rg\u00e3o do Poder Judici\u00e1rio.<\/p><p dir=\"ltr\">\u00a0<\/p><p class=\"CDt4Ke zfr3Q\" dir=\"ltr\"><strong>1950<\/strong> \u2013 A Lei n\u00ba 1.164 dedicou pela primeira vez um cap\u00edtulo para regulamentar a propaganda partid\u00e1ria, al\u00e9m de prever a\u00e7\u00f5es para evitar fraudes, como a cria\u00e7\u00e3o de uma c\u00e9dula \u00fanica de vota\u00e7\u00e3o, e ainda manteve o eleitor na mesma se\u00e7\u00e3o eleitoral.<\/p><p dir=\"ltr\">\u00a0<\/p><p class=\"CDt4Ke zfr3Q\" dir=\"ltr\"><strong>1955<\/strong> \u2013 A Lei n\u00ba 2.582 instituiu a c\u00e9dula \u00fanica de vota\u00e7\u00e3o para as elei\u00e7\u00f5es de presidente e vice-presidente da Rep\u00fablica. At\u00e9 1950, as c\u00e9dulas eleitorais eram impressas e distribu\u00eddas pelos pr\u00f3prios candidatos.<\/p><p dir=\"ltr\">\u00a0<\/p><p class=\"CDt4Ke zfr3Q\" dir=\"ltr\"><strong>1962<\/strong> \u2013 A Lei n\u00ba 4.109 criou a c\u00e9dula oficial para todas as elei\u00e7\u00f5es. Atualmente, em conformidade com o C\u00f3digo Eleitoral vigente (Lei n\u00ba 4.737\/1965), as c\u00e9dulas eleitorais s\u00e3o confeccionadas e distribu\u00eddas, exclusivamente, pela Justi\u00e7a Eleitoral.<\/p><p dir=\"ltr\">\u00a0<\/p><p class=\"CDt4Ke zfr3Q\" dir=\"ltr\"><strong>1965<\/strong> \u2013 O novo C\u00f3digo Eleitoral foi editado e est\u00e1 em vigor at\u00e9 hoje. O atual c\u00f3digo possui 383 artigos, mais que o dobro do que o primeiro, que tinha 144.<\/p><p dir=\"ltr\">\u00a0<\/p><p class=\"CDt4Ke zfr3Q\" dir=\"ltr\"><strong>De 1964 a 1985<\/strong> \u2013 O Brasil viveu sob o regime militar. O per\u00edodo foi marcado por uma sucess\u00e3o de atos institucionais, por meio dos quais o regime conduziu o processo eleitoral. Durante esse per\u00edodo, houve mudan\u00e7as constantes, com altera\u00e7\u00e3o da dura\u00e7\u00e3o dos mandatos e institui\u00e7\u00e3o de elei\u00e7\u00f5es indiretas para presidente da Rep\u00fablica, governadores e prefeitos de cidades consideradas estrat\u00e9gicas.<\/p><p dir=\"ltr\">\u00a0<\/p><p class=\"CDt4Ke zfr3Q\" dir=\"ltr\"><strong>1985<\/strong> \u2013 Com o in\u00edcio da redemocratiza\u00e7\u00e3o do pa\u00eds, come\u00e7ou uma nova fase na hist\u00f3ria da Justi\u00e7a Eleitoral. A Emenda Constitucional n\u00ba 25\/1985 restabeleceu elei\u00e7\u00f5es diretas para presidente e vice-presidente da Rep\u00fablica.<\/p><p class=\"CDt4Ke zfr3Q\" dir=\"ltr\">\u00a0<\/p><p class=\"CDt4Ke zfr3Q\" dir=\"ltr\"><strong>Avan\u00e7os<\/strong><\/p><p dir=\"ltr\">\u00a0<\/p><p class=\"CDt4Ke zfr3Q\" dir=\"ltr\">De meados da d\u00e9cada de 1980 para c\u00e1, a Justi\u00e7a Eleitoral teve muitos avan\u00e7os. Com a promulga\u00e7\u00e3o da Emenda Constitucional n\u00ba 25, os analfabetos recuperaram o direito de votar, por\u00e9m em car\u00e1ter facultativo. Outro avan\u00e7o foi a cria\u00e7\u00e3o do Cadastro Nacional de Eleitores, em 1986. Com ele, o registro das informa\u00e7\u00f5es eleitorais dos cidad\u00e3os deixou de ser feito em papel pelos estados e foi unificado.<\/p><p dir=\"ltr\">\u00a0<\/p><p class=\"CDt4Ke zfr3Q\" dir=\"ltr\">Promulgada em 1988, a Constitui\u00e7\u00e3o Cidad\u00e3 estabeleceu a elei\u00e7\u00e3o direta para os cargos de presidente, governador, prefeito, senador, deputado e vereador. Instituiu ainda o referendo e o plebiscito como formas de participa\u00e7\u00e3o popular. A nova Constitui\u00e7\u00e3o tamb\u00e9m confirmou o alistamento e o voto facultativos para os analfabetos e estabeleceu o mesmo tipo de inscri\u00e7\u00e3o eleitoral e voto para os jovens de 16 e 17 anos e para os idosos com mais de 70 anos.<\/p><p dir=\"ltr\">\u00a0<\/p><p class=\"CDt4Ke zfr3Q\" dir=\"ltr\"><strong>Voto eletr\u00f4nico e biometria<\/strong><\/p><p dir=\"ltr\">\u00a0<\/p><p class=\"CDt4Ke zfr3Q\" dir=\"ltr\">Ao implantar gradualmente a urna eletr\u00f4nica a partir das Elei\u00e7\u00f5es Municipais de 1996, o TSE teve como meta eliminar a interven\u00e7\u00e3o humana no processo eleitoral, tanto durante a vota\u00e7\u00e3o quanto durante a apura\u00e7\u00e3o dos resultados, impedindo qualquer interfer\u00eancia na vontade do eleitor. Nas Elei\u00e7\u00f5es de 2000, todos os eleitores j\u00e1 votavam por meio da urna eletr\u00f4nica. Terminava ali a era do voto por c\u00e9dulas de papel.<\/p><p dir=\"ltr\">\u00a0<\/p><p class=\"CDt4Ke zfr3Q\" dir=\"ltr\">A partir de 2008, a Justi\u00e7a Eleitoral come\u00e7ou a se preparar para dois novos desafios: a implanta\u00e7\u00e3o do cadastramento biom\u00e9trico dos eleitores, que identifica o votante pelas impress\u00f5es digitais, aumentando ainda mais a seguran\u00e7a do voto; e a utiliza\u00e7\u00e3o de sat\u00e9lites em locais distantes para a transmiss\u00e3o cada vez mais r\u00e1pida dos resultados das elei\u00e7\u00f5es.<\/p><p dir=\"ltr\">\u00a0<\/p><p class=\"CDt4Ke zfr3Q\" dir=\"ltr\">\u201cTemos um dos mais avan\u00e7ados e seguros sistemas de vota\u00e7\u00e3o do mundo com identifica\u00e7\u00e3o biom\u00e9trica do eleitor e urnas eletr\u00f4nicas audit\u00e1veis, que permitem a divulga\u00e7\u00e3o dos resultados no mesmo dia, apesar de termos quase 150 milh\u00f5es de eleitores\u201d, disse Barroso.<\/p><p dir=\"ltr\">\u00a0<\/p><p class=\"CDt4Ke zfr3Q\" dir=\"ltr\">Apesar dos desafios, desde que foi criada, em 1932, a Justi\u00e7a Eleitoral segue firme com o seu compromisso com a democracia, com o Brasil e com o eleitor. \u201cN\u00f3s somos o Tribunal da democracia e continuaremos a ser\u201d, refor\u00e7ou o presidente do TSE.<\/p><\/div><\/div><\/div><\/div>\t\t\t\t\t\t\t\t<\/div>\n\t\t\t\t<\/div>\n\t\t\t\t<div class=\"elementor-element elementor-element-d923f7d elementor-widget elementor-widget-text-editor\" data-id=\"d923f7d\" data-element_type=\"widget\" data-widget_type=\"text-editor.default\">\n\t\t\t\t<div class=\"elementor-widget-container\">\n\t\t\t\t\t\t\t\t\t<p><small id=\"h.83q4filkhq2z\" class=\"CDt4Ke zfr3Q TMjjoe\" dir=\"ltr\">Assessoria de Imprensa e Comunica\u00e7\u00e3o Social do Tribunal Superior Eleitoral<\/small><\/p>\t\t\t\t\t\t\t\t<\/div>\n\t\t\t\t<\/div>\n\t\t\t\t\t<\/div>\n\t\t<\/div>\n\t\t\t\t\t<\/div>\n\t\t<\/section>\n\t\t\t\t<section class=\"elementor-section elementor-top-section elementor-element elementor-element-f0e259f elementor-section-boxed elementor-section-height-default elementor-section-height-default\" data-id=\"f0e259f\" data-element_type=\"section\">\n\t\t\t\t\t\t<div class=\"elementor-container elementor-column-gap-default\">\n\t\t\t\t\t<div class=\"elementor-column elementor-col-100 elementor-top-column elementor-element elementor-element-ec8d71f\" data-id=\"ec8d71f\" data-element_type=\"column\">\n\t\t\t<div class=\"elementor-widget-wrap elementor-element-populated\">\n\t\t\t\t\t\t<div class=\"elementor-element elementor-element-9fe839e elementor-widget elementor-widget-spacer\" data-id=\"9fe839e\" data-element_type=\"widget\" data-widget_type=\"spacer.default\">\n\t\t\t\t<div class=\"elementor-widget-container\">\n\t\t\t\t\t\t\t<div class=\"elementor-spacer\">\n\t\t\t<div class=\"elementor-spacer-inner\"><\/div>\n\t\t<\/div>\n\t\t\t\t\t\t<\/div>\n\t\t\t\t<\/div>\n\t\t\t\t\t<\/div>\n\t\t<\/div>\n\t\t\t\t\t<\/div>\n\t\t<\/section>\n\t\t\t\t<section class=\"elementor-section elementor-top-section elementor-element elementor-element-aeb68bd elementor-section-boxed elementor-section-height-default elementor-section-height-default\" data-id=\"aeb68bd\" data-element_type=\"section\">\n\t\t\t\t\t\t<div class=\"elementor-container elementor-column-gap-default\">\n\t\t\t\t\t<div class=\"elementor-column elementor-col-100 elementor-top-column elementor-element elementor-element-2576807\" data-id=\"2576807\" data-element_type=\"column\">\n\t\t\t<div class=\"elementor-widget-wrap\">\n\t\t\t\t\t\t\t<\/div>\n\t\t<\/div>\n\t\t\t\t\t<\/div>\n\t\t<\/section>\n\t\t\t\t<\/div>\n\t\t","protected":false},"excerpt":{"rendered":"<p>89 anos da Justi\u00e7a Eleitoral: uma hist\u00f3ria de lutas e conquistas Voltar para Hist\u00f3ria da Justi\u00e7a Eleitoral Al\u00e9m do voto secreto e universal, o C\u00f3digo Eleitoral trouxe a previs\u00e3o do voto feminino \u00a0 Um processo de vota\u00e7\u00e3o seguro, transparente e feito para todos. A realidade atual s\u00f3 foi poss\u00edvel porque h\u00e1 89 anos nasceu, no [&hellip;]<\/p>\n","protected":false},"author":4,"featured_media":0,"parent":0,"menu_order":0,"comment_status":"closed","ping_status":"closed","template":"","meta":{"site-sidebar-layout":"no-sidebar","site-content-layout":"page-builder","ast-site-content-layout":"default","site-content-style":"default","site-sidebar-style":"default","ast-global-header-display":"","ast-banner-title-visibility":"","ast-main-header-display":"","ast-hfb-above-header-display":"","ast-hfb-below-header-display":"","ast-hfb-mobile-header-display":"","site-post-title":"disabled","ast-breadcrumbs-content":"","ast-featured-img":"disabled","footer-sml-layout":"","theme-transparent-header-meta":"enabled","adv-header-id-meta":"","stick-header-meta":"","header-above-stick-meta":"","header-main-stick-meta":"","header-below-stick-meta":"","astra-migrate-meta-layouts":"default","ast-page-background-enabled":"default","ast-page-background-meta":{"desktop":{"background-color":"var(--ast-global-color-4)","background-image":"","background-repeat":"repeat","background-position":"center center","background-size":"auto","background-attachment":"scroll","background-type":"","background-media":"","overlay-type":"","overlay-color":"","overlay-opacity":"","overlay-gradient":""},"tablet":{"background-color":"","background-image":"","background-repeat":"repeat","background-position":"center center","background-size":"auto","background-attachment":"scroll","background-type":"","background-media":"","overlay-type":"","overlay-color":"","overlay-opacity":"","overlay-gradient":""},"mobile":{"background-color":"","background-image":"","background-repeat":"repeat","background-position":"center center","background-size":"auto","background-attachment":"scroll","background-type":"","background-media":"","overlay-type":"","overlay-color":"","overlay-opacity":"","overlay-gradient":""}},"ast-content-background-meta":{"desktop":{"background-color":"var(--ast-global-color-5)","background-image":"","background-repeat":"repeat","background-position":"center center","background-size":"auto","background-attachment":"scroll","background-type":"","background-media":"","overlay-type":"","overlay-color":"","overlay-opacity":"","overlay-gradient":""},"tablet":{"background-color":"var(--ast-global-color-5)","background-image":"","background-repeat":"repeat","background-position":"center center","background-size":"auto","background-attachment":"scroll","background-type":"","background-media":"","overlay-type":"","overlay-color":"","overlay-opacity":"","overlay-gradient":""},"mobile":{"background-color":"var(--ast-global-color-5)","background-image":"","background-repeat":"repeat","background-position":"center center","background-size":"auto","background-attachment":"scroll","background-type":"","background-media":"","overlay-type":"","overlay-color":"","overlay-opacity":"","overlay-gradient":""}},"footnotes":""},"class_list":["post-3892","page","type-page","status-publish","hentry"],"_links":{"self":[{"href":"http:\/\/10.10.1.232\/wordpress\/index.php?rest_route=\/wp\/v2\/pages\/3892","targetHints":{"allow":["GET"]}}],"collection":[{"href":"http:\/\/10.10.1.232\/wordpress\/index.php?rest_route=\/wp\/v2\/pages"}],"about":[{"href":"http:\/\/10.10.1.232\/wordpress\/index.php?rest_route=\/wp\/v2\/types\/page"}],"author":[{"embeddable":true,"href":"http:\/\/10.10.1.232\/wordpress\/index.php?rest_route=\/wp\/v2\/users\/4"}],"replies":[{"embeddable":true,"href":"http:\/\/10.10.1.232\/wordpress\/index.php?rest_route=%2Fwp%2Fv2%2Fcomments&post=3892"}],"version-history":[{"count":57,"href":"http:\/\/10.10.1.232\/wordpress\/index.php?rest_route=\/wp\/v2\/pages\/3892\/revisions"}],"predecessor-version":[{"id":20738,"href":"http:\/\/10.10.1.232\/wordpress\/index.php?rest_route=\/wp\/v2\/pages\/3892\/revisions\/20738"}],"wp:attachment":[{"href":"http:\/\/10.10.1.232\/wordpress\/index.php?rest_route=%2Fwp%2Fv2%2Fmedia&parent=3892"}],"curies":[{"name":"wp","href":"https:\/\/api.w.org\/{rel}","templated":true}]}}