{"id":3060,"date":"2022-06-22T14:55:54","date_gmt":"2022-06-22T17:55:54","guid":{"rendered":"http:\/\/10.10.1.232\/wordpress\/?page_id=3060"},"modified":"2025-01-09T16:15:41","modified_gmt":"2025-01-09T19:15:41","slug":"central-de-atendimento-ao-eleitor","status":"publish","type":"page","link":"http:\/\/10.10.1.232\/wordpress\/?page_id=3060","title":{"rendered":"Central de Atendimento ao Eleitor"},"content":{"rendered":"\t\t<div data-elementor-type=\"wp-page\" data-elementor-id=\"3060\" class=\"elementor elementor-3060\">\n\t\t\t\t\t\t<section class=\"elementor-section elementor-top-section elementor-element elementor-element-c8ddeb6 elementor-section-height-min-height elementor-section-boxed elementor-section-height-default elementor-section-items-middle\" data-id=\"c8ddeb6\" data-element_type=\"section\" data-e-type=\"section\" data-settings=\"{&quot;background_background&quot;:&quot;classic&quot;}\">\n\t\t\t\t\t\t\t<div class=\"elementor-background-overlay\"><\/div>\n\t\t\t\t\t\t\t<div class=\"elementor-container elementor-column-gap-default\">\n\t\t\t\t\t<div class=\"elementor-column elementor-col-100 elementor-top-column elementor-element elementor-element-6a5337e\" data-id=\"6a5337e\" data-element_type=\"column\" data-e-type=\"column\">\n\t\t\t<div class=\"elementor-widget-wrap elementor-element-populated\">\n\t\t\t\t\t\t<div class=\"elementor-element elementor-element-feefb6c elementor-widget elementor-widget-heading\" data-id=\"feefb6c\" data-element_type=\"widget\" data-e-type=\"widget\" data-widget_type=\"heading.default\">\n\t\t\t\t<div class=\"elementor-widget-container\">\n\t\t\t\t\t<h1 class=\"elementor-heading-title elementor-size-default\">Central de Atendimento ao Eleitor de Goi\u00e2nia<\/h1>\t\t\t\t<\/div>\n\t\t\t\t<\/div>\n\t\t\t\t\t<\/div>\n\t\t<\/div>\n\t\t\t\t\t<\/div>\n\t\t<\/section>\n\t\t\t\t<section class=\"elementor-section elementor-top-section elementor-element elementor-element-ae3664b elementor-section-boxed elementor-section-height-default elementor-section-height-default\" data-id=\"ae3664b\" data-element_type=\"section\" data-e-type=\"section\">\n\t\t\t\t\t\t<div class=\"elementor-container elementor-column-gap-default\">\n\t\t\t\t\t<div class=\"elementor-column elementor-col-100 elementor-top-column elementor-element elementor-element-18ea5ac\" data-id=\"18ea5ac\" data-element_type=\"column\" data-e-type=\"column\">\n\t\t\t<div class=\"elementor-widget-wrap elementor-element-populated\">\n\t\t\t\t\t\t<div class=\"elementor-element elementor-element-a569c8a elementor-widget elementor-widget-spacer\" data-id=\"a569c8a\" data-element_type=\"widget\" data-e-type=\"widget\" data-widget_type=\"spacer.default\">\n\t\t\t\t<div class=\"elementor-widget-container\">\n\t\t\t\t\t\t\t<div class=\"elementor-spacer\">\n\t\t\t<div class=\"elementor-spacer-inner\"><\/div>\n\t\t<\/div>\n\t\t\t\t\t\t<\/div>\n\t\t\t\t<\/div>\n\t\t\t\t<div class=\"elementor-element elementor-element-0bcc854 elementor-widget elementor-widget-button\" data-id=\"0bcc854\" data-element_type=\"widget\" data-e-type=\"widget\" data-widget_type=\"button.default\">\n\t\t\t\t<div class=\"elementor-widget-container\">\n\t\t\t\t\t\t\t\t\t<div class=\"elementor-button-wrapper\">\n\t\t\t\t\t<a class=\"elementor-button elementor-button-link elementor-size-sm\" href=\"http:\/\/10.10.1.232\/wordpress\/?page_id=1769\">\n\t\t\t\t\t\t<span class=\"elementor-button-content-wrapper\">\n\t\t\t\t\t\t<span class=\"elementor-button-icon\">\n\t\t\t\t<i aria-hidden=\"true\" class=\"fas fa-angle-double-left\"><\/i>\t\t\t<\/span>\n\t\t\t\t\t\t\t\t\t<span class=\"elementor-button-text\">Voltar para Dados Hist\u00f3ricos<\/span>\n\t\t\t\t\t<\/span>\n\t\t\t\t\t<\/a>\n\t\t\t\t<\/div>\n\t\t\t\t\t\t\t\t<\/div>\n\t\t\t\t<\/div>\n\t\t\t\t\t<\/div>\n\t\t<\/div>\n\t\t\t\t\t<\/div>\n\t\t<\/section>\n\t\t\t\t<section class=\"elementor-section elementor-top-section elementor-element elementor-element-e4a418e elementor-section-boxed elementor-section-height-default elementor-section-height-default\" data-id=\"e4a418e\" data-element_type=\"section\" data-e-type=\"section\">\n\t\t\t\t\t\t<div class=\"elementor-container elementor-column-gap-default\">\n\t\t\t\t\t<div class=\"elementor-column elementor-col-50 elementor-top-column elementor-element elementor-element-dc50665\" data-id=\"dc50665\" data-element_type=\"column\" data-e-type=\"column\">\n\t\t\t<div class=\"elementor-widget-wrap\">\n\t\t\t\t\t\t\t<\/div>\n\t\t<\/div>\n\t\t\t\t<div class=\"elementor-column elementor-col-25 elementor-top-column elementor-element elementor-element-4d3779c\" data-id=\"4d3779c\" data-element_type=\"column\" data-e-type=\"column\">\n\t\t\t<div class=\"elementor-widget-wrap\">\n\t\t\t\t\t\t\t<\/div>\n\t\t<\/div>\n\t\t\t\t<div class=\"elementor-column elementor-col-25 elementor-top-column elementor-element elementor-element-2305793\" data-id=\"2305793\" data-element_type=\"column\" data-e-type=\"column\">\n\t\t\t<div class=\"elementor-widget-wrap elementor-element-populated\">\n\t\t\t\t\t\t<section class=\"elementor-section elementor-inner-section elementor-element elementor-element-0c3a728 elementor-section-boxed elementor-section-height-default elementor-section-height-default\" data-id=\"0c3a728\" data-element_type=\"section\" data-e-type=\"section\">\n\t\t\t\t\t\t<div class=\"elementor-container elementor-column-gap-default\">\n\t\t\t\t\t<div class=\"elementor-column elementor-col-100 elementor-inner-column elementor-element elementor-element-46ddf78\" data-id=\"46ddf78\" data-element_type=\"column\" data-e-type=\"column\">\n\t\t\t<div class=\"elementor-widget-wrap elementor-element-populated\">\n\t\t\t\t\t\t<div class=\"elementor-element elementor-element-f18b434 elementor-widget elementor-widget-heading\" data-id=\"f18b434\" data-element_type=\"widget\" data-e-type=\"widget\" data-widget_type=\"heading.default\">\n\t\t\t\t<div class=\"elementor-widget-container\">\n\t\t\t\t\t<h2 class=\"elementor-heading-title elementor-size-default\">Presidente do TRE-GO inaugura novas instala\u00e7\u00f5es da Justi\u00e7a Eleitoral goiana<\/h2>\t\t\t\t<\/div>\n\t\t\t\t<\/div>\n\t\t\t\t<div class=\"elementor-element elementor-element-5f1e823 elementor-widget elementor-widget-image\" data-id=\"5f1e823\" data-element_type=\"widget\" data-e-type=\"widget\" data-widget_type=\"image.default\">\n\t\t\t\t<div class=\"elementor-widget-container\">\n\t\t\t\t\t\t\t\t\t\t\t\t<figure class=\"wp-caption\">\n\t\t\t\t\t\t\t\t\t\t<img fetchpriority=\"high\" decoding=\"async\" width=\"758\" height=\"409\" src=\"http:\/\/10.10.1.232\/wordpress\/wp-content\/uploads\/2022\/10\/Presidente-do-TRE-GO-inaugura-novas-instalacoes-da-Justica-Eleitoral-goiana.jpeg\" class=\"attachment-large size-large wp-image-17634\" alt=\"\" \/>\t\t\t\t\t\t\t\t\t\t\t<figcaption class=\"widget-image-caption wp-caption-text\">Central de Atendimento ao Eleitor funcionar\u00e1 no edif\u00edcio Ialba-Luza<\/figcaption>\n\t\t\t\t\t\t\t\t\t\t<\/figure>\n\t\t\t\t\t\t\t\t\t<\/div>\n\t\t\t\t<\/div>\n\t\t\t\t<div class=\"elementor-element elementor-element-28c5f91 elementor-widget elementor-widget-spacer\" data-id=\"28c5f91\" data-element_type=\"widget\" data-e-type=\"widget\" data-widget_type=\"spacer.default\">\n\t\t\t\t<div class=\"elementor-widget-container\">\n\t\t\t\t\t\t\t<div class=\"elementor-spacer\">\n\t\t\t<div class=\"elementor-spacer-inner\"><\/div>\n\t\t<\/div>\n\t\t\t\t\t\t<\/div>\n\t\t\t\t<\/div>\n\t\t\t\t\t<\/div>\n\t\t<\/div>\n\t\t\t\t\t<\/div>\n\t\t<\/section>\n\t\t\t\t<div class=\"elementor-element elementor-element-44acaa6 elementor-widget elementor-widget-text-editor\" data-id=\"44acaa6\" data-element_type=\"widget\" data-e-type=\"widget\" data-widget_type=\"text-editor.default\">\n\t\t\t\t<div class=\"elementor-widget-container\">\n\t\t\t\t\t\t\t\t\t<p>O Presidente do Tribunal Regional Eleitoral de Goi\u00e1s (TRE-GO), Desembargador Leandro Crispim, inaugurou, nesta quarta-feira (6), as novas instala\u00e7\u00f5es da Justi\u00e7a Eleitoral goiana no edif\u00edcio Ialba-Luza, situado na esquina da Avenida T-1 com a Orestes Ribeiro (antiga T-52), no Setor Bueno, espa\u00e7o onde funcionavam anteriormente algumas unidades do Tribunal Regional Eleitoral do Trabalho da 18\u00aa Regi\u00e3o (TRT-18).<\/p><p>\u00a0<\/p><p>Em seu pronunciamento durante a solenidade, o Presidente Leandro Crispim destacou que a conquista se traduz em avan\u00e7o para a Justi\u00e7a Eleitoral, oportunizado pela in\u00e9dita parceria com a Justi\u00e7a do Trabalho: \u201cEstamos diante de momento hist\u00f3rico e \u00edmpar no Estado de Goi\u00e1s, no qual da uni\u00e3o destas duas Justi\u00e7as Especializadas sobressaiu a criatividade e a coopera\u00e7\u00e3o na gest\u00e3o da coisa p\u00fablica, convergindo todos na busca pela economia, pela efici\u00eancia e pelo zelo ao interesse p\u00fablico\u201d. De acordo com o Desembargador, \u201co Anexo III do Tribunal Regional Eleitoral de Goi\u00e1s chega em grande ocasi\u00e3o, quando celebramos o anivers\u00e1rio de 90 anos de exist\u00eancia desse ramo especializado de Justi\u00e7a, que nasceu disposta a olhar para o futuro, imbu\u00edda da fun\u00e7\u00e3o maior de consolidar o regime democr\u00e1tico, posto que lhe cabe assegurar o direito ao voto e tamb\u00e9m fornecer seguran\u00e7a durante o processo eleitoral, garantindo uma elei\u00e7\u00e3o h\u00edgida e leg\u00edtima\u201d.<\/p><p>\u00a0<\/p><p>O Presidente do TRE-GO reiterou seus agradecimentos ao Presidente do TRT da 18\u00aa Regi\u00e3o e \u00e0s equipes envolvidas nesse projeto: \u201cEssa conquista n\u00e3o seria poss\u00edvel sem a atua\u00e7\u00e3o precisa e eficiente da Secretaria de Administra\u00e7\u00e3o e Or\u00e7amento, juntamente com a Coordenadoria de Engenharia e Infraestrutura, aqui representadas pelos titulares Giselle Castro e Fl\u00e1vio Queiroz, respectivamente. Em raz\u00e3o disso, externo aqui minha satisfa\u00e7\u00e3o com as a\u00e7\u00f5es executadas pelas diversas unidades do Tribunal, e ainda com o apoio incondicional dos Diretores-Gerais do TRE e TRT, Wilson Gamboge J\u00fanior e \u00c1lvaro Celso, respectivamente, os quais conduziram suas equipes para que a celebra\u00e7\u00e3o do acordo de coopera\u00e7\u00e3o e a entrega deste espa\u00e7o se desse em tempo recorde.\u201d<\/p><p>\u00a0<\/p><p>Ao concluir seu discurso, o Desembargador Crispim declarou ainda considerar \u201ccumprida a miss\u00e3o de reestruturar a Justi\u00e7a Eleitoral de 1\u00ba grau, deixando \u00e0 posteridade essa grande conquista, como marca acalentadora de uma conturbada \u00e9poca, e como testemunha de que s\u00e3o impar\u00e1veis os que juntos caminham buscando a excel\u00eancia em seus encargos.\u201d<\/p><p>\u00a0<\/p><p>O Desembargador Daniel Viana J\u00fanior, Presidente do TRT-18\u00aa Regi\u00e3o, iniciou seu pronunciamento contextualizando historicamente a constru\u00e7\u00e3o do Ialba-Luza e a posterior amplia\u00e7\u00e3o e moderniza\u00e7\u00e3o do Complexo Trabalhista: \u201capesar da beleza e funcionalidade, perceberam-se que as circunst\u00e2ncias do cen\u00e1rio atual &#8211; resultado de uma s\u00e9rie de fatores supervenientes \u00e0 concep\u00e7\u00e3o do Complexo, em especial o processo eletr\u00f4nico e o trabalho remoto &#8211; somaram-se para redundar em uma inc\u00f4moda equa\u00e7\u00e3o, qual seja: excesso de espa\u00e7o e escassez de recursos or\u00e7ament\u00e1rios\u201d, ponderou. Na oportunidade, explicou que a \u00fanica forma de honrar o glorioso nome do edif\u00edcio Ialba-Luza seria ced\u00ea-lo para que outro \u00f3rg\u00e3o p\u00fablico pudesse dele fazer um bom uso. \u201cEra preciso encontrar um parceiro \u00e0 altura dos nossos anseios. E qual n\u00e3o foi a nossa surpresa, quando, antes mesmo de iniciarmos a procura, este parceiro ideal veio at\u00e9 n\u00f3s: a Justi\u00e7a Eleitoral, cuja miss\u00e3o se equipara, em nobreza e em import\u00e2ncia social, \u00e0 desta Justi\u00e7a do Trabalho\u201d, asseverou o Desembargador Viana J\u00fanior, agradecendo ainda a todos que tornaram poss\u00edvel essa iniciativa e desejando boas-vindas e prof\u00edcua parceria entre os Tribunais.<\/p><p>\u00a0<\/p><p>O Juiz Wild Afonso Ogawa, Diretor do Foro Eleitoral, cumprimentou os Presidentes do TRE-GO e TRT-18\u00a0 que, \u201cao acertarem a cess\u00e3o de quase cinco mil metros quadrados para a Justi\u00e7a Eleitoral, face acordo de coopera\u00e7\u00e3o t\u00e9cnica, exemplificaram aos \u00f3rg\u00e3os p\u00fablicos solu\u00e7\u00f5es compartilhadas, marco administrativo, hist\u00f3ria em curso\u201d. Na oportunidade, enumerou avan\u00e7os estrat\u00e9gicos e operacionais na gest\u00e3o do Desembargador Leandro Crispim, registrando ser \u201c voz corrente no Tribunal Eleitoral de Goi\u00e1s que a administra\u00e7\u00e3o de nosso Presidente \u00e9 de avan\u00e7o de dez anos em dois \u201d.<\/p><p>\u00a0<\/p><p>Al\u00e9m dos Presidentes do TRE-GO e TRT-18 e do Diretor do Foro, compuseram a mesa de honra da solenidade o Desembargador Zacarias Neves Coelho, Vice-Presidente do Tribunal de Justi\u00e7a do Estado de Goi\u00e1s; o Desembargador Itaney Francisco Campos, Presidente eleito para o bi\u00eanio 2022\/2024 do Tribunal Regional Eleitoral de Goi\u00e1s; os Desembargadores do TRT-18, Elv\u00e9cio Moura dos Santos e Paulo Pimenta; os Ju\u00edzes-Membros do TRE-GO: Jos\u00e9 Proto de Oliveira, M\u00e1rcio Ant\u00f4nio de Sousa Moraes J\u00fanior, Vicente Lopes da Rocha J\u00fanior, Jeronymo Pedro Villas Boas, Adenir Teixeira Peres J\u00fanior\u00a0 e Mark Yshida Brand\u00e3o;\u00a0 a Representante da Ordem dos Advogados no Brasil em Goi\u00e1s, a advogada Talita Hayasaki; Fernando Rossetto, Presidente da Amatra18 e o Procurador da Assembleia Legislativa do estado de Goi\u00e1s, Daniel Boaventura Fran\u00e7a.<\/p><p>\u00a0<\/p><p>Presenciaram a inaugura\u00e7\u00e3o o Juiz Luciano Crispim, do TRT-18; o Juiz Cl\u00e1udio Henrique de Ara\u00fajo Castro, da 134\u00aa Zona Eleitoral ; o Juiz Fernando de Mello, da 135\u00aa Zona Eleitoral; o Juiz Lourival Machado da Costa, da 1\u00aa Zona Eleitoral;\u00a0 o Juiz Paulo C\u00e9sar Alves das Neves, da 2\u00aa Zona Eleitoral; o Juiz P\u00e9ricles Di Montezuma Castro Moura, do Tribunal de Justi\u00e7a do estado de Goi\u00e1s; o advogado e ex-Juiz-Membro do TRE-GO, Luciano Hanna; o Diretor-Geral do TRT-18, \u00c1lvaro Celso Bonfim; o Diretor-Geral do TRE-GO, Wilson Gamboge; os Secret\u00e1rios do TRE-GO Fernanda Lucas, Frank Wendell, Giselle Castro, Juliana Saddi, Leonardo Sapi\u00eancia, Loiri Schwingel, Pedro Azzi e Sandra Fleury; os\u00a0\u00a0 Coordenadores: Adenir Jos\u00e9 de Sousa, \u00a0Ana Claudia da Mota, Christine Resplande, Cl\u00e1udia Mikael, Fl\u00e1via Dayrell, Fl\u00e1vio Queiroz, Ilana Murici, Jos\u00e9 Carlos da Silva, Leonardo Alex, Maur\u00edcio Simpl\u00edcio, Milena Jorge e Tha\u00eds Cedro;\u00a0 os Chefes de Cart\u00f3rios das nove Zonas Eleitorais de Goi\u00e2nia: Abelardo Ferreira, Ant\u00f4nio M\u00e1rcio Gon\u00e7alves, Breno Augusto Prado, Cleudio Marques, Danielli Prado, Ednilson Crispim, Erivane Fermanian, Let\u00edcia Bernardes e Marcus Vinnicius Cintra.<\/p><p>\u00a0<\/p><p>Prestigiaram ainda a solenidade Maria Santana Crispim, m\u00e3e do Presidente Leandro Crispim, assim como sua esposa Luciene Camargo e seus irm\u00e3os Maria Virg\u00ednia Santana Crispim e Ricardo Santana Crispim.<\/p><p>\u00a0<\/p><h5><b> Anexo III <\/b><\/h5><p>No Ialba-Luza funcionar\u00e3o, a partir do dia 7 de abril, a Central de Atendimento ao Eleitor, as nove Zonas Eleitorais de Goi\u00e2nia, a Escola Judici\u00e1ria Eleitoral de Goi\u00e1s, a Ouvidoria Regional Eleitoral, o Servi\u00e7o de Aten\u00e7\u00e3o \u00e0 Sa\u00fade e algumas \u00e1reas ligadas funcionalmente \u00e0\u00a0Presid\u00eancia, como a Secretaria de Auditoria Interna e a Assessoria de Contas Eleitorais e Partid\u00e1rias.<\/p><p>\u00a0<\/p><p>A cess\u00e3o do espa\u00e7o de quase cinco mil metros quadrados para a Justi\u00e7a Eleitoral ocorreu por meio do Acordo de Coopera\u00e7\u00e3o T\u00e9cnica com o Tribunal Regional do Trabalho da 18\u00aa Regi\u00e3o, mediante m\u00f3dica assun\u00e7\u00e3o dos custos de manuten\u00e7\u00e3o da edifica\u00e7\u00e3o. A medida representa uma economia em gastos com aluguel superior a um milh\u00e3o de reais e \u00e9 um exemplo de como os \u00f3rg\u00e3os p\u00fablicos podem otimizar seus espa\u00e7os e buscar solu\u00e7\u00f5es compartilhadas para o bem p\u00fablico comum.<\/p><p>\u00a0<\/p><p>O atendimento online da\u00a0 Justi\u00e7a Eleitoral disponibiliza diversos servi\u00e7os para o cidad\u00e3o por meio do <a href=\"https:\/\/www.tre-go.jus.br\/eleitor\/atendimento-remoto\/index-atendimento-eleitor\"> Titulo Net <\/a> . Demandas como alistamento, transfer\u00eancia, regulariza\u00e7\u00e3o e revis\u00e3o do t\u00edtulo eleitoral podem ser sanadas remotamente.<\/p>\t\t\t\t\t\t\t\t<\/div>\n\t\t\t\t<\/div>\n\t\t\t\t<div class=\"elementor-element elementor-element-5a242b5 elementor-arrows-position-inside elementor-pagination-position-outside elementor-widget elementor-widget-image-carousel\" data-id=\"5a242b5\" data-element_type=\"widget\" data-e-type=\"widget\" data-settings=\"{&quot;slides_to_show&quot;:&quot;1&quot;,&quot;navigation&quot;:&quot;both&quot;,&quot;autoplay&quot;:&quot;yes&quot;,&quot;pause_on_hover&quot;:&quot;yes&quot;,&quot;pause_on_interaction&quot;:&quot;yes&quot;,&quot;autoplay_speed&quot;:5000,&quot;infinite&quot;:&quot;yes&quot;,&quot;effect&quot;:&quot;slide&quot;,&quot;speed&quot;:500}\" data-widget_type=\"image-carousel.default\">\n\t\t\t\t<div class=\"elementor-widget-container\">\n\t\t\t\t\t\t\t<div class=\"elementor-image-carousel-wrapper swiper\" role=\"region\" aria-roledescription=\"carousel\" aria-label=\"Carrossel de imagens\" dir=\"ltr\">\n\t\t\t<div class=\"elementor-image-carousel swiper-wrapper\" aria-live=\"off\">\n\t\t\t\t\t\t\t\t<div class=\"swiper-slide\" role=\"group\" aria-roledescription=\"slide\" aria-label=\"1 de 4\"><figure class=\"swiper-slide-inner\"><img decoding=\"async\" class=\"swiper-slide-image\" src=\"http:\/\/10.10.1.232\/wordpress\/wp-content\/uploads\/2022\/10\/IMG_0285.jpg\" alt=\"IMG_0285\" \/><\/figure><\/div><div class=\"swiper-slide\" role=\"group\" aria-roledescription=\"slide\" aria-label=\"2 de 4\"><figure class=\"swiper-slide-inner\"><img decoding=\"async\" class=\"swiper-slide-image\" src=\"http:\/\/10.10.1.232\/wordpress\/wp-content\/uploads\/2022\/10\/IMG_0313.jpg\" alt=\"IMG_0313\" \/><\/figure><\/div><div class=\"swiper-slide\" role=\"group\" aria-roledescription=\"slide\" aria-label=\"3 de 4\"><figure class=\"swiper-slide-inner\"><img decoding=\"async\" class=\"swiper-slide-image\" src=\"http:\/\/10.10.1.232\/wordpress\/wp-content\/uploads\/2022\/10\/IMG_0317.jpg\" alt=\"IMG_0317\" \/><\/figure><\/div><div class=\"swiper-slide\" role=\"group\" aria-roledescription=\"slide\" aria-label=\"4 de 4\"><figure class=\"swiper-slide-inner\"><img decoding=\"async\" class=\"swiper-slide-image\" src=\"http:\/\/10.10.1.232\/wordpress\/wp-content\/uploads\/2022\/10\/IMG_0320.jpg\" alt=\"IMG_0320\" \/><\/figure><\/div>\t\t\t<\/div>\n\t\t\t\t\t\t\t\t\t\t\t\t<div class=\"elementor-swiper-button elementor-swiper-button-prev\" role=\"button\" tabindex=\"0\">\n\t\t\t\t\t\t<i aria-hidden=\"true\" class=\"eicon-chevron-left\"><\/i>\t\t\t\t\t<\/div>\n\t\t\t\t\t<div class=\"elementor-swiper-button elementor-swiper-button-next\" role=\"button\" tabindex=\"0\">\n\t\t\t\t\t\t<i aria-hidden=\"true\" class=\"eicon-chevron-right\"><\/i>\t\t\t\t\t<\/div>\n\t\t\t\t\n\t\t\t\t\t\t\t\t\t<div class=\"swiper-pagination\"><\/div>\n\t\t\t\t\t\t\t\t\t<\/div>\n\t\t\t\t\t\t<\/div>\n\t\t\t\t<\/div>\n\t\t\t\t<div class=\"elementor-element elementor-element-638809f elementor-widget elementor-widget-spacer\" data-id=\"638809f\" data-element_type=\"widget\" data-e-type=\"widget\" data-widget_type=\"spacer.default\">\n\t\t\t\t<div class=\"elementor-widget-container\">\n\t\t\t\t\t\t\t<div class=\"elementor-spacer\">\n\t\t\t<div class=\"elementor-spacer-inner\"><\/div>\n\t\t<\/div>\n\t\t\t\t\t\t<\/div>\n\t\t\t\t<\/div>\n\t\t\t\t<div class=\"elementor-element elementor-element-55df1e0 elementor-widget elementor-widget-text-editor\" data-id=\"55df1e0\" data-element_type=\"widget\" data-e-type=\"widget\" data-widget_type=\"text-editor.default\">\n\t\t\t\t<div class=\"elementor-widget-container\">\n\t\t\t\t\t\t\t\t\t<p style=\"text-align: right;\">Assessoria de Imprensa e Comunica\u00e7\u00e3o Social<\/p>\t\t\t\t\t\t\t\t<\/div>\n\t\t\t\t<\/div>\n\t\t\t\t\t<\/div>\n\t\t<\/div>\n\t\t\t\t\t<\/div>\n\t\t<\/section>\n\t\t\t\t<section class=\"elementor-section elementor-top-section elementor-element elementor-element-f0e259f elementor-section-boxed elementor-section-height-default elementor-section-height-default\" data-id=\"f0e259f\" data-element_type=\"section\" data-e-type=\"section\">\n\t\t\t\t\t\t<div class=\"elementor-container elementor-column-gap-default\">\n\t\t\t\t\t<div class=\"elementor-column elementor-col-100 elementor-top-column elementor-element elementor-element-ec8d71f\" data-id=\"ec8d71f\" data-element_type=\"column\" data-e-type=\"column\">\n\t\t\t<div class=\"elementor-widget-wrap elementor-element-populated\">\n\t\t\t\t\t\t<div class=\"elementor-element elementor-element-9fe839e elementor-widget elementor-widget-spacer\" data-id=\"9fe839e\" data-element_type=\"widget\" data-e-type=\"widget\" data-widget_type=\"spacer.default\">\n\t\t\t\t<div class=\"elementor-widget-container\">\n\t\t\t\t\t\t\t<div class=\"elementor-spacer\">\n\t\t\t<div class=\"elementor-spacer-inner\"><\/div>\n\t\t<\/div>\n\t\t\t\t\t\t<\/div>\n\t\t\t\t<\/div>\n\t\t\t\t\t<\/div>\n\t\t<\/div>\n\t\t\t\t\t<\/div>\n\t\t<\/section>\n\t\t\t\t<section class=\"elementor-section elementor-top-section elementor-element elementor-element-c1e94f2 elementor-section-boxed elementor-section-height-default elementor-section-height-default\" data-id=\"c1e94f2\" data-element_type=\"section\" data-e-type=\"section\">\n\t\t\t\t\t\t<div class=\"elementor-container elementor-column-gap-default\">\n\t\t\t\t\t<div class=\"elementor-column elementor-col-100 elementor-top-column elementor-element elementor-element-3df73fe\" data-id=\"3df73fe\" data-element_type=\"column\" data-e-type=\"column\">\n\t\t\t<div class=\"elementor-widget-wrap\">\n\t\t\t\t\t\t\t<\/div>\n\t\t<\/div>\n\t\t\t\t\t<\/div>\n\t\t<\/section>\n\t\t\t\t<\/div>\n\t\t","protected":false},"excerpt":{"rendered":"<p>Central de Atendimento ao Eleitor de Goi\u00e2nia Voltar para Dados Hist\u00f3ricos Presidente do TRE-GO inaugura novas instala\u00e7\u00f5es da Justi\u00e7a Eleitoral goiana Central de Atendimento ao Eleitor funcionar\u00e1 no edif\u00edcio Ialba-Luza O Presidente do Tribunal Regional Eleitoral de Goi\u00e1s (TRE-GO), Desembargador Leandro Crispim, inaugurou, nesta quarta-feira (6), as novas instala\u00e7\u00f5es da Justi\u00e7a Eleitoral goiana no edif\u00edcio [&hellip;]<\/p>\n","protected":false},"author":4,"featured_media":0,"parent":0,"menu_order":0,"comment_status":"closed","ping_status":"closed","template":"","meta":{"site-sidebar-layout":"no-sidebar","site-content-layout":"page-builder","ast-site-content-layout":"default","site-content-style":"default","site-sidebar-style":"default","ast-global-header-display":"","ast-banner-title-visibility":"","ast-main-header-display":"","ast-hfb-above-header-display":"","ast-hfb-below-header-display":"","ast-hfb-mobile-header-display":"","site-post-title":"disabled","ast-breadcrumbs-content":"","ast-featured-img":"disabled","footer-sml-layout":"","ast-disable-related-posts":"","theme-transparent-header-meta":"enabled","adv-header-id-meta":"","stick-header-meta":"","header-above-stick-meta":"","header-main-stick-meta":"","header-below-stick-meta":"","astra-migrate-meta-layouts":"default","ast-page-background-enabled":"default","ast-page-background-meta":{"desktop":{"background-color":"var(--ast-global-color-4)","background-image":"","background-repeat":"repeat","background-position":"center center","background-size":"auto","background-attachment":"scroll","background-type":"","background-media":"","overlay-type":"","overlay-color":"","overlay-opacity":"","overlay-gradient":""},"tablet":{"background-color":"","background-image":"","background-repeat":"repeat","background-position":"center center","background-size":"auto","background-attachment":"scroll","background-type":"","background-media":"","overlay-type":"","overlay-color":"","overlay-opacity":"","overlay-gradient":""},"mobile":{"background-color":"","background-image":"","background-repeat":"repeat","background-position":"center center","background-size":"auto","background-attachment":"scroll","background-type":"","background-media":"","overlay-type":"","overlay-color":"","overlay-opacity":"","overlay-gradient":""}},"ast-content-background-meta":{"desktop":{"background-color":"var(--ast-global-color-5)","background-image":"","background-repeat":"repeat","background-position":"center center","background-size":"auto","background-attachment":"scroll","background-type":"","background-media":"","overlay-type":"","overlay-color":"","overlay-opacity":"","overlay-gradient":""},"tablet":{"background-color":"var(--ast-global-color-5)","background-image":"","background-repeat":"repeat","background-position":"center center","background-size":"auto","background-attachment":"scroll","background-type":"","background-media":"","overlay-type":"","overlay-color":"","overlay-opacity":"","overlay-gradient":""},"mobile":{"background-color":"var(--ast-global-color-5)","background-image":"","background-repeat":"repeat","background-position":"center center","background-size":"auto","background-attachment":"scroll","background-type":"","background-media":"","overlay-type":"","overlay-color":"","overlay-opacity":"","overlay-gradient":""}},"footnotes":""},"class_list":["post-3060","page","type-page","status-publish","hentry"],"_links":{"self":[{"href":"http:\/\/10.10.1.232\/wordpress\/index.php?rest_route=\/wp\/v2\/pages\/3060","targetHints":{"allow":["GET"]}}],"collection":[{"href":"http:\/\/10.10.1.232\/wordpress\/index.php?rest_route=\/wp\/v2\/pages"}],"about":[{"href":"http:\/\/10.10.1.232\/wordpress\/index.php?rest_route=\/wp\/v2\/types\/page"}],"author":[{"embeddable":true,"href":"http:\/\/10.10.1.232\/wordpress\/index.php?rest_route=\/wp\/v2\/users\/4"}],"replies":[{"embeddable":true,"href":"http:\/\/10.10.1.232\/wordpress\/index.php?rest_route=%2Fwp%2Fv2%2Fcomments&post=3060"}],"version-history":[{"count":76,"href":"http:\/\/10.10.1.232\/wordpress\/index.php?rest_route=\/wp\/v2\/pages\/3060\/revisions"}],"predecessor-version":[{"id":21590,"href":"http:\/\/10.10.1.232\/wordpress\/index.php?rest_route=\/wp\/v2\/pages\/3060\/revisions\/21590"}],"wp:attachment":[{"href":"http:\/\/10.10.1.232\/wordpress\/index.php?rest_route=%2Fwp%2Fv2%2Fmedia&parent=3060"}],"curies":[{"name":"wp","href":"https:\/\/api.w.org\/{rel}","templated":true}]}}