{"id":2751,"date":"2022-06-20T17:59:49","date_gmt":"2022-06-20T20:59:49","guid":{"rendered":"http:\/\/10.10.1.232\/wordpress\/?page_id=2751"},"modified":"2025-01-09T16:14:35","modified_gmt":"2025-01-09T19:14:35","slug":"anexo-ii","status":"publish","type":"page","link":"http:\/\/10.10.1.232\/wordpress\/?page_id=2751","title":{"rendered":"Anexo II"},"content":{"rendered":"\t\t<div data-elementor-type=\"wp-page\" data-elementor-id=\"2751\" class=\"elementor elementor-2751\">\n\t\t\t\t\t\t<section class=\"elementor-section elementor-top-section elementor-element elementor-element-c8ddeb6 elementor-section-height-min-height elementor-section-boxed elementor-section-height-default elementor-section-items-middle\" data-id=\"c8ddeb6\" data-element_type=\"section\" data-e-type=\"section\" data-settings=\"{&quot;background_background&quot;:&quot;classic&quot;}\">\n\t\t\t\t\t\t\t<div class=\"elementor-background-overlay\"><\/div>\n\t\t\t\t\t\t\t<div class=\"elementor-container elementor-column-gap-default\">\n\t\t\t\t\t<div class=\"elementor-column elementor-col-100 elementor-top-column elementor-element elementor-element-6a5337e\" data-id=\"6a5337e\" data-element_type=\"column\" data-e-type=\"column\">\n\t\t\t<div class=\"elementor-widget-wrap elementor-element-populated\">\n\t\t\t\t\t\t<div class=\"elementor-element elementor-element-feefb6c elementor-widget elementor-widget-heading\" data-id=\"feefb6c\" data-element_type=\"widget\" data-e-type=\"widget\" data-widget_type=\"heading.default\">\n\t\t\t\t<div class=\"elementor-widget-container\">\n\t\t\t\t\t<h1 class=\"elementor-heading-title elementor-size-default\">Anexo II<\/h1>\t\t\t\t<\/div>\n\t\t\t\t<\/div>\n\t\t\t\t\t<\/div>\n\t\t<\/div>\n\t\t\t\t\t<\/div>\n\t\t<\/section>\n\t\t\t\t<section class=\"elementor-section elementor-top-section elementor-element elementor-element-29323fc elementor-section-boxed elementor-section-height-default elementor-section-height-default\" data-id=\"29323fc\" data-element_type=\"section\" data-e-type=\"section\">\n\t\t\t\t\t\t<div class=\"elementor-container elementor-column-gap-default\">\n\t\t\t\t\t<div class=\"elementor-column elementor-col-100 elementor-top-column elementor-element elementor-element-cd05bd5\" data-id=\"cd05bd5\" data-element_type=\"column\" data-e-type=\"column\">\n\t\t\t<div class=\"elementor-widget-wrap elementor-element-populated\">\n\t\t\t\t\t\t<div class=\"elementor-element elementor-element-9d1701a elementor-widget elementor-widget-spacer\" data-id=\"9d1701a\" data-element_type=\"widget\" data-e-type=\"widget\" data-widget_type=\"spacer.default\">\n\t\t\t\t<div class=\"elementor-widget-container\">\n\t\t\t\t\t\t\t<div class=\"elementor-spacer\">\n\t\t\t<div class=\"elementor-spacer-inner\"><\/div>\n\t\t<\/div>\n\t\t\t\t\t\t<\/div>\n\t\t\t\t<\/div>\n\t\t\t\t<div class=\"elementor-element elementor-element-638e7d9 elementor-widget elementor-widget-button\" data-id=\"638e7d9\" data-element_type=\"widget\" data-e-type=\"widget\" data-widget_type=\"button.default\">\n\t\t\t\t<div class=\"elementor-widget-container\">\n\t\t\t\t\t\t\t\t\t<div class=\"elementor-button-wrapper\">\n\t\t\t\t\t<a class=\"elementor-button elementor-button-link elementor-size-sm\" href=\"http:\/\/10.10.1.232\/wordpress\/?page_id=1769\">\n\t\t\t\t\t\t<span class=\"elementor-button-content-wrapper\">\n\t\t\t\t\t\t<span class=\"elementor-button-icon\">\n\t\t\t\t<i aria-hidden=\"true\" class=\"fas fa-angle-double-left\"><\/i>\t\t\t<\/span>\n\t\t\t\t\t\t\t\t\t<span class=\"elementor-button-text\">Voltar para Dados Hist\u00f3ricos<\/span>\n\t\t\t\t\t<\/span>\n\t\t\t\t\t<\/a>\n\t\t\t\t<\/div>\n\t\t\t\t\t\t\t\t<\/div>\n\t\t\t\t<\/div>\n\t\t\t\t\t<\/div>\n\t\t<\/div>\n\t\t\t\t\t<\/div>\n\t\t<\/section>\n\t\t\t\t<section class=\"elementor-section elementor-top-section elementor-element elementor-element-e4a418e elementor-section-boxed elementor-section-height-default elementor-section-height-default\" data-id=\"e4a418e\" data-element_type=\"section\" data-e-type=\"section\">\n\t\t\t\t\t\t<div class=\"elementor-container elementor-column-gap-default\">\n\t\t\t\t\t<div class=\"elementor-column elementor-col-50 elementor-top-column elementor-element elementor-element-dc50665\" data-id=\"dc50665\" data-element_type=\"column\" data-e-type=\"column\">\n\t\t\t<div class=\"elementor-widget-wrap\">\n\t\t\t\t\t\t\t<\/div>\n\t\t<\/div>\n\t\t\t\t<div class=\"elementor-column elementor-col-25 elementor-top-column elementor-element elementor-element-4d3779c\" data-id=\"4d3779c\" data-element_type=\"column\" data-e-type=\"column\">\n\t\t\t<div class=\"elementor-widget-wrap\">\n\t\t\t\t\t\t\t<\/div>\n\t\t<\/div>\n\t\t\t\t<div class=\"elementor-column elementor-col-25 elementor-top-column elementor-element elementor-element-2305793\" data-id=\"2305793\" data-element_type=\"column\" data-e-type=\"column\">\n\t\t\t<div class=\"elementor-widget-wrap elementor-element-populated\">\n\t\t\t\t\t\t<section class=\"elementor-section elementor-inner-section elementor-element elementor-element-fc048c4 elementor-section-boxed elementor-section-height-default elementor-section-height-default\" data-id=\"fc048c4\" data-element_type=\"section\" data-e-type=\"section\">\n\t\t\t\t\t\t<div class=\"elementor-container elementor-column-gap-default\">\n\t\t\t\t\t<div class=\"elementor-column elementor-col-50 elementor-inner-column elementor-element elementor-element-46ddf78\" data-id=\"46ddf78\" data-element_type=\"column\" data-e-type=\"column\" data-settings=\"{&quot;background_background&quot;:&quot;classic&quot;}\">\n\t\t\t<div class=\"elementor-widget-wrap elementor-element-populated\">\n\t\t\t\t\t<div class=\"elementor-background-overlay\"><\/div>\n\t\t\t\t\t\t<div class=\"elementor-element elementor-element-8e6986c elementor-view-stacked elementor-shape-circle elementor-position-block-start elementor-mobile-position-block-start elementor-widget elementor-widget-icon-box\" data-id=\"8e6986c\" data-element_type=\"widget\" data-e-type=\"widget\" data-widget_type=\"icon-box.default\">\n\t\t\t\t<div class=\"elementor-widget-container\">\n\t\t\t\t\t\t\t<div class=\"elementor-icon-box-wrapper\">\n\n\t\t\t\t\t\t<div class=\"elementor-icon-box-icon\">\n\t\t\t\t<a href=\"http:\/\/10.10.1.232\/wordpress\/?page_id=2918\" class=\"elementor-icon\" tabindex=\"-1\" aria-label=\"Documentos\">\n\t\t\t\t<i aria-hidden=\"true\" class=\"far fa-folder-open\"><\/i>\t\t\t\t<\/a>\n\t\t\t<\/div>\n\t\t\t\n\t\t\t\t\t\t<div class=\"elementor-icon-box-content\">\n\n\t\t\t\t\t\t\t\t\t<h3 class=\"elementor-icon-box-title\">\n\t\t\t\t\t\t<a href=\"http:\/\/10.10.1.232\/wordpress\/?page_id=2918\" >\n\t\t\t\t\t\t\tDocumentos\t\t\t\t\t\t<\/a>\n\t\t\t\t\t<\/h3>\n\t\t\t\t\n\t\t\t\t\n\t\t\t<\/div>\n\t\t\t\n\t\t<\/div>\n\t\t\t\t\t\t<\/div>\n\t\t\t\t<\/div>\n\t\t\t\t\t<\/div>\n\t\t<\/div>\n\t\t\t\t<div class=\"elementor-column elementor-col-50 elementor-inner-column elementor-element elementor-element-b1460d1\" data-id=\"b1460d1\" data-element_type=\"column\" data-e-type=\"column\">\n\t\t\t<div class=\"elementor-widget-wrap elementor-element-populated\">\n\t\t\t\t\t\t<div class=\"elementor-element elementor-element-bd8f63c elementor-view-stacked elementor-shape-circle elementor-position-block-start elementor-mobile-position-block-start elementor-widget elementor-widget-icon-box\" data-id=\"bd8f63c\" data-element_type=\"widget\" data-e-type=\"widget\" data-widget_type=\"icon-box.default\">\n\t\t\t\t<div class=\"elementor-widget-container\">\n\t\t\t\t\t\t\t<div class=\"elementor-icon-box-wrapper\">\n\n\t\t\t\t\t\t<div class=\"elementor-icon-box-icon\">\n\t\t\t\t<a href=\"http:\/\/10.10.1.232\/wordpress\/?page_id=2924\" class=\"elementor-icon\" tabindex=\"-1\" aria-label=\"Fotografias\">\n\t\t\t\t<i aria-hidden=\"true\" class=\"fas fa-camera\"><\/i>\t\t\t\t<\/a>\n\t\t\t<\/div>\n\t\t\t\n\t\t\t\t\t\t<div class=\"elementor-icon-box-content\">\n\n\t\t\t\t\t\t\t\t\t<h3 class=\"elementor-icon-box-title\">\n\t\t\t\t\t\t<a href=\"http:\/\/10.10.1.232\/wordpress\/?page_id=2924\" >\n\t\t\t\t\t\t\tFotografias\t\t\t\t\t\t<\/a>\n\t\t\t\t\t<\/h3>\n\t\t\t\t\n\t\t\t\t\n\t\t\t<\/div>\n\t\t\t\n\t\t<\/div>\n\t\t\t\t\t\t<\/div>\n\t\t\t\t<\/div>\n\t\t\t\t\t<\/div>\n\t\t<\/div>\n\t\t\t\t\t<\/div>\n\t\t<\/section>\n\t\t\t\t<div class=\"elementor-element elementor-element-2049605 elementor-widget elementor-widget-spacer\" data-id=\"2049605\" data-element_type=\"widget\" data-e-type=\"widget\" data-widget_type=\"spacer.default\">\n\t\t\t\t<div class=\"elementor-widget-container\">\n\t\t\t\t\t\t\t<div class=\"elementor-spacer\">\n\t\t\t<div class=\"elementor-spacer-inner\"><\/div>\n\t\t<\/div>\n\t\t\t\t\t\t<\/div>\n\t\t\t\t<\/div>\n\t\t\t\t<div class=\"elementor-element elementor-element-8d11ba7 elementor-widget elementor-widget-text-editor\" data-id=\"8d11ba7\" data-element_type=\"widget\" data-e-type=\"widget\" data-widget_type=\"text-editor.default\">\n\t\t\t\t<div class=\"elementor-widget-container\">\n\t\t\t\t\t\t\t\t\t<p>10\/05\/2021<\/p><p>\u00a0<\/p><p>O Desembargador Edif\u00edcio Messias de Souza Costa \u2013 Anexo II, comp\u00f5e juntamente com o Edif\u00edcio Sede, Anexo I e os Cart\u00f3rios Eleitorais, a estrutura f\u00edsica do Tribunal Regional Eleitoral de Goi\u00e1s, em Goi\u00e2nia. O pr\u00e9dio foi concebido para abrigo priorit\u00e1rio das \u00e1reas de dep\u00f3sito e manuten\u00e7\u00e3o de urnas, almoxarifado, arquivo permanente e unidades administrativas correlatas.<\/p><p>\u00a0<\/p><p>Os espa\u00e7os de armazenagem localizavam-se, inicialmente, em dep\u00f3sito localizado no Setor Norte Ferrovi\u00e1rio; condi\u00e7\u00e3o que gerava limita\u00e7\u00f5es de acesso \u00e0s instala\u00e7\u00f5es e mobilidade entre demais unidades do Tribunal. Por conseq\u00fc\u00eancia, surgiu a demanda de constru\u00e7\u00e3o de \u00e1rea que abrigasse os ambientes citados, motivando a elabora\u00e7\u00e3o de projetos e sele\u00e7\u00e3o de empresa especializada para execu\u00e7\u00e3o da obra.<\/p><p>\u00a0<\/p><p>Situado na Rua 25 A, esquina com Rua 17 A, no Setor Aeroporto, o Anexo II, denomina\u00e7\u00e3o usual entre servidores, disp\u00f5e de uma \u00e1rea constru\u00edda de 2.243,50 metros quadrados, implantados em lote de 6.171,47 metros quadrados.<\/p><p>\u00a0<\/p><p>O projeto arquitet\u00f4nico \u00e9 de autoria da arquiteta Let\u00edcia Marques de Castro a qual adotou um partido arquitet\u00f4nico de volumetria \u00fanica, associado \u00e0 \u00e1rea de abrigo para ve\u00edculos, com cobertura em estrutura met\u00e1lica que se contrap\u00f5e a rigidez do bloco principal. O pr\u00e9dio possui p\u00e9 direito triplo, nas \u00e1reas de armazenagem, permitindo a amplia\u00e7\u00e3o da capacidade de guarda de urnas e materiais de consumo.<\/p><p>\u00a0<\/p><p>O programa de necessidades inicialmente englobava: espa\u00e7os de arquivo judicial e administrativo, almoxarifado, dep\u00f3sito de urnas, sala de testes e manuten\u00e7\u00e3o de urnas, duas salas de treinamento para cursos de curta dura\u00e7\u00e3o, ambientes da Escola Judici\u00e1ria e da Se\u00e7\u00e3o de Obras e Projetos, salas administrativas vinculadas aos espa\u00e7os de guarda de materiais, espa\u00e7o para ve\u00edculos oficiais de maior porte (caminh\u00f5es), al\u00e9m de \u00e1reas de apoio (copa, recep\u00e7\u00e3o, sanit\u00e1rios, \u00e1reas de conviv\u00eancia) e \u00e1reas t\u00e9cnicas (sala de baterias, salas de equipamentos).<\/p><p>\u00a0<\/p><p>Os respons\u00e1veis t\u00e9cnicos pelos projetos complementares foram os engenheiros Cristina Silva, autora do projeto de instala\u00e7\u00f5es el\u00e9tricas, telefonia e dados, Marcelus Isaac, respons\u00e1vel pelo dimensionamento das instala\u00e7\u00f5es hidr\u00e1ulicas e de preven\u00e7\u00e3o e combate a inc\u00eandio, Eduardo Albernaz, pela concep\u00e7\u00e3o e c\u00e1lculo estrutural, e Luiz Henrique Otto, autor das instala\u00e7\u00f5es de ar condicionado. Os projetistas faziam parte da equipe t\u00e9cnica do Consenso Engenharia, Servi\u00e7os e Obras Ltda, contratada pelo Tribunal para planejamento da edifica\u00e7\u00e3o.<\/p><p>\u00a0<\/p><p>As obras de constru\u00e7\u00e3o do edif\u00edcio tiveram in\u00edcio em 2007, sendo os trabalhos conduzidos pela Mape Constru\u00e7\u00f5es Ltda, e inaugurado em abril de 2009, na gest\u00e3o da Desembargadora Beatriz Figueiredo Franco. Na ocasi\u00e3o, o pr\u00e9dio atendia \u00e0s necessidades das atividades desenvolvidas e de funcionalidade, assim como contemplava os crit\u00e9rios de acessibilidade, conforme norma t\u00e9cnica em vigor.<\/p><p>\u00a0<\/p><p>Ao longo dos anos, o im\u00f3vel passou por ajustes quanto ao uso, requerendo o remanejamento de unidades administrativas \u2013 unidades do setor de inform\u00e1tica e diretamente ligadas \u00e0 manuten\u00e7\u00e3o de urnas &#8211; e amplia\u00e7\u00e3o de determinados ambientes. Para tanto, em 2016, foi ampliado o espa\u00e7o de armazenagem de urnas de modo a concentrar a guarda dos equipamentos de todo o Estado. Foram utilizados porta &#8211; pallets os quais ocuparam o espa\u00e7o vertical (p\u00e9-direito) previsto originalmente, al\u00e9m de executada a revis\u00e3o do layout da sala de manuten\u00e7\u00e3o de urnas.<\/p><p>\u00a0<\/p><p>Em 2017, foi constru\u00edda guarita ao lado do acesso de ve\u00edculos, a fim de permitir melhor controle de acesso e seguran\u00e7a da edifica\u00e7\u00e3o. Em 2019, houve a amplia\u00e7\u00e3o dos espa\u00e7os de arquivo, das salas administrativas, adequa\u00e7\u00e3o da recep\u00e7\u00e3o e de \u00e1reas externas. Os projetos das altera\u00e7\u00f5es da proposta original, executadas ap\u00f3s ocupa\u00e7\u00e3o do pr\u00e9dio, foram desenvolvidos pela equipe t\u00e9cnica do Tribunal. As interven\u00e7\u00f5es n\u00e3o implicaram em acr\u00e9scimo de \u00e1rea constru\u00edda, mantendo-se a configura\u00e7\u00e3o de fachadas, volumetria e \u00e1rea de ocupa\u00e7\u00e3o do im\u00f3vel.<\/p><p><small id=\"h.6llcvyv0o862\" class=\"CDt4Ke zfr3Q TMjjoe\" dir=\"ltr\" style=\"display: block; text-align: right;\">\u00a0<\/small><\/p><p><small id=\"h.6llcvyv0o862\" class=\"CDt4Ke zfr3Q TMjjoe\" dir=\"ltr\" style=\"display: block; text-align: right;\">Se\u00e7\u00e3o de Obras e Projetos<\/small><\/p>\t\t\t\t\t\t\t\t<\/div>\n\t\t\t\t<\/div>\n\t\t\t\t<div class=\"elementor-element elementor-element-5af61b5 elementor-widget elementor-widget-spacer\" data-id=\"5af61b5\" data-element_type=\"widget\" data-e-type=\"widget\" data-widget_type=\"spacer.default\">\n\t\t\t\t<div class=\"elementor-widget-container\">\n\t\t\t\t\t\t\t<div class=\"elementor-spacer\">\n\t\t\t<div class=\"elementor-spacer-inner\"><\/div>\n\t\t<\/div>\n\t\t\t\t\t\t<\/div>\n\t\t\t\t<\/div>\n\t\t\t\t<div class=\"elementor-element elementor-element-f99da46 elementor-widget elementor-widget-video\" data-id=\"f99da46\" data-element_type=\"widget\" data-e-type=\"widget\" data-settings=\"{&quot;video_type&quot;:&quot;vimeo&quot;,&quot;start&quot;:0}\" data-widget_type=\"video.default\">\n\t\t\t\t<div class=\"elementor-widget-container\">\n\t\t\t\t\t\t\t<div class=\"elementor-wrapper elementor-open-inline\">\n\t\t\t<iframe class=\"elementor-video-iframe\" allowfullscreen allow=\"clipboard-write\" title=\"Reprodutor de v\u00eddeo vimeo\" src=\"https:\/\/player.vimeo.com\/video\/722657277?color&amp;autopause=0&amp;loop=0&amp;muted=0&amp;title=1&amp;portrait=1&amp;byline=1#t=\"><\/iframe>\t\t<\/div>\n\t\t\t\t\t\t<\/div>\n\t\t\t\t<\/div>\n\t\t\t\t<div class=\"elementor-element elementor-element-1260832 elementor-widget elementor-widget-text-editor\" data-id=\"1260832\" data-element_type=\"widget\" data-e-type=\"widget\" data-widget_type=\"text-editor.default\">\n\t\t\t\t<div class=\"elementor-widget-container\">\n\t\t\t\t\t\t\t\t\t<p><small id=\"h.24xvi9wfld5\" class=\"CDt4Ke zfr3Q TMjjoe\" dir=\"ltr\" style=\"display: block; text-align: right;\">Cr\u00e9dito: Se\u00e7\u00e3o de Biblioteca, Arquivo e Mem\u00f3ria<\/small><\/p>\t\t\t\t\t\t\t\t<\/div>\n\t\t\t\t<\/div>\n\t\t\t\t\t<\/div>\n\t\t<\/div>\n\t\t\t\t\t<\/div>\n\t\t<\/section>\n\t\t\t\t<section class=\"elementor-section elementor-top-section elementor-element elementor-element-f0e259f elementor-section-boxed elementor-section-height-default elementor-section-height-default\" data-id=\"f0e259f\" data-element_type=\"section\" data-e-type=\"section\">\n\t\t\t\t\t\t<div class=\"elementor-container elementor-column-gap-default\">\n\t\t\t\t\t<div class=\"elementor-column elementor-col-100 elementor-top-column elementor-element elementor-element-ec8d71f\" data-id=\"ec8d71f\" data-element_type=\"column\" data-e-type=\"column\">\n\t\t\t<div class=\"elementor-widget-wrap elementor-element-populated\">\n\t\t\t\t\t\t<div class=\"elementor-element elementor-element-9fe839e elementor-widget elementor-widget-spacer\" data-id=\"9fe839e\" data-element_type=\"widget\" data-e-type=\"widget\" data-widget_type=\"spacer.default\">\n\t\t\t\t<div class=\"elementor-widget-container\">\n\t\t\t\t\t\t\t<div class=\"elementor-spacer\">\n\t\t\t<div class=\"elementor-spacer-inner\"><\/div>\n\t\t<\/div>\n\t\t\t\t\t\t<\/div>\n\t\t\t\t<\/div>\n\t\t\t\t\t<\/div>\n\t\t<\/div>\n\t\t\t\t\t<\/div>\n\t\t<\/section>\n\t\t\t\t<section class=\"elementor-section elementor-top-section elementor-element elementor-element-c7d9819 elementor-section-boxed elementor-section-height-default elementor-section-height-default\" data-id=\"c7d9819\" data-element_type=\"section\" data-e-type=\"section\">\n\t\t\t\t\t\t<div class=\"elementor-container elementor-column-gap-default\">\n\t\t\t\t\t<div class=\"elementor-column elementor-col-100 elementor-top-column elementor-element elementor-element-960a77a\" data-id=\"960a77a\" data-element_type=\"column\" data-e-type=\"column\">\n\t\t\t<div class=\"elementor-widget-wrap\">\n\t\t\t\t\t\t\t<\/div>\n\t\t<\/div>\n\t\t\t\t\t<\/div>\n\t\t<\/section>\n\t\t\t\t<\/div>\n\t\t","protected":false},"excerpt":{"rendered":"<p>Anexo II Voltar para Dados Hist\u00f3ricos Documentos Fotografias 10\/05\/2021 \u00a0 O Desembargador Edif\u00edcio Messias de Souza Costa \u2013 Anexo II, comp\u00f5e juntamente com o Edif\u00edcio Sede, Anexo I e os Cart\u00f3rios Eleitorais, a estrutura f\u00edsica do Tribunal Regional Eleitoral de Goi\u00e1s, em Goi\u00e2nia. O pr\u00e9dio foi concebido para abrigo priorit\u00e1rio das \u00e1reas de dep\u00f3sito e [&hellip;]<\/p>\n","protected":false},"author":4,"featured_media":0,"parent":0,"menu_order":0,"comment_status":"closed","ping_status":"closed","template":"","meta":{"site-sidebar-layout":"no-sidebar","site-content-layout":"page-builder","ast-site-content-layout":"default","site-content-style":"default","site-sidebar-style":"default","ast-global-header-display":"","ast-banner-title-visibility":"","ast-main-header-display":"","ast-hfb-above-header-display":"","ast-hfb-below-header-display":"","ast-hfb-mobile-header-display":"","site-post-title":"disabled","ast-breadcrumbs-content":"","ast-featured-img":"disabled","footer-sml-layout":"","ast-disable-related-posts":"","theme-transparent-header-meta":"enabled","adv-header-id-meta":"","stick-header-meta":"","header-above-stick-meta":"","header-main-stick-meta":"","header-below-stick-meta":"","astra-migrate-meta-layouts":"default","ast-page-background-enabled":"default","ast-page-background-meta":{"desktop":{"background-color":"var(--ast-global-color-4)","background-image":"","background-repeat":"repeat","background-position":"center center","background-size":"auto","background-attachment":"scroll","background-type":"","background-media":"","overlay-type":"","overlay-color":"","overlay-opacity":"","overlay-gradient":""},"tablet":{"background-color":"","background-image":"","background-repeat":"repeat","background-position":"center center","background-size":"auto","background-attachment":"scroll","background-type":"","background-media":"","overlay-type":"","overlay-color":"","overlay-opacity":"","overlay-gradient":""},"mobile":{"background-color":"","background-image":"","background-repeat":"repeat","background-position":"center center","background-size":"auto","background-attachment":"scroll","background-type":"","background-media":"","overlay-type":"","overlay-color":"","overlay-opacity":"","overlay-gradient":""}},"ast-content-background-meta":{"desktop":{"background-color":"var(--ast-global-color-5)","background-image":"","background-repeat":"repeat","background-position":"center center","background-size":"auto","background-attachment":"scroll","background-type":"","background-media":"","overlay-type":"","overlay-color":"","overlay-opacity":"","overlay-gradient":""},"tablet":{"background-color":"var(--ast-global-color-5)","background-image":"","background-repeat":"repeat","background-position":"center center","background-size":"auto","background-attachment":"scroll","background-type":"","background-media":"","overlay-type":"","overlay-color":"","overlay-opacity":"","overlay-gradient":""},"mobile":{"background-color":"var(--ast-global-color-5)","background-image":"","background-repeat":"repeat","background-position":"center center","background-size":"auto","background-attachment":"scroll","background-type":"","background-media":"","overlay-type":"","overlay-color":"","overlay-opacity":"","overlay-gradient":""}},"footnotes":""},"class_list":["post-2751","page","type-page","status-publish","hentry"],"_links":{"self":[{"href":"http:\/\/10.10.1.232\/wordpress\/index.php?rest_route=\/wp\/v2\/pages\/2751","targetHints":{"allow":["GET"]}}],"collection":[{"href":"http:\/\/10.10.1.232\/wordpress\/index.php?rest_route=\/wp\/v2\/pages"}],"about":[{"href":"http:\/\/10.10.1.232\/wordpress\/index.php?rest_route=\/wp\/v2\/types\/page"}],"author":[{"embeddable":true,"href":"http:\/\/10.10.1.232\/wordpress\/index.php?rest_route=\/wp\/v2\/users\/4"}],"replies":[{"embeddable":true,"href":"http:\/\/10.10.1.232\/wordpress\/index.php?rest_route=%2Fwp%2Fv2%2Fcomments&post=2751"}],"version-history":[{"count":193,"href":"http:\/\/10.10.1.232\/wordpress\/index.php?rest_route=\/wp\/v2\/pages\/2751\/revisions"}],"predecessor-version":[{"id":21581,"href":"http:\/\/10.10.1.232\/wordpress\/index.php?rest_route=\/wp\/v2\/pages\/2751\/revisions\/21581"}],"wp:attachment":[{"href":"http:\/\/10.10.1.232\/wordpress\/index.php?rest_route=%2Fwp%2Fv2%2Fmedia&parent=2751"}],"curies":[{"name":"wp","href":"https:\/\/api.w.org\/{rel}","templated":true}]}}