{"id":21292,"date":"2024-12-17T15:46:21","date_gmt":"2024-12-17T18:46:21","guid":{"rendered":"http:\/\/10.10.1.232\/wordpress\/?page_id=21292"},"modified":"2024-12-17T15:53:06","modified_gmt":"2024-12-17T18:53:06","slug":"eleicoes-simulacao","status":"publish","type":"page","link":"http:\/\/10.10.1.232\/wordpress\/?page_id=21292","title":{"rendered":"ELEI\u00c7\u00d5ES SIMULA\u00c7\u00c3O"},"content":{"rendered":"\t\t<div data-elementor-type=\"wp-page\" data-elementor-id=\"21292\" class=\"elementor elementor-21292\">\n\t\t\t\t\t\t<section class=\"elementor-section elementor-top-section elementor-element elementor-element-a940c33 elementor-section-boxed elementor-section-height-default elementor-section-height-default\" data-id=\"a940c33\" data-element_type=\"section\">\n\t\t\t\t\t\t<div class=\"elementor-container elementor-column-gap-default\">\n\t\t\t\t\t<div class=\"elementor-column elementor-col-100 elementor-top-column elementor-element elementor-element-383eb5a\" data-id=\"383eb5a\" data-element_type=\"column\">\n\t\t\t<div class=\"elementor-widget-wrap elementor-element-populated\">\n\t\t\t\t\t\t<div class=\"elementor-element elementor-element-19c92b1 elementor-widget elementor-widget-spacer\" data-id=\"19c92b1\" data-element_type=\"widget\" data-widget_type=\"spacer.default\">\n\t\t\t\t<div class=\"elementor-widget-container\">\n\t\t\t\t\t\t\t<div class=\"elementor-spacer\">\n\t\t\t<div class=\"elementor-spacer-inner\"><\/div>\n\t\t<\/div>\n\t\t\t\t\t\t<\/div>\n\t\t\t\t<\/div>\n\t\t\t\t\t<\/div>\n\t\t<\/div>\n\t\t\t\t\t<\/div>\n\t\t<\/section>\n\t\t\t\t<section class=\"elementor-section elementor-top-section elementor-element elementor-element-59fd6f6 elementor-section-boxed elementor-section-height-default elementor-section-height-default\" data-id=\"59fd6f6\" data-element_type=\"section\">\n\t\t\t\t\t\t<div class=\"elementor-container elementor-column-gap-default\">\n\t\t\t\t\t<div class=\"elementor-column elementor-col-100 elementor-top-column elementor-element elementor-element-aea8628\" data-id=\"aea8628\" data-element_type=\"column\">\n\t\t\t<div class=\"elementor-widget-wrap elementor-element-populated\">\n\t\t\t\t\t\t<div class=\"elementor-element elementor-element-de7eac5 elementor-widget elementor-widget-heading\" data-id=\"de7eac5\" data-element_type=\"widget\" data-widget_type=\"heading.default\">\n\t\t\t\t<div class=\"elementor-widget-container\">\n\t\t\t\t\t<h2 class=\"elementor-heading-title elementor-size-default\">Teste de Integridade das urnas eletr\u00f4nicas<\/h2>\t\t\t\t<\/div>\n\t\t\t\t<\/div>\n\t\t\t\t<div class=\"elementor-element elementor-element-0e1de3a elementor-widget__width-initial elementor-widget elementor-widget-heading\" data-id=\"0e1de3a\" data-element_type=\"widget\" data-widget_type=\"heading.default\">\n\t\t\t\t<div class=\"elementor-widget-container\">\n\t\t\t\t\t<h2 class=\"elementor-heading-title elementor-size-default\">Nas elei\u00e7\u00f5es de 2024, ocorreram o Teste de Integridade das urnas eletr\u00f4nicas. A Comiss\u00e3o da Vota\u00e7\u00e3o Eletr\u00f4nica submeteu, nos 2 turnos, dezenas de urnas para teste que verificaram a integridade e autenticidade dos votos ali depositados.\n\nO teste simula uma vota\u00e7\u00e3o normal e leva em considera\u00e7\u00e3o as circunst\u00e2ncias que podem ocorrer durante o pleito. Sendo assim, segue o mesmo rito de uma se\u00e7\u00e3o eleitoral comum, com a emiss\u00e3o da zer\u00e9sima (documento que comprova n\u00e3o haver nenhum voto na urna antes da vota\u00e7\u00e3o) e a impress\u00e3o do Boletim de Urna (BU), relat\u00f3rio impresso que cont\u00e9m a apura\u00e7\u00e3o dos votos armazenados no equipamento.\n\nNa data do pleito, das 8h \u00e0s 17h, na mesma hora em que ocorre a vota\u00e7\u00e3o oficial, n\u00fameros anotados em c\u00e9dulas previamente preenchidas s\u00e3o digitados, um a um, nas urnas eletr\u00f4nicas. Paralelamente, os votos em papel tamb\u00e9m s\u00e3o registrados em um sistema de apoio \u00e0 vota\u00e7\u00e3o, que funciona em um computador.\n\nConclu\u00eddo o teste, \u00e0s 17h, o resultado \u00e9 apurado na urna eletr\u00f4nica e confrontado com o obtido atrav\u00e9s da apura\u00e7\u00e3o manual. Essa compara\u00e7\u00e3o \u00e9 feita com o intuito de aferir se o voto eletr\u00f4nico funcionou adequadamente e se os votos em papel, digitados na urna, foram os mesmos registrados pelo aparelho.\n\nDurante a fiscaliza\u00e7\u00e3o, ainda \u00e9 verificado se h\u00e1 coincid\u00eancia entre as c\u00e9dulas; os boletins de urna; os relat\u00f3rios emitidos pelo sistema de apoio \u00e0 auditoria e o Registro Digital do Voto (RDV), a tabela digital em que s\u00e3o assinalados os votos eletr\u00f4nicos. At\u00e9 hoje, n\u00e3o foi constatada nenhuma diverg\u00eancia em ambos os processos.\n\nTodo o processo foi filmado, e contou com a participa\u00e7\u00e3o de entidades fiscalizadoras podendo ainda ser revisitado, por qualquer pessoa interessada, no canal do TRE-GO no YouTube.\n\n<\/h2>\t\t\t\t<\/div>\n\t\t\t\t<\/div>\n\t\t\t\t\t<\/div>\n\t\t<\/div>\n\t\t\t\t\t<\/div>\n\t\t<\/section>\n\t\t\t\t<section class=\"elementor-section elementor-top-section elementor-element elementor-element-4411596 elementor-section-boxed elementor-section-height-default elementor-section-height-default\" data-id=\"4411596\" data-element_type=\"section\">\n\t\t\t\t\t\t<div class=\"elementor-container elementor-column-gap-default\">\n\t\t\t\t\t<div class=\"elementor-column elementor-col-100 elementor-top-column elementor-element elementor-element-24395bd\" data-id=\"24395bd\" data-element_type=\"column\">\n\t\t\t<div class=\"elementor-widget-wrap elementor-element-populated\">\n\t\t\t\t\t\t<div class=\"elementor-element elementor-element-996e11f elementor-arrows-position-inside elementor-pagination-position-outside elementor-widget elementor-widget-image-carousel\" data-id=\"996e11f\" data-element_type=\"widget\" data-settings=\"{&quot;slides_to_show&quot;:&quot;1&quot;,&quot;navigation&quot;:&quot;both&quot;,&quot;autoplay&quot;:&quot;yes&quot;,&quot;pause_on_hover&quot;:&quot;yes&quot;,&quot;pause_on_interaction&quot;:&quot;yes&quot;,&quot;autoplay_speed&quot;:5000,&quot;infinite&quot;:&quot;yes&quot;,&quot;effect&quot;:&quot;slide&quot;,&quot;speed&quot;:500}\" data-widget_type=\"image-carousel.default\">\n\t\t\t\t<div class=\"elementor-widget-container\">\n\t\t\t\t\t\t\t<div class=\"elementor-image-carousel-wrapper swiper\" role=\"region\" aria-roledescription=\"carousel\" aria-label=\"Carrossel de imagens\" dir=\"ltr\">\n\t\t\t<div class=\"elementor-image-carousel swiper-wrapper swiper-image-stretch\" aria-live=\"off\">\n\t\t\t\t\t\t\t\t<div class=\"swiper-slide\" role=\"group\" aria-roledescription=\"slide\" aria-label=\"1 de 16\"><figure class=\"swiper-slide-inner\"><img decoding=\"async\" class=\"swiper-slide-image\" src=\"http:\/\/10.10.1.232\/wordpress\/wp-content\/uploads\/2024\/12\/WhatsApp-Image-2024-10-20-at-14.24.01-5-1024x768.jpeg\" alt=\"Teste de Integridade das urnas eletr\u00f4nicas 2024\" \/><figcaption class=\"elementor-image-carousel-caption\">Teste de Integridade das urnas eletr\u00f4nicas 2024<\/figcaption><\/figure><\/div><div class=\"swiper-slide\" role=\"group\" aria-roledescription=\"slide\" aria-label=\"2 de 16\"><figure class=\"swiper-slide-inner\"><img decoding=\"async\" class=\"swiper-slide-image\" src=\"http:\/\/10.10.1.232\/wordpress\/wp-content\/uploads\/2024\/12\/WhatsApp-Image-2024-10-20-at-14.24.01-4-1024x768.jpeg\" alt=\"Teste de Integridade das urnas eletr\u00f4nicas 2024\" \/><figcaption class=\"elementor-image-carousel-caption\">Teste de Integridade das urnas eletr\u00f4nicas 2024<\/figcaption><\/figure><\/div><div class=\"swiper-slide\" role=\"group\" aria-roledescription=\"slide\" aria-label=\"3 de 16\"><figure class=\"swiper-slide-inner\"><img decoding=\"async\" class=\"swiper-slide-image\" src=\"http:\/\/10.10.1.232\/wordpress\/wp-content\/uploads\/2024\/12\/WhatsApp-Image-2024-10-20-at-14.24.01-2-1024x768.jpeg\" alt=\"Teste de Integridade das urnas eletr\u00f4nicas 2024\" \/><figcaption class=\"elementor-image-carousel-caption\">Teste de Integridade das urnas eletr\u00f4nicas 2024<\/figcaption><\/figure><\/div><div class=\"swiper-slide\" role=\"group\" aria-roledescription=\"slide\" aria-label=\"4 de 16\"><figure class=\"swiper-slide-inner\"><img decoding=\"async\" class=\"swiper-slide-image\" src=\"http:\/\/10.10.1.232\/wordpress\/wp-content\/uploads\/2024\/12\/WhatsApp-Image-2024-10-20-at-14.13.48-1024x768.jpeg\" alt=\"Teste de Integridade das urnas eletr\u00f4nicas 2024\" \/><figcaption class=\"elementor-image-carousel-caption\">Teste de Integridade das urnas eletr\u00f4nicas 2024<\/figcaption><\/figure><\/div><div class=\"swiper-slide\" role=\"group\" aria-roledescription=\"slide\" aria-label=\"5 de 16\"><figure class=\"swiper-slide-inner\"><img decoding=\"async\" class=\"swiper-slide-image\" src=\"http:\/\/10.10.1.232\/wordpress\/wp-content\/uploads\/2024\/12\/WhatsApp-Image-2024-10-20-at-14.13.48-1-1024x768.jpeg\" alt=\"Teste de Integridade das urnas eletr\u00f4nicas 2024\" \/><figcaption class=\"elementor-image-carousel-caption\">Teste de Integridade das urnas eletr\u00f4nicas 2024<\/figcaption><\/figure><\/div><div class=\"swiper-slide\" role=\"group\" aria-roledescription=\"slide\" aria-label=\"6 de 16\"><figure class=\"swiper-slide-inner\"><img decoding=\"async\" class=\"swiper-slide-image\" src=\"http:\/\/10.10.1.232\/wordpress\/wp-content\/uploads\/2024\/12\/WhatsApp-Image-2024-10-06-at-17.15.29-1024x530.jpeg\" alt=\"Teste de Integridade das urnas eletr\u00f4nicas 2024\" \/><figcaption class=\"elementor-image-carousel-caption\">Teste de Integridade das urnas eletr\u00f4nicas 2024<\/figcaption><\/figure><\/div><div class=\"swiper-slide\" role=\"group\" aria-roledescription=\"slide\" aria-label=\"7 de 16\"><figure class=\"swiper-slide-inner\"><img decoding=\"async\" class=\"swiper-slide-image\" src=\"http:\/\/10.10.1.232\/wordpress\/wp-content\/uploads\/2024\/12\/20241009_144734-1024x768.jpg\" alt=\"Teste de Integridade das urnas eletr\u00f4nicas 2024\" \/><figcaption class=\"elementor-image-carousel-caption\">Teste de Integridade das urnas eletr\u00f4nicas 2024<\/figcaption><\/figure><\/div><div class=\"swiper-slide\" role=\"group\" aria-roledescription=\"slide\" aria-label=\"8 de 16\"><figure class=\"swiper-slide-inner\"><img decoding=\"async\" class=\"swiper-slide-image\" src=\"http:\/\/10.10.1.232\/wordpress\/wp-content\/uploads\/2024\/12\/20241006_202047-1024x768.jpg\" alt=\"Teste de Integridade das urnas eletr\u00f4nicas 2024\" \/><figcaption class=\"elementor-image-carousel-caption\">Teste de Integridade das urnas eletr\u00f4nicas 2024<\/figcaption><\/figure><\/div><div class=\"swiper-slide\" role=\"group\" aria-roledescription=\"slide\" aria-label=\"9 de 16\"><figure class=\"swiper-slide-inner\"><img decoding=\"async\" class=\"swiper-slide-image\" src=\"http:\/\/10.10.1.232\/wordpress\/wp-content\/uploads\/2024\/12\/20241006_172540-1024x768.jpg\" alt=\"Teste de Integridade das urnas eletr\u00f4nicas 2024\" \/><figcaption class=\"elementor-image-carousel-caption\">Teste de Integridade das urnas eletr\u00f4nicas 2024<\/figcaption><\/figure><\/div><div class=\"swiper-slide\" role=\"group\" aria-roledescription=\"slide\" aria-label=\"10 de 16\"><figure class=\"swiper-slide-inner\"><img decoding=\"async\" class=\"swiper-slide-image\" src=\"http:\/\/10.10.1.232\/wordpress\/wp-content\/uploads\/2024\/12\/20241006_070802-1024x768.jpg\" alt=\"Teste de Integridade das urnas eletr\u00f4nicas 2024\" \/><figcaption class=\"elementor-image-carousel-caption\">Teste de Integridade das urnas eletr\u00f4nicas 2024<\/figcaption><\/figure><\/div><div class=\"swiper-slide\" role=\"group\" aria-roledescription=\"slide\" aria-label=\"11 de 16\"><figure class=\"swiper-slide-inner\"><img decoding=\"async\" class=\"swiper-slide-image\" src=\"http:\/\/10.10.1.232\/wordpress\/wp-content\/uploads\/2024\/12\/20241005_192844-1024x768.jpg\" alt=\"Teste de Integridade das urnas eletr\u00f4nicas 2024\" \/><figcaption class=\"elementor-image-carousel-caption\">Teste de Integridade das urnas eletr\u00f4nicas 2024<\/figcaption><\/figure><\/div><div class=\"swiper-slide\" role=\"group\" aria-roledescription=\"slide\" aria-label=\"12 de 16\"><figure class=\"swiper-slide-inner\"><img decoding=\"async\" class=\"swiper-slide-image\" src=\"http:\/\/10.10.1.232\/wordpress\/wp-content\/uploads\/2024\/12\/20241005_192724-768x1024.jpg\" alt=\"Teste de Integridade das urnas eletr\u00f4nicas 2024\" \/><figcaption class=\"elementor-image-carousel-caption\">Teste de Integridade das urnas eletr\u00f4nicas 2024<\/figcaption><\/figure><\/div><div class=\"swiper-slide\" role=\"group\" aria-roledescription=\"slide\" aria-label=\"13 de 16\"><figure class=\"swiper-slide-inner\"><img decoding=\"async\" class=\"swiper-slide-image\" src=\"http:\/\/10.10.1.232\/wordpress\/wp-content\/uploads\/2024\/12\/20241005_084331-1024x768.jpg\" alt=\"Teste de Integridade das urnas eletr\u00f4nicas 2024\" \/><figcaption class=\"elementor-image-carousel-caption\">Teste de Integridade das urnas eletr\u00f4nicas 2024<\/figcaption><\/figure><\/div><div class=\"swiper-slide\" role=\"group\" aria-roledescription=\"slide\" aria-label=\"14 de 16\"><figure class=\"swiper-slide-inner\"><img decoding=\"async\" class=\"swiper-slide-image\" src=\"http:\/\/10.10.1.232\/wordpress\/wp-content\/uploads\/2024\/12\/20241005_075100-1024x768.jpg\" alt=\"Teste de Integridade das urnas eletr\u00f4nicas 2024\" \/><figcaption class=\"elementor-image-carousel-caption\">Teste de Integridade das urnas eletr\u00f4nicas 2024<\/figcaption><\/figure><\/div><div class=\"swiper-slide\" role=\"group\" aria-roledescription=\"slide\" aria-label=\"15 de 16\"><figure class=\"swiper-slide-inner\"><img decoding=\"async\" class=\"swiper-slide-image\" src=\"http:\/\/10.10.1.232\/wordpress\/wp-content\/uploads\/2024\/12\/20240926_110347-1024x768.jpg\" alt=\"Teste de Integridade das urnas eletr\u00f4nicas 2024\" \/><figcaption class=\"elementor-image-carousel-caption\">Teste de Integridade das urnas eletr\u00f4nicas 2024<\/figcaption><\/figure><\/div><div class=\"swiper-slide\" role=\"group\" aria-roledescription=\"slide\" aria-label=\"16 de 16\"><figure class=\"swiper-slide-inner\"><img decoding=\"async\" class=\"swiper-slide-image\" src=\"http:\/\/10.10.1.232\/wordpress\/wp-content\/uploads\/2024\/12\/20240926_110303-1024x768.jpg\" alt=\"Teste de Integridade das urnas eletr\u00f4nicas 2024\" \/><figcaption class=\"elementor-image-carousel-caption\">Teste de Integridade das urnas eletr\u00f4nicas 2024<\/figcaption><\/figure><\/div>\t\t\t<\/div>\n\t\t\t\t\t\t\t\t\t\t\t\t<div class=\"elementor-swiper-button elementor-swiper-button-prev\" role=\"button\" tabindex=\"0\">\n\t\t\t\t\t\t<i aria-hidden=\"true\" class=\"eicon-chevron-left\"><\/i>\t\t\t\t\t<\/div>\n\t\t\t\t\t<div class=\"elementor-swiper-button elementor-swiper-button-next\" role=\"button\" tabindex=\"0\">\n\t\t\t\t\t\t<i aria-hidden=\"true\" class=\"eicon-chevron-right\"><\/i>\t\t\t\t\t<\/div>\n\t\t\t\t\n\t\t\t\t\t\t\t\t\t<div class=\"swiper-pagination\"><\/div>\n\t\t\t\t\t\t\t\t\t<\/div>\n\t\t\t\t\t\t<\/div>\n\t\t\t\t<\/div>\n\t\t\t\t\t<\/div>\n\t\t<\/div>\n\t\t\t\t\t<\/div>\n\t\t<\/section>\n\t\t\t\t<\/div>\n\t\t","protected":false},"excerpt":{"rendered":"<p>Teste de Integridade das urnas eletr\u00f4nicas Nas elei\u00e7\u00f5es de 2024, ocorreram o Teste de Integridade das urnas eletr\u00f4nicas. A Comiss\u00e3o da Vota\u00e7\u00e3o Eletr\u00f4nica submeteu, nos 2 turnos, dezenas de urnas para teste que verificaram a integridade e autenticidade dos votos ali depositados. O teste simula uma vota\u00e7\u00e3o normal e leva em considera\u00e7\u00e3o as circunst\u00e2ncias que [&hellip;]<\/p>\n","protected":false},"author":11,"featured_media":0,"parent":0,"menu_order":0,"comment_status":"closed","ping_status":"closed","template":"","meta":{"site-sidebar-layout":"no-sidebar","site-content-layout":"page-builder","ast-site-content-layout":"default","site-content-style":"default","site-sidebar-style":"default","ast-global-header-display":"","ast-banner-title-visibility":"","ast-main-header-display":"","ast-hfb-above-header-display":"","ast-hfb-below-header-display":"","ast-hfb-mobile-header-display":"","site-post-title":"disabled","ast-breadcrumbs-content":"","ast-featured-img":"disabled","footer-sml-layout":"","theme-transparent-header-meta":"enabled","adv-header-id-meta":"","stick-header-meta":"","header-above-stick-meta":"","header-main-stick-meta":"","header-below-stick-meta":"","astra-migrate-meta-layouts":"default","ast-page-background-enabled":"default","ast-page-background-meta":{"desktop":{"background-color":"var(--ast-global-color-4)","background-image":"","background-repeat":"repeat","background-position":"center center","background-size":"auto","background-attachment":"scroll","background-type":"","background-media":"","overlay-type":"","overlay-color":"","overlay-opacity":"","overlay-gradient":""},"tablet":{"background-color":"","background-image":"","background-repeat":"repeat","background-position":"center center","background-size":"auto","background-attachment":"scroll","background-type":"","background-media":"","overlay-type":"","overlay-color":"","overlay-opacity":"","overlay-gradient":""},"mobile":{"background-color":"","background-image":"","background-repeat":"repeat","background-position":"center center","background-size":"auto","background-attachment":"scroll","background-type":"","background-media":"","overlay-type":"","overlay-color":"","overlay-opacity":"","overlay-gradient":""}},"ast-content-background-meta":{"desktop":{"background-color":"var(--ast-global-color-5)","background-image":"","background-repeat":"repeat","background-position":"center center","background-size":"auto","background-attachment":"scroll","background-type":"","background-media":"","overlay-type":"","overlay-color":"","overlay-opacity":"","overlay-gradient":""},"tablet":{"background-color":"var(--ast-global-color-5)","background-image":"","background-repeat":"repeat","background-position":"center center","background-size":"auto","background-attachment":"scroll","background-type":"","background-media":"","overlay-type":"","overlay-color":"","overlay-opacity":"","overlay-gradient":""},"mobile":{"background-color":"var(--ast-global-color-5)","background-image":"","background-repeat":"repeat","background-position":"center center","background-size":"auto","background-attachment":"scroll","background-type":"","background-media":"","overlay-type":"","overlay-color":"","overlay-opacity":"","overlay-gradient":""}},"footnotes":""},"class_list":["post-21292","page","type-page","status-publish","hentry"],"_links":{"self":[{"href":"http:\/\/10.10.1.232\/wordpress\/index.php?rest_route=\/wp\/v2\/pages\/21292","targetHints":{"allow":["GET"]}}],"collection":[{"href":"http:\/\/10.10.1.232\/wordpress\/index.php?rest_route=\/wp\/v2\/pages"}],"about":[{"href":"http:\/\/10.10.1.232\/wordpress\/index.php?rest_route=\/wp\/v2\/types\/page"}],"author":[{"embeddable":true,"href":"http:\/\/10.10.1.232\/wordpress\/index.php?rest_route=\/wp\/v2\/users\/11"}],"replies":[{"embeddable":true,"href":"http:\/\/10.10.1.232\/wordpress\/index.php?rest_route=%2Fwp%2Fv2%2Fcomments&post=21292"}],"version-history":[{"count":7,"href":"http:\/\/10.10.1.232\/wordpress\/index.php?rest_route=\/wp\/v2\/pages\/21292\/revisions"}],"predecessor-version":[{"id":21317,"href":"http:\/\/10.10.1.232\/wordpress\/index.php?rest_route=\/wp\/v2\/pages\/21292\/revisions\/21317"}],"wp:attachment":[{"href":"http:\/\/10.10.1.232\/wordpress\/index.php?rest_route=%2Fwp%2Fv2%2Fmedia&parent=21292"}],"curies":[{"name":"wp","href":"https:\/\/api.w.org\/{rel}","templated":true}]}}