{"id":21149,"date":"2024-12-16T16:06:38","date_gmt":"2024-12-16T19:06:38","guid":{"rendered":"http:\/\/10.10.1.232\/wordpress\/?page_id=21149"},"modified":"2025-05-19T11:08:51","modified_gmt":"2025-05-19T14:08:51","slug":"sala-das-urnas","status":"publish","type":"page","link":"http:\/\/10.10.1.232\/wordpress\/?page_id=21149","title":{"rendered":"SALA DAS URNAS"},"content":{"rendered":"\t\t<div data-elementor-type=\"wp-page\" data-elementor-id=\"21149\" class=\"elementor elementor-21149\">\n\t\t\t\t\t\t<section class=\"elementor-section elementor-top-section elementor-element elementor-element-a940c33 elementor-section-boxed elementor-section-height-default elementor-section-height-default\" data-id=\"a940c33\" data-element_type=\"section\">\n\t\t\t\t\t\t<div class=\"elementor-container elementor-column-gap-default\">\n\t\t\t\t\t<div class=\"elementor-column elementor-col-100 elementor-top-column elementor-element elementor-element-383eb5a\" data-id=\"383eb5a\" data-element_type=\"column\">\n\t\t\t<div class=\"elementor-widget-wrap elementor-element-populated\">\n\t\t\t\t\t\t<div class=\"elementor-element elementor-element-19c92b1 elementor-widget elementor-widget-spacer\" data-id=\"19c92b1\" data-element_type=\"widget\" data-widget_type=\"spacer.default\">\n\t\t\t\t<div class=\"elementor-widget-container\">\n\t\t\t\t\t\t\t<div class=\"elementor-spacer\">\n\t\t\t<div class=\"elementor-spacer-inner\"><\/div>\n\t\t<\/div>\n\t\t\t\t\t\t<\/div>\n\t\t\t\t<\/div>\n\t\t\t\t\t<\/div>\n\t\t<\/div>\n\t\t\t\t\t<\/div>\n\t\t<\/section>\n\t\t\t\t<section class=\"elementor-section elementor-top-section elementor-element elementor-element-59fd6f6 elementor-section-boxed elementor-section-height-default elementor-section-height-default\" data-id=\"59fd6f6\" data-element_type=\"section\">\n\t\t\t\t\t\t<div class=\"elementor-container elementor-column-gap-default\">\n\t\t\t\t\t<div class=\"elementor-column elementor-col-100 elementor-top-column elementor-element elementor-element-aea8628\" data-id=\"aea8628\" data-element_type=\"column\">\n\t\t\t<div class=\"elementor-widget-wrap elementor-element-populated\">\n\t\t\t\t\t\t<div class=\"elementor-element elementor-element-de7eac5 elementor-widget elementor-widget-heading\" data-id=\"de7eac5\" data-element_type=\"widget\" data-widget_type=\"heading.default\">\n\t\t\t\t<div class=\"elementor-widget-container\">\n\t\t\t\t\t<h2 class=\"elementor-heading-title elementor-size-default\"><b>SALA DAS URNAS<\/b><\/h2>\t\t\t\t<\/div>\n\t\t\t\t<\/div>\n\t\t\t\t\t<\/div>\n\t\t<\/div>\n\t\t\t\t\t<\/div>\n\t\t<\/section>\n\t\t\t\t<section class=\"elementor-section elementor-top-section elementor-element elementor-element-585fe3e elementor-section-boxed elementor-section-height-default elementor-section-height-default\" data-id=\"585fe3e\" data-element_type=\"section\">\n\t\t\t\t\t\t<div class=\"elementor-container elementor-column-gap-default\">\n\t\t\t\t\t<div class=\"elementor-column elementor-col-100 elementor-top-column elementor-element elementor-element-211d439\" data-id=\"211d439\" data-element_type=\"column\">\n\t\t\t<div class=\"elementor-widget-wrap\">\n\t\t\t\t\t\t\t<\/div>\n\t\t<\/div>\n\t\t\t\t\t<\/div>\n\t\t<\/section>\n\t\t\t\t<section class=\"elementor-section elementor-top-section elementor-element elementor-element-372a1b6 elementor-section-boxed elementor-section-height-default elementor-section-height-default\" data-id=\"372a1b6\" data-element_type=\"section\">\n\t\t\t\t\t\t<div class=\"elementor-container elementor-column-gap-default\">\n\t\t\t\t\t<div class=\"elementor-column elementor-col-100 elementor-top-column elementor-element elementor-element-53acb13\" data-id=\"53acb13\" data-element_type=\"column\">\n\t\t\t<div class=\"elementor-widget-wrap elementor-element-populated\">\n\t\t\t\t\t\t<div class=\"elementor-element elementor-element-4819f99 elementor-arrows-position-inside elementor-pagination-position-outside elementor-widget elementor-widget-image-carousel\" data-id=\"4819f99\" data-element_type=\"widget\" data-settings=\"{&quot;slides_to_show&quot;:&quot;1&quot;,&quot;navigation&quot;:&quot;both&quot;,&quot;autoplay&quot;:&quot;yes&quot;,&quot;pause_on_hover&quot;:&quot;yes&quot;,&quot;pause_on_interaction&quot;:&quot;yes&quot;,&quot;autoplay_speed&quot;:5000,&quot;infinite&quot;:&quot;yes&quot;,&quot;effect&quot;:&quot;slide&quot;,&quot;speed&quot;:500}\" data-widget_type=\"image-carousel.default\">\n\t\t\t\t<div class=\"elementor-widget-container\">\n\t\t\t\t\t\t\t<div class=\"elementor-image-carousel-wrapper swiper\" role=\"region\" aria-roledescription=\"carousel\" aria-label=\"Carrossel de imagens\" dir=\"ltr\">\n\t\t\t<div class=\"elementor-image-carousel swiper-wrapper swiper-image-stretch\" aria-live=\"off\">\n\t\t\t\t\t\t\t\t<div class=\"swiper-slide\" role=\"group\" aria-roledescription=\"slide\" aria-label=\"1 de 21\"><figure class=\"swiper-slide-inner\"><img decoding=\"async\" class=\"swiper-slide-image\" src=\"http:\/\/10.10.1.232\/wordpress\/wp-content\/uploads\/2025\/05\/Design-sem-nome-60-2.png\" alt=\"Texto sobre a hist\u00f3ria das urnas eletr\u00f4nicas\" \/><figcaption class=\"elementor-image-carousel-caption\">Texto sobre a hist\u00f3ria das urnas eletr\u00f4nicas<\/figcaption><\/figure><\/div><div class=\"swiper-slide\" role=\"group\" aria-roledescription=\"slide\" aria-label=\"2 de 21\"><figure class=\"swiper-slide-inner\"><img decoding=\"async\" class=\"swiper-slide-image\" src=\"http:\/\/10.10.1.232\/wordpress\/wp-content\/uploads\/2025\/05\/Design-sem-nome-59-1.png\" alt=\"Vista do texto na Sala das Urnas\" \/><figcaption class=\"elementor-image-carousel-caption\">Vista do texto na Sala das Urnas<\/figcaption><\/figure><\/div><div class=\"swiper-slide\" role=\"group\" aria-roledescription=\"slide\" aria-label=\"3 de 21\"><figure class=\"swiper-slide-inner\"><img decoding=\"async\" class=\"swiper-slide-image\" src=\"http:\/\/10.10.1.232\/wordpress\/wp-content\/uploads\/2025\/05\/Design-sem-nome-42-1.png\" alt=\"Vista da Sala das Urnas\" \/><figcaption class=\"elementor-image-carousel-caption\">Vista da Sala das Urnas<\/figcaption><\/figure><\/div><div class=\"swiper-slide\" role=\"group\" aria-roledescription=\"slide\" aria-label=\"4 de 21\"><figure class=\"swiper-slide-inner\"><img decoding=\"async\" class=\"swiper-slide-image\" src=\"http:\/\/10.10.1.232\/wordpress\/wp-content\/uploads\/2025\/05\/Design-sem-nome-43-1.png\" alt=\"Vista da Sala das Urnas\" \/><figcaption class=\"elementor-image-carousel-caption\">Vista da Sala das Urnas<\/figcaption><\/figure><\/div><div class=\"swiper-slide\" role=\"group\" aria-roledescription=\"slide\" aria-label=\"5 de 21\"><figure class=\"swiper-slide-inner\"><img decoding=\"async\" class=\"swiper-slide-image\" src=\"http:\/\/10.10.1.232\/wordpress\/wp-content\/uploads\/2025\/05\/Design-sem-nome-54-1.png\" alt=\"Vista mobili\u00e1rio da Sala das Urnas\" \/><figcaption class=\"elementor-image-carousel-caption\">Vista mobili\u00e1rio da Sala das Urnas<\/figcaption><\/figure><\/div><div class=\"swiper-slide\" role=\"group\" aria-roledescription=\"slide\" aria-label=\"6 de 21\"><figure class=\"swiper-slide-inner\"><img decoding=\"async\" class=\"swiper-slide-image\" src=\"http:\/\/10.10.1.232\/wordpress\/wp-content\/uploads\/2025\/05\/Design-sem-nome-53-1.png\" alt=\"Vista mobili\u00e1rio da Sala das Urnas\" \/><figcaption class=\"elementor-image-carousel-caption\">Vista mobili\u00e1rio da Sala das Urnas<\/figcaption><\/figure><\/div><div class=\"swiper-slide\" role=\"group\" aria-roledescription=\"slide\" aria-label=\"7 de 21\"><figure class=\"swiper-slide-inner\"><img decoding=\"async\" class=\"swiper-slide-image\" src=\"http:\/\/10.10.1.232\/wordpress\/wp-content\/uploads\/2025\/05\/Design-sem-nome-52-1.png\" alt=\"Vista mobili\u00e1rio da Sala das Urnas\" \/><figcaption class=\"elementor-image-carousel-caption\">Vista mobili\u00e1rio da Sala das Urnas<\/figcaption><\/figure><\/div><div class=\"swiper-slide\" role=\"group\" aria-roledescription=\"slide\" aria-label=\"8 de 21\"><figure class=\"swiper-slide-inner\"><img decoding=\"async\" class=\"swiper-slide-image\" src=\"http:\/\/10.10.1.232\/wordpress\/wp-content\/uploads\/2025\/05\/Design-sem-nome-56-1.png\" alt=\"Registro de Candidatura\" \/><figcaption class=\"elementor-image-carousel-caption\">Registro de Candidatura<\/figcaption><\/figure><\/div><div class=\"swiper-slide\" role=\"group\" aria-roledescription=\"slide\" aria-label=\"9 de 21\"><figure class=\"swiper-slide-inner\"><img decoding=\"async\" class=\"swiper-slide-image\" src=\"http:\/\/10.10.1.232\/wordpress\/wp-content\/uploads\/2025\/05\/Design-sem-nome-55-1.png\" alt=\"Diplomas de prefeito\/governador\" \/><figcaption class=\"elementor-image-carousel-caption\">Diplomas de prefeito\/governador<\/figcaption><\/figure><\/div><div class=\"swiper-slide\" role=\"group\" aria-roledescription=\"slide\" aria-label=\"10 de 21\"><figure class=\"swiper-slide-inner\"><img decoding=\"async\" class=\"swiper-slide-image\" src=\"http:\/\/10.10.1.232\/wordpress\/wp-content\/uploads\/2025\/05\/Design-sem-nome-57-1.png\" alt=\"C\u00e1psula do Tempo da Justi\u00e7a Eleitoral de Goi\u00e1s  Feita em lona marrom, a capsula criada pela Comiss\u00e3o  de Gest\u00e3o da Mem\u00f3ria para a I Semana da Mem\u00f3ria do Judici\u00e1rio Goiano (2022), cont\u00e9m documentos sobre experi\u00eancias da \u00e9poca e vis\u00f5es de futuro.\" \/><figcaption class=\"elementor-image-carousel-caption\">C\u00e1psula do Tempo da Justi\u00e7a Eleitoral de Goi\u00e1s  Feita em lona marrom, a capsula criada pela Comiss\u00e3o  de Gest\u00e3o da Mem\u00f3ria para a I Semana da Mem\u00f3ria do Judici\u00e1rio Goiano (2022), cont\u00e9m documentos sobre experi\u00eancias da \u00e9poca e vis\u00f5es de futuro.<\/figcaption><\/figure><\/div><div class=\"swiper-slide\" role=\"group\" aria-roledescription=\"slide\" aria-label=\"11 de 21\"><figure class=\"swiper-slide-inner\"><img decoding=\"async\" class=\"swiper-slide-image\" src=\"http:\/\/10.10.1.232\/wordpress\/wp-content\/uploads\/2025\/05\/Design-sem-nome-58-1.png\" alt=\"R\u00e9plica em argila da bola de cera usada para sortear candidatos nas elei\u00e7\u00f5es do Brasil Colonial.\" \/><figcaption class=\"elementor-image-carousel-caption\">R\u00e9plica em argila da bola de cera usada para sortear candidatos nas elei\u00e7\u00f5es do Brasil Colonial.<\/figcaption><\/figure><\/div><div class=\"swiper-slide\" role=\"group\" aria-roledescription=\"slide\" aria-label=\"12 de 21\"><figure class=\"swiper-slide-inner\"><img decoding=\"async\" class=\"swiper-slide-image\" src=\"http:\/\/10.10.1.232\/wordpress\/wp-content\/uploads\/2025\/05\/Design-sem-nome-61-2.png\" alt=\"Urna de Lona\" \/><figcaption class=\"elementor-image-carousel-caption\">Urna de Lona<\/figcaption><\/figure><\/div><div class=\"swiper-slide\" role=\"group\" aria-roledescription=\"slide\" aria-label=\"13 de 21\"><figure class=\"swiper-slide-inner\"><img decoding=\"async\" class=\"swiper-slide-image\" src=\"http:\/\/10.10.1.232\/wordpress\/wp-content\/uploads\/2025\/05\/Design-sem-nome-62-2.png\" alt=\"Urna de Lona\" \/><figcaption class=\"elementor-image-carousel-caption\">Urna de Lona<\/figcaption><\/figure><\/div><div class=\"swiper-slide\" role=\"group\" aria-roledescription=\"slide\" aria-label=\"14 de 21\"><figure class=\"swiper-slide-inner\"><img decoding=\"async\" class=\"swiper-slide-image\" src=\"http:\/\/10.10.1.232\/wordpress\/wp-content\/uploads\/2025\/05\/Design-sem-nome-63-1.png\" alt=\"Urna Eletr\u00f4nica 1996\" \/><figcaption class=\"elementor-image-carousel-caption\">Urna Eletr\u00f4nica 1996<\/figcaption><\/figure><\/div><div class=\"swiper-slide\" role=\"group\" aria-roledescription=\"slide\" aria-label=\"15 de 21\"><figure class=\"swiper-slide-inner\"><img decoding=\"async\" class=\"swiper-slide-image\" src=\"http:\/\/10.10.1.232\/wordpress\/wp-content\/uploads\/2025\/05\/Design-sem-nome-64-1.png\" alt=\"Urna Eletr\u00f4nica 2000\" \/><figcaption class=\"elementor-image-carousel-caption\">Urna Eletr\u00f4nica 2000<\/figcaption><\/figure><\/div><div class=\"swiper-slide\" role=\"group\" aria-roledescription=\"slide\" aria-label=\"16 de 21\"><figure class=\"swiper-slide-inner\"><img decoding=\"async\" class=\"swiper-slide-image\" src=\"http:\/\/10.10.1.232\/wordpress\/wp-content\/uploads\/2025\/05\/Design-sem-nome-75.png\" alt=\"Urna Eletr\u00f4nica Transparente 2000\" \/><figcaption class=\"elementor-image-carousel-caption\">Urna Eletr\u00f4nica Transparente 2000<\/figcaption><\/figure><\/div><div class=\"swiper-slide\" role=\"group\" aria-roledescription=\"slide\" aria-label=\"17 de 21\"><figure class=\"swiper-slide-inner\"><img decoding=\"async\" class=\"swiper-slide-image\" src=\"http:\/\/10.10.1.232\/wordpress\/wp-content\/uploads\/2025\/05\/Design-sem-nome-77.png\" alt=\"Urna Eletr\u00f4nica com impressora 2002\" \/><figcaption class=\"elementor-image-carousel-caption\">Urna Eletr\u00f4nica com impressora 2002<\/figcaption><\/figure><\/div><div class=\"swiper-slide\" role=\"group\" aria-roledescription=\"slide\" aria-label=\"18 de 21\"><figure class=\"swiper-slide-inner\"><img decoding=\"async\" class=\"swiper-slide-image\" src=\"http:\/\/10.10.1.232\/wordpress\/wp-content\/uploads\/2025\/05\/Design-sem-nome-76.png\" alt=\"Urna Eletr\u00f4nica com impressora 2002\" \/><figcaption class=\"elementor-image-carousel-caption\">Urna Eletr\u00f4nica com impressora 2002<\/figcaption><\/figure><\/div><div class=\"swiper-slide\" role=\"group\" aria-roledescription=\"slide\" aria-label=\"19 de 21\"><figure class=\"swiper-slide-inner\"><img decoding=\"async\" class=\"swiper-slide-image\" src=\"http:\/\/10.10.1.232\/wordpress\/wp-content\/uploads\/2025\/05\/Design-sem-nome-78.png\" alt=\"Urna Eletr\u00f4nica 2004\" \/><figcaption class=\"elementor-image-carousel-caption\">Urna Eletr\u00f4nica 2004<\/figcaption><\/figure><\/div><div class=\"swiper-slide\" role=\"group\" aria-roledescription=\"slide\" aria-label=\"20 de 21\"><figure class=\"swiper-slide-inner\"><img decoding=\"async\" class=\"swiper-slide-image\" src=\"http:\/\/10.10.1.232\/wordpress\/wp-content\/uploads\/2025\/05\/Design-sem-nome-79.png\" alt=\"Urna Eletr\u00f4nica 2009\" \/><figcaption class=\"elementor-image-carousel-caption\">Urna Eletr\u00f4nica 2009<\/figcaption><\/figure><\/div><div class=\"swiper-slide\" role=\"group\" aria-roledescription=\"slide\" aria-label=\"21 de 21\"><figure class=\"swiper-slide-inner\"><img decoding=\"async\" class=\"swiper-slide-image\" src=\"http:\/\/10.10.1.232\/wordpress\/wp-content\/uploads\/2025\/05\/Design-sem-nome-81.png\" alt=\"Urna Eletr\u00f4nica 2015\" \/><figcaption class=\"elementor-image-carousel-caption\">Urna Eletr\u00f4nica 2015<\/figcaption><\/figure><\/div>\t\t\t<\/div>\n\t\t\t\t\t\t\t\t\t\t\t\t<div class=\"elementor-swiper-button elementor-swiper-button-prev\" role=\"button\" tabindex=\"0\">\n\t\t\t\t\t\t<i aria-hidden=\"true\" class=\"eicon-chevron-left\"><\/i>\t\t\t\t\t<\/div>\n\t\t\t\t\t<div class=\"elementor-swiper-button elementor-swiper-button-next\" role=\"button\" tabindex=\"0\">\n\t\t\t\t\t\t<i aria-hidden=\"true\" class=\"eicon-chevron-right\"><\/i>\t\t\t\t\t<\/div>\n\t\t\t\t\n\t\t\t\t\t\t\t\t\t<div class=\"swiper-pagination\"><\/div>\n\t\t\t\t\t\t\t\t\t<\/div>\n\t\t\t\t\t\t<\/div>\n\t\t\t\t<\/div>\n\t\t\t\t\t<\/div>\n\t\t<\/div>\n\t\t\t\t\t<\/div>\n\t\t<\/section>\n\t\t\t\t<section class=\"elementor-section elementor-top-section elementor-element elementor-element-a96abe6 elementor-section-boxed elementor-section-height-default elementor-section-height-default\" data-id=\"a96abe6\" data-element_type=\"section\">\n\t\t\t\t\t\t<div class=\"elementor-container elementor-column-gap-default\">\n\t\t\t\t\t<div class=\"elementor-column elementor-col-100 elementor-top-column elementor-element elementor-element-fa57a70\" data-id=\"fa57a70\" data-element_type=\"column\">\n\t\t\t<div class=\"elementor-widget-wrap\">\n\t\t\t\t\t\t\t<\/div>\n\t\t<\/div>\n\t\t\t\t\t<\/div>\n\t\t<\/section>\n\t\t\t\t<\/div>\n\t\t","protected":false},"excerpt":{"rendered":"<p>SALA DAS URNAS Texto sobre a hist\u00f3ria das urnas eletr\u00f4nicas Vista do texto na Sala das Urnas Vista da Sala das Urnas Vista da Sala das Urnas Vista mobili\u00e1rio da Sala das Urnas Vista mobili\u00e1rio da Sala das Urnas Vista mobili\u00e1rio da Sala das Urnas Registro de Candidatura Diplomas de prefeito\/governador C\u00e1psula do Tempo da [&hellip;]<\/p>\n","protected":false},"author":11,"featured_media":0,"parent":0,"menu_order":0,"comment_status":"closed","ping_status":"closed","template":"","meta":{"site-sidebar-layout":"no-sidebar","site-content-layout":"page-builder","ast-site-content-layout":"default","site-content-style":"default","site-sidebar-style":"default","ast-global-header-display":"","ast-banner-title-visibility":"","ast-main-header-display":"","ast-hfb-above-header-display":"","ast-hfb-below-header-display":"","ast-hfb-mobile-header-display":"","site-post-title":"disabled","ast-breadcrumbs-content":"","ast-featured-img":"disabled","footer-sml-layout":"","theme-transparent-header-meta":"enabled","adv-header-id-meta":"","stick-header-meta":"","header-above-stick-meta":"","header-main-stick-meta":"","header-below-stick-meta":"","astra-migrate-meta-layouts":"default","ast-page-background-enabled":"default","ast-page-background-meta":{"desktop":{"background-color":"var(--ast-global-color-4)","background-image":"","background-repeat":"repeat","background-position":"center center","background-size":"auto","background-attachment":"scroll","background-type":"","background-media":"","overlay-type":"","overlay-color":"","overlay-opacity":"","overlay-gradient":""},"tablet":{"background-color":"","background-image":"","background-repeat":"repeat","background-position":"center center","background-size":"auto","background-attachment":"scroll","background-type":"","background-media":"","overlay-type":"","overlay-color":"","overlay-opacity":"","overlay-gradient":""},"mobile":{"background-color":"","background-image":"","background-repeat":"repeat","background-position":"center center","background-size":"auto","background-attachment":"scroll","background-type":"","background-media":"","overlay-type":"","overlay-color":"","overlay-opacity":"","overlay-gradient":""}},"ast-content-background-meta":{"desktop":{"background-color":"var(--ast-global-color-5)","background-image":"","background-repeat":"repeat","background-position":"center center","background-size":"auto","background-attachment":"scroll","background-type":"","background-media":"","overlay-type":"","overlay-color":"","overlay-opacity":"","overlay-gradient":""},"tablet":{"background-color":"var(--ast-global-color-5)","background-image":"","background-repeat":"repeat","background-position":"center center","background-size":"auto","background-attachment":"scroll","background-type":"","background-media":"","overlay-type":"","overlay-color":"","overlay-opacity":"","overlay-gradient":""},"mobile":{"background-color":"var(--ast-global-color-5)","background-image":"","background-repeat":"repeat","background-position":"center center","background-size":"auto","background-attachment":"scroll","background-type":"","background-media":"","overlay-type":"","overlay-color":"","overlay-opacity":"","overlay-gradient":""}},"footnotes":""},"class_list":["post-21149","page","type-page","status-publish","hentry"],"_links":{"self":[{"href":"http:\/\/10.10.1.232\/wordpress\/index.php?rest_route=\/wp\/v2\/pages\/21149","targetHints":{"allow":["GET"]}}],"collection":[{"href":"http:\/\/10.10.1.232\/wordpress\/index.php?rest_route=\/wp\/v2\/pages"}],"about":[{"href":"http:\/\/10.10.1.232\/wordpress\/index.php?rest_route=\/wp\/v2\/types\/page"}],"author":[{"embeddable":true,"href":"http:\/\/10.10.1.232\/wordpress\/index.php?rest_route=\/wp\/v2\/users\/11"}],"replies":[{"embeddable":true,"href":"http:\/\/10.10.1.232\/wordpress\/index.php?rest_route=%2Fwp%2Fv2%2Fcomments&post=21149"}],"version-history":[{"count":10,"href":"http:\/\/10.10.1.232\/wordpress\/index.php?rest_route=\/wp\/v2\/pages\/21149\/revisions"}],"predecessor-version":[{"id":22421,"href":"http:\/\/10.10.1.232\/wordpress\/index.php?rest_route=\/wp\/v2\/pages\/21149\/revisions\/22421"}],"wp:attachment":[{"href":"http:\/\/10.10.1.232\/wordpress\/index.php?rest_route=%2Fwp%2Fv2%2Fmedia&parent=21149"}],"curies":[{"name":"wp","href":"https:\/\/api.w.org\/{rel}","templated":true}]}}