{"id":21118,"date":"2024-12-16T15:36:54","date_gmt":"2024-12-16T18:36:54","guid":{"rendered":"http:\/\/10.10.1.232\/wordpress\/?page_id=21118"},"modified":"2025-05-19T10:19:43","modified_gmt":"2025-05-19T13:19:43","slug":"exposicoes-2","status":"publish","type":"page","link":"http:\/\/10.10.1.232\/wordpress\/?page_id=21118","title":{"rendered":"SALA MEMORIAL"},"content":{"rendered":"\t\t<div data-elementor-type=\"wp-page\" data-elementor-id=\"21118\" class=\"elementor elementor-21118\">\n\t\t\t\t\t\t<section class=\"elementor-section elementor-top-section elementor-element elementor-element-a940c33 elementor-section-boxed elementor-section-height-default elementor-section-height-default\" data-id=\"a940c33\" data-element_type=\"section\">\n\t\t\t\t\t\t<div class=\"elementor-container elementor-column-gap-default\">\n\t\t\t\t\t<div class=\"elementor-column elementor-col-100 elementor-top-column elementor-element elementor-element-383eb5a\" data-id=\"383eb5a\" data-element_type=\"column\">\n\t\t\t<div class=\"elementor-widget-wrap elementor-element-populated\">\n\t\t\t\t\t\t<div class=\"elementor-element elementor-element-19c92b1 elementor-widget elementor-widget-spacer\" data-id=\"19c92b1\" data-element_type=\"widget\" data-widget_type=\"spacer.default\">\n\t\t\t\t<div class=\"elementor-widget-container\">\n\t\t\t\t\t\t\t<div class=\"elementor-spacer\">\n\t\t\t<div class=\"elementor-spacer-inner\"><\/div>\n\t\t<\/div>\n\t\t\t\t\t\t<\/div>\n\t\t\t\t<\/div>\n\t\t\t\t\t<\/div>\n\t\t<\/div>\n\t\t\t\t\t<\/div>\n\t\t<\/section>\n\t\t\t\t<section class=\"elementor-section elementor-top-section elementor-element elementor-element-59fd6f6 elementor-section-boxed elementor-section-height-default elementor-section-height-default\" data-id=\"59fd6f6\" data-element_type=\"section\">\n\t\t\t\t\t\t<div class=\"elementor-container elementor-column-gap-default\">\n\t\t\t\t\t<div class=\"elementor-column elementor-col-100 elementor-top-column elementor-element elementor-element-aea8628\" data-id=\"aea8628\" data-element_type=\"column\">\n\t\t\t<div class=\"elementor-widget-wrap elementor-element-populated\">\n\t\t\t\t\t\t<div class=\"elementor-element elementor-element-de7eac5 elementor-widget elementor-widget-heading\" data-id=\"de7eac5\" data-element_type=\"widget\" data-widget_type=\"heading.default\">\n\t\t\t\t<div class=\"elementor-widget-container\">\n\t\t\t\t\t<h2 class=\"elementor-heading-title elementor-size-default\"><b>SALA MEMORIAL<\/b><\/h2>\t\t\t\t<\/div>\n\t\t\t\t<\/div>\n\t\t\t\t\t<\/div>\n\t\t<\/div>\n\t\t\t\t\t<\/div>\n\t\t<\/section>\n\t\t\t\t<section class=\"elementor-section elementor-top-section elementor-element elementor-element-585fe3e elementor-section-boxed elementor-section-height-default elementor-section-height-default\" data-id=\"585fe3e\" data-element_type=\"section\">\n\t\t\t\t\t\t<div class=\"elementor-container elementor-column-gap-default\">\n\t\t\t\t\t<div class=\"elementor-column elementor-col-100 elementor-top-column elementor-element elementor-element-211d439\" data-id=\"211d439\" data-element_type=\"column\">\n\t\t\t<div class=\"elementor-widget-wrap\">\n\t\t\t\t\t\t\t<\/div>\n\t\t<\/div>\n\t\t\t\t\t<\/div>\n\t\t<\/section>\n\t\t\t\t<section class=\"elementor-section elementor-top-section elementor-element elementor-element-372a1b6 elementor-section-boxed elementor-section-height-default elementor-section-height-default\" data-id=\"372a1b6\" data-element_type=\"section\">\n\t\t\t\t\t\t<div class=\"elementor-container elementor-column-gap-default\">\n\t\t\t\t\t<div class=\"elementor-column elementor-col-100 elementor-top-column elementor-element elementor-element-53acb13\" data-id=\"53acb13\" data-element_type=\"column\">\n\t\t\t<div class=\"elementor-widget-wrap elementor-element-populated\">\n\t\t\t\t\t\t<div class=\"elementor-element elementor-element-4819f99 elementor-arrows-position-inside elementor-pagination-position-outside elementor-widget elementor-widget-image-carousel\" data-id=\"4819f99\" data-element_type=\"widget\" data-settings=\"{&quot;slides_to_show&quot;:&quot;1&quot;,&quot;navigation&quot;:&quot;both&quot;,&quot;autoplay&quot;:&quot;yes&quot;,&quot;pause_on_hover&quot;:&quot;yes&quot;,&quot;pause_on_interaction&quot;:&quot;yes&quot;,&quot;autoplay_speed&quot;:5000,&quot;infinite&quot;:&quot;yes&quot;,&quot;effect&quot;:&quot;slide&quot;,&quot;speed&quot;:500}\" data-widget_type=\"image-carousel.default\">\n\t\t\t\t<div class=\"elementor-widget-container\">\n\t\t\t\t\t\t\t<div class=\"elementor-image-carousel-wrapper swiper\" role=\"region\" aria-roledescription=\"carousel\" aria-label=\"Carrossel de imagens\" dir=\"ltr\">\n\t\t\t<div class=\"elementor-image-carousel swiper-wrapper swiper-image-stretch\" aria-live=\"off\">\n\t\t\t\t\t\t\t\t<div class=\"swiper-slide\" role=\"group\" aria-roledescription=\"slide\" aria-label=\"1 de 15\"><figure class=\"swiper-slide-inner\"><img decoding=\"async\" class=\"swiper-slide-image\" src=\"http:\/\/10.10.1.232\/wordpress\/wp-content\/uploads\/2025\/05\/Design-sem-nome-58.png\" alt=\"Entrada para as salas de Exposi\u00e7\u00e3o do Centro de Mem\u00f3ria da Justi\u00e7a Eleitoral de Goi\u00e1s - &quot;Entre o Pensar e o Poder&quot;\" \/><figcaption class=\"elementor-image-carousel-caption\">Entrada para as salas de Exposi\u00e7\u00e3o do Centro de Mem\u00f3ria da Justi\u00e7a Eleitoral de Goi\u00e1s - \"Entre o Pensar e o Poder\"<\/figcaption><\/figure><\/div><div class=\"swiper-slide\" role=\"group\" aria-roledescription=\"slide\" aria-label=\"2 de 15\"><figure class=\"swiper-slide-inner\"><img decoding=\"async\" class=\"swiper-slide-image\" src=\"http:\/\/10.10.1.232\/wordpress\/wp-content\/uploads\/2025\/05\/Design-sem-nome-57.png\" alt=\"Vista Frontal Sala Memorial\" \/><figcaption class=\"elementor-image-carousel-caption\">Vista Frontal Sala Memorial <\/figcaption><\/figure><\/div><div class=\"swiper-slide\" role=\"group\" aria-roledescription=\"slide\" aria-label=\"3 de 15\"><figure class=\"swiper-slide-inner\"><img decoding=\"async\" class=\"swiper-slide-image\" src=\"http:\/\/10.10.1.232\/wordpress\/wp-content\/uploads\/2025\/05\/Design-sem-nome-56.png\" alt=\"Vista Diagonal Sala Memorial\" \/><figcaption class=\"elementor-image-carousel-caption\">Vista Diagonal Sala Memorial <\/figcaption><\/figure><\/div><div class=\"swiper-slide\" role=\"group\" aria-roledescription=\"slide\" aria-label=\"4 de 15\"><figure class=\"swiper-slide-inner\"><img decoding=\"async\" class=\"swiper-slide-image\" src=\"http:\/\/10.10.1.232\/wordpress\/wp-content\/uploads\/2025\/05\/Design-sem-nome-55.png\" alt=\"Vista Diagonal Sala Memorial\" \/><figcaption class=\"elementor-image-carousel-caption\">Vista Diagonal Sala Memorial <\/figcaption><\/figure><\/div><div class=\"swiper-slide\" role=\"group\" aria-roledescription=\"slide\" aria-label=\"5 de 15\"><figure class=\"swiper-slide-inner\"><img decoding=\"async\" class=\"swiper-slide-image\" src=\"http:\/\/10.10.1.232\/wordpress\/wp-content\/uploads\/2025\/05\/Design-sem-nome-54.png\" alt=\"Arm\u00e1rio Antigo contendo objetos em exposi\u00e7\u00e3o\" \/><figcaption class=\"elementor-image-carousel-caption\">Arm\u00e1rio Antigo contendo objetos em exposi\u00e7\u00e3o<\/figcaption><\/figure><\/div><div class=\"swiper-slide\" role=\"group\" aria-roledescription=\"slide\" aria-label=\"6 de 15\"><figure class=\"swiper-slide-inner\"><img decoding=\"async\" class=\"swiper-slide-image\" src=\"http:\/\/10.10.1.232\/wordpress\/wp-content\/uploads\/2025\/05\/Design-sem-nome-53.png\" alt=\"Livros cedidos pela Biblioteca Valdo Teixeira para exposi\u00e7\u00e3o\" \/><figcaption class=\"elementor-image-carousel-caption\">Livros cedidos pela Biblioteca Valdo Teixeira para exposi\u00e7\u00e3o<\/figcaption><\/figure><\/div><div class=\"swiper-slide\" role=\"group\" aria-roledescription=\"slide\" aria-label=\"7 de 15\"><figure class=\"swiper-slide-inner\"><img decoding=\"async\" class=\"swiper-slide-image\" src=\"http:\/\/10.10.1.232\/wordpress\/wp-content\/uploads\/2025\/05\/Design-sem-nome-52.png\" alt=\"Medalha da Comenda de M\u00e9rito Eleitora Eleitoral Desembargador Jorge de Morais Jardim\" \/><figcaption class=\"elementor-image-carousel-caption\">Medalha da Comenda de M\u00e9rito Eleitora Eleitoral Desembargador Jorge de Morais Jardim<\/figcaption><\/figure><\/div><div class=\"swiper-slide\" role=\"group\" aria-roledescription=\"slide\" aria-label=\"8 de 15\"><figure class=\"swiper-slide-inner\"><img decoding=\"async\" class=\"swiper-slide-image\" src=\"http:\/\/10.10.1.232\/wordpress\/wp-content\/uploads\/2025\/05\/Design-sem-nome-43.png\" alt=\"Pr\u00eamios da Mem\u00f3ria CNJ 2025\" \/><figcaption class=\"elementor-image-carousel-caption\">Pr\u00eamios da Mem\u00f3ria CNJ 2025 <\/figcaption><\/figure><\/div><div class=\"swiper-slide\" role=\"group\" aria-roledescription=\"slide\" aria-label=\"9 de 15\"><figure class=\"swiper-slide-inner\"><img decoding=\"async\" class=\"swiper-slide-image\" src=\"http:\/\/10.10.1.232\/wordpress\/wp-content\/uploads\/2025\/05\/Design-sem-nome-42.png\" alt=\"Linha do Tempo da Justi\u00e7a Eleitoral\" \/><figcaption class=\"elementor-image-carousel-caption\">Linha do Tempo da Justi\u00e7a Eleitoral<\/figcaption><\/figure><\/div><div class=\"swiper-slide\" role=\"group\" aria-roledescription=\"slide\" aria-label=\"10 de 15\"><figure class=\"swiper-slide-inner\"><img decoding=\"async\" class=\"swiper-slide-image\" src=\"http:\/\/10.10.1.232\/wordpress\/wp-content\/uploads\/2025\/05\/Design-sem-nome-59.png\" alt=\"Linha sucess\u00f3ria da composi\u00e7\u00e3o Plen\u00e1ria do TRE-GO\" \/><figcaption class=\"elementor-image-carousel-caption\">Linha sucess\u00f3ria da composi\u00e7\u00e3o Plen\u00e1ria do TRE-GO<\/figcaption><\/figure><\/div><div class=\"swiper-slide\" role=\"group\" aria-roledescription=\"slide\" aria-label=\"11 de 15\"><figure class=\"swiper-slide-inner\"><img decoding=\"async\" class=\"swiper-slide-image\" src=\"http:\/\/10.10.1.232\/wordpress\/wp-content\/uploads\/2025\/05\/Design-sem-nome-62-1.png\" alt=\"Cabideiro utilizado no Gabinete da Diretoria-Geral 2\" \/><figcaption class=\"elementor-image-carousel-caption\">Cabideiro utilizado no Gabinete da Diretoria-Geral 2<\/figcaption><\/figure><\/div><div class=\"swiper-slide\" role=\"group\" aria-roledescription=\"slide\" aria-label=\"12 de 15\"><figure class=\"swiper-slide-inner\"><img decoding=\"async\" class=\"swiper-slide-image\" src=\"http:\/\/10.10.1.232\/wordpress\/wp-content\/uploads\/2025\/05\/Design-sem-nome-61-1.png\" alt=\"Cabideiro utilizado no Gabinete da Diretoria-Geral 1\" \/><figcaption class=\"elementor-image-carousel-caption\">Cabideiro utilizado no Gabinete da Diretoria-Geral 1<\/figcaption><\/figure><\/div><div class=\"swiper-slide\" role=\"group\" aria-roledescription=\"slide\" aria-label=\"13 de 15\"><figure class=\"swiper-slide-inner\"><img decoding=\"async\" class=\"swiper-slide-image\" src=\"http:\/\/10.10.1.232\/wordpress\/wp-content\/uploads\/2025\/05\/Design-sem-nome-60-1.png\" alt=\"Mobili\u00e1rio do Antigo Plen\u00e1rio do Tribunal Regional Eleitoral de Goi\u00e1s, Utilizado n\u00f3s anos de 1945 a 1990 5\" \/><figcaption class=\"elementor-image-carousel-caption\">Mobili\u00e1rio do Antigo Plen\u00e1rio do Tribunal Regional Eleitoral de Goi\u00e1s, Utilizado n\u00f3s anos de 1945 a 1990 5<\/figcaption><\/figure><\/div><div class=\"swiper-slide\" role=\"group\" aria-roledescription=\"slide\" aria-label=\"14 de 15\"><figure class=\"swiper-slide-inner\"><img decoding=\"async\" class=\"swiper-slide-image\" src=\"http:\/\/10.10.1.232\/wordpress\/wp-content\/uploads\/2025\/05\/Design-sem-nome-64.png\" alt=\"Toga do Pleno Traje usado por Desembargadores e Ju\u00edzes no Tribunal Pleno\" \/><figcaption class=\"elementor-image-carousel-caption\">Toga do Pleno Traje usado por Desembargadores e Ju\u00edzes no Tribunal Pleno<\/figcaption><\/figure><\/div><div class=\"swiper-slide\" role=\"group\" aria-roledescription=\"slide\" aria-label=\"15 de 15\"><figure class=\"swiper-slide-inner\"><img decoding=\"async\" class=\"swiper-slide-image\" src=\"http:\/\/10.10.1.232\/wordpress\/wp-content\/uploads\/2025\/05\/Design-sem-nome-63.png\" alt=\"Ficha t\u00e9cnica da Exposi\u00e7\u00e3o Entre o Pensar e o Poder\" \/><figcaption class=\"elementor-image-carousel-caption\">Ficha t\u00e9cnica da Exposi\u00e7\u00e3o Entre o Pensar e o Poder<\/figcaption><\/figure><\/div>\t\t\t<\/div>\n\t\t\t\t\t\t\t\t\t\t\t\t<div class=\"elementor-swiper-button elementor-swiper-button-prev\" role=\"button\" tabindex=\"0\">\n\t\t\t\t\t\t<i aria-hidden=\"true\" class=\"eicon-chevron-left\"><\/i>\t\t\t\t\t<\/div>\n\t\t\t\t\t<div class=\"elementor-swiper-button elementor-swiper-button-next\" role=\"button\" tabindex=\"0\">\n\t\t\t\t\t\t<i aria-hidden=\"true\" class=\"eicon-chevron-right\"><\/i>\t\t\t\t\t<\/div>\n\t\t\t\t\n\t\t\t\t\t\t\t\t\t<div class=\"swiper-pagination\"><\/div>\n\t\t\t\t\t\t\t\t\t<\/div>\n\t\t\t\t\t\t<\/div>\n\t\t\t\t<\/div>\n\t\t\t\t\t<\/div>\n\t\t<\/div>\n\t\t\t\t\t<\/div>\n\t\t<\/section>\n\t\t\t\t<section class=\"elementor-section elementor-top-section elementor-element elementor-element-a96abe6 elementor-section-boxed elementor-section-height-default elementor-section-height-default\" data-id=\"a96abe6\" data-element_type=\"section\">\n\t\t\t\t\t\t<div class=\"elementor-container elementor-column-gap-default\">\n\t\t\t\t\t<div class=\"elementor-column elementor-col-100 elementor-top-column elementor-element elementor-element-fa57a70\" data-id=\"fa57a70\" data-element_type=\"column\">\n\t\t\t<div class=\"elementor-widget-wrap\">\n\t\t\t\t\t\t\t<\/div>\n\t\t<\/div>\n\t\t\t\t\t<\/div>\n\t\t<\/section>\n\t\t\t\t<\/div>\n\t\t","protected":false},"excerpt":{"rendered":"<p>SALA MEMORIAL Entrada para as salas de Exposi\u00e7\u00e3o do Centro de Mem\u00f3ria da Justi\u00e7a Eleitoral de Goi\u00e1s &#8211; &#8220;Entre o Pensar e o Poder&#8221; Vista Frontal Sala Memorial Vista Diagonal Sala Memorial Vista Diagonal Sala Memorial Arm\u00e1rio Antigo contendo objetos em exposi\u00e7\u00e3o Livros cedidos pela Biblioteca Valdo Teixeira para exposi\u00e7\u00e3o Medalha da Comenda de M\u00e9rito [&hellip;]<\/p>\n","protected":false},"author":11,"featured_media":0,"parent":0,"menu_order":0,"comment_status":"closed","ping_status":"closed","template":"","meta":{"site-sidebar-layout":"no-sidebar","site-content-layout":"page-builder","ast-site-content-layout":"default","site-content-style":"default","site-sidebar-style":"default","ast-global-header-display":"","ast-banner-title-visibility":"","ast-main-header-display":"","ast-hfb-above-header-display":"","ast-hfb-below-header-display":"","ast-hfb-mobile-header-display":"","site-post-title":"disabled","ast-breadcrumbs-content":"","ast-featured-img":"disabled","footer-sml-layout":"","theme-transparent-header-meta":"enabled","adv-header-id-meta":"","stick-header-meta":"","header-above-stick-meta":"","header-main-stick-meta":"","header-below-stick-meta":"","astra-migrate-meta-layouts":"default","ast-page-background-enabled":"default","ast-page-background-meta":{"desktop":{"background-color":"var(--ast-global-color-4)","background-image":"","background-repeat":"repeat","background-position":"center center","background-size":"auto","background-attachment":"scroll","background-type":"","background-media":"","overlay-type":"","overlay-color":"","overlay-opacity":"","overlay-gradient":""},"tablet":{"background-color":"","background-image":"","background-repeat":"repeat","background-position":"center center","background-size":"auto","background-attachment":"scroll","background-type":"","background-media":"","overlay-type":"","overlay-color":"","overlay-opacity":"","overlay-gradient":""},"mobile":{"background-color":"","background-image":"","background-repeat":"repeat","background-position":"center center","background-size":"auto","background-attachment":"scroll","background-type":"","background-media":"","overlay-type":"","overlay-color":"","overlay-opacity":"","overlay-gradient":""}},"ast-content-background-meta":{"desktop":{"background-color":"var(--ast-global-color-5)","background-image":"","background-repeat":"repeat","background-position":"center center","background-size":"auto","background-attachment":"scroll","background-type":"","background-media":"","overlay-type":"","overlay-color":"","overlay-opacity":"","overlay-gradient":""},"tablet":{"background-color":"var(--ast-global-color-5)","background-image":"","background-repeat":"repeat","background-position":"center center","background-size":"auto","background-attachment":"scroll","background-type":"","background-media":"","overlay-type":"","overlay-color":"","overlay-opacity":"","overlay-gradient":""},"mobile":{"background-color":"var(--ast-global-color-5)","background-image":"","background-repeat":"repeat","background-position":"center center","background-size":"auto","background-attachment":"scroll","background-type":"","background-media":"","overlay-type":"","overlay-color":"","overlay-opacity":"","overlay-gradient":""}},"footnotes":""},"class_list":["post-21118","page","type-page","status-publish","hentry"],"_links":{"self":[{"href":"http:\/\/10.10.1.232\/wordpress\/index.php?rest_route=\/wp\/v2\/pages\/21118","targetHints":{"allow":["GET"]}}],"collection":[{"href":"http:\/\/10.10.1.232\/wordpress\/index.php?rest_route=\/wp\/v2\/pages"}],"about":[{"href":"http:\/\/10.10.1.232\/wordpress\/index.php?rest_route=\/wp\/v2\/types\/page"}],"author":[{"embeddable":true,"href":"http:\/\/10.10.1.232\/wordpress\/index.php?rest_route=\/wp\/v2\/users\/11"}],"replies":[{"embeddable":true,"href":"http:\/\/10.10.1.232\/wordpress\/index.php?rest_route=%2Fwp%2Fv2%2Fcomments&post=21118"}],"version-history":[{"count":19,"href":"http:\/\/10.10.1.232\/wordpress\/index.php?rest_route=\/wp\/v2\/pages\/21118\/revisions"}],"predecessor-version":[{"id":22381,"href":"http:\/\/10.10.1.232\/wordpress\/index.php?rest_route=\/wp\/v2\/pages\/21118\/revisions\/22381"}],"wp:attachment":[{"href":"http:\/\/10.10.1.232\/wordpress\/index.php?rest_route=%2Fwp%2Fv2%2Fmedia&parent=21118"}],"curies":[{"name":"wp","href":"https:\/\/api.w.org\/{rel}","templated":true}]}}