{"id":20541,"date":"2024-06-04T14:56:36","date_gmt":"2024-06-04T17:56:36","guid":{"rendered":"http:\/\/10.10.1.232\/wordpress\/?page_id=20541"},"modified":"2024-06-04T15:36:49","modified_gmt":"2024-06-04T18:36:49","slug":"iii-semana-da-memoria-cidade-de-goias-sedia-encerramento-da-iii-semana-da-memoria","status":"publish","type":"page","link":"http:\/\/10.10.1.232\/wordpress\/?page_id=20541","title":{"rendered":"III Semana da Mem\u00f3ria &#8211; Cidade de Goi\u00e1s sedia encerramento da III Semana da Mem\u00f3ria"},"content":{"rendered":"\t\t<div data-elementor-type=\"wp-page\" data-elementor-id=\"20541\" class=\"elementor elementor-20541\">\n\t\t\t\t\t\t<section class=\"elementor-section elementor-top-section elementor-element elementor-element-c8ddeb6 elementor-section-height-min-height elementor-section-boxed elementor-section-height-default elementor-section-items-middle\" data-id=\"c8ddeb6\" data-element_type=\"section\" data-settings=\"{&quot;background_background&quot;:&quot;classic&quot;}\">\n\t\t\t\t\t\t\t<div class=\"elementor-background-overlay\"><\/div>\n\t\t\t\t\t\t\t<div class=\"elementor-container elementor-column-gap-default\">\n\t\t\t\t\t<div class=\"elementor-column elementor-col-100 elementor-top-column elementor-element elementor-element-6a5337e\" data-id=\"6a5337e\" data-element_type=\"column\">\n\t\t\t<div class=\"elementor-widget-wrap elementor-element-populated\">\n\t\t\t\t\t\t\t<\/div>\n\t\t<\/div>\n\t\t\t\t\t<\/div>\n\t\t<\/section>\n\t\t\t\t<section class=\"elementor-section elementor-top-section elementor-element elementor-element-ae3664b elementor-section-boxed elementor-section-height-default elementor-section-height-default\" data-id=\"ae3664b\" data-element_type=\"section\">\n\t\t\t\t\t\t<div class=\"elementor-container elementor-column-gap-default\">\n\t\t\t\t\t<div class=\"elementor-column elementor-col-100 elementor-top-column elementor-element elementor-element-18ea5ac\" data-id=\"18ea5ac\" data-element_type=\"column\">\n\t\t\t<div class=\"elementor-widget-wrap elementor-element-populated\">\n\t\t\t\t\t\t<div class=\"elementor-element elementor-element-a569c8a elementor-widget elementor-widget-spacer\" data-id=\"a569c8a\" data-element_type=\"widget\" data-widget_type=\"spacer.default\">\n\t\t\t\t<div class=\"elementor-widget-container\">\n\t\t\t\t\t\t\t<div class=\"elementor-spacer\">\n\t\t\t<div class=\"elementor-spacer-inner\"><\/div>\n\t\t<\/div>\n\t\t\t\t\t\t<\/div>\n\t\t\t\t<\/div>\n\t\t\t\t<div class=\"elementor-element elementor-element-882cec9 elementor-widget elementor-widget-button\" data-id=\"882cec9\" data-element_type=\"widget\" data-widget_type=\"button.default\">\n\t\t\t\t<div class=\"elementor-widget-container\">\n\t\t\t\t\t\t\t\t\t<div class=\"elementor-button-wrapper\">\n\t\t\t\t\t<a class=\"elementor-button elementor-button-link elementor-size-sm\" href=\"http:\/\/10.10.1.232\/wordpress\/?page_id=20492\">\n\t\t\t\t\t\t<span class=\"elementor-button-content-wrapper\">\n\t\t\t\t\t\t<span class=\"elementor-button-icon\">\n\t\t\t\t<i aria-hidden=\"true\" class=\"fas fa-angle-double-left\"><\/i>\t\t\t<\/span>\n\t\t\t\t\t\t\t\t\t<span class=\"elementor-button-text\">Voltar para III Semana da Mem\u00f3ria<\/span>\n\t\t\t\t\t<\/span>\n\t\t\t\t\t<\/a>\n\t\t\t\t<\/div>\n\t\t\t\t\t\t\t\t<\/div>\n\t\t\t\t<\/div>\n\t\t\t\t\t<\/div>\n\t\t<\/div>\n\t\t\t\t\t<\/div>\n\t\t<\/section>\n\t\t\t\t<section class=\"elementor-section elementor-top-section elementor-element elementor-element-e4a418e elementor-section-boxed elementor-section-height-default elementor-section-height-default\" data-id=\"e4a418e\" data-element_type=\"section\">\n\t\t\t\t\t\t<div class=\"elementor-container elementor-column-gap-default\">\n\t\t\t\t\t<div class=\"elementor-column elementor-col-100 elementor-top-column elementor-element elementor-element-2305793\" data-id=\"2305793\" data-element_type=\"column\">\n\t\t\t<div class=\"elementor-widget-wrap elementor-element-populated\">\n\t\t\t\t\t\t<div class=\"elementor-element elementor-element-13a036d elementor-widget elementor-widget-spacer\" data-id=\"13a036d\" data-element_type=\"widget\" data-widget_type=\"spacer.default\">\n\t\t\t\t<div class=\"elementor-widget-container\">\n\t\t\t\t\t\t\t<div class=\"elementor-spacer\">\n\t\t\t<div class=\"elementor-spacer-inner\"><\/div>\n\t\t<\/div>\n\t\t\t\t\t\t<\/div>\n\t\t\t\t<\/div>\n\t\t\t\t<div class=\"elementor-element elementor-element-c18c63f elementor-widget elementor-widget-heading\" data-id=\"c18c63f\" data-element_type=\"widget\" data-widget_type=\"heading.default\">\n\t\t\t\t<div class=\"elementor-widget-container\">\n\t\t\t\t\t<h2 class=\"elementor-heading-title elementor-size-default\"><h2>Cidade de Goi\u00e1s sedia encerramento da III Semana da Mem\u00f3ria<\/h2><\/h2>\t\t\t\t<\/div>\n\t\t\t\t<\/div>\n\t\t\t\t<div class=\"elementor-element elementor-element-4bf5ff7 elementor-widget elementor-widget-heading\" data-id=\"4bf5ff7\" data-element_type=\"widget\" data-widget_type=\"heading.default\">\n\t\t\t\t<div class=\"elementor-widget-container\">\n\t\t\t\t\t<h6 class=\"elementor-heading-title elementor-size-default\">Solenidade marca o lan\u00e7amento de livro sobre o in\u00edcio da Justi\u00e7a Eleitoral no estado<\/h6>\t\t\t\t<\/div>\n\t\t\t\t<\/div>\n\t\t\t\t<div class=\"elementor-element elementor-element-7079f20 elementor-widget elementor-widget-spacer\" data-id=\"7079f20\" data-element_type=\"widget\" data-widget_type=\"spacer.default\">\n\t\t\t\t<div class=\"elementor-widget-container\">\n\t\t\t\t\t\t\t<div class=\"elementor-spacer\">\n\t\t\t<div class=\"elementor-spacer-inner\"><\/div>\n\t\t<\/div>\n\t\t\t\t\t\t<\/div>\n\t\t\t\t<\/div>\n\t\t\t\t<div class=\"elementor-element elementor-element-9d55844 elementor-arrows-position-inside elementor-pagination-position-outside elementor-widget elementor-widget-image-carousel\" data-id=\"9d55844\" data-element_type=\"widget\" data-settings=\"{&quot;slides_to_show&quot;:&quot;1&quot;,&quot;navigation&quot;:&quot;both&quot;,&quot;autoplay&quot;:&quot;yes&quot;,&quot;pause_on_hover&quot;:&quot;yes&quot;,&quot;pause_on_interaction&quot;:&quot;yes&quot;,&quot;autoplay_speed&quot;:5000,&quot;infinite&quot;:&quot;yes&quot;,&quot;effect&quot;:&quot;slide&quot;,&quot;speed&quot;:500}\" data-widget_type=\"image-carousel.default\">\n\t\t\t\t<div class=\"elementor-widget-container\">\n\t\t\t\t\t\t\t<div class=\"elementor-image-carousel-wrapper swiper\" role=\"region\" aria-roledescription=\"carousel\" aria-label=\"Carrossel de imagens\" dir=\"ltr\">\n\t\t\t<div class=\"elementor-image-carousel swiper-wrapper\" aria-live=\"off\">\n\t\t\t\t\t\t\t\t<div class=\"swiper-slide\" role=\"group\" aria-roledescription=\"slide\" aria-label=\"1 de 4\"><figure class=\"swiper-slide-inner\"><img decoding=\"async\" class=\"swiper-slide-image\" src=\"http:\/\/10.10.1.232\/wordpress\/wp-content\/uploads\/2024\/06\/12.jpeg\" alt=\"12\" \/><\/figure><\/div><div class=\"swiper-slide\" role=\"group\" aria-roledescription=\"slide\" aria-label=\"2 de 4\"><figure class=\"swiper-slide-inner\"><img decoding=\"async\" class=\"swiper-slide-image\" src=\"http:\/\/10.10.1.232\/wordpress\/wp-content\/uploads\/2024\/06\/13.jpg\" alt=\"13\" \/><\/figure><\/div><div class=\"swiper-slide\" role=\"group\" aria-roledescription=\"slide\" aria-label=\"3 de 4\"><figure class=\"swiper-slide-inner\"><img decoding=\"async\" class=\"swiper-slide-image\" src=\"http:\/\/10.10.1.232\/wordpress\/wp-content\/uploads\/2024\/06\/14.jpg\" alt=\"14\" \/><\/figure><\/div><div class=\"swiper-slide\" role=\"group\" aria-roledescription=\"slide\" aria-label=\"4 de 4\"><figure class=\"swiper-slide-inner\"><img decoding=\"async\" class=\"swiper-slide-image\" src=\"http:\/\/10.10.1.232\/wordpress\/wp-content\/uploads\/2024\/06\/15.jpg\" alt=\"15\" \/><\/figure><\/div>\t\t\t<\/div>\n\t\t\t\t\t\t\t\t\t\t\t\t<div class=\"elementor-swiper-button elementor-swiper-button-prev\" role=\"button\" tabindex=\"0\">\n\t\t\t\t\t\t<i aria-hidden=\"true\" class=\"eicon-chevron-left\"><\/i>\t\t\t\t\t<\/div>\n\t\t\t\t\t<div class=\"elementor-swiper-button elementor-swiper-button-next\" role=\"button\" tabindex=\"0\">\n\t\t\t\t\t\t<i aria-hidden=\"true\" class=\"eicon-chevron-right\"><\/i>\t\t\t\t\t<\/div>\n\t\t\t\t\n\t\t\t\t\t\t\t\t\t<div class=\"swiper-pagination\"><\/div>\n\t\t\t\t\t\t\t\t\t<\/div>\n\t\t\t\t\t\t<\/div>\n\t\t\t\t<\/div>\n\t\t\t\t<div class=\"elementor-element elementor-element-5ccecb1 elementor-widget elementor-widget-text-editor\" data-id=\"5ccecb1\" data-element_type=\"widget\" data-widget_type=\"text-editor.default\">\n\t\t\t\t<div class=\"elementor-widget-container\">\n\t\t\t\t\t\t\t\t\t<p>O encerramento da III Semana da Mem\u00f3ria do Poder Judici\u00e1rio Goiano aconteceu na manh\u00e3 de hoje (17), no Centro de Mem\u00f3ria e Cultura Desembargador Maximiano da Mata Teixeira na cidade de Goi\u00e1s, com a presen\u00e7a de representantes do Tribunal Regional Eleitoral de Goi\u00e1s (TRE-GO), Tribunal Regional do Trabalho da 18\u00aa Regi\u00e3o (TRT-18) e Tribunal de Justi\u00e7a do Estado de Goi\u00e1s (TJGO).<\/p><p>\u00a0<\/p><p>\u00a0<\/p><p>O desembargador Itaney Campos, integrante da Comiss\u00e3o Permanente de Mem\u00f3ria e Cultura do TJGO e ex-presidente do TRE-GO, abriu a solenidade discursando sobre a valoriza\u00e7\u00e3o do patrim\u00f4nio imaterial. Ao rememorar o jurista que nomeia o centro de mem\u00f3ria do Poder Judici\u00e1rio na antiga capital do estado, Campos celebrou a uni\u00e3o entre as institui\u00e7\u00f5es na miss\u00e3o de preserva\u00e7\u00e3o da mem\u00f3ria institucional. \u201c(&#8230;) que haja por parte dessas institui\u00e7\u00f5es do Poder judici\u00e1rio o cultivo, a valoriza\u00e7\u00e3o, a preserva\u00e7\u00e3o da mem\u00f3ria institucional, que na verdade \u00e9 um mecanismo de promo\u00e7\u00e3o da cidadania, e nessa perspectiva, a instala\u00e7\u00e3o, a valoriza\u00e7\u00e3o dos locais de mem\u00f3ria tamb\u00e9m se integram nesse mesmo movimento no sentido de que a sociedade conhe\u00e7a, reconhe\u00e7a o seu passado e construa o seu futuro sob essa perspectiva\u201d, afirmou o desembargador.<\/p><p>\u00a0<\/p><p>\u00a0<\/p><p>\u201cA cidade de Goi\u00e1s, com seu rico patrim\u00f4nio hist\u00f3rico, nos lembra diariamente da import\u00e2ncia de manter viva a nossa hist\u00f3ria. As pedras de suas ruas e os muros de suas casas contam hist\u00f3rias que moldaram a identidade de nossa sociedade (&#8230;) neste lugar, onde a hist\u00f3ria ecoa em cada canto, reafirmamos nosso compromisso com a preserva\u00e7\u00e3o da mem\u00f3ria do Poder Judici\u00e1rio\u201d, proferiu o presidente da Comiss\u00e3o de Gest\u00e3o da Mem\u00f3ria e Cultura da Justi\u00e7a Eleitoral goiana, o juiz-ouvidor M\u00e1rcio Moraes J\u00fanior.<\/p><p>\u00a0<\/p><p>\u00a0<\/p><p>Ao exaltar a obra \u201cPrimeira Fase da Justi\u00e7a Eleitoral em Goi\u00e1s\u201d, lan\u00e7ada na solenidade, como s\u00edmbolo material da preserva\u00e7\u00e3o da mem\u00f3ria institucional, o jurista refor\u00e7ou a parceria dos tribunais, a fim de garantir \u201cque as li\u00e7\u00f5es do passado iluminem nosso caminho rumo a um futuro de justi\u00e7a e equidade para todos\u201d.<\/p><p>\u00a0<\/p><p>\u00a0<\/p><p>O representante do Regional Trabalhista, desembargador Elv\u00e9cio Moura, e o integrante da Comiss\u00e3o Permanente da Mem\u00f3ria e Cultura do Tribunal de Justi\u00e7a, professor Nars Chaul, tamb\u00e9m se pronunciaram quanto \u00e0 import\u00e2ncia da conserva\u00e7\u00e3o da mem\u00f3ria.<\/p><p>\u00a0<\/p><p>\u00a0<\/p><p><strong>Produ\u00e7\u00f5es<\/strong><\/p><p><strong>\u00a0<\/strong><\/p><p>A terceira edi\u00e7\u00e3o da Semana da Mem\u00f3ria do Poder Judici\u00e1rio Goiano foi conclu\u00edda com a apresenta\u00e7\u00e3o de produ\u00e7\u00f5es historiogr\u00e1ficas dos tr\u00eas tribunais. A Justi\u00e7a Eleitoral contribuiu com o lan\u00e7amento do livro \u201cPrimeira Fase da Justi\u00e7a Eleitoral em Goi\u00e1s\u201d, feito em parceria com a Universidade de S\u00e3o Paulo (USP), a Funda\u00e7\u00e3o Get\u00falio Vargas (FGV) e a Universidade Federal de Goi\u00e1s (UFG).<\/p><p>\u00a0<\/p><p>Apresentado pelos organizadores da obra, o cientista social e professor da Universidade de S\u00e3o Paulo (USP), Paolo Ricci, e a cientista social Jaqueline Porto Zulini, da Funda\u00e7\u00e3o Get\u00falio Vargas (FGV), a obra discorre sobre o desenvolvimento da Justi\u00e7a Eleitoral entre os anos de 1932 e 1937. \u201cDe certa forma, o desafio dessa obra \u00e9 que se inicia com uma inspira\u00e7\u00e3o de um projeto que a gente come\u00e7ava a desenvolver pelo Tribunal Superior Eleitoral, de resgatar a hist\u00f3ria da primeira fase do Tribunal Superior Eleitoral. O desafio foi trazer uma reflex\u00e3o pra organiza\u00e7\u00e3o do Tribunal Regional Eleitoral de Goi\u00e1s, pensando inclusive na reflex\u00e3o com o que acontecia na Justi\u00e7a Eleitoral em \u00e2mbito nacional\u201d, pontuou a professora quanto ao processo de produ\u00e7\u00e3o e seus desafios.<\/p><p>\u00a0<\/p><p>A edi\u00e7\u00e3o f\u00edsica comp\u00f5e o acervo da Biblioteca Valdo Teixeira, na sede do TRE-GO, e de bibliotecas institucionais e p\u00fablicas do Estado de Goi\u00e1s. Al\u00e9m disso, sua vers\u00e3o digital est\u00e1 dispon\u00edvel gratuitamente nas plataformas da UFG e no <a href=\"https:\/\/apps.tre-go.jus.br\/memorial\/\">Memorial Virtual da Justi\u00e7a Eleitoral de Goi\u00e1s<\/a>.<\/p><p>\u00a0<\/p><p><strong>Presen\u00e7as<\/strong><\/p><p><strong>\u00a0<\/strong><\/p><p>Estiveram presentes na solenidade de encerramento da III Semana da Mem\u00f3ria do Poder Judici\u00e1rio Goiano o diretor-geral do TRE-GO, Leonardo Sapi\u00eancia; as secret\u00e1rias Fl\u00e1via Dayrell e Thais Cedro; a dirigente da Se\u00e7\u00e3o de Gest\u00e3o da Mem\u00f3ria do TRT-18, Ariony de Castro; a diretora do Centro de Mem\u00f3ria do TJGO, Laylla Nayanne Dias; o professor e co-organizador do livro, Paulo Ricchi; servidores e colaboradores das tr\u00eas entidades do Judici\u00e1rio.<\/p><p>\u00a0<\/p><p>\u00a0<\/p><p>Confira as <a href=\"https:\/\/flic.kr\/s\/aHBqjBqHWQ\">fotos <\/a>do evento.<\/p>\t\t\t\t\t\t\t\t<\/div>\n\t\t\t\t<\/div>\n\t\t\t\t<div class=\"elementor-element elementor-element-71458db elementor-widget elementor-widget-spacer\" data-id=\"71458db\" data-element_type=\"widget\" data-widget_type=\"spacer.default\">\n\t\t\t\t<div class=\"elementor-widget-container\">\n\t\t\t\t\t\t\t<div class=\"elementor-spacer\">\n\t\t\t<div class=\"elementor-spacer-inner\"><\/div>\n\t\t<\/div>\n\t\t\t\t\t\t<\/div>\n\t\t\t\t<\/div>\n\t\t\t\t<div class=\"elementor-element elementor-element-c497eb9 elementor-widget elementor-widget-text-editor\" data-id=\"c497eb9\" data-element_type=\"widget\" data-widget_type=\"text-editor.default\">\n\t\t\t\t<div class=\"elementor-widget-container\">\n\t\t\t\t\t\t\t\t\t<p style=\"text-align: right;\">Secretaria de Comunica\u00e7\u00e3o Social e Cerimonial (SECOM)<\/p>\t\t\t\t\t\t\t\t<\/div>\n\t\t\t\t<\/div>\n\t\t\t\t\t<\/div>\n\t\t<\/div>\n\t\t\t\t\t<\/div>\n\t\t<\/section>\n\t\t\t\t<section class=\"elementor-section elementor-top-section elementor-element elementor-element-f0e259f elementor-section-boxed elementor-section-height-default elementor-section-height-default\" data-id=\"f0e259f\" data-element_type=\"section\">\n\t\t\t\t\t\t<div class=\"elementor-container elementor-column-gap-default\">\n\t\t\t\t\t<div class=\"elementor-column elementor-col-100 elementor-top-column elementor-element elementor-element-ec8d71f\" data-id=\"ec8d71f\" data-element_type=\"column\">\n\t\t\t<div class=\"elementor-widget-wrap elementor-element-populated\">\n\t\t\t\t\t\t<div class=\"elementor-element elementor-element-9fe839e elementor-widget elementor-widget-spacer\" data-id=\"9fe839e\" data-element_type=\"widget\" data-widget_type=\"spacer.default\">\n\t\t\t\t<div class=\"elementor-widget-container\">\n\t\t\t\t\t\t\t<div class=\"elementor-spacer\">\n\t\t\t<div class=\"elementor-spacer-inner\"><\/div>\n\t\t<\/div>\n\t\t\t\t\t\t<\/div>\n\t\t\t\t<\/div>\n\t\t\t\t\t<\/div>\n\t\t<\/div>\n\t\t\t\t\t<\/div>\n\t\t<\/section>\n\t\t\t\t<section class=\"elementor-section elementor-top-section elementor-element elementor-element-aeb68bd elementor-section-boxed elementor-section-height-default elementor-section-height-default\" data-id=\"aeb68bd\" data-element_type=\"section\">\n\t\t\t\t\t\t<div class=\"elementor-container elementor-column-gap-default\">\n\t\t\t\t\t<div class=\"elementor-column elementor-col-100 elementor-top-column elementor-element elementor-element-2576807\" data-id=\"2576807\" data-element_type=\"column\">\n\t\t\t<div class=\"elementor-widget-wrap\">\n\t\t\t\t\t\t\t<\/div>\n\t\t<\/div>\n\t\t\t\t\t<\/div>\n\t\t<\/section>\n\t\t\t\t<\/div>\n\t\t","protected":false},"excerpt":{"rendered":"<p>Voltar para III Semana da Mem\u00f3ria Cidade de Goi\u00e1s sedia encerramento da III Semana da Mem\u00f3ria Solenidade marca o lan\u00e7amento de livro sobre o in\u00edcio da Justi\u00e7a Eleitoral no estado O encerramento da III Semana da Mem\u00f3ria do Poder Judici\u00e1rio Goiano aconteceu na manh\u00e3 de hoje (17), no Centro de Mem\u00f3ria e Cultura Desembargador Maximiano [&hellip;]<\/p>\n","protected":false},"author":5,"featured_media":0,"parent":0,"menu_order":0,"comment_status":"closed","ping_status":"closed","template":"","meta":{"site-sidebar-layout":"no-sidebar","site-content-layout":"page-builder","ast-site-content-layout":"default","site-content-style":"default","site-sidebar-style":"default","ast-global-header-display":"","ast-banner-title-visibility":"","ast-main-header-display":"","ast-hfb-above-header-display":"","ast-hfb-below-header-display":"","ast-hfb-mobile-header-display":"","site-post-title":"disabled","ast-breadcrumbs-content":"","ast-featured-img":"disabled","footer-sml-layout":"","theme-transparent-header-meta":"enabled","adv-header-id-meta":"","stick-header-meta":"","header-above-stick-meta":"","header-main-stick-meta":"","header-below-stick-meta":"","astra-migrate-meta-layouts":"default","ast-page-background-enabled":"default","ast-page-background-meta":{"desktop":{"background-color":"var(--ast-global-color-4)","background-image":"","background-repeat":"repeat","background-position":"center center","background-size":"auto","background-attachment":"scroll","background-type":"","background-media":"","overlay-type":"","overlay-color":"","overlay-opacity":"","overlay-gradient":""},"tablet":{"background-color":"","background-image":"","background-repeat":"repeat","background-position":"center center","background-size":"auto","background-attachment":"scroll","background-type":"","background-media":"","overlay-type":"","overlay-color":"","overlay-opacity":"","overlay-gradient":""},"mobile":{"background-color":"","background-image":"","background-repeat":"repeat","background-position":"center center","background-size":"auto","background-attachment":"scroll","background-type":"","background-media":"","overlay-type":"","overlay-color":"","overlay-opacity":"","overlay-gradient":""}},"ast-content-background-meta":{"desktop":{"background-color":"var(--ast-global-color-5)","background-image":"","background-repeat":"repeat","background-position":"center center","background-size":"auto","background-attachment":"scroll","background-type":"","background-media":"","overlay-type":"","overlay-color":"","overlay-opacity":"","overlay-gradient":""},"tablet":{"background-color":"var(--ast-global-color-5)","background-image":"","background-repeat":"repeat","background-position":"center center","background-size":"auto","background-attachment":"scroll","background-type":"","background-media":"","overlay-type":"","overlay-color":"","overlay-opacity":"","overlay-gradient":""},"mobile":{"background-color":"var(--ast-global-color-5)","background-image":"","background-repeat":"repeat","background-position":"center center","background-size":"auto","background-attachment":"scroll","background-type":"","background-media":"","overlay-type":"","overlay-color":"","overlay-opacity":"","overlay-gradient":""}},"footnotes":""},"class_list":["post-20541","page","type-page","status-publish","hentry"],"_links":{"self":[{"href":"http:\/\/10.10.1.232\/wordpress\/index.php?rest_route=\/wp\/v2\/pages\/20541","targetHints":{"allow":["GET"]}}],"collection":[{"href":"http:\/\/10.10.1.232\/wordpress\/index.php?rest_route=\/wp\/v2\/pages"}],"about":[{"href":"http:\/\/10.10.1.232\/wordpress\/index.php?rest_route=\/wp\/v2\/types\/page"}],"author":[{"embeddable":true,"href":"http:\/\/10.10.1.232\/wordpress\/index.php?rest_route=\/wp\/v2\/users\/5"}],"replies":[{"embeddable":true,"href":"http:\/\/10.10.1.232\/wordpress\/index.php?rest_route=%2Fwp%2Fv2%2Fcomments&post=20541"}],"version-history":[{"count":7,"href":"http:\/\/10.10.1.232\/wordpress\/index.php?rest_route=\/wp\/v2\/pages\/20541\/revisions"}],"predecessor-version":[{"id":20582,"href":"http:\/\/10.10.1.232\/wordpress\/index.php?rest_route=\/wp\/v2\/pages\/20541\/revisions\/20582"}],"wp:attachment":[{"href":"http:\/\/10.10.1.232\/wordpress\/index.php?rest_route=%2Fwp%2Fv2%2Fmedia&parent=20541"}],"curies":[{"name":"wp","href":"https:\/\/api.w.org\/{rel}","templated":true}]}}