{"id":20526,"date":"2024-06-04T14:25:49","date_gmt":"2024-06-04T17:25:49","guid":{"rendered":"http:\/\/10.10.1.232\/wordpress\/?page_id=20526"},"modified":"2024-06-04T14:50:43","modified_gmt":"2024-06-04T17:50:43","slug":"iii-semana-da-memoria-tre-go-sedia-o-segundo-dia-da-iii-semana-da-memoria-do-poder-judiciario","status":"publish","type":"page","link":"http:\/\/10.10.1.232\/wordpress\/?page_id=20526","title":{"rendered":"III Semana da Mem\u00f3ria &#8211; TRE-GO sedia o segundo dia da III Semana da Mem\u00f3ria do Poder Judici\u00e1rio"},"content":{"rendered":"\t\t<div data-elementor-type=\"wp-page\" data-elementor-id=\"20526\" class=\"elementor elementor-20526\">\n\t\t\t\t\t\t<section class=\"elementor-section elementor-top-section elementor-element elementor-element-c8ddeb6 elementor-section-height-min-height elementor-section-boxed elementor-section-height-default elementor-section-items-middle\" data-id=\"c8ddeb6\" data-element_type=\"section\" data-settings=\"{&quot;background_background&quot;:&quot;classic&quot;}\">\n\t\t\t\t\t\t\t<div class=\"elementor-background-overlay\"><\/div>\n\t\t\t\t\t\t\t<div class=\"elementor-container elementor-column-gap-default\">\n\t\t\t\t\t<div class=\"elementor-column elementor-col-100 elementor-top-column elementor-element elementor-element-6a5337e\" data-id=\"6a5337e\" data-element_type=\"column\">\n\t\t\t<div class=\"elementor-widget-wrap elementor-element-populated\">\n\t\t\t\t\t\t\t<\/div>\n\t\t<\/div>\n\t\t\t\t\t<\/div>\n\t\t<\/section>\n\t\t\t\t<section class=\"elementor-section elementor-top-section elementor-element elementor-element-ae3664b elementor-section-boxed elementor-section-height-default elementor-section-height-default\" data-id=\"ae3664b\" data-element_type=\"section\">\n\t\t\t\t\t\t<div class=\"elementor-container elementor-column-gap-default\">\n\t\t\t\t\t<div class=\"elementor-column elementor-col-100 elementor-top-column elementor-element elementor-element-18ea5ac\" data-id=\"18ea5ac\" data-element_type=\"column\">\n\t\t\t<div class=\"elementor-widget-wrap elementor-element-populated\">\n\t\t\t\t\t\t<div class=\"elementor-element elementor-element-a569c8a elementor-widget elementor-widget-spacer\" data-id=\"a569c8a\" data-element_type=\"widget\" data-widget_type=\"spacer.default\">\n\t\t\t\t<div class=\"elementor-widget-container\">\n\t\t\t\t\t\t\t<div class=\"elementor-spacer\">\n\t\t\t<div class=\"elementor-spacer-inner\"><\/div>\n\t\t<\/div>\n\t\t\t\t\t\t<\/div>\n\t\t\t\t<\/div>\n\t\t\t\t<div class=\"elementor-element elementor-element-882cec9 elementor-widget elementor-widget-button\" data-id=\"882cec9\" data-element_type=\"widget\" data-widget_type=\"button.default\">\n\t\t\t\t<div class=\"elementor-widget-container\">\n\t\t\t\t\t\t\t\t\t<div class=\"elementor-button-wrapper\">\n\t\t\t\t\t<a class=\"elementor-button elementor-button-link elementor-size-sm\" href=\"http:\/\/10.10.1.232\/wordpress\/?page_id=20492\">\n\t\t\t\t\t\t<span class=\"elementor-button-content-wrapper\">\n\t\t\t\t\t\t<span class=\"elementor-button-icon\">\n\t\t\t\t<i aria-hidden=\"true\" class=\"fas fa-angle-double-left\"><\/i>\t\t\t<\/span>\n\t\t\t\t\t\t\t\t\t<span class=\"elementor-button-text\">Voltar para III Semana da Mem\u00f3ria<\/span>\n\t\t\t\t\t<\/span>\n\t\t\t\t\t<\/a>\n\t\t\t\t<\/div>\n\t\t\t\t\t\t\t\t<\/div>\n\t\t\t\t<\/div>\n\t\t\t\t\t<\/div>\n\t\t<\/div>\n\t\t\t\t\t<\/div>\n\t\t<\/section>\n\t\t\t\t<section class=\"elementor-section elementor-top-section elementor-element elementor-element-e4a418e elementor-section-boxed elementor-section-height-default elementor-section-height-default\" data-id=\"e4a418e\" data-element_type=\"section\">\n\t\t\t\t\t\t<div class=\"elementor-container elementor-column-gap-default\">\n\t\t\t\t\t<div class=\"elementor-column elementor-col-100 elementor-top-column elementor-element elementor-element-2305793\" data-id=\"2305793\" data-element_type=\"column\">\n\t\t\t<div class=\"elementor-widget-wrap elementor-element-populated\">\n\t\t\t\t\t\t<div class=\"elementor-element elementor-element-13a036d elementor-widget elementor-widget-spacer\" data-id=\"13a036d\" data-element_type=\"widget\" data-widget_type=\"spacer.default\">\n\t\t\t\t<div class=\"elementor-widget-container\">\n\t\t\t\t\t\t\t<div class=\"elementor-spacer\">\n\t\t\t<div class=\"elementor-spacer-inner\"><\/div>\n\t\t<\/div>\n\t\t\t\t\t\t<\/div>\n\t\t\t\t<\/div>\n\t\t\t\t<div class=\"elementor-element elementor-element-c18c63f elementor-widget elementor-widget-heading\" data-id=\"c18c63f\" data-element_type=\"widget\" data-widget_type=\"heading.default\">\n\t\t\t\t<div class=\"elementor-widget-container\">\n\t\t\t\t\t<h2 class=\"elementor-heading-title elementor-size-default\">TRE-GO sedia o segundo dia da III Semana da Mem\u00f3ria do Poder Judici\u00e1rio<\/h2>\t\t\t\t<\/div>\n\t\t\t\t<\/div>\n\t\t\t\t<div class=\"elementor-element elementor-element-4bf5ff7 elementor-widget elementor-widget-heading\" data-id=\"4bf5ff7\" data-element_type=\"widget\" data-widget_type=\"heading.default\">\n\t\t\t\t<div class=\"elementor-widget-container\">\n\t\t\t\t\t<h6 class=\"elementor-heading-title elementor-size-default\">Patrim\u00f4nio, cultura e mem\u00f3ria foram os temas abordados na programa\u00e7\u00e3o<\/h6>\t\t\t\t<\/div>\n\t\t\t\t<\/div>\n\t\t\t\t<div class=\"elementor-element elementor-element-7079f20 elementor-widget elementor-widget-spacer\" data-id=\"7079f20\" data-element_type=\"widget\" data-widget_type=\"spacer.default\">\n\t\t\t\t<div class=\"elementor-widget-container\">\n\t\t\t\t\t\t\t<div class=\"elementor-spacer\">\n\t\t\t<div class=\"elementor-spacer-inner\"><\/div>\n\t\t<\/div>\n\t\t\t\t\t\t<\/div>\n\t\t\t\t<\/div>\n\t\t\t\t<div class=\"elementor-element elementor-element-9d55844 elementor-arrows-position-inside elementor-pagination-position-outside elementor-widget elementor-widget-image-carousel\" data-id=\"9d55844\" data-element_type=\"widget\" data-settings=\"{&quot;slides_to_show&quot;:&quot;1&quot;,&quot;navigation&quot;:&quot;both&quot;,&quot;autoplay&quot;:&quot;yes&quot;,&quot;pause_on_hover&quot;:&quot;yes&quot;,&quot;pause_on_interaction&quot;:&quot;yes&quot;,&quot;autoplay_speed&quot;:5000,&quot;infinite&quot;:&quot;yes&quot;,&quot;effect&quot;:&quot;slide&quot;,&quot;speed&quot;:500}\" data-widget_type=\"image-carousel.default\">\n\t\t\t\t<div class=\"elementor-widget-container\">\n\t\t\t\t\t\t\t<div class=\"elementor-image-carousel-wrapper swiper\" role=\"region\" aria-roledescription=\"carousel\" aria-label=\"Carrossel de imagens\" dir=\"ltr\">\n\t\t\t<div class=\"elementor-image-carousel swiper-wrapper\" aria-live=\"off\">\n\t\t\t\t\t\t\t\t<div class=\"swiper-slide\" role=\"group\" aria-roledescription=\"slide\" aria-label=\"1 de 5\"><figure class=\"swiper-slide-inner\"><img decoding=\"async\" class=\"swiper-slide-image\" src=\"http:\/\/10.10.1.232\/wordpress\/wp-content\/uploads\/2024\/06\/7.jpeg\" alt=\"7\" \/><\/figure><\/div><div class=\"swiper-slide\" role=\"group\" aria-roledescription=\"slide\" aria-label=\"2 de 5\"><figure class=\"swiper-slide-inner\"><img decoding=\"async\" class=\"swiper-slide-image\" src=\"http:\/\/10.10.1.232\/wordpress\/wp-content\/uploads\/2024\/06\/8.jpg\" alt=\"8\" \/><\/figure><\/div><div class=\"swiper-slide\" role=\"group\" aria-roledescription=\"slide\" aria-label=\"3 de 5\"><figure class=\"swiper-slide-inner\"><img decoding=\"async\" class=\"swiper-slide-image\" src=\"http:\/\/10.10.1.232\/wordpress\/wp-content\/uploads\/2024\/06\/9.jpg\" alt=\"9\" \/><\/figure><\/div><div class=\"swiper-slide\" role=\"group\" aria-roledescription=\"slide\" aria-label=\"4 de 5\"><figure class=\"swiper-slide-inner\"><img decoding=\"async\" class=\"swiper-slide-image\" src=\"http:\/\/10.10.1.232\/wordpress\/wp-content\/uploads\/2024\/06\/10.jpg\" alt=\"10\" \/><\/figure><\/div><div class=\"swiper-slide\" role=\"group\" aria-roledescription=\"slide\" aria-label=\"5 de 5\"><figure class=\"swiper-slide-inner\"><img decoding=\"async\" class=\"swiper-slide-image\" src=\"http:\/\/10.10.1.232\/wordpress\/wp-content\/uploads\/2024\/06\/11.jpg\" alt=\"11\" \/><\/figure><\/div>\t\t\t<\/div>\n\t\t\t\t\t\t\t\t\t\t\t\t<div class=\"elementor-swiper-button elementor-swiper-button-prev\" role=\"button\" tabindex=\"0\">\n\t\t\t\t\t\t<i aria-hidden=\"true\" class=\"eicon-chevron-left\"><\/i>\t\t\t\t\t<\/div>\n\t\t\t\t\t<div class=\"elementor-swiper-button elementor-swiper-button-next\" role=\"button\" tabindex=\"0\">\n\t\t\t\t\t\t<i aria-hidden=\"true\" class=\"eicon-chevron-right\"><\/i>\t\t\t\t\t<\/div>\n\t\t\t\t\n\t\t\t\t\t\t\t\t\t<div class=\"swiper-pagination\"><\/div>\n\t\t\t\t\t\t\t\t\t<\/div>\n\t\t\t\t\t\t<\/div>\n\t\t\t\t<\/div>\n\t\t\t\t<div class=\"elementor-element elementor-element-5ccecb1 elementor-widget elementor-widget-text-editor\" data-id=\"5ccecb1\" data-element_type=\"widget\" data-widget_type=\"text-editor.default\">\n\t\t\t\t<div class=\"elementor-widget-container\">\n\t\t\t\t\t\t\t\t\t<p>Aconteceu na manh\u00e3 desta quinta-feira (16), no Plen\u00e1rio Geraldo Salvador de Moura do Tribunal Regional Eleitoral de Goi\u00e1s (TRE-GO), o segundo dia da III Semana da Mem\u00f3ria do Poder Judici\u00e1rio Goiano. O encontro \u00e9 feito em parceria entre o Tribunal Regional do Trabalho da 18\u00aa Regi\u00e3o (TRT-18), o Tribunal de Justi\u00e7a do Estado de Goi\u00e1s (TJGO) e a Justi\u00e7a Eleitoral.<\/p><p><br><\/p>\n<p>O presidente da Comiss\u00e3o de Gest\u00e3o da Mem\u00f3ria e Cultura da Justi\u00e7a Eleitoral de Goi\u00e1s, o juiz-ouvidor M\u00e1rcio Moraes J\u00fanior, fez a abertura da programa\u00e7\u00e3o, ao lado dos professores Nars Chaul e Helo\u00edsa Helena Costa. Em seu discurso, o decano frisou a import\u00e2ncia de se aprender com o passado e de preservar a mem\u00f3ria para o futuro: \u201cA hist\u00f3ria n\u00e3o \u00e9 uma linha reta, mas sim um tecido complexo de eventos e decis\u00f5es que moldam o presente. Dessa forma, eu concluo, lembrando a todos n\u00f3s a import\u00e2ncia de preservar a mem\u00f3ria do Poder Judici\u00e1rio e abra\u00e7ar as novas tecnologias para fortalecer essa busca por uma justi\u00e7a verdadeira e igualit\u00e1ria. Juntos, n\u00e3o tenho d\u00favida, podemos construir um futuro onde a justi\u00e7a n\u00e3o seja apenas um ideal a ser alcan\u00e7ado, mas uma realidade [..] comprovadamente tang\u00edvel a todos do passado, do presente e para o futuro\u201d.<\/p><p><br><\/p>\n<p>O representante da Presid\u00eancia da Comiss\u00e3o Permanente da Mem\u00f3ria e Cultura do TJGO, professor Nars Chaul, proferiu que o trabalho de preserva\u00e7\u00e3o e valoriza\u00e7\u00e3o da mem\u00f3ria \u00e9 dever de todos, especialmente com a chegada de novas tecnologias criadas para facilitar a vida humana. \u201cPreservar as informa\u00e7\u00f5es, pesquisar e possibilitar seu uso para a sociedade \u00e9 tarefa nossa. \u00c9 fazer hist\u00f3ria. Nenhuma intelig\u00eancia artificial vai fazer isso por n\u00f3s. \u00c9 nossa obriga\u00e7\u00e3o hist\u00f3rica: preservar, manter a hist\u00f3ria, conhecer a hist\u00f3ria e a nossa cultura, para as gera\u00e7\u00f5es de ontem e de amanh\u00e3\u201d, declarou o professor.<\/p><p><br><\/p>\n<p>A palestra do dia foi ministrada pela professora doutora Helo\u00edsa Helena Costa, historiadora e muse\u00f3loga de renome nacional e internacional. Abordando o dilema desafiador entre o uso da tecnologia e a preserva\u00e7\u00e3o documental, a docente exaltou a \u201cperspectiva mais humana do patrim\u00f4nio, da cultura e da mem\u00f3ria\u201d, defendendo que as novas formas de armazenamento em nuvem, possibilitadas pela evolu\u00e7\u00e3o tecnol\u00f3gica, podem ser a causa de uma perda documental significativa para as gera\u00e7\u00f5es futuras.<\/p><p><br><\/p>\n<p><strong>Painel de discuss\u00e3o<\/strong><\/p><p><strong><br><\/strong><\/p>\n<p>O painel de discuss\u00e3o sobre a integra\u00e7\u00e3o das \u00e1reas de Arquivologia, Biblioteconomia, Museologia e Hist\u00f3ria foi a \u00faltima etapa do evento. As discuss\u00f5es foram entre os profissionais atuantes dos tr\u00eas tribunais e mediadas pela secret\u00e1ria de Gest\u00e3o da Informa\u00e7\u00e3o, Fl\u00e1via Dayrell.<\/p>\n<p><\/p>\n<p>A secret\u00e1ria manifestou que a capital goiana foi escolhida para sediar a pr\u00f3xima edi\u00e7\u00e3o do Encontro Nacional da Mem\u00f3ria do Poder Judici\u00e1rio: \u201cEssa escolha \u00e9 fruto do reconhecimento e do amadurecimento do Estado de Goi\u00e1s no estudo, no desenvolvimento, na preserva\u00e7\u00e3o e na motiva\u00e7\u00e3o, acima de tudo, de todos os profissionais das \u00e1reas dos tr\u00eas tribunais, para tratar da Mem\u00f3ria\u201d. Relembrando o pr\u00eamio recebido pelo TRE-GO no ano passado, outorgado pelo Conselho Nacional de Justi\u00e7a (CNJ) na Categoria Especial \u201cGest\u00e3o de Mem\u00f3ria: recursos humanos\u201d, Dayrell enalteceu a valoriza\u00e7\u00e3o dos profissionais dessas \u00e1reas por esta Institui\u00e7\u00e3o, que \u00e9 o primeiro tribunal do pa\u00eds a ter profissionais das quatro \u00e1reas em seu quadro de colaboradores, simultaneamente. &nbsp;<\/p><p><br><\/p>\n<p>Participaram do painel os historiadores Filipe Petres (TRE-GO), Ana Clara Alves (TRT-18) e Laylla Nayanne Dias (TJGO); os biblioteconomistas Viviane Fraga (TRE-GO) e Carlos Novaes (TRT-18); a muse\u00f3loga Nataly Mendes (TJGO); e os arquivistas Andr\u00e9ia Ara\u00fajo (TRE-GO), Rafael Edgard Lopes (TRT-18) e Helo\u00edsa Esser (TJGO).<\/p><p><br><\/p>\n<p><strong>Presen\u00e7as<\/strong><\/p><p><strong><br><\/strong><\/p>\n<p>Prestigiaram o evento o diretor -geral do Tribunal Regional Eleitoral de Goi\u00e1s, Leonardo Sapi\u00eancia; a secret\u00e1ria Judici\u00e1ria, Thais Cedro; a secret\u00e1ria de Administra\u00e7\u00e3o e Or\u00e7amento, Giselly Castro; o secret\u00e1rio de Tecnologia da Informa\u00e7\u00e3o, Frank Ribeiro; a secret\u00e1ria de Gest\u00e3o de Pessoas, Milena Jorge; o secret\u00e1rio de Comunica\u00e7\u00e3o e Cerimonial, Brazil Nunes; &nbsp;a dirigente da Se\u00e7\u00e3o de Gest\u00e3o da Mem\u00f3ria do TRT-18, Ariony de Castro; servidores e colaboradores das tr\u00eas Justi\u00e7as, al\u00e9m de membros da comunidade acad\u00eamica.<\/p><p><br><\/p>\n<p><strong>Pr\u00f3ximo evento<\/strong><\/p><p><strong><br><\/strong><\/p>\n<p>O encerramento da Semana da Mem\u00f3ria acontecer\u00e1 no Centro de Mem\u00f3ria e Cultura do Poder Judici\u00e1rio de Goi\u00e1s, no centro hist\u00f3rico da cidade de Goi\u00e1s, capitaneado pelo desembargador Itaney Campos, integrante da Comiss\u00e3o Permanente de Mem\u00f3ria e Cultura do TJGO. Na ocasi\u00e3o, o TRE-GO lan\u00e7ar\u00e1 o livro \u201cPrimeira Fase da Justi\u00e7a Eleitoral em Goi\u00e1s (1932-1937)\u201d com a presen\u00e7a dos organizadores Paulo Ricchi, da Universidade de S\u00e3o Paulo e Jaqueline Porto Zulini, da Funda\u00e7\u00e3o Get\u00falio Vargas.<\/p><p><br><\/p>\n<p><\/p>\n<p>Confira a <a href=\"https:\/\/www.youtube.com\/watch?v=NZyj088aPnk\">\u00edntegra do evento no canal do TRE-GO no YouTube<\/a>.<\/p><p><br><\/p>\n<p>Acesse as <a href=\"https:\/\/flic.kr\/s\/aHBqjBqzkX\">fotos <\/a>do encontro.<\/p><p><br><\/p>\n<p>Veja a <a href=\"https:\/\/www.tre-go.jus.br\/comunicacao\/noticias\/arquivos\/programacao-semana-da-memoria-3\">programa\u00e7\u00e3o <\/a>completa.<\/p>\n<p><\/p>\t\t\t\t\t\t\t\t<\/div>\n\t\t\t\t<\/div>\n\t\t\t\t<div class=\"elementor-element elementor-element-71458db elementor-widget elementor-widget-spacer\" data-id=\"71458db\" data-element_type=\"widget\" data-widget_type=\"spacer.default\">\n\t\t\t\t<div class=\"elementor-widget-container\">\n\t\t\t\t\t\t\t<div class=\"elementor-spacer\">\n\t\t\t<div class=\"elementor-spacer-inner\"><\/div>\n\t\t<\/div>\n\t\t\t\t\t\t<\/div>\n\t\t\t\t<\/div>\n\t\t\t\t<div class=\"elementor-element elementor-element-c497eb9 elementor-widget elementor-widget-text-editor\" data-id=\"c497eb9\" data-element_type=\"widget\" data-widget_type=\"text-editor.default\">\n\t\t\t\t<div class=\"elementor-widget-container\">\n\t\t\t\t\t\t\t\t\t<p style=\"text-align: right;\">Secretaria de Comunica\u00e7\u00e3o Social e Cerimonial (SECOM)<\/p>\t\t\t\t\t\t\t\t<\/div>\n\t\t\t\t<\/div>\n\t\t\t\t\t<\/div>\n\t\t<\/div>\n\t\t\t\t\t<\/div>\n\t\t<\/section>\n\t\t\t\t<section class=\"elementor-section elementor-top-section elementor-element elementor-element-f0e259f elementor-section-boxed elementor-section-height-default elementor-section-height-default\" data-id=\"f0e259f\" data-element_type=\"section\">\n\t\t\t\t\t\t<div class=\"elementor-container elementor-column-gap-default\">\n\t\t\t\t\t<div class=\"elementor-column elementor-col-100 elementor-top-column elementor-element elementor-element-ec8d71f\" data-id=\"ec8d71f\" data-element_type=\"column\">\n\t\t\t<div class=\"elementor-widget-wrap elementor-element-populated\">\n\t\t\t\t\t\t<div class=\"elementor-element elementor-element-9fe839e elementor-widget elementor-widget-spacer\" data-id=\"9fe839e\" data-element_type=\"widget\" data-widget_type=\"spacer.default\">\n\t\t\t\t<div class=\"elementor-widget-container\">\n\t\t\t\t\t\t\t<div class=\"elementor-spacer\">\n\t\t\t<div class=\"elementor-spacer-inner\"><\/div>\n\t\t<\/div>\n\t\t\t\t\t\t<\/div>\n\t\t\t\t<\/div>\n\t\t\t\t\t<\/div>\n\t\t<\/div>\n\t\t\t\t\t<\/div>\n\t\t<\/section>\n\t\t\t\t<section class=\"elementor-section elementor-top-section elementor-element elementor-element-aeb68bd elementor-section-boxed elementor-section-height-default elementor-section-height-default\" data-id=\"aeb68bd\" data-element_type=\"section\">\n\t\t\t\t\t\t<div class=\"elementor-container elementor-column-gap-default\">\n\t\t\t\t\t<div class=\"elementor-column elementor-col-100 elementor-top-column elementor-element elementor-element-2576807\" data-id=\"2576807\" data-element_type=\"column\">\n\t\t\t<div class=\"elementor-widget-wrap\">\n\t\t\t\t\t\t\t<\/div>\n\t\t<\/div>\n\t\t\t\t\t<\/div>\n\t\t<\/section>\n\t\t\t\t<\/div>\n\t\t","protected":false},"excerpt":{"rendered":"<p>Voltar para III Semana da Mem\u00f3ria TRE-GO sedia o segundo dia da III Semana da Mem\u00f3ria do Poder Judici\u00e1rio Patrim\u00f4nio, cultura e mem\u00f3ria foram os temas abordados na programa\u00e7\u00e3o Aconteceu na manh\u00e3 desta quinta-feira (16), no Plen\u00e1rio Geraldo Salvador de Moura do Tribunal Regional Eleitoral de Goi\u00e1s (TRE-GO), o segundo dia da III Semana da [&hellip;]<\/p>\n","protected":false},"author":5,"featured_media":0,"parent":0,"menu_order":0,"comment_status":"closed","ping_status":"closed","template":"","meta":{"site-sidebar-layout":"no-sidebar","site-content-layout":"page-builder","ast-site-content-layout":"default","site-content-style":"default","site-sidebar-style":"default","ast-global-header-display":"","ast-banner-title-visibility":"","ast-main-header-display":"","ast-hfb-above-header-display":"","ast-hfb-below-header-display":"","ast-hfb-mobile-header-display":"","site-post-title":"disabled","ast-breadcrumbs-content":"","ast-featured-img":"disabled","footer-sml-layout":"","theme-transparent-header-meta":"enabled","adv-header-id-meta":"","stick-header-meta":"","header-above-stick-meta":"","header-main-stick-meta":"","header-below-stick-meta":"","astra-migrate-meta-layouts":"default","ast-page-background-enabled":"default","ast-page-background-meta":{"desktop":{"background-color":"var(--ast-global-color-4)","background-image":"","background-repeat":"repeat","background-position":"center center","background-size":"auto","background-attachment":"scroll","background-type":"","background-media":"","overlay-type":"","overlay-color":"","overlay-opacity":"","overlay-gradient":""},"tablet":{"background-color":"","background-image":"","background-repeat":"repeat","background-position":"center center","background-size":"auto","background-attachment":"scroll","background-type":"","background-media":"","overlay-type":"","overlay-color":"","overlay-opacity":"","overlay-gradient":""},"mobile":{"background-color":"","background-image":"","background-repeat":"repeat","background-position":"center center","background-size":"auto","background-attachment":"scroll","background-type":"","background-media":"","overlay-type":"","overlay-color":"","overlay-opacity":"","overlay-gradient":""}},"ast-content-background-meta":{"desktop":{"background-color":"var(--ast-global-color-5)","background-image":"","background-repeat":"repeat","background-position":"center center","background-size":"auto","background-attachment":"scroll","background-type":"","background-media":"","overlay-type":"","overlay-color":"","overlay-opacity":"","overlay-gradient":""},"tablet":{"background-color":"var(--ast-global-color-5)","background-image":"","background-repeat":"repeat","background-position":"center center","background-size":"auto","background-attachment":"scroll","background-type":"","background-media":"","overlay-type":"","overlay-color":"","overlay-opacity":"","overlay-gradient":""},"mobile":{"background-color":"var(--ast-global-color-5)","background-image":"","background-repeat":"repeat","background-position":"center center","background-size":"auto","background-attachment":"scroll","background-type":"","background-media":"","overlay-type":"","overlay-color":"","overlay-opacity":"","overlay-gradient":""}},"footnotes":""},"class_list":["post-20526","page","type-page","status-publish","hentry"],"_links":{"self":[{"href":"http:\/\/10.10.1.232\/wordpress\/index.php?rest_route=\/wp\/v2\/pages\/20526","targetHints":{"allow":["GET"]}}],"collection":[{"href":"http:\/\/10.10.1.232\/wordpress\/index.php?rest_route=\/wp\/v2\/pages"}],"about":[{"href":"http:\/\/10.10.1.232\/wordpress\/index.php?rest_route=\/wp\/v2\/types\/page"}],"author":[{"embeddable":true,"href":"http:\/\/10.10.1.232\/wordpress\/index.php?rest_route=\/wp\/v2\/users\/5"}],"replies":[{"embeddable":true,"href":"http:\/\/10.10.1.232\/wordpress\/index.php?rest_route=%2Fwp%2Fv2%2Fcomments&post=20526"}],"version-history":[{"count":4,"href":"http:\/\/10.10.1.232\/wordpress\/index.php?rest_route=\/wp\/v2\/pages\/20526\/revisions"}],"predecessor-version":[{"id":20535,"href":"http:\/\/10.10.1.232\/wordpress\/index.php?rest_route=\/wp\/v2\/pages\/20526\/revisions\/20535"}],"wp:attachment":[{"href":"http:\/\/10.10.1.232\/wordpress\/index.php?rest_route=%2Fwp%2Fv2%2Fmedia&parent=20526"}],"curies":[{"name":"wp","href":"https:\/\/api.w.org\/{rel}","templated":true}]}}