{"id":20511,"date":"2024-06-04T14:21:01","date_gmt":"2024-06-04T17:21:01","guid":{"rendered":"http:\/\/10.10.1.232\/wordpress\/?page_id=20511"},"modified":"2024-06-04T14:22:32","modified_gmt":"2024-06-04T17:22:32","slug":"iii-semana-da-memoria-aberta-a-iii-semana-da-memoria-do-poder-judiciario-goiano","status":"publish","type":"page","link":"http:\/\/10.10.1.232\/wordpress\/?page_id=20511","title":{"rendered":"III Semana da Mem\u00f3ria &#8211; Aberta a III Semana da Mem\u00f3ria do Poder Judici\u00e1rio Goiano"},"content":{"rendered":"\t\t<div data-elementor-type=\"wp-page\" data-elementor-id=\"20511\" class=\"elementor elementor-20511\">\n\t\t\t\t\t\t<section class=\"elementor-section elementor-top-section elementor-element elementor-element-c8ddeb6 elementor-section-height-min-height elementor-section-boxed elementor-section-height-default elementor-section-items-middle\" data-id=\"c8ddeb6\" data-element_type=\"section\" data-settings=\"{&quot;background_background&quot;:&quot;classic&quot;}\">\n\t\t\t\t\t\t\t<div class=\"elementor-background-overlay\"><\/div>\n\t\t\t\t\t\t\t<div class=\"elementor-container elementor-column-gap-default\">\n\t\t\t\t\t<div class=\"elementor-column elementor-col-100 elementor-top-column elementor-element elementor-element-6a5337e\" data-id=\"6a5337e\" data-element_type=\"column\">\n\t\t\t<div class=\"elementor-widget-wrap elementor-element-populated\">\n\t\t\t\t\t\t\t<\/div>\n\t\t<\/div>\n\t\t\t\t\t<\/div>\n\t\t<\/section>\n\t\t\t\t<section class=\"elementor-section elementor-top-section elementor-element elementor-element-ae3664b elementor-section-boxed elementor-section-height-default elementor-section-height-default\" data-id=\"ae3664b\" data-element_type=\"section\">\n\t\t\t\t\t\t<div class=\"elementor-container elementor-column-gap-default\">\n\t\t\t\t\t<div class=\"elementor-column elementor-col-100 elementor-top-column elementor-element elementor-element-18ea5ac\" data-id=\"18ea5ac\" data-element_type=\"column\">\n\t\t\t<div class=\"elementor-widget-wrap elementor-element-populated\">\n\t\t\t\t\t\t<div class=\"elementor-element elementor-element-a569c8a elementor-widget elementor-widget-spacer\" data-id=\"a569c8a\" data-element_type=\"widget\" data-widget_type=\"spacer.default\">\n\t\t\t\t<div class=\"elementor-widget-container\">\n\t\t\t\t\t\t\t<div class=\"elementor-spacer\">\n\t\t\t<div class=\"elementor-spacer-inner\"><\/div>\n\t\t<\/div>\n\t\t\t\t\t\t<\/div>\n\t\t\t\t<\/div>\n\t\t\t\t<div class=\"elementor-element elementor-element-882cec9 elementor-widget elementor-widget-button\" data-id=\"882cec9\" data-element_type=\"widget\" data-widget_type=\"button.default\">\n\t\t\t\t<div class=\"elementor-widget-container\">\n\t\t\t\t\t\t\t\t\t<div class=\"elementor-button-wrapper\">\n\t\t\t\t\t<a class=\"elementor-button elementor-button-link elementor-size-sm\" href=\"http:\/\/10.10.1.232\/wordpress\/?page_id=20492\">\n\t\t\t\t\t\t<span class=\"elementor-button-content-wrapper\">\n\t\t\t\t\t\t<span class=\"elementor-button-icon\">\n\t\t\t\t<i aria-hidden=\"true\" class=\"fas fa-angle-double-left\"><\/i>\t\t\t<\/span>\n\t\t\t\t\t\t\t\t\t<span class=\"elementor-button-text\">Voltar para III Semana da Mem\u00f3ria<\/span>\n\t\t\t\t\t<\/span>\n\t\t\t\t\t<\/a>\n\t\t\t\t<\/div>\n\t\t\t\t\t\t\t\t<\/div>\n\t\t\t\t<\/div>\n\t\t\t\t\t<\/div>\n\t\t<\/div>\n\t\t\t\t\t<\/div>\n\t\t<\/section>\n\t\t\t\t<section class=\"elementor-section elementor-top-section elementor-element elementor-element-e4a418e elementor-section-boxed elementor-section-height-default elementor-section-height-default\" data-id=\"e4a418e\" data-element_type=\"section\">\n\t\t\t\t\t\t<div class=\"elementor-container elementor-column-gap-default\">\n\t\t\t\t\t<div class=\"elementor-column elementor-col-100 elementor-top-column elementor-element elementor-element-2305793\" data-id=\"2305793\" data-element_type=\"column\">\n\t\t\t<div class=\"elementor-widget-wrap elementor-element-populated\">\n\t\t\t\t\t\t<div class=\"elementor-element elementor-element-13a036d elementor-widget elementor-widget-spacer\" data-id=\"13a036d\" data-element_type=\"widget\" data-widget_type=\"spacer.default\">\n\t\t\t\t<div class=\"elementor-widget-container\">\n\t\t\t\t\t\t\t<div class=\"elementor-spacer\">\n\t\t\t<div class=\"elementor-spacer-inner\"><\/div>\n\t\t<\/div>\n\t\t\t\t\t\t<\/div>\n\t\t\t\t<\/div>\n\t\t\t\t<div class=\"elementor-element elementor-element-c18c63f elementor-widget elementor-widget-heading\" data-id=\"c18c63f\" data-element_type=\"widget\" data-widget_type=\"heading.default\">\n\t\t\t\t<div class=\"elementor-widget-container\">\n\t\t\t\t\t<h2 class=\"elementor-heading-title elementor-size-default\">Aberta a III Semana da Mem\u00f3ria do Poder Judici\u00e1rio Goiano<\/h2>\t\t\t\t<\/div>\n\t\t\t\t<\/div>\n\t\t\t\t<div class=\"elementor-element elementor-element-4bf5ff7 elementor-widget elementor-widget-heading\" data-id=\"4bf5ff7\" data-element_type=\"widget\" data-widget_type=\"heading.default\">\n\t\t\t\t<div class=\"elementor-widget-container\">\n\t\t\t\t\t<h6 class=\"elementor-heading-title elementor-size-default\">Parceria entre o TRE-GO, TRT-18 e TJGO celebra a preserva\u00e7\u00e3o do patrim\u00f4nio hist\u00f3rico-cultural do Judici\u00e1rio<\/h6>\t\t\t\t<\/div>\n\t\t\t\t<\/div>\n\t\t\t\t<div class=\"elementor-element elementor-element-7079f20 elementor-widget elementor-widget-spacer\" data-id=\"7079f20\" data-element_type=\"widget\" data-widget_type=\"spacer.default\">\n\t\t\t\t<div class=\"elementor-widget-container\">\n\t\t\t\t\t\t\t<div class=\"elementor-spacer\">\n\t\t\t<div class=\"elementor-spacer-inner\"><\/div>\n\t\t<\/div>\n\t\t\t\t\t\t<\/div>\n\t\t\t\t<\/div>\n\t\t\t\t<div class=\"elementor-element elementor-element-9d55844 elementor-arrows-position-inside elementor-pagination-position-outside elementor-widget elementor-widget-image-carousel\" data-id=\"9d55844\" data-element_type=\"widget\" data-settings=\"{&quot;slides_to_show&quot;:&quot;1&quot;,&quot;navigation&quot;:&quot;both&quot;,&quot;autoplay&quot;:&quot;yes&quot;,&quot;pause_on_hover&quot;:&quot;yes&quot;,&quot;pause_on_interaction&quot;:&quot;yes&quot;,&quot;autoplay_speed&quot;:5000,&quot;infinite&quot;:&quot;yes&quot;,&quot;effect&quot;:&quot;slide&quot;,&quot;speed&quot;:500}\" data-widget_type=\"image-carousel.default\">\n\t\t\t\t<div class=\"elementor-widget-container\">\n\t\t\t\t\t\t\t<div class=\"elementor-image-carousel-wrapper swiper\" role=\"region\" aria-roledescription=\"carousel\" aria-label=\"Carrossel de imagens\" dir=\"ltr\">\n\t\t\t<div class=\"elementor-image-carousel swiper-wrapper\" aria-live=\"off\">\n\t\t\t\t\t\t\t\t<div class=\"swiper-slide\" role=\"group\" aria-roledescription=\"slide\" aria-label=\"1 de 6\"><figure class=\"swiper-slide-inner\"><img decoding=\"async\" class=\"swiper-slide-image\" src=\"http:\/\/10.10.1.232\/wordpress\/wp-content\/uploads\/2024\/06\/1.jpeg\" alt=\"1\" \/><\/figure><\/div><div class=\"swiper-slide\" role=\"group\" aria-roledescription=\"slide\" aria-label=\"2 de 6\"><figure class=\"swiper-slide-inner\"><img decoding=\"async\" class=\"swiper-slide-image\" src=\"http:\/\/10.10.1.232\/wordpress\/wp-content\/uploads\/2024\/06\/2.jpg\" alt=\"2\" \/><\/figure><\/div><div class=\"swiper-slide\" role=\"group\" aria-roledescription=\"slide\" aria-label=\"3 de 6\"><figure class=\"swiper-slide-inner\"><img decoding=\"async\" class=\"swiper-slide-image\" src=\"http:\/\/10.10.1.232\/wordpress\/wp-content\/uploads\/2024\/06\/3.jpg\" alt=\"3\" \/><\/figure><\/div><div class=\"swiper-slide\" role=\"group\" aria-roledescription=\"slide\" aria-label=\"4 de 6\"><figure class=\"swiper-slide-inner\"><img decoding=\"async\" class=\"swiper-slide-image\" src=\"http:\/\/10.10.1.232\/wordpress\/wp-content\/uploads\/2024\/06\/4.jpg\" alt=\"4\" \/><\/figure><\/div><div class=\"swiper-slide\" role=\"group\" aria-roledescription=\"slide\" aria-label=\"5 de 6\"><figure class=\"swiper-slide-inner\"><img decoding=\"async\" class=\"swiper-slide-image\" src=\"http:\/\/10.10.1.232\/wordpress\/wp-content\/uploads\/2024\/06\/5.jpg\" alt=\"5\" \/><\/figure><\/div><div class=\"swiper-slide\" role=\"group\" aria-roledescription=\"slide\" aria-label=\"6 de 6\"><figure class=\"swiper-slide-inner\"><img decoding=\"async\" class=\"swiper-slide-image\" src=\"http:\/\/10.10.1.232\/wordpress\/wp-content\/uploads\/2024\/06\/6.jpg\" alt=\"6\" \/><\/figure><\/div>\t\t\t<\/div>\n\t\t\t\t\t\t\t\t\t\t\t\t<div class=\"elementor-swiper-button elementor-swiper-button-prev\" role=\"button\" tabindex=\"0\">\n\t\t\t\t\t\t<i aria-hidden=\"true\" class=\"eicon-chevron-left\"><\/i>\t\t\t\t\t<\/div>\n\t\t\t\t\t<div class=\"elementor-swiper-button elementor-swiper-button-next\" role=\"button\" tabindex=\"0\">\n\t\t\t\t\t\t<i aria-hidden=\"true\" class=\"eicon-chevron-right\"><\/i>\t\t\t\t\t<\/div>\n\t\t\t\t\n\t\t\t\t\t\t\t\t\t<div class=\"swiper-pagination\"><\/div>\n\t\t\t\t\t\t\t\t\t<\/div>\n\t\t\t\t\t\t<\/div>\n\t\t\t\t<\/div>\n\t\t\t\t<div class=\"elementor-element elementor-element-5ccecb1 elementor-widget elementor-widget-text-editor\" data-id=\"5ccecb1\" data-element_type=\"widget\" data-widget_type=\"text-editor.default\">\n\t\t\t\t<div class=\"elementor-widget-container\">\n\t\t\t\t\t\t\t\t\t<p>Teve in\u00edcio, na manh\u00e3 desta quarta-feira (15), a III Semana da Mem\u00f3ria do Poder Judici\u00e1rio Goiano, no Audit\u00f3rio de Goyazes do Tribunal Regional do Trabalho da 18\u00aa Regi\u00e3o (TRT-18). O evento \u00e9 fruto da parceria entre o Tribunal Regional Eleitoral (TRE-GO), a Justi\u00e7a do Trabalho e o Tribunal de Justi\u00e7a do Estado de Goi\u00e1s (TJGO).<\/p><p>\u00a0<\/p><p>A abertura foi feita pelo presidente da Comiss\u00e3o de Gest\u00e3o da Mem\u00f3ria e Cultura da Justi\u00e7a Eleitoral goiana, o juiz-ouvidor M\u00e1rcio Moraes J\u00fanior, pelo coordenador do Comit\u00ea de Documenta\u00e7\u00e3o e Mem\u00f3ria do TRT-18, desembargador Elv\u00e9cio Moura, e pela ju\u00edza auxiliar da Presid\u00eancia do TJGO, L\u00eddia de Assis. Os dirigentes dos tribunais, desembargadores Luiz Cl\u00e1udio Veiga Braga (TRE-GO), Geraldo Rodrigues (TRT-18) e Carlos Fran\u00e7a (TJGO), n\u00e3o puderam comparecer ao evento, mediante compromissos pr\u00e9vios.<\/p><p>\u00a0<\/p><p>O coral do TRT-18, \u201cLabor em Canto\u201d, iniciou a solenidade entoando o Hino Nacional Brasileiro e os harmoniosos covers das m\u00fasicas \u201cLa Belle de Jour\u201d, de Alceu Valen\u00e7a e \u201cA Flor e o Beija-Flor\u201d, de Mar\u00edlia Mendon\u00e7a e Henrique e Juliano.<\/p><p>\u00a0<\/p><p>Ap\u00f3s prestar solidariedade \u00e0s pessoas que enfrentam a crise clim\u00e1tica que acomete o estado do Rio Grande do Sul, M\u00e1rcio Moraes J\u00fanior, exaltou a uni\u00e3o dos tr\u00eas tribunais, reconhecendo o trabalho \u00e1rduo que tais institui\u00e7\u00f5es promovem para oferecer inova\u00e7\u00f5es e praticidade \u00e0 sociedade. \u201cA Comiss\u00e3o de Gest\u00e3o da Mem\u00f3ria e Cultura da Justi\u00e7a Eleitoral em Goi\u00e1s [&#8230;] desenvolveu diversas atividades com uma miss\u00e3o cada vez mais ampla: a preserva\u00e7\u00e3o, a valoriza\u00e7\u00e3o e o acesso a documentos e informa\u00e7\u00f5es produzidos ao longo dos anos pelo TRE-GO no desempenho de um papel essencial na promo\u00e7\u00e3o da transpar\u00eancia e da mem\u00f3ria institucional e na contribui\u00e7\u00e3o para a formata\u00e7\u00e3o da identidade da Justi\u00e7a Eleitoral de Goi\u00e1s\u201d, declarou o decano desta Corte.<\/p><p>\u00a0<\/p><p>Em seguida, o desembargador Elv\u00e9cio Moura frisou o compromisso do estado com a preserva\u00e7\u00e3o da mem\u00f3ria e dos valores humanos no contexto nacional e celebrou a parceira, n\u00e3o somente para a consolida\u00e7\u00e3o desta Semana, mas tamb\u00e9m para sediar a quinta edi\u00e7\u00e3o do Encontro Nacional da Mem\u00f3ria no pr\u00f3ximo ano. \u201cEssa escolha n\u00e3o apenas nos enche de orgulho, mas tamb\u00e9m reflete a confian\u00e7a depositada nos representantes dos Tribunais goianos [&#8230;]\u201d, discursou o desembargador.<\/p><p>\u00a0<\/p><p>L\u00eddia de Assis refor\u00e7ou o comprometimento com a preserva\u00e7\u00e3o da mem\u00f3ria e da constru\u00e7\u00e3o de um judici\u00e1rio eficiente e mais acess\u00edvel. A ju\u00edza auxiliar da Presid\u00eancia do Tribunal de Justi\u00e7a do Estado de Goi\u00e1s evidenciou a miss\u00e3o do encontro: \u201cA III Semana da Mem\u00f3ria do Poder Judici\u00e1rio Goiano nos convoca a revisitar o passado, n\u00e3o por mera nostalgia, mas com o prop\u00f3sito determinado de extrair li\u00e7\u00f5es valiosas das experi\u00eancias pret\u00e9ritas, aprimorando nossa atua\u00e7\u00e3o di\u00e1ria\u201d.<\/p><p>\u00a0<\/p><p>Para concluir a programa\u00e7\u00e3o do dia, o juiz Carlos B\u00f6ttcher, atuante no Tribunal de Justi\u00e7a do Estado de S\u00e3o Paulo e membro do Programa Nacional de Gest\u00e3o Documental e Mem\u00f3ria do Poder Judici\u00e1rio, proferiu palestra sobre a \u201cPreserva\u00e7\u00e3o do Patrim\u00f4nio Hist\u00f3rico do Judici\u00e1rio\u201d.<\/p><p>\u00a0<\/p><p><strong>Presen\u00e7as<\/strong><\/p><p><strong>\u00a0<\/strong><\/p><p>Compareceram \u00e0 abertura da III Semana da Mem\u00f3ria do Poder Judici\u00e1rio Goiano, o diretor-geral do TRE-GO, Leonardo Sapi\u00eancia; a ouvidora geral do TRT-18, desembargadora Kathia de Albuquerque, os desembargadores da Justi\u00e7a do Trabalho, M\u00e1rio Bottazzo e Wellington Peixoto; a vice-coordenadora do Comit\u00ea de Documenta\u00e7\u00e3o e Mem\u00f3ria, ju\u00edza Fab\u00edola Martins; a diretora-geral adjunta do TRT-18, C\u00e9lvora Marra; Dr. Nars Chaul, membro da Comiss\u00e3o Permanente de Mem\u00f3ria e Cultura do TJGO; o procurador-chefe do Minist\u00e9rio P\u00fablico do Trabalho em Goi\u00e1s, Alpiniano Lopes; a conselheira seccional da Ordem dos Advogados do Brasil \u2013 Seccional Goi\u00e1s (OAB-GO), Andressa Rodrigues; Rodrigo Rodrigues, representante da Secretaria de Estado da Cultura de Goi\u00e1s; o presidente da Associa\u00e7\u00e3o dos Servidores da Justi\u00e7a Trabalhista do Estado de Goi\u00e1s (ASJUSTEGO), Joelson Lisb\u00f4a; Eneida Martins, representante da Associa\u00e7\u00e3o dos Magistrados do Trabalho da 18\u00aa Regi\u00e3o (AMATRA 18); e a Dra. Helo\u00edsa Helena Costa, professora e muse\u00f3loga da Universidade Federal da Bahia e da Universidade Federal do Rio Grande do Sul.<\/p><p>\u00a0<\/p><p><strong>Programa\u00e7\u00e3o<\/strong><\/p><p><strong>\u00a0<\/strong><\/p><p>A terceira edi\u00e7\u00e3o da Semana da Mem\u00f3ria do Poder Judici\u00e1rio Goiano acontece entre os dias 15 e 17 de maio e aborda a &#8220;Preserva\u00e7\u00e3o do Patrim\u00f4nio Hist\u00f3rico-Cultural do Judici\u00e1rio&#8221;.<\/p><p>\u00a0<\/p><p>O segundo dia do encontro ser\u00e1 realizado na sede do TRE-GO, com abertura do presidente da Comiss\u00e3o de Gest\u00e3o de Mem\u00f3ria e Cultura da Corte Eleitoral, o juiz M\u00e1rcio Moraes J\u00fanior. Na sequ\u00eancia, a professora Helo\u00edsa Helena Costa, da Universidade Federal da Bahia e da Universidade Federal do Rio Grande do Sul, palestrar\u00e1. Ao final do evento, haver\u00e1 um painel de discuss\u00e3o sobre a integra\u00e7\u00e3o entre Arquivologia, Hist\u00f3ria, Museologia e Biblioteconomia com profissionais dos tribunais e institui\u00e7\u00f5es convidadas.<\/p><p>\u00a0<\/p><p>O encerramento da Semana da Mem\u00f3ria acontecer\u00e1 no Centro de Mem\u00f3ria e Cultura do Poder Judici\u00e1rio de Goi\u00e1s, no centro hist\u00f3rico da cidade de Goi\u00e1s, capitaneado pelo desembargador Itaney Campos, integrante da Comiss\u00e3o Permanente de Mem\u00f3ria e Cultura do TJGO. Na ocasi\u00e3o, o TRE-GO lan\u00e7ar\u00e1 o livro \u201cPrimeira Fase da Justi\u00e7a Eleitoral em Goi\u00e1s (1932-1937)\u201d com a presen\u00e7a dos organizadores Paulo Ricchi, da Universidade de S\u00e3o Paulo e Jaqueline Porto Zulini, da Funda\u00e7\u00e3o Get\u00falio Vargas.<\/p><p>\u00a0<\/p><p>Confira a <a href=\"https:\/\/www.tre-go.jus.br\/++theme++justica_eleitoral\/pdfjs\/web\/viewer.html?file=https:\/\/www.tre-go.jus.br\/comunicacao\/noticias\/arquivos\/programacao-semana-da-memoria-3\/@@download\/file\/Programacao___III_Semana_da_Memoria_5-2.pdf\"><strong>programa\u00e7\u00e3o<\/strong><\/a> completa.<\/p><p>\u00a0<\/p><p>Acesse as <strong><a href=\"https:\/\/www.flickr.com\/photos\/tre-go\/albums\/72177720316999791\/\">fotos<\/a>\u00a0 <\/strong>do evento.<\/p>\t\t\t\t\t\t\t\t<\/div>\n\t\t\t\t<\/div>\n\t\t\t\t<div class=\"elementor-element elementor-element-71458db elementor-widget elementor-widget-spacer\" data-id=\"71458db\" data-element_type=\"widget\" data-widget_type=\"spacer.default\">\n\t\t\t\t<div class=\"elementor-widget-container\">\n\t\t\t\t\t\t\t<div class=\"elementor-spacer\">\n\t\t\t<div class=\"elementor-spacer-inner\"><\/div>\n\t\t<\/div>\n\t\t\t\t\t\t<\/div>\n\t\t\t\t<\/div>\n\t\t\t\t<div class=\"elementor-element elementor-element-c497eb9 elementor-widget elementor-widget-text-editor\" data-id=\"c497eb9\" data-element_type=\"widget\" data-widget_type=\"text-editor.default\">\n\t\t\t\t<div class=\"elementor-widget-container\">\n\t\t\t\t\t\t\t\t\t<p style=\"text-align: right;\">Secretaria de Comunica\u00e7\u00e3o Social e Cerimonial (SECOM)<\/p>\t\t\t\t\t\t\t\t<\/div>\n\t\t\t\t<\/div>\n\t\t\t\t\t<\/div>\n\t\t<\/div>\n\t\t\t\t\t<\/div>\n\t\t<\/section>\n\t\t\t\t<section class=\"elementor-section elementor-top-section elementor-element elementor-element-f0e259f elementor-section-boxed elementor-section-height-default elementor-section-height-default\" data-id=\"f0e259f\" data-element_type=\"section\">\n\t\t\t\t\t\t<div class=\"elementor-container elementor-column-gap-default\">\n\t\t\t\t\t<div class=\"elementor-column elementor-col-100 elementor-top-column elementor-element elementor-element-ec8d71f\" data-id=\"ec8d71f\" data-element_type=\"column\">\n\t\t\t<div class=\"elementor-widget-wrap elementor-element-populated\">\n\t\t\t\t\t\t<div class=\"elementor-element elementor-element-9fe839e elementor-widget elementor-widget-spacer\" data-id=\"9fe839e\" data-element_type=\"widget\" data-widget_type=\"spacer.default\">\n\t\t\t\t<div class=\"elementor-widget-container\">\n\t\t\t\t\t\t\t<div class=\"elementor-spacer\">\n\t\t\t<div class=\"elementor-spacer-inner\"><\/div>\n\t\t<\/div>\n\t\t\t\t\t\t<\/div>\n\t\t\t\t<\/div>\n\t\t\t\t\t<\/div>\n\t\t<\/div>\n\t\t\t\t\t<\/div>\n\t\t<\/section>\n\t\t\t\t<section class=\"elementor-section elementor-top-section elementor-element elementor-element-aeb68bd elementor-section-boxed elementor-section-height-default elementor-section-height-default\" data-id=\"aeb68bd\" data-element_type=\"section\">\n\t\t\t\t\t\t<div class=\"elementor-container elementor-column-gap-default\">\n\t\t\t\t\t<div class=\"elementor-column elementor-col-100 elementor-top-column elementor-element elementor-element-2576807\" data-id=\"2576807\" data-element_type=\"column\">\n\t\t\t<div class=\"elementor-widget-wrap\">\n\t\t\t\t\t\t\t<\/div>\n\t\t<\/div>\n\t\t\t\t\t<\/div>\n\t\t<\/section>\n\t\t\t\t<\/div>\n\t\t","protected":false},"excerpt":{"rendered":"<p>Voltar para III Semana da Mem\u00f3ria Aberta a III Semana da Mem\u00f3ria do Poder Judici\u00e1rio Goiano Parceria entre o TRE-GO, TRT-18 e TJGO celebra a preserva\u00e7\u00e3o do patrim\u00f4nio hist\u00f3rico-cultural do Judici\u00e1rio Teve in\u00edcio, na manh\u00e3 desta quarta-feira (15), a III Semana da Mem\u00f3ria do Poder Judici\u00e1rio Goiano, no Audit\u00f3rio de Goyazes do Tribunal Regional do [&hellip;]<\/p>\n","protected":false},"author":5,"featured_media":0,"parent":0,"menu_order":0,"comment_status":"closed","ping_status":"closed","template":"","meta":{"site-sidebar-layout":"no-sidebar","site-content-layout":"page-builder","ast-site-content-layout":"default","site-content-style":"default","site-sidebar-style":"default","ast-global-header-display":"","ast-banner-title-visibility":"","ast-main-header-display":"","ast-hfb-above-header-display":"","ast-hfb-below-header-display":"","ast-hfb-mobile-header-display":"","site-post-title":"disabled","ast-breadcrumbs-content":"","ast-featured-img":"disabled","footer-sml-layout":"","theme-transparent-header-meta":"enabled","adv-header-id-meta":"","stick-header-meta":"","header-above-stick-meta":"","header-main-stick-meta":"","header-below-stick-meta":"","astra-migrate-meta-layouts":"default","ast-page-background-enabled":"default","ast-page-background-meta":{"desktop":{"background-color":"var(--ast-global-color-4)","background-image":"","background-repeat":"repeat","background-position":"center center","background-size":"auto","background-attachment":"scroll","background-type":"","background-media":"","overlay-type":"","overlay-color":"","overlay-opacity":"","overlay-gradient":""},"tablet":{"background-color":"","background-image":"","background-repeat":"repeat","background-position":"center center","background-size":"auto","background-attachment":"scroll","background-type":"","background-media":"","overlay-type":"","overlay-color":"","overlay-opacity":"","overlay-gradient":""},"mobile":{"background-color":"","background-image":"","background-repeat":"repeat","background-position":"center center","background-size":"auto","background-attachment":"scroll","background-type":"","background-media":"","overlay-type":"","overlay-color":"","overlay-opacity":"","overlay-gradient":""}},"ast-content-background-meta":{"desktop":{"background-color":"var(--ast-global-color-5)","background-image":"","background-repeat":"repeat","background-position":"center center","background-size":"auto","background-attachment":"scroll","background-type":"","background-media":"","overlay-type":"","overlay-color":"","overlay-opacity":"","overlay-gradient":""},"tablet":{"background-color":"var(--ast-global-color-5)","background-image":"","background-repeat":"repeat","background-position":"center center","background-size":"auto","background-attachment":"scroll","background-type":"","background-media":"","overlay-type":"","overlay-color":"","overlay-opacity":"","overlay-gradient":""},"mobile":{"background-color":"var(--ast-global-color-5)","background-image":"","background-repeat":"repeat","background-position":"center center","background-size":"auto","background-attachment":"scroll","background-type":"","background-media":"","overlay-type":"","overlay-color":"","overlay-opacity":"","overlay-gradient":""}},"footnotes":""},"class_list":["post-20511","page","type-page","status-publish","hentry"],"_links":{"self":[{"href":"http:\/\/10.10.1.232\/wordpress\/index.php?rest_route=\/wp\/v2\/pages\/20511","targetHints":{"allow":["GET"]}}],"collection":[{"href":"http:\/\/10.10.1.232\/wordpress\/index.php?rest_route=\/wp\/v2\/pages"}],"about":[{"href":"http:\/\/10.10.1.232\/wordpress\/index.php?rest_route=\/wp\/v2\/types\/page"}],"author":[{"embeddable":true,"href":"http:\/\/10.10.1.232\/wordpress\/index.php?rest_route=\/wp\/v2\/users\/5"}],"replies":[{"embeddable":true,"href":"http:\/\/10.10.1.232\/wordpress\/index.php?rest_route=%2Fwp%2Fv2%2Fcomments&post=20511"}],"version-history":[{"count":4,"href":"http:\/\/10.10.1.232\/wordpress\/index.php?rest_route=\/wp\/v2\/pages\/20511\/revisions"}],"predecessor-version":[{"id":20521,"href":"http:\/\/10.10.1.232\/wordpress\/index.php?rest_route=\/wp\/v2\/pages\/20511\/revisions\/20521"}],"wp:attachment":[{"href":"http:\/\/10.10.1.232\/wordpress\/index.php?rest_route=%2Fwp%2Fv2%2Fmedia&parent=20511"}],"curies":[{"name":"wp","href":"https:\/\/api.w.org\/{rel}","templated":true}]}}