{"id":19763,"date":"2023-11-22T15:04:04","date_gmt":"2023-11-22T18:04:04","guid":{"rendered":"http:\/\/10.10.1.232\/wordpress\/?page_id=19763"},"modified":"2023-11-22T15:11:28","modified_gmt":"2023-11-22T18:11:28","slug":"eventos-2023-aberto-o-goiania-art-deco-festival-na-sede-do-tre-go","status":"publish","type":"page","link":"http:\/\/10.10.1.232\/wordpress\/?page_id=19763","title":{"rendered":"Eventos &#8211; 2023 &#8211; Aberto o Goi\u00e2nia Art D\u00e9co Festival na sede do TRE-GO"},"content":{"rendered":"\t\t<div data-elementor-type=\"wp-page\" data-elementor-id=\"19763\" class=\"elementor elementor-19763\">\n\t\t\t\t\t\t<section class=\"elementor-section elementor-top-section elementor-element elementor-element-c8ddeb6 elementor-section-height-min-height elementor-section-boxed elementor-section-height-default elementor-section-items-middle\" data-id=\"c8ddeb6\" data-element_type=\"section\" data-settings=\"{&quot;background_background&quot;:&quot;classic&quot;}\">\n\t\t\t\t\t\t\t<div class=\"elementor-background-overlay\"><\/div>\n\t\t\t\t\t\t\t<div class=\"elementor-container elementor-column-gap-default\">\n\t\t\t\t\t<div class=\"elementor-column elementor-col-100 elementor-top-column elementor-element elementor-element-6a5337e\" data-id=\"6a5337e\" data-element_type=\"column\">\n\t\t\t<div class=\"elementor-widget-wrap elementor-element-populated\">\n\t\t\t\t\t\t<div class=\"elementor-element elementor-element-feefb6c elementor-widget elementor-widget-heading\" data-id=\"feefb6c\" data-element_type=\"widget\" data-widget_type=\"heading.default\">\n\t\t\t\t<div class=\"elementor-widget-container\">\n\t\t\t\t\t<h1 class=\"elementor-heading-title elementor-size-default\">Aberto o Goi\u00e2nia Art D\u00e9co Festival na sede do TRE-GO<\/h1>\t\t\t\t<\/div>\n\t\t\t\t<\/div>\n\t\t\t\t\t<\/div>\n\t\t<\/div>\n\t\t\t\t\t<\/div>\n\t\t<\/section>\n\t\t\t\t<section class=\"elementor-section elementor-top-section elementor-element elementor-element-ae3664b elementor-section-boxed elementor-section-height-default elementor-section-height-default\" data-id=\"ae3664b\" data-element_type=\"section\">\n\t\t\t\t\t\t<div class=\"elementor-container elementor-column-gap-default\">\n\t\t\t\t\t<div class=\"elementor-column elementor-col-100 elementor-top-column elementor-element elementor-element-18ea5ac\" data-id=\"18ea5ac\" data-element_type=\"column\">\n\t\t\t<div class=\"elementor-widget-wrap elementor-element-populated\">\n\t\t\t\t\t\t<div class=\"elementor-element elementor-element-a569c8a elementor-widget elementor-widget-spacer\" data-id=\"a569c8a\" data-element_type=\"widget\" data-widget_type=\"spacer.default\">\n\t\t\t\t<div class=\"elementor-widget-container\">\n\t\t\t\t\t\t\t<div class=\"elementor-spacer\">\n\t\t\t<div class=\"elementor-spacer-inner\"><\/div>\n\t\t<\/div>\n\t\t\t\t\t\t<\/div>\n\t\t\t\t<\/div>\n\t\t\t\t\t<\/div>\n\t\t<\/div>\n\t\t\t\t\t<\/div>\n\t\t<\/section>\n\t\t\t\t<section class=\"elementor-section elementor-top-section elementor-element elementor-element-e4a418e elementor-section-boxed elementor-section-height-default elementor-section-height-default\" data-id=\"e4a418e\" data-element_type=\"section\">\n\t\t\t\t\t\t<div class=\"elementor-container elementor-column-gap-default\">\n\t\t\t\t\t<div class=\"elementor-column elementor-col-100 elementor-top-column elementor-element elementor-element-2305793\" data-id=\"2305793\" data-element_type=\"column\">\n\t\t\t<div class=\"elementor-widget-wrap elementor-element-populated\">\n\t\t\t\t\t\t<div class=\"elementor-element elementor-element-e6ec956 elementor-widget elementor-widget-button\" data-id=\"e6ec956\" data-element_type=\"widget\" data-widget_type=\"button.default\">\n\t\t\t\t<div class=\"elementor-widget-container\">\n\t\t\t\t\t\t\t\t\t<div class=\"elementor-button-wrapper\">\n\t\t\t\t\t<a class=\"elementor-button elementor-button-link elementor-size-sm\" href=\"http:\/\/10.10.1.232\/wordpress\/?page_id=19046\">\n\t\t\t\t\t\t<span class=\"elementor-button-content-wrapper\">\n\t\t\t\t\t\t<span class=\"elementor-button-icon\">\n\t\t\t\t<i aria-hidden=\"true\" class=\"fas fa-angle-double-left\"><\/i>\t\t\t<\/span>\n\t\t\t\t\t\t\t\t\t<span class=\"elementor-button-text\">Voltar para Eventos 2023<\/span>\n\t\t\t\t\t<\/span>\n\t\t\t\t\t<\/a>\n\t\t\t\t<\/div>\n\t\t\t\t\t\t\t\t<\/div>\n\t\t\t\t<\/div>\n\t\t\t\t<div class=\"elementor-element elementor-element-db987b2 elementor-widget elementor-widget-heading\" data-id=\"db987b2\" data-element_type=\"widget\" data-widget_type=\"heading.default\">\n\t\t\t\t<div class=\"elementor-widget-container\">\n\t\t\t\t\t<h2 class=\"elementor-heading-title elementor-size-default\">Aberto o Goi\u00e2nia Art D\u00e9co Festival na sede do TRE-GO<\/h2>\t\t\t\t<\/div>\n\t\t\t\t<\/div>\n\t\t\t\t<div class=\"elementor-element elementor-element-c3a9353 elementor-widget elementor-widget-text-editor\" data-id=\"c3a9353\" data-element_type=\"widget\" data-widget_type=\"text-editor.default\">\n\t\t\t\t<div class=\"elementor-widget-container\">\n\t\t\t\t\t\t\t\t\t<p style=\"text-align: center;\">Exposi\u00e7\u00e3o contempla 22 obras de\u00a0<mark data-markjs=\"true\">art<\/mark>istas pl\u00e1sticos que retratam acervo arquitet\u00f4nico da capital<\/p>\t\t\t\t\t\t\t\t<\/div>\n\t\t\t\t<\/div>\n\t\t\t\t<section class=\"elementor-section elementor-inner-section elementor-element elementor-element-70b80a8 elementor-section-boxed elementor-section-height-default elementor-section-height-default\" data-id=\"70b80a8\" data-element_type=\"section\">\n\t\t\t\t\t\t<div class=\"elementor-container elementor-column-gap-default\">\n\t\t\t\t\t<div class=\"elementor-column elementor-col-33 elementor-inner-column elementor-element elementor-element-f994201\" data-id=\"f994201\" data-element_type=\"column\">\n\t\t\t<div class=\"elementor-widget-wrap\">\n\t\t\t\t\t\t\t<\/div>\n\t\t<\/div>\n\t\t\t\t<div class=\"elementor-column elementor-col-33 elementor-inner-column elementor-element elementor-element-6e6e839\" data-id=\"6e6e839\" data-element_type=\"column\">\n\t\t\t<div class=\"elementor-widget-wrap elementor-element-populated\">\n\t\t\t\t\t\t<div class=\"elementor-element elementor-element-65fd2be elementor-widget elementor-widget-image\" data-id=\"65fd2be\" data-element_type=\"widget\" data-widget_type=\"image.default\">\n\t\t\t\t<div class=\"elementor-widget-container\">\n\t\t\t\t\t\t\t\t\t\t\t\t\t\t\t<img fetchpriority=\"high\" decoding=\"async\" width=\"758\" height=\"409\" src=\"http:\/\/10.10.1.232\/wordpress\/wp-content\/uploads\/2023\/11\/Art1.jpeg\" class=\"attachment-large size-large wp-image-19765\" alt=\"\" srcset=\"http:\/\/10.10.1.232\/wordpress\/wp-content\/uploads\/2023\/11\/Art1.jpeg 758w, http:\/\/10.10.1.232\/wordpress\/wp-content\/uploads\/2023\/11\/Art1-300x162.jpeg 300w\" sizes=\"(max-width: 758px) 100vw, 758px\" \/>\t\t\t\t\t\t\t\t\t\t\t\t\t\t\t<\/div>\n\t\t\t\t<\/div>\n\t\t\t\t\t<\/div>\n\t\t<\/div>\n\t\t\t\t<div class=\"elementor-column elementor-col-33 elementor-inner-column elementor-element elementor-element-3a56ce9\" data-id=\"3a56ce9\" data-element_type=\"column\">\n\t\t\t<div class=\"elementor-widget-wrap\">\n\t\t\t\t\t\t\t<\/div>\n\t\t<\/div>\n\t\t\t\t\t<\/div>\n\t\t<\/section>\n\t\t\t\t<div class=\"elementor-element elementor-element-daf949b elementor-widget elementor-widget-spacer\" data-id=\"daf949b\" data-element_type=\"widget\" data-widget_type=\"spacer.default\">\n\t\t\t\t<div class=\"elementor-widget-container\">\n\t\t\t\t\t\t\t<div class=\"elementor-spacer\">\n\t\t\t<div class=\"elementor-spacer-inner\"><\/div>\n\t\t<\/div>\n\t\t\t\t\t\t<\/div>\n\t\t\t\t<\/div>\n\t\t\t\t<div class=\"elementor-element elementor-element-6d1f634 elementor-widget elementor-widget-text-editor\" data-id=\"6d1f634\" data-element_type=\"widget\" data-widget_type=\"text-editor.default\">\n\t\t\t\t<div class=\"elementor-widget-container\">\n\t\t\t\t\t\t\t\t\t<p>Com a presen\u00e7a de desembargadores, representantes de entidades culturais,\u00a0<mark data-markjs=\"true\">art<\/mark>istas e servidores, o Tribunal Regional Eleitoral de Goi\u00e1s (TRE-GO) recebeu na tarde de hoje o Goi\u00e2nia\u00a0<mark data-markjs=\"true\">Art<\/mark>\u00a0<mark data-markjs=\"true\">D\u00e9co<\/mark>\u00a0Festival, exposi\u00e7\u00e3o com obras de\u00a0<mark data-markjs=\"true\">art<\/mark>istas pl\u00e1sticos que retratam im\u00f3veis hist\u00f3ricos da cidade, dentre eles a sede da Corte Eleitoral.<\/p><p>\u00a0<\/p><p>\u201c\u00c9 uma honra poder receber esta valiosa exposi\u00e7\u00e3o que celebra n\u00e3o apenas a beleza arquitet\u00f4nica de nossa cidade, mas tamb\u00e9m o talento e a sensibilidade de 22\u00a0<mark data-markjs=\"true\">art<\/mark>istas pl\u00e1sticos que a traduziram com suas tintas\u201d, declarou o presidente do Tribunal, desembargador Itaney Francisco Campos, ao abrir o evento, enfatizando a import\u00e2ncia de a\u00e7\u00f5es culturais como essa, \u201cque unem a\u00a0<mark data-markjs=\"true\">art<\/mark>e \u00e0 preserva\u00e7\u00e3o do patrim\u00f4nio cultural, garantindo a continuidade e a valoriza\u00e7\u00e3o da hist\u00f3ria do povo goiano.\u201d<\/p><p>\u00a0<\/p><p>O desembargador Luiz Cl\u00e1udio Veiga Braga, integrante do Tribunal Pleno e presidente da Comiss\u00e3o de Mem\u00f3ria e Cultura do Tribunal de Justi\u00e7a do Estado de Goi\u00e1s (TJGO), expressou sua satisfa\u00e7\u00e3o diante da realiza\u00e7\u00e3o de eventos culturais em pr\u00e9dios do Judici\u00e1rio: \u201cHoje, para minha alegria e contentamento \u00fanico, os tribunais sediados em Goi\u00e1s, o Tribunal de Justi\u00e7a, o Tribunal Regional Eleitoral e o Tribunal Regional do Trabalho, s\u00e3o espa\u00e7os para abrigamento das mais variadas formas de atividades\u00a0<mark data-markjs=\"true\">art<\/mark>\u00edsticas. E isso \u00e9 de uma obriga\u00e7\u00e3o fundamental e de muita import\u00e2ncia.\u201d<\/p><p>\u00a0<\/p><p>A iniciativa da realiza\u00e7\u00e3o da exposi\u00e7\u00e3o no TRE-GO \u00e9 da Comiss\u00e3o de Gest\u00e3o da Mem\u00f3ria e Cultura (CGM), presidida pelo juiz M\u00e1rcio Ant\u00f4nio de Sousa Moraes J\u00fanior, que viabilizou o evento com o objetivo de incentivar o grande p\u00fablico a conhecer e valorizar a hist\u00f3ria arquitet\u00f4nica de Goi\u00e2nia.<\/p><p>\u00a0<\/p><p>A mostra j\u00e1 esteve na Assembleia Legislativa de Goi\u00e1s (ALEGO) e estar\u00e1 no\u00a0<em>hall<\/em>\u00a0do Anexo I do TRE-GO, localizado na Pra\u00e7a C\u00edvica, 300, Centro, Goi\u00e2nia\/GO, dispon\u00edvel ao p\u00fablico interno e externo, at\u00e9 o dia 18 de dezembro de 2023.<\/p><p>\u00a0<\/p><p>Confira as fotos do evento no\u00a0<a href=\"https:\/\/drive.google.com\/drive\/folders\/1S4KbFHtZMOlNjuUYlgjlcTsZZi2tg5DK\">drive<\/a>.<\/p>\t\t\t\t\t\t\t\t<\/div>\n\t\t\t\t<\/div>\n\t\t\t\t<section class=\"elementor-section elementor-inner-section elementor-element elementor-element-939efc8 elementor-section-boxed elementor-section-height-default elementor-section-height-default\" data-id=\"939efc8\" data-element_type=\"section\">\n\t\t\t\t\t\t<div class=\"elementor-container elementor-column-gap-default\">\n\t\t\t\t\t<div class=\"elementor-column elementor-col-100 elementor-inner-column elementor-element elementor-element-36ac96a\" data-id=\"36ac96a\" data-element_type=\"column\">\n\t\t\t<div class=\"elementor-widget-wrap elementor-element-populated\">\n\t\t\t\t\t\t<div class=\"elementor-element elementor-element-0be9279 elementor-widget elementor-widget-image\" data-id=\"0be9279\" data-element_type=\"widget\" data-widget_type=\"image.default\">\n\t\t\t\t<div class=\"elementor-widget-container\">\n\t\t\t\t\t\t\t\t\t\t\t\t\t\t\t<img decoding=\"async\" width=\"485\" height=\"261\" src=\"http:\/\/10.10.1.232\/wordpress\/wp-content\/uploads\/2023\/11\/Art4.jpeg\" class=\"attachment-large size-large wp-image-19774\" alt=\"\" srcset=\"http:\/\/10.10.1.232\/wordpress\/wp-content\/uploads\/2023\/11\/Art4.jpeg 485w, http:\/\/10.10.1.232\/wordpress\/wp-content\/uploads\/2023\/11\/Art4-300x161.jpeg 300w\" sizes=\"(max-width: 485px) 100vw, 485px\" \/>\t\t\t\t\t\t\t\t\t\t\t\t\t\t\t<\/div>\n\t\t\t\t<\/div>\n\t\t\t\t\t<\/div>\n\t\t<\/div>\n\t\t\t\t\t<\/div>\n\t\t<\/section>\n\t\t\t\t<div class=\"elementor-element elementor-element-501d011 elementor-widget elementor-widget-spacer\" data-id=\"501d011\" data-element_type=\"widget\" data-widget_type=\"spacer.default\">\n\t\t\t\t<div class=\"elementor-widget-container\">\n\t\t\t\t\t\t\t<div class=\"elementor-spacer\">\n\t\t\t<div class=\"elementor-spacer-inner\"><\/div>\n\t\t<\/div>\n\t\t\t\t\t\t<\/div>\n\t\t\t\t<\/div>\n\t\t\t\t<div class=\"elementor-element elementor-element-de5692a elementor-widget elementor-widget-text-editor\" data-id=\"de5692a\" data-element_type=\"widget\" data-widget_type=\"text-editor.default\">\n\t\t\t\t<div class=\"elementor-widget-container\">\n\t\t\t\t\t\t\t\t\t<p><span style=\"color: #000080;\"><strong>Presen\u00e7as<\/strong><\/span><\/p><p>\u00a0<\/p><p>Prestigiaram o encontro o procurador regional eleitoral Marcello Santiago Wolff; o secret\u00e1rio executivo de Rela\u00e7\u00f5es Institucionais da Presid\u00eancia da Rep\u00fablica, Olavo Noleto Alves; o superintendente do Instituto do Patrim\u00f4nio Hist\u00f3rico e\u00a0<mark data-markjs=\"true\">Art<\/mark>\u00edstico Nacional (IPHAN), Pedro Wilson Guimar\u00e3es; o presidente da Associa\u00e7\u00e3o Goiana de\u00a0<mark data-markjs=\"true\">Art<\/mark>es Visuais (AGAV), Pedro Galv\u00e3o; o idealizador do Goi\u00e2nia\u00a0<mark data-markjs=\"true\">Art<\/mark>\u00a0<mark data-markjs=\"true\">D\u00e9co<\/mark>\u00a0Festival, Gutto Lemos; o co-fundador da AGAV, Sanatan; a conselheira da OAB\/GO, Tha\u00eds Moraes de Souza; servidores e convidados.<\/p><p>\u00a0<\/p><p><span style=\"color: #000080;\"><strong>Festival<\/strong><\/span><\/p><p>\u00a0<\/p><p>A mostra foi lan\u00e7ada na Semana\u00a0<mark data-markjs=\"true\">Art<\/mark>\u00a0<mark data-markjs=\"true\">D\u00e9co<\/mark><em>,<\/em>\u00a0realizada em agosto de 2023, nesta capital, e\u00a0celebra os 20 anos de tombamento do conjunto urbano de edif\u00edcios e monumentos p\u00fablicos, concentrados em sua maioria no centro da cidade, que formam um acervo arquitet\u00f4nico considerado um dos mais significativos do Brasil, segundo o Instituto do Patrim\u00f4nio Hist\u00f3rico e\u00a0<mark data-markjs=\"true\">Art<\/mark>\u00edstico Nacional (IPHAN).<\/p><p>\u00a0<\/p><p>Goi\u00e2nia\u00a0<mark data-markjs=\"true\">Art<\/mark>\u00a0<mark data-markjs=\"true\">D\u00e9co<\/mark>\u00a0(2023) \u00e9 fruto de alian\u00e7as e parcerias e integra o conjunto de a\u00e7\u00f5es realizadas pela Associa\u00e7\u00e3o Goiana de\u00a0<mark data-markjs=\"true\">Art<\/mark>es Visuais (AGAV), por\u00a0<mark data-markjs=\"true\">art<\/mark>istas filiados, que atuam na \u00e1rea cultural e\u00a0<mark data-markjs=\"true\">art<\/mark>\u00edstica.<\/p><p>\u00a0<\/p><p>Vale destacar que, em agosto de 2023, foi sancionada a\u00a0<a href=\"https:\/\/www.tre-go.jus.br\/comunicacao\/noticias\/arquivos\/lei-estadual-lei-no-22-182-de-2-de-agosto-de-2023\">lei estadual<\/a>\u00a0\u00a0que concede a Goi\u00e2nia o t\u00edtulo de \u201cCapital\u00a0<mark data-markjs=\"true\">Art<\/mark>\u00a0<mark data-markjs=\"true\">D\u00e9co<\/mark>\u201d, consolidando o valor e a import\u00e2ncia desse patrim\u00f4nio.<\/p>\t\t\t\t\t\t\t\t<\/div>\n\t\t\t\t<\/div>\n\t\t\t\t<div class=\"elementor-element elementor-element-f17f586 elementor-widget elementor-widget-spacer\" data-id=\"f17f586\" data-element_type=\"widget\" data-widget_type=\"spacer.default\">\n\t\t\t\t<div class=\"elementor-widget-container\">\n\t\t\t\t\t\t\t<div class=\"elementor-spacer\">\n\t\t\t<div class=\"elementor-spacer-inner\"><\/div>\n\t\t<\/div>\n\t\t\t\t\t\t<\/div>\n\t\t\t\t<\/div>\n\t\t\t\t<div class=\"elementor-element elementor-element-6ecca01 elementor-widget elementor-widget-text-editor\" data-id=\"6ecca01\" data-element_type=\"widget\" data-widget_type=\"text-editor.default\">\n\t\t\t\t<div class=\"elementor-widget-container\">\n\t\t\t\t\t\t\t\t\t<p><small id=\"h.ts93bbdlqb2x\" class=\"CDt4Ke zfr3Q TMjjoe\" dir=\"ltr\">Assessoria de Imprensa e Comunica\u00e7\u00e3o Social<\/small><\/p>\t\t\t\t\t\t\t\t<\/div>\n\t\t\t\t<\/div>\n\t\t\t\t\t<\/div>\n\t\t<\/div>\n\t\t\t\t\t<\/div>\n\t\t<\/section>\n\t\t\t\t<section class=\"elementor-section elementor-top-section elementor-element elementor-element-f0e259f elementor-section-boxed elementor-section-height-default elementor-section-height-default\" data-id=\"f0e259f\" data-element_type=\"section\">\n\t\t\t\t\t\t<div class=\"elementor-container elementor-column-gap-default\">\n\t\t\t\t\t<div class=\"elementor-column elementor-col-100 elementor-top-column elementor-element elementor-element-ec8d71f\" data-id=\"ec8d71f\" data-element_type=\"column\">\n\t\t\t<div class=\"elementor-widget-wrap elementor-element-populated\">\n\t\t\t\t\t\t<div class=\"elementor-element elementor-element-9fe839e elementor-widget elementor-widget-spacer\" data-id=\"9fe839e\" data-element_type=\"widget\" data-widget_type=\"spacer.default\">\n\t\t\t\t<div class=\"elementor-widget-container\">\n\t\t\t\t\t\t\t<div class=\"elementor-spacer\">\n\t\t\t<div class=\"elementor-spacer-inner\"><\/div>\n\t\t<\/div>\n\t\t\t\t\t\t<\/div>\n\t\t\t\t<\/div>\n\t\t\t\t\t<\/div>\n\t\t<\/div>\n\t\t\t\t\t<\/div>\n\t\t<\/section>\n\t\t\t\t<section class=\"elementor-section elementor-top-section elementor-element elementor-element-aeb68bd elementor-section-boxed elementor-section-height-default elementor-section-height-default\" data-id=\"aeb68bd\" data-element_type=\"section\">\n\t\t\t\t\t\t<div class=\"elementor-container elementor-column-gap-default\">\n\t\t\t\t\t<div class=\"elementor-column elementor-col-100 elementor-top-column elementor-element elementor-element-2576807\" data-id=\"2576807\" data-element_type=\"column\">\n\t\t\t<div class=\"elementor-widget-wrap\">\n\t\t\t\t\t\t\t<\/div>\n\t\t<\/div>\n\t\t\t\t\t<\/div>\n\t\t<\/section>\n\t\t\t\t<\/div>\n\t\t","protected":false},"excerpt":{"rendered":"<p>Aberto o Goi\u00e2nia Art D\u00e9co Festival na sede do TRE-GO Voltar para Eventos 2023 Aberto o Goi\u00e2nia Art D\u00e9co Festival na sede do TRE-GO Exposi\u00e7\u00e3o contempla 22 obras de\u00a0artistas pl\u00e1sticos que retratam acervo arquitet\u00f4nico da capital Com a presen\u00e7a de desembargadores, representantes de entidades culturais,\u00a0artistas e servidores, o Tribunal Regional Eleitoral de Goi\u00e1s (TRE-GO) recebeu [&hellip;]<\/p>\n","protected":false},"author":5,"featured_media":0,"parent":0,"menu_order":0,"comment_status":"closed","ping_status":"closed","template":"","meta":{"site-sidebar-layout":"no-sidebar","site-content-layout":"page-builder","ast-site-content-layout":"default","site-content-style":"default","site-sidebar-style":"default","ast-global-header-display":"","ast-banner-title-visibility":"","ast-main-header-display":"","ast-hfb-above-header-display":"","ast-hfb-below-header-display":"","ast-hfb-mobile-header-display":"","site-post-title":"disabled","ast-breadcrumbs-content":"","ast-featured-img":"disabled","footer-sml-layout":"","theme-transparent-header-meta":"enabled","adv-header-id-meta":"","stick-header-meta":"","header-above-stick-meta":"","header-main-stick-meta":"","header-below-stick-meta":"","astra-migrate-meta-layouts":"default","ast-page-background-enabled":"default","ast-page-background-meta":{"desktop":{"background-color":"var(--ast-global-color-4)","background-image":"","background-repeat":"repeat","background-position":"center center","background-size":"auto","background-attachment":"scroll","background-type":"","background-media":"","overlay-type":"","overlay-color":"","overlay-opacity":"","overlay-gradient":""},"tablet":{"background-color":"","background-image":"","background-repeat":"repeat","background-position":"center center","background-size":"auto","background-attachment":"scroll","background-type":"","background-media":"","overlay-type":"","overlay-color":"","overlay-opacity":"","overlay-gradient":""},"mobile":{"background-color":"","background-image":"","background-repeat":"repeat","background-position":"center center","background-size":"auto","background-attachment":"scroll","background-type":"","background-media":"","overlay-type":"","overlay-color":"","overlay-opacity":"","overlay-gradient":""}},"ast-content-background-meta":{"desktop":{"background-color":"var(--ast-global-color-5)","background-image":"","background-repeat":"repeat","background-position":"center center","background-size":"auto","background-attachment":"scroll","background-type":"","background-media":"","overlay-type":"","overlay-color":"","overlay-opacity":"","overlay-gradient":""},"tablet":{"background-color":"var(--ast-global-color-5)","background-image":"","background-repeat":"repeat","background-position":"center center","background-size":"auto","background-attachment":"scroll","background-type":"","background-media":"","overlay-type":"","overlay-color":"","overlay-opacity":"","overlay-gradient":""},"mobile":{"background-color":"var(--ast-global-color-5)","background-image":"","background-repeat":"repeat","background-position":"center center","background-size":"auto","background-attachment":"scroll","background-type":"","background-media":"","overlay-type":"","overlay-color":"","overlay-opacity":"","overlay-gradient":""}},"footnotes":""},"class_list":["post-19763","page","type-page","status-publish","hentry"],"_links":{"self":[{"href":"http:\/\/10.10.1.232\/wordpress\/index.php?rest_route=\/wp\/v2\/pages\/19763","targetHints":{"allow":["GET"]}}],"collection":[{"href":"http:\/\/10.10.1.232\/wordpress\/index.php?rest_route=\/wp\/v2\/pages"}],"about":[{"href":"http:\/\/10.10.1.232\/wordpress\/index.php?rest_route=\/wp\/v2\/types\/page"}],"author":[{"embeddable":true,"href":"http:\/\/10.10.1.232\/wordpress\/index.php?rest_route=\/wp\/v2\/users\/5"}],"replies":[{"embeddable":true,"href":"http:\/\/10.10.1.232\/wordpress\/index.php?rest_route=%2Fwp%2Fv2%2Fcomments&post=19763"}],"version-history":[{"count":10,"href":"http:\/\/10.10.1.232\/wordpress\/index.php?rest_route=\/wp\/v2\/pages\/19763\/revisions"}],"predecessor-version":[{"id":19777,"href":"http:\/\/10.10.1.232\/wordpress\/index.php?rest_route=\/wp\/v2\/pages\/19763\/revisions\/19777"}],"wp:attachment":[{"href":"http:\/\/10.10.1.232\/wordpress\/index.php?rest_route=%2Fwp%2Fv2%2Fmedia&parent=19763"}],"curies":[{"name":"wp","href":"https:\/\/api.w.org\/{rel}","templated":true}]}}