{"id":18516,"date":"2023-05-30T15:51:33","date_gmt":"2023-05-30T18:51:33","guid":{"rendered":"http:\/\/10.10.1.232\/wordpress\/?page_id=18516"},"modified":"2023-05-31T12:47:46","modified_gmt":"2023-05-31T15:47:46","slug":"ii-semana-da-memoria-aberta-a-ii-semana-da-memoria-do-poder-judiciario-goiano-2","status":"publish","type":"page","link":"http:\/\/10.10.1.232\/wordpress\/?page_id=18516","title":{"rendered":"Democracia \u00e9 tema de palestra da II Semana da Mem\u00f3ria do Poder Judici\u00e1rio"},"content":{"rendered":"\t\t<div data-elementor-type=\"wp-page\" data-elementor-id=\"18516\" class=\"elementor elementor-18516\">\n\t\t\t\t\t\t<section class=\"elementor-section elementor-top-section elementor-element elementor-element-c8ddeb6 elementor-section-height-min-height elementor-section-boxed elementor-section-height-default elementor-section-items-middle\" data-id=\"c8ddeb6\" data-element_type=\"section\" data-e-type=\"section\" data-settings=\"{&quot;background_background&quot;:&quot;classic&quot;}\">\n\t\t\t\t\t\t\t<div class=\"elementor-background-overlay\"><\/div>\n\t\t\t\t\t\t\t<div class=\"elementor-container elementor-column-gap-default\">\n\t\t\t\t\t<div class=\"elementor-column elementor-col-100 elementor-top-column elementor-element elementor-element-6a5337e\" data-id=\"6a5337e\" data-element_type=\"column\" data-e-type=\"column\">\n\t\t\t<div class=\"elementor-widget-wrap elementor-element-populated\">\n\t\t\t\t\t\t\t<\/div>\n\t\t<\/div>\n\t\t\t\t\t<\/div>\n\t\t<\/section>\n\t\t\t\t<section class=\"elementor-section elementor-top-section elementor-element elementor-element-ae3664b elementor-section-boxed elementor-section-height-default elementor-section-height-default\" data-id=\"ae3664b\" data-element_type=\"section\" data-e-type=\"section\">\n\t\t\t\t\t\t<div class=\"elementor-container elementor-column-gap-default\">\n\t\t\t\t\t<div class=\"elementor-column elementor-col-100 elementor-top-column elementor-element elementor-element-18ea5ac\" data-id=\"18ea5ac\" data-element_type=\"column\" data-e-type=\"column\">\n\t\t\t<div class=\"elementor-widget-wrap elementor-element-populated\">\n\t\t\t\t\t\t<div class=\"elementor-element elementor-element-a569c8a elementor-widget elementor-widget-spacer\" data-id=\"a569c8a\" data-element_type=\"widget\" data-e-type=\"widget\" data-widget_type=\"spacer.default\">\n\t\t\t\t<div class=\"elementor-widget-container\">\n\t\t\t\t\t\t\t<div class=\"elementor-spacer\">\n\t\t\t<div class=\"elementor-spacer-inner\"><\/div>\n\t\t<\/div>\n\t\t\t\t\t\t<\/div>\n\t\t\t\t<\/div>\n\t\t\t\t<div class=\"elementor-element elementor-element-882cec9 elementor-widget elementor-widget-button\" data-id=\"882cec9\" data-element_type=\"widget\" data-e-type=\"widget\" data-widget_type=\"button.default\">\n\t\t\t\t<div class=\"elementor-widget-container\">\n\t\t\t\t\t\t\t\t\t<div class=\"elementor-button-wrapper\">\n\t\t\t\t\t<a class=\"elementor-button elementor-button-link elementor-size-sm\" href=\"http:\/\/10.10.1.232\/wordpress\/?page_id=18309\">\n\t\t\t\t\t\t<span class=\"elementor-button-content-wrapper\">\n\t\t\t\t\t\t<span class=\"elementor-button-icon\">\n\t\t\t\t<i aria-hidden=\"true\" class=\"fas fa-angle-double-left\"><\/i>\t\t\t<\/span>\n\t\t\t\t\t\t\t\t\t<span class=\"elementor-button-text\">Voltar para II Semana da Mem\u00f3ria<\/span>\n\t\t\t\t\t<\/span>\n\t\t\t\t\t<\/a>\n\t\t\t\t<\/div>\n\t\t\t\t\t\t\t\t<\/div>\n\t\t\t\t<\/div>\n\t\t\t\t\t<\/div>\n\t\t<\/div>\n\t\t\t\t\t<\/div>\n\t\t<\/section>\n\t\t\t\t<section class=\"elementor-section elementor-top-section elementor-element elementor-element-e4a418e elementor-section-boxed elementor-section-height-default elementor-section-height-default\" data-id=\"e4a418e\" data-element_type=\"section\" data-e-type=\"section\">\n\t\t\t\t\t\t<div class=\"elementor-container elementor-column-gap-default\">\n\t\t\t\t\t<div class=\"elementor-column elementor-col-100 elementor-top-column elementor-element elementor-element-2305793\" data-id=\"2305793\" data-element_type=\"column\" data-e-type=\"column\">\n\t\t\t<div class=\"elementor-widget-wrap elementor-element-populated\">\n\t\t\t\t\t\t<div class=\"elementor-element elementor-element-13a036d elementor-widget elementor-widget-spacer\" data-id=\"13a036d\" data-element_type=\"widget\" data-e-type=\"widget\" data-widget_type=\"spacer.default\">\n\t\t\t\t<div class=\"elementor-widget-container\">\n\t\t\t\t\t\t\t<div class=\"elementor-spacer\">\n\t\t\t<div class=\"elementor-spacer-inner\"><\/div>\n\t\t<\/div>\n\t\t\t\t\t\t<\/div>\n\t\t\t\t<\/div>\n\t\t\t\t<div class=\"elementor-element elementor-element-c18c63f elementor-widget elementor-widget-heading\" data-id=\"c18c63f\" data-element_type=\"widget\" data-e-type=\"widget\" data-widget_type=\"heading.default\">\n\t\t\t\t<div class=\"elementor-widget-container\">\n\t\t\t\t\t<h2 class=\"elementor-heading-title elementor-size-default\">Democracia \u00e9 tema de palestra da II Semana da Mem\u00f3ria do Poder Judici\u00e1rio<\/h2>\t\t\t\t<\/div>\n\t\t\t\t<\/div>\n\t\t\t\t<div class=\"elementor-element elementor-element-7079f20 elementor-widget elementor-widget-spacer\" data-id=\"7079f20\" data-element_type=\"widget\" data-e-type=\"widget\" data-widget_type=\"spacer.default\">\n\t\t\t\t<div class=\"elementor-widget-container\">\n\t\t\t\t\t\t\t<div class=\"elementor-spacer\">\n\t\t\t<div class=\"elementor-spacer-inner\"><\/div>\n\t\t<\/div>\n\t\t\t\t\t\t<\/div>\n\t\t\t\t<\/div>\n\t\t\t\t<div class=\"elementor-element elementor-element-9d55844 elementor-arrows-position-inside elementor-pagination-position-outside elementor-widget elementor-widget-image-carousel\" data-id=\"9d55844\" data-element_type=\"widget\" data-e-type=\"widget\" data-settings=\"{&quot;slides_to_show&quot;:&quot;1&quot;,&quot;navigation&quot;:&quot;both&quot;,&quot;autoplay&quot;:&quot;yes&quot;,&quot;pause_on_hover&quot;:&quot;yes&quot;,&quot;pause_on_interaction&quot;:&quot;yes&quot;,&quot;autoplay_speed&quot;:5000,&quot;infinite&quot;:&quot;yes&quot;,&quot;effect&quot;:&quot;slide&quot;,&quot;speed&quot;:500}\" data-widget_type=\"image-carousel.default\">\n\t\t\t\t<div class=\"elementor-widget-container\">\n\t\t\t\t\t\t\t<div class=\"elementor-image-carousel-wrapper swiper\" role=\"region\" aria-roledescription=\"carousel\" aria-label=\"Carrossel de imagens\" dir=\"ltr\">\n\t\t\t<div class=\"elementor-image-carousel swiper-wrapper\" aria-live=\"off\">\n\t\t\t\t\t\t\t\t<div class=\"swiper-slide\" role=\"group\" aria-roledescription=\"slide\" aria-label=\"1 de 4\"><figure class=\"swiper-slide-inner\"><img decoding=\"async\" class=\"swiper-slide-image\" src=\"http:\/\/10.10.1.232\/wordpress\/wp-content\/uploads\/2023\/05\/8-768x491.jpg\" alt=\"8\" \/><\/figure><\/div><div class=\"swiper-slide\" role=\"group\" aria-roledescription=\"slide\" aria-label=\"2 de 4\"><figure class=\"swiper-slide-inner\"><img decoding=\"async\" class=\"swiper-slide-image\" src=\"http:\/\/10.10.1.232\/wordpress\/wp-content\/uploads\/2023\/05\/9-768x512.jpg\" alt=\"9\" \/><\/figure><\/div><div class=\"swiper-slide\" role=\"group\" aria-roledescription=\"slide\" aria-label=\"3 de 4\"><figure class=\"swiper-slide-inner\"><img decoding=\"async\" class=\"swiper-slide-image\" src=\"http:\/\/10.10.1.232\/wordpress\/wp-content\/uploads\/2023\/05\/10-768x512.jpg\" alt=\"10\" \/><\/figure><\/div><div class=\"swiper-slide\" role=\"group\" aria-roledescription=\"slide\" aria-label=\"4 de 4\"><figure class=\"swiper-slide-inner\"><img decoding=\"async\" class=\"swiper-slide-image\" src=\"http:\/\/10.10.1.232\/wordpress\/wp-content\/uploads\/2023\/05\/11-768x512.jpg\" alt=\"11\" \/><\/figure><\/div>\t\t\t<\/div>\n\t\t\t\t\t\t\t\t\t\t\t\t<div class=\"elementor-swiper-button elementor-swiper-button-prev\" role=\"button\" tabindex=\"0\">\n\t\t\t\t\t\t<i aria-hidden=\"true\" class=\"eicon-chevron-left\"><\/i>\t\t\t\t\t<\/div>\n\t\t\t\t\t<div class=\"elementor-swiper-button elementor-swiper-button-next\" role=\"button\" tabindex=\"0\">\n\t\t\t\t\t\t<i aria-hidden=\"true\" class=\"eicon-chevron-right\"><\/i>\t\t\t\t\t<\/div>\n\t\t\t\t\n\t\t\t\t\t\t\t\t\t<div class=\"swiper-pagination\"><\/div>\n\t\t\t\t\t\t\t\t\t<\/div>\n\t\t\t\t\t\t<\/div>\n\t\t\t\t<\/div>\n\t\t\t\t<div class=\"elementor-element elementor-element-5ccecb1 elementor-widget elementor-widget-text-editor\" data-id=\"5ccecb1\" data-element_type=\"widget\" data-e-type=\"widget\" data-widget_type=\"text-editor.default\">\n\t\t\t\t<div class=\"elementor-widget-container\">\n\t\t\t\t\t\t\t\t\t<p>Aconteceu nesta manh\u00e3 (18), no Audit\u00f3rio Geraldo Salvador de Moura do Tribunal Regional Eleitoral de Goi\u00e1s (TRE-GO), o segundo dia de eventos da II Semana da Mem\u00f3ria do Poder Judici\u00e1rio Goiano. O encontro \u00e9 realizado em parceria entre o Tribunal Regional do Trabalho da 18\u00aa Regi\u00e3o (TRT-18), o Tribunal de Justi\u00e7a do Estado de Goi\u00e1s (TJGO) e o Regional Eleitoral.<\/p><p>\u00a0<\/p><p>\u201cA preserva\u00e7\u00e3o da mem\u00f3ria \u00e9 uma responsabilidade social, um potente instrumento de prote\u00e7\u00e3o das conquistas democr\u00e1ticas contra abusos de poder para a constru\u00e7\u00e3o de uma sociedade justa e igualit\u00e1ria\u201d, afirmou o presidente do TRE-GO, desembargador Itaney Francisco Campos, ao abrir o evento, enfatizando a import\u00e2ncia da preserva\u00e7\u00e3o da mem\u00f3ria para a manuten\u00e7\u00e3o da democracia. \u201cPor meio dos registros e das narrativas perpetuadas, podemos compreender as ra\u00edzes e as causas dos abismos e das conquistas que marcaram o nosso tempo\u201d, declarou.<\/p><p>\u00a0<\/p><p>O presidente Itaney Campos tamb\u00e9m registrou a import\u00e2ncia do Memorial da Justi\u00e7a Eleitoral goiana: \u201cSeu acervo reflete o nosso senso de futuro. \u00c9 fruto de acurada pesquisa cr\u00edtica da Comiss\u00e3o de Gest\u00e3o da Mem\u00f3ria e Cultura da Justi\u00e7a Eleitoral de Goi\u00e1s e de todos que laboram para o seu desenvolvimento. Temos tamb\u00e9m preciosas doa\u00e7\u00f5es por parte da sociedade que, consciente de que a preserva\u00e7\u00e3o da mem\u00f3ria \u00e9 um exerc\u00edcio de cidadania e responsabilidade compartilhada, apoia iniciativas de fomento e valoriza\u00e7\u00e3o da hist\u00f3ria\u201d.<\/p><p>\u00a0<\/p><p>Representando o presidente do Tribunal de Justi\u00e7a do Estado de Goi\u00e1s, o desembargador Luiz Cl\u00e1udio Veiga Braga, integrante do Tribunal Pleno da Corte Eleitoral e presidente da Comiss\u00e3o de Mem\u00f3ria e Cultura do TJGO, proferiu discurso po\u00e9tico no qual convidou os presentes para participarem do encerramento da Semana da Mem\u00f3ria na Cidade de Goi\u00e1s na sexta-feira (19): \u201cL\u00e1 estaremos amanh\u00e3, em peregrina\u00e7\u00e3o para completar esse ciclo de eventos para a constru\u00e7\u00e3o de um enredo hist\u00f3rico do nosso passado e a identidade do nosso povo. L\u00e1 caminharemos neste projeto que n\u00e3o \u00e9 nosso, n\u00e3o \u00e9 do Judici\u00e1rio, \u00e9 da sociedade.\u201d<\/p><p>\u00a0<\/p><p>O juiz-ouvidor do TRE-GO, M\u00e1rcio Ant\u00f4nio de Sousa Moraes J\u00fanior, presidente da Comiss\u00e3o de Gest\u00e3o da Mem\u00f3ria e Cultura da Justi\u00e7a Eleitoral de Goi\u00e1s, destacou, em seu pronunciamento, a parceria entre os tribunais: \u201cEssa uni\u00e3o em muito enriquece as tr\u00eas institui\u00e7\u00f5es que, em conjunto, contribuem com suas a\u00e7\u00f5es para o fortalecimento da cultura e da mem\u00f3ria do poder Judici\u00e1rio em Goi\u00e1s.\u201d<\/p><p>\u00a0<\/p><p>M\u00e1rcio Ant\u00f4nio informou aos presentes que o TRE-GO recebeu, na \u00faltima semana, o Pr\u00eamio Nacional do Poder Judici\u00e1rio na Categoria Especial \u201cGest\u00e3o de Mem\u00f3ria: recursos humanos\u201d, outorgado pelo Conselho Nacional de Justi\u00e7a (CNJ). O pr\u00eamio foi entregue ao juiz pelas m\u00e3os da Ministra Rosa Weber, durante o III Encontro Nacional de Mem\u00f3ria do Poder Judici\u00e1rio, sediado em Porto Alegre (RS). \u201cEssa premia\u00e7\u00e3o nos indica que estamos no caminho. Ela foi reconhecida, especialmente, pela valoriza\u00e7\u00e3o dos trabalhos dos profissionais das \u00e1reas de ci\u00eancias da informa\u00e7\u00e3o, arquivologia, biblioteconomia, hist\u00f3ria e museologia\u201d, ressaltou, acrescentando que \u201ctemos muito o que comemorar em Goi\u00e1s porque seguimos na vanguarda das a\u00e7\u00f5es e atividades estipuladas como norte pelo CNJ\u201d.<\/p><p>\u00a0<\/p><p><strong>Mem\u00f3ria e Democracia<\/strong><\/p><p>\u00a0<\/p><p>Ap\u00f3s os discursos de abertura, o professor da Universidade de S\u00e3o Paulo, Dr. Paolo Ricci, proferiu palestra sobre o tema: \u201cA Justi\u00e7a e a Democracia brasileira precisam de quanta mem\u00f3ria?\u201d. O professor parabenizou o Judici\u00e1rio goiano pela promo\u00e7\u00e3o de encontros como a Semana da Mem\u00f3ria: \u201cEu desejo, de fato, de cora\u00e7\u00e3o, que todas as iniciativas desse evento que est\u00e3o sendo organizadas n\u00e3o apenas nesse ano, mas tamb\u00e9m no ano passado e nos \u00faltimos anos, cheguem ao p\u00fablico em geral e aos pesquisadores e aos nossos filhos, que est\u00e3o fazendo pesquisa em n\u00edvel de gradua\u00e7\u00e3o, mestrado e doutorado. \u00c9 atrav\u00e9s dessas pesquisas que n\u00f3s podemos garantir que n\u00e3o se fa\u00e7a apenas hist\u00f3ria, mas que a hist\u00f3ria ilumine a nossa mem\u00f3ria.\u201d<\/p><p>\u00a0<\/p><p><strong>Painel de Discuss\u00e3o<\/strong><\/p><p>\u00a0<\/p><p>A \u00faltima etapa do evento foi um painel de integra\u00e7\u00e3o entre profissionais de Arquivologia, Hist\u00f3ria, Museologia e Biblioteconomia dos tr\u00eas tribunais participantes da Semana da Mem\u00f3ria, mediado pela coordenadora de Gest\u00e3o da Informa\u00e7\u00e3o do TRE-GO, Fl\u00e1via de Castro Dayrell.<\/p><p>\u00a0<\/p><p>\u201cPrecisamos dessa nossa hist\u00f3ria, de ver a nossa trajet\u00f3ria ser divulgada para a gera\u00e7\u00e3o atual e projetada para a gera\u00e7\u00e3o futura. De contribuir para a constru\u00e7\u00e3o da cidadania, de informar a juventude brasileira, sobretudo, do papel da Justi\u00e7a Eleitoral, como promotora da cidadania e defensora da democracia\u201d, frisou Fl\u00e1via, na abertura da roda de discuss\u00e3o.<\/p><p>\u00a0<\/p><p>Participaram do painel os seguintes profissionais: Anderson Abreu de Macedo, Diretor de Gest\u00e3o Documental, do TRT-18; Carla Celene Ribas da Silva, muse\u00f3loga do TJGO; Vanessa Ferreira de Almeida Rezende, muse\u00f3loga do TRE-GO; Viviane Fraga de Oliveira, bibliotec\u00e1ria do TRE-GO; \u00a0Laylla Nayane Dias Lopes Vilarinho, historiadora do TJGO; Filipe Petres Dellon Silva, historiador do TRE-GO; Lara Lins, arquivista do TJGO e Andreia Ara\u00fajo Lima, arquivista do TRE-GO.<\/p><p>\u00a0<\/p><p>\u00a0<\/p><p><strong>Presen\u00e7as<\/strong><\/p><p>\u00a0<\/p><p>Representando o TRE-GO, participaram do segundo dia da Semana os ju\u00edzes Adenir Teixeira Peres J\u00fanior e Laudo Natel, os secret\u00e1rios Leonardo Sapi\u00eancia Santos, Fernanda Souza Lucas, Milena Jorge Gon\u00e7alves e Frank Wendell Ribeiro, coordenadores, assessores e demais servidores.<\/p><p>\u00a0<\/p><p>Prestigiaram o evento o presidente do Instituto Hist\u00f3rico e Geogr\u00e1fico de Goi\u00e1s (IHGG), Jalles Guedes; o presidente do Instituto Cultural e Educacional Bernardo \u00c9lis para os Povos do Cerrado (Icebe), Nilson Jaime; a secret\u00e1ria-adjunta da educa\u00e7\u00e3o do estado de Goi\u00e1s, Helena da Costa Bezerra; o poeta Gabriel Nascente, assessor cultural do TJGO e a chefe de gest\u00e3o da mem\u00f3ria do TRT-18, \u00a0Ariony Chaves. \u00a0<\/p><p>\u00a0<\/p><p>\u00a0<\/p><p><strong>Pr\u00f3ximo evento<\/strong><\/p><p>\u00a0<\/p><p>O encerramento da Semana da Mem\u00f3ria acontecer\u00e1 no centro hist\u00f3rico da Cidade de Goi\u00e1s, capitaneado pelo desembargador Luiz Cl\u00e1udio Veiga Braga, presidente da Comiss\u00e3o Permanente de Mem\u00f3ria e Cultura do TJGO. Nesta ocasi\u00e3o, o TRE-GO apresentar\u00e1 o Programa de Hist\u00f3ria Oral do Memorial Virtual da Justi\u00e7a Eleitoral goiana, de autoria da Comiss\u00e3o de Gest\u00e3o de Mem\u00f3ria e Cultura do TRE-GO, com produ\u00e7\u00e3o da Assessoria de Imprensa e Comunica\u00e7\u00e3o Social (ASCOM).<\/p><p>\u00a0<\/p><p>Confira a \u00edntegra do evento no\u00a0<a href=\"https:\/\/www.youtube.com\/watch?v=wA99cxAb6g4\">canal do TRE-GO no YouTube<\/a>.<\/p><p>Veja as fotos no\u00a0<a href=\"https:\/\/drive.google.com\/drive\/folders\/1FY5rIgW-cezHGrgcg4_AV_cMjzYEQw_K\">drive<\/a>.<\/p><p>Confira a\u00a0<a href=\"https:\/\/www.tre-go.jus.br\/++theme++justica_eleitoral\/pdfjs\/web\/viewer.html?file=https:\/\/www.tre-go.jus.br\/comunicacao\/noticias\/arquivos\/ii-semana-da-memoria-do-poder-judiciario-goiano\/@@download\/file\/Segunda%20semana%20da%20Memo%CC%81ria_Azul_Final_Digital.pdf\">programa\u00e7\u00e3o<\/a>\u00a0completa do evento.<\/p>\t\t\t\t\t\t\t\t<\/div>\n\t\t\t\t<\/div>\n\t\t\t\t<div class=\"elementor-element elementor-element-71458db elementor-widget elementor-widget-spacer\" data-id=\"71458db\" data-element_type=\"widget\" data-e-type=\"widget\" data-widget_type=\"spacer.default\">\n\t\t\t\t<div class=\"elementor-widget-container\">\n\t\t\t\t\t\t\t<div class=\"elementor-spacer\">\n\t\t\t<div class=\"elementor-spacer-inner\"><\/div>\n\t\t<\/div>\n\t\t\t\t\t\t<\/div>\n\t\t\t\t<\/div>\n\t\t\t\t<div class=\"elementor-element elementor-element-c497eb9 elementor-widget elementor-widget-text-editor\" data-id=\"c497eb9\" data-element_type=\"widget\" data-e-type=\"widget\" data-widget_type=\"text-editor.default\">\n\t\t\t\t<div class=\"elementor-widget-container\">\n\t\t\t\t\t\t\t\t\t<p style=\"text-align: right;\">Assessoria de Imprensa e Comunica\u00e7\u00e3o Social<\/p>\t\t\t\t\t\t\t\t<\/div>\n\t\t\t\t<\/div>\n\t\t\t\t\t<\/div>\n\t\t<\/div>\n\t\t\t\t\t<\/div>\n\t\t<\/section>\n\t\t\t\t<section class=\"elementor-section elementor-top-section elementor-element elementor-element-f0e259f elementor-section-boxed elementor-section-height-default elementor-section-height-default\" data-id=\"f0e259f\" data-element_type=\"section\" data-e-type=\"section\">\n\t\t\t\t\t\t<div class=\"elementor-container elementor-column-gap-default\">\n\t\t\t\t\t<div class=\"elementor-column elementor-col-100 elementor-top-column elementor-element elementor-element-ec8d71f\" data-id=\"ec8d71f\" data-element_type=\"column\" data-e-type=\"column\">\n\t\t\t<div class=\"elementor-widget-wrap elementor-element-populated\">\n\t\t\t\t\t\t<div class=\"elementor-element elementor-element-9fe839e elementor-widget elementor-widget-spacer\" data-id=\"9fe839e\" data-element_type=\"widget\" data-e-type=\"widget\" data-widget_type=\"spacer.default\">\n\t\t\t\t<div class=\"elementor-widget-container\">\n\t\t\t\t\t\t\t<div class=\"elementor-spacer\">\n\t\t\t<div class=\"elementor-spacer-inner\"><\/div>\n\t\t<\/div>\n\t\t\t\t\t\t<\/div>\n\t\t\t\t<\/div>\n\t\t\t\t\t<\/div>\n\t\t<\/div>\n\t\t\t\t\t<\/div>\n\t\t<\/section>\n\t\t\t\t<section class=\"elementor-section elementor-top-section elementor-element elementor-element-aeb68bd elementor-section-boxed elementor-section-height-default elementor-section-height-default\" data-id=\"aeb68bd\" data-element_type=\"section\" data-e-type=\"section\">\n\t\t\t\t\t\t<div class=\"elementor-container elementor-column-gap-default\">\n\t\t\t\t\t<div class=\"elementor-column elementor-col-100 elementor-top-column elementor-element elementor-element-2576807\" data-id=\"2576807\" data-element_type=\"column\" data-e-type=\"column\">\n\t\t\t<div class=\"elementor-widget-wrap\">\n\t\t\t\t\t\t\t<\/div>\n\t\t<\/div>\n\t\t\t\t\t<\/div>\n\t\t<\/section>\n\t\t\t\t<\/div>\n\t\t","protected":false},"excerpt":{"rendered":"<p>Voltar para II Semana da Mem\u00f3ria Democracia \u00e9 tema de palestra da II Semana da Mem\u00f3ria do Poder Judici\u00e1rio Previous image Next image Aconteceu nesta manh\u00e3 (18), no Audit\u00f3rio Geraldo Salvador de Moura do Tribunal Regional Eleitoral de Goi\u00e1s (TRE-GO), o segundo dia de eventos da II Semana da Mem\u00f3ria do Poder Judici\u00e1rio Goiano. O [&hellip;]<\/p>\n","protected":false},"author":5,"featured_media":0,"parent":0,"menu_order":0,"comment_status":"closed","ping_status":"closed","template":"","meta":{"site-sidebar-layout":"no-sidebar","site-content-layout":"page-builder","ast-site-content-layout":"default","site-content-style":"default","site-sidebar-style":"default","ast-global-header-display":"","ast-banner-title-visibility":"","ast-main-header-display":"","ast-hfb-above-header-display":"","ast-hfb-below-header-display":"","ast-hfb-mobile-header-display":"","site-post-title":"disabled","ast-breadcrumbs-content":"","ast-featured-img":"disabled","footer-sml-layout":"","ast-disable-related-posts":"","theme-transparent-header-meta":"enabled","adv-header-id-meta":"","stick-header-meta":"","header-above-stick-meta":"","header-main-stick-meta":"","header-below-stick-meta":"","astra-migrate-meta-layouts":"default","ast-page-background-enabled":"default","ast-page-background-meta":{"desktop":{"background-color":"var(--ast-global-color-4)","background-image":"","background-repeat":"repeat","background-position":"center center","background-size":"auto","background-attachment":"scroll","background-type":"","background-media":"","overlay-type":"","overlay-color":"","overlay-opacity":"","overlay-gradient":""},"tablet":{"background-color":"","background-image":"","background-repeat":"repeat","background-position":"center center","background-size":"auto","background-attachment":"scroll","background-type":"","background-media":"","overlay-type":"","overlay-color":"","overlay-opacity":"","overlay-gradient":""},"mobile":{"background-color":"","background-image":"","background-repeat":"repeat","background-position":"center center","background-size":"auto","background-attachment":"scroll","background-type":"","background-media":"","overlay-type":"","overlay-color":"","overlay-opacity":"","overlay-gradient":""}},"ast-content-background-meta":{"desktop":{"background-color":"var(--ast-global-color-5)","background-image":"","background-repeat":"repeat","background-position":"center center","background-size":"auto","background-attachment":"scroll","background-type":"","background-media":"","overlay-type":"","overlay-color":"","overlay-opacity":"","overlay-gradient":""},"tablet":{"background-color":"var(--ast-global-color-5)","background-image":"","background-repeat":"repeat","background-position":"center center","background-size":"auto","background-attachment":"scroll","background-type":"","background-media":"","overlay-type":"","overlay-color":"","overlay-opacity":"","overlay-gradient":""},"mobile":{"background-color":"var(--ast-global-color-5)","background-image":"","background-repeat":"repeat","background-position":"center center","background-size":"auto","background-attachment":"scroll","background-type":"","background-media":"","overlay-type":"","overlay-color":"","overlay-opacity":"","overlay-gradient":""}},"footnotes":""},"class_list":["post-18516","page","type-page","status-publish","hentry"],"_links":{"self":[{"href":"http:\/\/10.10.1.232\/wordpress\/index.php?rest_route=\/wp\/v2\/pages\/18516","targetHints":{"allow":["GET"]}}],"collection":[{"href":"http:\/\/10.10.1.232\/wordpress\/index.php?rest_route=\/wp\/v2\/pages"}],"about":[{"href":"http:\/\/10.10.1.232\/wordpress\/index.php?rest_route=\/wp\/v2\/types\/page"}],"author":[{"embeddable":true,"href":"http:\/\/10.10.1.232\/wordpress\/index.php?rest_route=\/wp\/v2\/users\/5"}],"replies":[{"embeddable":true,"href":"http:\/\/10.10.1.232\/wordpress\/index.php?rest_route=%2Fwp%2Fv2%2Fcomments&post=18516"}],"version-history":[{"count":13,"href":"http:\/\/10.10.1.232\/wordpress\/index.php?rest_route=\/wp\/v2\/pages\/18516\/revisions"}],"predecessor-version":[{"id":18534,"href":"http:\/\/10.10.1.232\/wordpress\/index.php?rest_route=\/wp\/v2\/pages\/18516\/revisions\/18534"}],"wp:attachment":[{"href":"http:\/\/10.10.1.232\/wordpress\/index.php?rest_route=%2Fwp%2Fv2%2Fmedia&parent=18516"}],"curies":[{"name":"wp","href":"https:\/\/api.w.org\/{rel}","templated":true}]}}