{"id":18494,"date":"2023-05-30T15:17:16","date_gmt":"2023-05-30T18:17:16","guid":{"rendered":"http:\/\/10.10.1.232\/wordpress\/?page_id=18494"},"modified":"2023-06-01T11:34:03","modified_gmt":"2023-06-01T14:34:03","slug":"ii-semana-da-memoria-aberta-a-ii-semana-da-memoria-do-poder-judiciario-goiano","status":"publish","type":"page","link":"http:\/\/10.10.1.232\/wordpress\/?page_id=18494","title":{"rendered":"II Semana da Mem\u00f3ria &#8211; Aberta a II Semana da Mem\u00f3ria do Poder Judici\u00e1rio Goiano"},"content":{"rendered":"\t\t<div data-elementor-type=\"wp-page\" data-elementor-id=\"18494\" class=\"elementor elementor-18494\">\n\t\t\t\t\t\t<section class=\"elementor-section elementor-top-section elementor-element elementor-element-c8ddeb6 elementor-section-height-min-height elementor-section-boxed elementor-section-height-default elementor-section-items-middle\" data-id=\"c8ddeb6\" data-element_type=\"section\" data-e-type=\"section\" data-settings=\"{&quot;background_background&quot;:&quot;classic&quot;}\">\n\t\t\t\t\t\t\t<div class=\"elementor-background-overlay\"><\/div>\n\t\t\t\t\t\t\t<div class=\"elementor-container elementor-column-gap-default\">\n\t\t\t\t\t<div class=\"elementor-column elementor-col-100 elementor-top-column elementor-element elementor-element-6a5337e\" data-id=\"6a5337e\" data-element_type=\"column\" data-e-type=\"column\">\n\t\t\t<div class=\"elementor-widget-wrap elementor-element-populated\">\n\t\t\t\t\t\t\t<\/div>\n\t\t<\/div>\n\t\t\t\t\t<\/div>\n\t\t<\/section>\n\t\t\t\t<section class=\"elementor-section elementor-top-section elementor-element elementor-element-ae3664b elementor-section-boxed elementor-section-height-default elementor-section-height-default\" data-id=\"ae3664b\" data-element_type=\"section\" data-e-type=\"section\">\n\t\t\t\t\t\t<div class=\"elementor-container elementor-column-gap-default\">\n\t\t\t\t\t<div class=\"elementor-column elementor-col-100 elementor-top-column elementor-element elementor-element-18ea5ac\" data-id=\"18ea5ac\" data-element_type=\"column\" data-e-type=\"column\">\n\t\t\t<div class=\"elementor-widget-wrap elementor-element-populated\">\n\t\t\t\t\t\t<div class=\"elementor-element elementor-element-a569c8a elementor-widget elementor-widget-spacer\" data-id=\"a569c8a\" data-element_type=\"widget\" data-e-type=\"widget\" data-widget_type=\"spacer.default\">\n\t\t\t\t<div class=\"elementor-widget-container\">\n\t\t\t\t\t\t\t<div class=\"elementor-spacer\">\n\t\t\t<div class=\"elementor-spacer-inner\"><\/div>\n\t\t<\/div>\n\t\t\t\t\t\t<\/div>\n\t\t\t\t<\/div>\n\t\t\t\t<div class=\"elementor-element elementor-element-882cec9 elementor-widget elementor-widget-button\" data-id=\"882cec9\" data-element_type=\"widget\" data-e-type=\"widget\" data-widget_type=\"button.default\">\n\t\t\t\t<div class=\"elementor-widget-container\">\n\t\t\t\t\t\t\t\t\t<div class=\"elementor-button-wrapper\">\n\t\t\t\t\t<a class=\"elementor-button elementor-button-link elementor-size-sm\" href=\"http:\/\/10.10.1.232\/wordpress\/?page_id=18309\">\n\t\t\t\t\t\t<span class=\"elementor-button-content-wrapper\">\n\t\t\t\t\t\t<span class=\"elementor-button-icon\">\n\t\t\t\t<i aria-hidden=\"true\" class=\"fas fa-angle-double-left\"><\/i>\t\t\t<\/span>\n\t\t\t\t\t\t\t\t\t<span class=\"elementor-button-text\">Voltar para II Semana da Mem\u00f3ria<\/span>\n\t\t\t\t\t<\/span>\n\t\t\t\t\t<\/a>\n\t\t\t\t<\/div>\n\t\t\t\t\t\t\t\t<\/div>\n\t\t\t\t<\/div>\n\t\t\t\t\t<\/div>\n\t\t<\/div>\n\t\t\t\t\t<\/div>\n\t\t<\/section>\n\t\t\t\t<section class=\"elementor-section elementor-top-section elementor-element elementor-element-e4a418e elementor-section-boxed elementor-section-height-default elementor-section-height-default\" data-id=\"e4a418e\" data-element_type=\"section\" data-e-type=\"section\">\n\t\t\t\t\t\t<div class=\"elementor-container elementor-column-gap-default\">\n\t\t\t\t\t<div class=\"elementor-column elementor-col-100 elementor-top-column elementor-element elementor-element-2305793\" data-id=\"2305793\" data-element_type=\"column\" data-e-type=\"column\">\n\t\t\t<div class=\"elementor-widget-wrap elementor-element-populated\">\n\t\t\t\t\t\t<div class=\"elementor-element elementor-element-13a036d elementor-widget elementor-widget-spacer\" data-id=\"13a036d\" data-element_type=\"widget\" data-e-type=\"widget\" data-widget_type=\"spacer.default\">\n\t\t\t\t<div class=\"elementor-widget-container\">\n\t\t\t\t\t\t\t<div class=\"elementor-spacer\">\n\t\t\t<div class=\"elementor-spacer-inner\"><\/div>\n\t\t<\/div>\n\t\t\t\t\t\t<\/div>\n\t\t\t\t<\/div>\n\t\t\t\t<div class=\"elementor-element elementor-element-c18c63f elementor-widget elementor-widget-heading\" data-id=\"c18c63f\" data-element_type=\"widget\" data-e-type=\"widget\" data-widget_type=\"heading.default\">\n\t\t\t\t<div class=\"elementor-widget-container\">\n\t\t\t\t\t<h2 class=\"elementor-heading-title elementor-size-default\">Aberta a II Semana da Mem\u00f3ria do Poder Judici\u00e1rio Goiano<\/h2>\t\t\t\t<\/div>\n\t\t\t\t<\/div>\n\t\t\t\t<div class=\"elementor-element elementor-element-7079f20 elementor-widget elementor-widget-spacer\" data-id=\"7079f20\" data-element_type=\"widget\" data-e-type=\"widget\" data-widget_type=\"spacer.default\">\n\t\t\t\t<div class=\"elementor-widget-container\">\n\t\t\t\t\t\t\t<div class=\"elementor-spacer\">\n\t\t\t<div class=\"elementor-spacer-inner\"><\/div>\n\t\t<\/div>\n\t\t\t\t\t\t<\/div>\n\t\t\t\t<\/div>\n\t\t\t\t<div class=\"elementor-element elementor-element-9d55844 elementor-arrows-position-inside elementor-pagination-position-outside elementor-widget elementor-widget-image-carousel\" data-id=\"9d55844\" data-element_type=\"widget\" data-e-type=\"widget\" data-settings=\"{&quot;slides_to_show&quot;:&quot;1&quot;,&quot;navigation&quot;:&quot;both&quot;,&quot;autoplay&quot;:&quot;yes&quot;,&quot;pause_on_hover&quot;:&quot;yes&quot;,&quot;pause_on_interaction&quot;:&quot;yes&quot;,&quot;autoplay_speed&quot;:5000,&quot;infinite&quot;:&quot;yes&quot;,&quot;effect&quot;:&quot;slide&quot;,&quot;speed&quot;:500}\" data-widget_type=\"image-carousel.default\">\n\t\t\t\t<div class=\"elementor-widget-container\">\n\t\t\t\t\t\t\t<div class=\"elementor-image-carousel-wrapper swiper\" role=\"region\" aria-roledescription=\"carousel\" aria-label=\"Carrossel de imagens\" dir=\"ltr\">\n\t\t\t<div class=\"elementor-image-carousel swiper-wrapper\" aria-live=\"off\">\n\t\t\t\t\t\t\t\t<div class=\"swiper-slide\" role=\"group\" aria-roledescription=\"slide\" aria-label=\"1 de 6\"><figure class=\"swiper-slide-inner\"><img decoding=\"async\" class=\"swiper-slide-image\" src=\"http:\/\/10.10.1.232\/wordpress\/wp-content\/uploads\/2023\/05\/1-768x512.jpg\" alt=\"1\" \/><\/figure><\/div><div class=\"swiper-slide\" role=\"group\" aria-roledescription=\"slide\" aria-label=\"2 de 6\"><figure class=\"swiper-slide-inner\"><img decoding=\"async\" class=\"swiper-slide-image\" src=\"http:\/\/10.10.1.232\/wordpress\/wp-content\/uploads\/2023\/05\/2-768x512.jpg\" alt=\"2\" \/><\/figure><\/div><div class=\"swiper-slide\" role=\"group\" aria-roledescription=\"slide\" aria-label=\"3 de 6\"><figure class=\"swiper-slide-inner\"><img decoding=\"async\" class=\"swiper-slide-image\" src=\"http:\/\/10.10.1.232\/wordpress\/wp-content\/uploads\/2023\/05\/3-768x512.jpg\" alt=\"3\" \/><\/figure><\/div><div class=\"swiper-slide\" role=\"group\" aria-roledescription=\"slide\" aria-label=\"4 de 6\"><figure class=\"swiper-slide-inner\"><img decoding=\"async\" class=\"swiper-slide-image\" src=\"http:\/\/10.10.1.232\/wordpress\/wp-content\/uploads\/2023\/05\/4-768x512.jpg\" alt=\"4\" \/><\/figure><\/div><div class=\"swiper-slide\" role=\"group\" aria-roledescription=\"slide\" aria-label=\"5 de 6\"><figure class=\"swiper-slide-inner\"><img decoding=\"async\" class=\"swiper-slide-image\" src=\"http:\/\/10.10.1.232\/wordpress\/wp-content\/uploads\/2023\/05\/6-768x512.jpg\" alt=\"6\" \/><\/figure><\/div><div class=\"swiper-slide\" role=\"group\" aria-roledescription=\"slide\" aria-label=\"6 de 6\"><figure class=\"swiper-slide-inner\"><img decoding=\"async\" class=\"swiper-slide-image\" src=\"http:\/\/10.10.1.232\/wordpress\/wp-content\/uploads\/2023\/05\/7-768x512.jpg\" alt=\"7\" \/><\/figure><\/div>\t\t\t<\/div>\n\t\t\t\t\t\t\t\t\t\t\t\t<div class=\"elementor-swiper-button elementor-swiper-button-prev\" role=\"button\" tabindex=\"0\">\n\t\t\t\t\t\t<i aria-hidden=\"true\" class=\"eicon-chevron-left\"><\/i>\t\t\t\t\t<\/div>\n\t\t\t\t\t<div class=\"elementor-swiper-button elementor-swiper-button-next\" role=\"button\" tabindex=\"0\">\n\t\t\t\t\t\t<i aria-hidden=\"true\" class=\"eicon-chevron-right\"><\/i>\t\t\t\t\t<\/div>\n\t\t\t\t\n\t\t\t\t\t\t\t\t\t<div class=\"swiper-pagination\"><\/div>\n\t\t\t\t\t\t\t\t\t<\/div>\n\t\t\t\t\t\t<\/div>\n\t\t\t\t<\/div>\n\t\t\t\t<div class=\"elementor-element elementor-element-5ccecb1 elementor-widget elementor-widget-text-editor\" data-id=\"5ccecb1\" data-element_type=\"widget\" data-e-type=\"widget\" data-widget_type=\"text-editor.default\">\n\t\t\t\t<div class=\"elementor-widget-container\">\n\t\t\t\t\t\t\t\t\t<p>O Audit\u00f3rio Villa Boa do Tribunal Regional do Trabalho da 18\u00aa Regi\u00e3o (TRT-18) foi palco na manh\u00e3 de hoje (17) da abertura da II Semana Da Mem\u00f3ria do Poder Judici\u00e1rio Goiano, realizada em parceria entre o TRT-18, o Tribunal Regional Eleitoral de Goi\u00e1s (TRE-GO) e o Tribunal de Justi\u00e7a do Estado de Goi\u00e1s (TJGO).<\/p><p>\u00a0<\/p><p>Discursaram no evento os desembargadores do TRT-18, presidente Geraldo do Nascimento, Elvecio Moura dos Santos e Eug\u00eanio Jos\u00e9 Ces\u00e1rio Rosa, o presidente do TRE-GO, desembargador Itaney Francisco Campos e o presidente da Comiss\u00e3o Permanente de Mem\u00f3ria e Cultura do TJGO, desembargador Luiz Cl\u00e1udio Veiga Braga.<\/p><p>\u00a0<\/p><p>O presidente Itaney destacou, em seu pronunciamento, a import\u00e2ncia de valorizar, prestigiar e estimular o cultivo da mem\u00f3ria institucional. \u201cO TRT-18, o TRE-GO e o TJGO se unem no sentido de externar para a sociedade qu\u00e3o importante \u00e9 cultivarmos a nossa mem\u00f3ria, a nossa hist\u00f3ria, de forma que possamos legar \u00e0s gera\u00e7\u00f5es futuras perspectivas inspiradoras, perspectivas estimulantes, no sentido de que a nossa trajet\u00f3ria continue sendo uma trajet\u00f3ria positiva, de valoriza\u00e7\u00e3o da cidadania, de valoriza\u00e7\u00e3o da democracia. Esse me parece um dos grandes pap\u00e9is que o poder judici\u00e1rio deve exercer\u201d, declarou.<\/p><p>\u00a0<\/p><p>A desembargadora Salise Sanchotene, conselheira do Conselho Nacional de Justi\u00e7a (CNJ) e presidente do Programa Nacional de Gest\u00e3o Documental e Mem\u00f3ria do Poder Judici\u00e1rio, proferiu palestra sobre a import\u00e2ncia do encontro e de a\u00e7\u00f5es de preserva\u00e7\u00e3o da mem\u00f3ria do Judici\u00e1rio.<\/p><p>\u00a0<\/p><p><strong>Presen\u00e7as<\/strong><\/p><p>\u00a0<\/p><p>Representando o TRE-GO, estiveram presentes no encontro os ju\u00edzes M\u00e1rcio Ant\u00f4nio de Sousa Moraes J\u00fanior e Adenir Teixeira Peres J\u00fanior, o procurador regional eleitoral C\u00e9lio Vieira da Silva, o diretor-geral Wilson Gamboge J\u00fanior, os secret\u00e1rios Leonardo Sapi\u00eancia, Milena Jorge e Fernanda Lucas, a chefe de gabinete Denia Brito, coordenadores, assessores e demais servidores do Regional.<\/p><p>\u00a0<\/p><p>O TRT-18 foi representado pelo juiz Cleidimar Castro de Almeida, presidente da Amatra 18, juiz auxiliar da Corregedoria Platon Neto, o vice-procurador Marcello Ribeiro Silva, chefe do Minist\u00e9rio P\u00fablico do Trabalho em Goi\u00e1s, o presidente da Asjustego, Joelson da Concei\u00e7\u00e3o Lisb\u00f4a, o diretor-geral \u00c1lvaro Celso Bonfim Resende, a diretora-adjunta C\u00e9lvora Marra Moreira Rodrigues de Oliveira,\u00a0a representante da Agatra, Juliana Viana, e o secret\u00e1rio-geral da presid\u00eancia Humberto Magalh\u00e3es Ayres. \u00a0<\/p><p>\u00a0<\/p><p><strong>Programa\u00e7\u00e3o<\/strong><\/p><p>\u00a0<\/p><p>O segundo dia do encontro ser\u00e1 realizado na sede do TRE-GO, com abertura do presidente Itaney Francisco Campos e do juiz, ouvidor e presidente da Comiss\u00e3o de Gest\u00e3o de Mem\u00f3ria e Cultura do TRE-GO, M\u00e1rcio Ant\u00f3nio de Sousa Moraes J\u00fanior. Na sequ\u00eancia, o professor da Universidade de S\u00e3o Paulo, Dr. Paolo Ricci, far\u00e1 uma apresenta\u00e7\u00e3o sobre o tema da II Semana. Ao final do evento, haver\u00e1 um painel de discuss\u00e3o sobre a integra\u00e7\u00e3o entre Arquivologia, Hist\u00f3ria, Museologia e Biblioteconomia com profissionais dos tribunais e institui\u00e7\u00f5es convidadas.<\/p><p>\u00a0<\/p><p>O encerramento da Semana da Mem\u00f3ria acontecer\u00e1 no centro hist\u00f3rico da Cidade de Goi\u00e1s, capitaneado pelo desembargador Luiz Cl\u00e1udio Veiga Braga, presidente da Comiss\u00e3o Permanente de Mem\u00f3ria e Cultura do TJGO. Nesta ocasi\u00e3o, o TRE-GO apresentar\u00e1 o Programa de Hist\u00f3ria Oral do Memorial Virtual da Justi\u00e7a Eleitoral goiana, de autoria da Comiss\u00e3o de Gest\u00e3o de Mem\u00f3ria e Cultura do TRE-GO, com produ\u00e7\u00e3o da Assessoria de Imprensa e Comunica\u00e7\u00e3o Social (ASCOM).<\/p><p>\u00a0<\/p><p>O evento ser\u00e1 aberto \u00e0 comunidade universit\u00e1ria goiana com emiss\u00e3o de certificados de 9h (3h por dia). Somente os estudantes dos cursos de Direito, Hist\u00f3ria, Museologia, Arquivologia e Biblioteconomia poder\u00e3o participar.<\/p><p>\u00a0<\/p><p>As inscri\u00e7\u00f5es j\u00e1 podem ser realizadas via\u00a0<a href=\"https:\/\/docs.google.com\/forms\/d\/e\/1FAIpQLSeFVBGaKphg0rUl0_J14-7gSb_Heo5KGJGtSz6NEOSUSz4FFQ\/viewform\">link<\/a>.<\/p><p>\u00a0<\/p><p>Confira as fotos do evento no\u00a0<a href=\"https:\/\/drive.google.com\/drive\/u\/2\/folders\/1sRfiav3bj5ESoI0-1hlcnMEiWg5reNbx\">Drive<\/a>.<\/p><p>Assista \u00e0 \u00edntegra do primeiro dia do evento no\u00a0<a href=\"https:\/\/www.youtube.com\/watch?v=aJWkSFsqeC0\">canal do TRT-18 no YouTube<\/a><\/p><p>Confira os detalhes da\u00a0<a href=\"https:\/\/www.tre-go.jus.br\/comunicacao\/noticias\/arquivos\/ii-semana-da-memoria-do-poder-judiciario-goiano\">programa\u00e7\u00e3o<\/a>.<\/p>\t\t\t\t\t\t\t\t<\/div>\n\t\t\t\t<\/div>\n\t\t\t\t<div class=\"elementor-element elementor-element-71458db elementor-widget elementor-widget-spacer\" data-id=\"71458db\" data-element_type=\"widget\" data-e-type=\"widget\" data-widget_type=\"spacer.default\">\n\t\t\t\t<div class=\"elementor-widget-container\">\n\t\t\t\t\t\t\t<div class=\"elementor-spacer\">\n\t\t\t<div class=\"elementor-spacer-inner\"><\/div>\n\t\t<\/div>\n\t\t\t\t\t\t<\/div>\n\t\t\t\t<\/div>\n\t\t\t\t<div class=\"elementor-element elementor-element-c497eb9 elementor-widget elementor-widget-text-editor\" data-id=\"c497eb9\" data-element_type=\"widget\" data-e-type=\"widget\" data-widget_type=\"text-editor.default\">\n\t\t\t\t<div class=\"elementor-widget-container\">\n\t\t\t\t\t\t\t\t\t<p style=\"text-align: right;\">Assessoria de Imprensa e Comunica\u00e7\u00e3o Social<\/p>\t\t\t\t\t\t\t\t<\/div>\n\t\t\t\t<\/div>\n\t\t\t\t\t<\/div>\n\t\t<\/div>\n\t\t\t\t\t<\/div>\n\t\t<\/section>\n\t\t\t\t<section class=\"elementor-section elementor-top-section elementor-element elementor-element-f0e259f elementor-section-boxed elementor-section-height-default elementor-section-height-default\" data-id=\"f0e259f\" data-element_type=\"section\" data-e-type=\"section\">\n\t\t\t\t\t\t<div class=\"elementor-container elementor-column-gap-default\">\n\t\t\t\t\t<div class=\"elementor-column elementor-col-100 elementor-top-column elementor-element elementor-element-ec8d71f\" data-id=\"ec8d71f\" data-element_type=\"column\" data-e-type=\"column\">\n\t\t\t<div class=\"elementor-widget-wrap elementor-element-populated\">\n\t\t\t\t\t\t<div class=\"elementor-element elementor-element-9fe839e elementor-widget elementor-widget-spacer\" data-id=\"9fe839e\" data-element_type=\"widget\" data-e-type=\"widget\" data-widget_type=\"spacer.default\">\n\t\t\t\t<div class=\"elementor-widget-container\">\n\t\t\t\t\t\t\t<div class=\"elementor-spacer\">\n\t\t\t<div class=\"elementor-spacer-inner\"><\/div>\n\t\t<\/div>\n\t\t\t\t\t\t<\/div>\n\t\t\t\t<\/div>\n\t\t\t\t\t<\/div>\n\t\t<\/div>\n\t\t\t\t\t<\/div>\n\t\t<\/section>\n\t\t\t\t<section class=\"elementor-section elementor-top-section elementor-element elementor-element-aeb68bd elementor-section-boxed elementor-section-height-default elementor-section-height-default\" data-id=\"aeb68bd\" data-element_type=\"section\" data-e-type=\"section\">\n\t\t\t\t\t\t<div class=\"elementor-container elementor-column-gap-default\">\n\t\t\t\t\t<div class=\"elementor-column elementor-col-100 elementor-top-column elementor-element elementor-element-2576807\" data-id=\"2576807\" data-element_type=\"column\" data-e-type=\"column\">\n\t\t\t<div class=\"elementor-widget-wrap\">\n\t\t\t\t\t\t\t<\/div>\n\t\t<\/div>\n\t\t\t\t\t<\/div>\n\t\t<\/section>\n\t\t\t\t<\/div>\n\t\t","protected":false},"excerpt":{"rendered":"<p>Voltar para II Semana da Mem\u00f3ria Aberta a II Semana da Mem\u00f3ria do Poder Judici\u00e1rio Goiano Previous image Next image O Audit\u00f3rio Villa Boa do Tribunal Regional do Trabalho da 18\u00aa Regi\u00e3o (TRT-18) foi palco na manh\u00e3 de hoje (17) da abertura da II Semana Da Mem\u00f3ria do Poder Judici\u00e1rio Goiano, realizada em parceria entre [&hellip;]<\/p>\n","protected":false},"author":5,"featured_media":0,"parent":0,"menu_order":0,"comment_status":"closed","ping_status":"closed","template":"","meta":{"site-sidebar-layout":"no-sidebar","site-content-layout":"page-builder","ast-site-content-layout":"default","site-content-style":"default","site-sidebar-style":"default","ast-global-header-display":"","ast-banner-title-visibility":"","ast-main-header-display":"","ast-hfb-above-header-display":"","ast-hfb-below-header-display":"","ast-hfb-mobile-header-display":"","site-post-title":"disabled","ast-breadcrumbs-content":"","ast-featured-img":"disabled","footer-sml-layout":"","ast-disable-related-posts":"","theme-transparent-header-meta":"enabled","adv-header-id-meta":"","stick-header-meta":"","header-above-stick-meta":"","header-main-stick-meta":"","header-below-stick-meta":"","astra-migrate-meta-layouts":"default","ast-page-background-enabled":"default","ast-page-background-meta":{"desktop":{"background-color":"var(--ast-global-color-4)","background-image":"","background-repeat":"repeat","background-position":"center center","background-size":"auto","background-attachment":"scroll","background-type":"","background-media":"","overlay-type":"","overlay-color":"","overlay-opacity":"","overlay-gradient":""},"tablet":{"background-color":"","background-image":"","background-repeat":"repeat","background-position":"center center","background-size":"auto","background-attachment":"scroll","background-type":"","background-media":"","overlay-type":"","overlay-color":"","overlay-opacity":"","overlay-gradient":""},"mobile":{"background-color":"","background-image":"","background-repeat":"repeat","background-position":"center center","background-size":"auto","background-attachment":"scroll","background-type":"","background-media":"","overlay-type":"","overlay-color":"","overlay-opacity":"","overlay-gradient":""}},"ast-content-background-meta":{"desktop":{"background-color":"var(--ast-global-color-5)","background-image":"","background-repeat":"repeat","background-position":"center center","background-size":"auto","background-attachment":"scroll","background-type":"","background-media":"","overlay-type":"","overlay-color":"","overlay-opacity":"","overlay-gradient":""},"tablet":{"background-color":"var(--ast-global-color-5)","background-image":"","background-repeat":"repeat","background-position":"center center","background-size":"auto","background-attachment":"scroll","background-type":"","background-media":"","overlay-type":"","overlay-color":"","overlay-opacity":"","overlay-gradient":""},"mobile":{"background-color":"var(--ast-global-color-5)","background-image":"","background-repeat":"repeat","background-position":"center center","background-size":"auto","background-attachment":"scroll","background-type":"","background-media":"","overlay-type":"","overlay-color":"","overlay-opacity":"","overlay-gradient":""}},"footnotes":""},"class_list":["post-18494","page","type-page","status-publish","hentry"],"_links":{"self":[{"href":"http:\/\/10.10.1.232\/wordpress\/index.php?rest_route=\/wp\/v2\/pages\/18494","targetHints":{"allow":["GET"]}}],"collection":[{"href":"http:\/\/10.10.1.232\/wordpress\/index.php?rest_route=\/wp\/v2\/pages"}],"about":[{"href":"http:\/\/10.10.1.232\/wordpress\/index.php?rest_route=\/wp\/v2\/types\/page"}],"author":[{"embeddable":true,"href":"http:\/\/10.10.1.232\/wordpress\/index.php?rest_route=\/wp\/v2\/users\/5"}],"replies":[{"embeddable":true,"href":"http:\/\/10.10.1.232\/wordpress\/index.php?rest_route=%2Fwp%2Fv2%2Fcomments&post=18494"}],"version-history":[{"count":10,"href":"http:\/\/10.10.1.232\/wordpress\/index.php?rest_route=\/wp\/v2\/pages\/18494\/revisions"}],"predecessor-version":[{"id":18576,"href":"http:\/\/10.10.1.232\/wordpress\/index.php?rest_route=\/wp\/v2\/pages\/18494\/revisions\/18576"}],"wp:attachment":[{"href":"http:\/\/10.10.1.232\/wordpress\/index.php?rest_route=%2Fwp%2Fv2%2Fmedia&parent=18494"}],"curies":[{"name":"wp","href":"https:\/\/api.w.org\/{rel}","templated":true}]}}