{"id":14457,"date":"2022-09-19T19:24:04","date_gmt":"2022-09-19T22:24:04","guid":{"rendered":"http:\/\/10.10.1.232\/wordpress\/?page_id=14457"},"modified":"2025-07-14T14:49:25","modified_gmt":"2025-07-14T17:49:25","slug":"eleicoes-antigas-leopoldo-de-bulhoes","status":"publish","type":"page","link":"http:\/\/10.10.1.232\/wordpress\/?page_id=14457","title":{"rendered":"Elei\u00e7\u00f5es Antigas &#8211; Leopoldo de Bulh\u00f5es"},"content":{"rendered":"\t\t<div data-elementor-type=\"wp-page\" data-elementor-id=\"14457\" class=\"elementor elementor-14457\">\n\t\t\t\t\t\t<section class=\"elementor-section elementor-top-section elementor-element elementor-element-c8ddeb6 elementor-section-height-min-height elementor-section-boxed elementor-section-height-default elementor-section-items-middle\" data-id=\"c8ddeb6\" data-element_type=\"section\" data-settings=\"{&quot;background_background&quot;:&quot;classic&quot;}\">\n\t\t\t\t\t\t\t<div class=\"elementor-background-overlay\"><\/div>\n\t\t\t\t\t\t\t<div class=\"elementor-container elementor-column-gap-default\">\n\t\t\t\t\t<div class=\"elementor-column elementor-col-100 elementor-top-column elementor-element elementor-element-6a5337e\" data-id=\"6a5337e\" data-element_type=\"column\">\n\t\t\t<div class=\"elementor-widget-wrap elementor-element-populated\">\n\t\t\t\t\t\t<div class=\"elementor-element elementor-element-feefb6c elementor-widget elementor-widget-heading\" data-id=\"feefb6c\" data-element_type=\"widget\" data-widget_type=\"heading.default\">\n\t\t\t\t<div class=\"elementor-widget-container\">\n\t\t\t\t\t<h1 class=\"elementor-heading-title elementor-size-default\">Leopoldo de Bulh\u00f5es<\/h1>\t\t\t\t<\/div>\n\t\t\t\t<\/div>\n\t\t\t\t\t<\/div>\n\t\t<\/div>\n\t\t\t\t\t<\/div>\n\t\t<\/section>\n\t\t\t\t<section class=\"elementor-section elementor-top-section elementor-element elementor-element-ae3664b elementor-section-boxed elementor-section-height-default elementor-section-height-default\" data-id=\"ae3664b\" data-element_type=\"section\">\n\t\t\t\t\t\t<div class=\"elementor-container elementor-column-gap-default\">\n\t\t\t\t\t<div class=\"elementor-column elementor-col-100 elementor-top-column elementor-element elementor-element-18ea5ac\" data-id=\"18ea5ac\" data-element_type=\"column\">\n\t\t\t<div class=\"elementor-widget-wrap elementor-element-populated\">\n\t\t\t\t\t\t<div class=\"elementor-element elementor-element-a569c8a elementor-widget elementor-widget-spacer\" data-id=\"a569c8a\" data-element_type=\"widget\" data-widget_type=\"spacer.default\">\n\t\t\t\t<div class=\"elementor-widget-container\">\n\t\t\t\t\t\t\t<div class=\"elementor-spacer\">\n\t\t\t<div class=\"elementor-spacer-inner\"><\/div>\n\t\t<\/div>\n\t\t\t\t\t\t<\/div>\n\t\t\t\t<\/div>\n\t\t\t\t\t<\/div>\n\t\t<\/div>\n\t\t\t\t\t<\/div>\n\t\t<\/section>\n\t\t\t\t<section class=\"elementor-section elementor-top-section elementor-element elementor-element-888ef7b elementor-section-boxed elementor-section-height-default elementor-section-height-default\" data-id=\"888ef7b\" data-element_type=\"section\">\n\t\t\t\t\t\t<div class=\"elementor-container elementor-column-gap-default\">\n\t\t\t\t\t<div class=\"elementor-column elementor-col-100 elementor-top-column elementor-element elementor-element-5aa9915\" data-id=\"5aa9915\" data-element_type=\"column\">\n\t\t\t<div class=\"elementor-widget-wrap elementor-element-populated\">\n\t\t\t\t\t\t<div class=\"elementor-element elementor-element-7e109a9 elementor-widget elementor-widget-button\" data-id=\"7e109a9\" data-element_type=\"widget\" data-widget_type=\"button.default\">\n\t\t\t\t<div class=\"elementor-widget-container\">\n\t\t\t\t\t\t\t\t\t<div class=\"elementor-button-wrapper\">\n\t\t\t\t\t<a class=\"elementor-button elementor-button-link elementor-size-sm\" href=\"http:\/\/10.10.1.232\/wordpress\/?page_id=3520\">\n\t\t\t\t\t\t<span class=\"elementor-button-content-wrapper\">\n\t\t\t\t\t\t<span class=\"elementor-button-icon\">\n\t\t\t\t<i aria-hidden=\"true\" class=\"fas fa-angle-double-left\"><\/i>\t\t\t<\/span>\n\t\t\t\t\t\t\t\t\t<span class=\"elementor-button-text\">Voltar para Elei\u00e7\u00f5es Antigas<\/span>\n\t\t\t\t\t<\/span>\n\t\t\t\t\t<\/a>\n\t\t\t\t<\/div>\n\t\t\t\t\t\t\t\t<\/div>\n\t\t\t\t<\/div>\n\t\t\t\t<div class=\"elementor-element elementor-element-2ce43fe elementor-widget elementor-widget-spacer\" data-id=\"2ce43fe\" data-element_type=\"widget\" data-widget_type=\"spacer.default\">\n\t\t\t\t<div class=\"elementor-widget-container\">\n\t\t\t\t\t\t\t<div class=\"elementor-spacer\">\n\t\t\t<div class=\"elementor-spacer-inner\"><\/div>\n\t\t<\/div>\n\t\t\t\t\t\t<\/div>\n\t\t\t\t<\/div>\n\t\t\t\t<div class=\"elementor-element elementor-element-2b71a0e elementor-widget elementor-widget-text-editor\" data-id=\"2b71a0e\" data-element_type=\"widget\" data-widget_type=\"text-editor.default\">\n\t\t\t\t<div class=\"elementor-widget-container\">\n\t\t\t\t\t\t\t\t\t<ul><li><a href=\"http:\/\/10.10.1.232\/wordpress\/wp-content\/uploads\/memorial\/Elei%C3%A7%C3%B5es%20Antigas\/Leopoldo%20de%20Bulh%C3%B5es\/Leopoldo%20de%20Bulh%C3%B5es1.pdf\"><strong>arquivo \u00fanico [PDF]<\/strong><\/a><\/li><li><a href=\"http:\/\/10.10.1.232\/wordpress\/wp-content\/uploads\/memorial\/Elei%C3%A7%C3%B5es%20Antigas\/Leopoldo%20de%20Bulh%C3%B5es\/Leopoldo%20de%20Bulh%C3%B5es2.pdf\"><strong>18\/02\/1954-16\/11\/1961 [PDF]<\/strong><\/a><\/li><li><a href=\"http:\/\/10.10.1.232\/wordpress\/wp-content\/uploads\/memorial\/Elei%C3%A7%C3%B5es%20Antigas\/Leopoldo%20de%20Bulh%C3%B5es\/Leopoldo%20de%20Bulh%C3%B5es3.pdf\"><strong>18\/05\/1954 [PDF]<\/strong><\/a><\/li><li><a href=\"http:\/\/10.10.1.232\/wordpress\/wp-content\/uploads\/memorial\/Elei%C3%A7%C3%B5es%20Antigas\/Leopoldo%20de%20Bulh%C3%B5es\/Leopoldo%20de%20Bulh%C3%B5es4.pdf\"><strong>18\/05\/1954-28\/11\/1961 [PDF]<\/strong><\/a><\/li><li><a href=\"http:\/\/10.10.1.232\/wordpress\/wp-content\/uploads\/memorial\/Elei%C3%A7%C3%B5es%20Antigas\/Leopoldo%20de%20Bulh%C3%B5es\/Leopoldo%20de%20Bulh%C3%B5es5.pdf\"><strong>18\/05\/1954-19\/09\/1972 [PDF]<\/strong><\/a><\/li><li><a href=\"http:\/\/10.10.1.232\/wordpress\/wp-content\/uploads\/memorial\/Elei%C3%A7%C3%B5es%20Antigas\/Leopoldo%20de%20Bulh%C3%B5es\/Leopoldo%20de%20Bulh%C3%B5es6.pdf\"><strong>30\/07-07\/12\/1962 [PDF]<\/strong><\/a><\/li><li><a href=\"http:\/\/10.10.1.232\/wordpress\/wp-content\/uploads\/memorial\/Elei%C3%A7%C3%B5es%20Antigas\/Leopoldo%20de%20Bulh%C3%B5es\/Leopoldo%20de%20Bulh%C3%B5es7.pdf\"><strong>14\/12\/1962-16\/11\/1965 [PDF]<\/strong><\/a><\/li><li><a href=\"http:\/\/10.10.1.232\/wordpress\/wp-content\/uploads\/memorial\/Elei%C3%A7%C3%B5es%20Antigas\/Leopoldo%20de%20Bulh%C3%B5es\/Leopoldo%20de%20Bulh%C3%B5es8.pdf\"><strong>07\/09\/1966-25\/10\/1969 [PDF]<\/strong><\/a><\/li><li><a href=\"http:\/\/10.10.1.232\/wordpress\/wp-content\/uploads\/memorial\/Elei%C3%A7%C3%B5es%20Antigas\/Leopoldo%20de%20Bulh%C3%B5es\/Leopoldo%20de%20Bulh%C3%B5es9.pdf\"><strong>14\/12\/1969-08\/10\/1970 [PDF]<\/strong><\/a><\/li><li><a href=\"http:\/\/10.10.1.232\/wordpress\/wp-content\/uploads\/memorial\/Elei%C3%A7%C3%B5es%20Antigas\/Leopoldo%20de%20Bulh%C3%B5es\/Leopoldo%20de%20Bulh%C3%B5es10.pdf\"><strong>14\/12\/1969-16\/11\/1970 [PDF]<\/strong><\/a><\/li><li><a href=\"http:\/\/10.10.1.232\/wordpress\/wp-content\/uploads\/memorial\/Elei%C3%A7%C3%B5es%20Antigas\/Leopoldo%20de%20Bulh%C3%B5es\/Leopoldo%20de%20Bulh%C3%B5es11.pdf\"><strong>15-16\/11\/1970 [PDF]<\/strong><\/a><\/li><li><a href=\"http:\/\/10.10.1.232\/wordpress\/wp-content\/uploads\/memorial\/Elei%C3%A7%C3%B5es%20Antigas\/Leopoldo%20de%20Bulh%C3%B5es\/Leopoldo%20de%20Bulh%C3%B5es12.pdf\"><strong>20\/12\/1970 [PDF]<\/strong><\/a><\/li><li><a href=\"http:\/\/10.10.1.232\/wordpress\/wp-content\/uploads\/memorial\/Elei%C3%A7%C3%B5es%20Antigas\/Leopoldo%20de%20Bulh%C3%B5es\/Leopoldo%20de%20Bulh%C3%B5es13.pdf\"><strong>15-18\/11\/1978 [PDF]<\/strong><\/a><\/li><li><strong>15\/11\/1978-20\/08\/2003: <a href=\"http:\/\/10.10.1.232\/wordpress\/wp-content\/uploads\/memorial\/Elei%C3%A7%C3%B5es%20Antigas\/Leopoldo%20de%20Bulh%C3%B5es\/Leopoldo%20de%20Bulh%C3%B5es14.pdf\">1\u00ba arquivo [PDF]<\/a> | <a href=\"http:\/\/10.10.1.232\/wordpress\/wp-content\/uploads\/memorial\/Elei%C3%A7%C3%B5es%20Antigas\/Leopoldo%20de%20Bulh%C3%B5es\/Leopoldo%20de%20Bulh%C3%B5es15.pdf\">2\u00ba arquivo [PDF]<\/a><\/strong><\/li><li><a href=\"http:\/\/10.10.1.232\/wordpress\/wp-content\/uploads\/memorial\/Mem%C3%B3rias%20de%20Goi%C3%A1s\/mem%C3%B3ria%20de%20goi%C3%A1s%2015%20DE%20NOVEMBRO%20DE%201982\/Jandaia%20-Miranorte\/Leopoldo%20de%20Bulh%C3%B5es.pdf\"><strong>15\/11\/1982 [PDF]<\/strong><\/a><\/li><li><strong>16\/11\/1982: <a href=\"http:\/\/10.10.1.232\/wordpress\/wp-content\/uploads\/memorial\/Elei%C3%A7%C3%B5es%20Antigas\/Leopoldo%20de%20Bulh%C3%B5es\/Leopoldo%20de%20Bulh%C3%B5es17.pdf\">1\u00ba arquivo [PDF]<\/a> | <a href=\"http:\/\/10.10.1.232\/wordpress\/wp-content\/uploads\/memorial\/Elei%C3%A7%C3%B5es%20Antigas\/Leopoldo%20de%20Bulh%C3%B5es\/Leopoldo%20de%20Bulh%C3%B5es18.pdf\">2\u00ba arquivo [PDF]<\/a><\/strong><\/li><li><a href=\"http:\/\/10.10.1.232\/wordpress\/wp-content\/uploads\/memorial\/Elei%C3%A7%C3%B5es%20Antigas\/Leopoldo%20de%20Bulh%C3%B5es\/Leopoldo%20de%20Bulh%C3%B5es19.pdf\"><strong>17\/11\/1982 [PDF]<\/strong><\/a><\/li><li><a href=\"http:\/\/10.10.1.232\/wordpress\/wp-content\/uploads\/memorial\/Elei%C3%A7%C3%B5es%20Antigas\/Leopoldo%20de%20Bulh%C3%B5es\/Leopoldo%20de%20Bulh%C3%B5es20.pdf\"><strong>24\/08\/1988-06\/03\/1989 [PDF]<\/strong><\/a><\/li><li><strong>24\/08\/1988-20\/11\/2009: <a href=\"http:\/\/10.10.1.232\/wordpress\/wp-content\/uploads\/memorial\/Elei%C3%A7%C3%B5es%20Antigas\/Leopoldo%20de%20Bulh%C3%B5es\/Leopoldo%20de%20Bulh%C3%B5es21.pdf\">1\u00ba arquivo [PDF]<\/a> | <a href=\"http:\/\/10.10.1.232\/wordpress\/wp-content\/uploads\/memorial\/Elei%C3%A7%C3%B5es%20Antigas\/Leopoldo%20de%20Bulh%C3%B5es\/Leopoldo%20de%20Bulh%C3%B5es22.pdf\">2\u00ba arquivo [PDF]<\/a><\/strong><\/li><li><a href=\"http:\/\/10.10.1.232\/wordpress\/wp-content\/uploads\/memorial\/Elei%C3%A7%C3%B5es%20Antigas\/Leopoldo%20de%20Bulh%C3%B5es\/Leopoldo%20de%20Bulh%C3%B5es23.pdf\"><strong>18\/11\/1988-20\/08\/2003 [PDF]<\/strong><\/a><\/li><li><a href=\"http:\/\/10.10.1.232\/wordpress\/wp-content\/uploads\/memorial\/Elei%C3%A7%C3%B5es%20Antigas\/Leopoldo%20de%20Bulh%C3%B5es\/Leopoldo%20de%20Bulh%C3%B5es24.pdf\"><strong>06\/03\/1989-06\/08\/1992 [PDF]<\/strong><\/a><\/li><li><strong>16\/05\/1989-20\/11\/2009: <a href=\"http:\/\/10.10.1.232\/wordpress\/wp-content\/uploads\/memorial\/Elei%C3%A7%C3%B5es%20Antigas\/Leopoldo%20de%20Bulh%C3%B5es\/Leopoldo%20de%20Bulh%C3%B5es25.pdf\">1\u00ba arquivo [PDF]<\/a> | <a href=\"http:\/\/10.10.1.232\/wordpress\/wp-content\/uploads\/memorial\/Elei%C3%A7%C3%B5es%20Antigas\/Leopoldo%20de%20Bulh%C3%B5es\/Leopoldo%20de%20Bulh%C3%B5es26.pdf\">2\u00ba arquivo [PDF]<\/a><\/strong><\/li><li><a href=\"http:\/\/10.10.1.232\/wordpress\/wp-content\/uploads\/memorial\/Elei%C3%A7%C3%B5es%20Antigas\/Leopoldo%20de%20Bulh%C3%B5es\/Leopoldo%20de%20Bulh%C3%B5es27.pdf\"><strong>16\/10-04\/11\/1989 [PDF]<\/strong><\/a><\/li><li><a href=\"http:\/\/10.10.1.232\/wordpress\/wp-content\/uploads\/memorial\/Elei%C3%A7%C3%B5es%20Antigas\/Leopoldo%20de%20Bulh%C3%B5es\/Leopoldo%20de%20Bulh%C3%B5es28.pdf\"><strong>16\/10\/1989-28\/11\/1992 [PDF]<\/strong><\/a><\/li><li><a href=\"http:\/\/10.10.1.232\/wordpress\/wp-content\/uploads\/memorial\/Elei%C3%A7%C3%B5es%20Antigas\/Leopoldo%20de%20Bulh%C3%B5es\/Leopoldo%20de%20Bulh%C3%B5es29.pdf\"><strong>16\/10\/1989-20\/11\/2009 [PDF]<\/strong><\/a><\/li><li><a href=\"http:\/\/10.10.1.232\/wordpress\/wp-content\/uploads\/memorial\/Elei%C3%A7%C3%B5es%20Antigas\/Leopoldo%20de%20Bulh%C3%B5es\/Leopoldo%20de%20Bulh%C3%B5es30.pdf\"><strong>04\/11\/1989-20\/11\/2009 [PDF]<\/strong><\/a><\/li><li><a href=\"http:\/\/10.10.1.232\/wordpress\/wp-content\/uploads\/memorial\/Mem%C3%B3rias%20de%20Goi%C3%A1s\/memoria%2003%2010-12%20de%201992\/Jaragu%C3%A1%20-%20Mairipotaba%20A\/Leopoldo%20de%20Bulh%C3%B5es.pdf\"><strong>24\/06-02\/12\/1992 [PDF]<\/strong><\/a><\/li><li><a href=\"http:\/\/10.10.1.232\/wordpress\/wp-content\/uploads\/memorial\/Elei%C3%A7%C3%B5es%20Antigas\/Leopoldo%20de%20Bulh%C3%B5es\/Leopoldo%20de%20Bulh%C3%B5es32.pdf\"><strong>06\/08\/1992-05\/07\/1996 [PDF]<\/strong><\/a><\/li><li><a href=\"http:\/\/10.10.1.232\/wordpress\/wp-content\/uploads\/memorial\/Elei%C3%A7%C3%B5es%20Antigas\/Leopoldo%20de%20Bulh%C3%B5es\/Leopoldo%20de%20Bulh%C3%B5es33.pdf\"><strong>28\/09\/1992-14\/08\/1996 [PDF]<\/strong><\/a><\/li><li><a href=\"http:\/\/10.10.1.232\/wordpress\/wp-content\/uploads\/memorial\/Elei%C3%A7%C3%B5es%20Antigas\/Leopoldo%20de%20Bulh%C3%B5es\/Leopoldo%20de%20Bulh%C3%B5es34.pdf\"><strong>05\/07\/1996-30\/07\/2008 [PDF]<\/strong><\/a><\/li><li><a href=\"http:\/\/10.10.1.232\/wordpress\/wp-content\/uploads\/memorial\/Elei%C3%A7%C3%B5es%20Antigas\/Leopoldo%20de%20Bulh%C3%B5es\/Leopoldo%20de%20Bulh%C3%B5es35.pdf\"><strong>14\/08\/1996-04\/10\/1998 [PDF]<\/strong><\/a><\/li><li><strong>20\/02\/1998-28\/02\/2008: <a href=\"http:\/\/10.10.1.232\/wordpress\/wp-content\/uploads\/memorial\/Elei%C3%A7%C3%B5es%20Antigas\/Leopoldo%20de%20Bulh%C3%B5es\/Leopoldo%20de%20Bulh%C3%B5es36.pdf\">1\u00ba arquivo [PDF]<\/a> | <a href=\"http:\/\/10.10.1.232\/wordpress\/wp-content\/uploads\/memorial\/Elei%C3%A7%C3%B5es%20Antigas\/Leopoldo%20de%20Bulh%C3%B5es\/Leopoldo%20de%20Bulh%C3%B5es37.pdf\">2\u00ba arquivo [PDF]<\/a> | <a href=\"http:\/\/10.10.1.232\/wordpress\/wp-content\/uploads\/memorial\/Elei%C3%A7%C3%B5es%20Antigas\/Leopoldo%20de%20Bulh%C3%B5es\/Leopoldo%20de%20Bulh%C3%B5es38.pdf\">3\u00ba arquivo [PDF]<\/a><\/strong><\/li><li><a href=\"http:\/\/10.10.1.232\/wordpress\/wp-content\/uploads\/memorial\/Elei%C3%A7%C3%B5es%20Antigas\/Leopoldo%20de%20Bulh%C3%B5es\/Leopoldo%20de%20Bulh%C3%B5es39.pdf\"><strong>24\/09\/1998-09\/07\/2002 [PDF]<\/strong><\/a><\/li><li><a href=\"http:\/\/10.10.1.232\/wordpress\/wp-content\/uploads\/memorial\/Elei%C3%A7%C3%B5es%20Antigas\/Leopoldo%20de%20Bulh%C3%B5es\/Leopoldo%20de%20Bulh%C3%B5es40.pdf\"><strong>30\/09\/2002-28\/09\/2003 [PDF]<\/strong><\/a><\/li><li><a href=\"http:\/\/10.10.1.232\/wordpress\/wp-content\/uploads\/memorial\/Elei%C3%A7%C3%B5es%20Antigas\/Leopoldo%20de%20Bulh%C3%B5es\/Leopoldo%20de%20Bulh%C3%B5es41.pdf\"><strong>30\/09\/2002-05\/04\/2004 [PDF]<\/strong><\/a><\/li><li><a href=\"http:\/\/10.10.1.232\/wordpress\/wp-content\/uploads\/memorial\/Elei%C3%A7%C3%B5es%20Antigas\/Leopoldo%20de%20Bulh%C3%B5es\/Leopoldo%20de%20Bulh%C3%B5es42.pdf\"><strong>27\/01-05\/04\/2004 [PDF]<\/strong><\/a><\/li><li><a href=\"http:\/\/10.10.1.232\/wordpress\/wp-content\/uploads\/memorial\/Elei%C3%A7%C3%B5es%20Antigas\/Leopoldo%20de%20Bulh%C3%B5es\/Leopoldo%20de%20Bulh%C3%B5es43.pdf\"><strong>13\/08\/2004-01\/12\/2008 [PDF]<\/strong><\/a><\/li><li><a href=\"http:\/\/10.10.1.232\/wordpress\/wp-content\/uploads\/memorial\/Elei%C3%A7%C3%B5es%20Antigas\/Leopoldo%20de%20Bulh%C3%B5es\/Leopoldo%20de%20Bulh%C3%B5es44.pdf\"><strong>05\/10\/2008-20\/11\/2009 [PDF]<\/strong><\/a><\/li><li><a href=\"https:\/\/drive.google.com\/file\/d\/1IsMYNNI40qyexMN6WF_lxtCVpqOZiJWS\/view?usp=drive_link\"><strong>10\/10\/1996<\/strong><\/a><\/li><\/ul>\t\t\t\t\t\t\t\t<\/div>\n\t\t\t\t<\/div>\n\t\t\t\t\t<\/div>\n\t\t<\/div>\n\t\t\t\t\t<\/div>\n\t\t<\/section>\n\t\t\t\t<section class=\"elementor-section elementor-top-section elementor-element elementor-element-085c54c elementor-section-boxed elementor-section-height-default elementor-section-height-default\" data-id=\"085c54c\" data-element_type=\"section\">\n\t\t\t\t\t\t<div class=\"elementor-container elementor-column-gap-default\">\n\t\t\t\t\t<div class=\"elementor-column elementor-col-100 elementor-top-column elementor-element elementor-element-fadac14\" data-id=\"fadac14\" data-element_type=\"column\">\n\t\t\t<div class=\"elementor-widget-wrap elementor-element-populated\">\n\t\t\t\t\t\t<div class=\"elementor-element elementor-element-596e09f elementor-widget elementor-widget-spacer\" data-id=\"596e09f\" data-element_type=\"widget\" data-widget_type=\"spacer.default\">\n\t\t\t\t<div class=\"elementor-widget-container\">\n\t\t\t\t\t\t\t<div class=\"elementor-spacer\">\n\t\t\t<div class=\"elementor-spacer-inner\"><\/div>\n\t\t<\/div>\n\t\t\t\t\t\t<\/div>\n\t\t\t\t<\/div>\n\t\t\t\t<div class=\"elementor-element elementor-element-5b54105 elementor-widget elementor-widget-spacer\" data-id=\"5b54105\" data-element_type=\"widget\" data-widget_type=\"spacer.default\">\n\t\t\t\t<div class=\"elementor-widget-container\">\n\t\t\t\t\t\t\t<div class=\"elementor-spacer\">\n\t\t\t<div class=\"elementor-spacer-inner\"><\/div>\n\t\t<\/div>\n\t\t\t\t\t\t<\/div>\n\t\t\t\t<\/div>\n\t\t\t\t\t<\/div>\n\t\t<\/div>\n\t\t\t\t\t<\/div>\n\t\t<\/section>\n\t\t\t\t<section class=\"elementor-section elementor-top-section elementor-element elementor-element-03f5f63 elementor-section-boxed elementor-section-height-default elementor-section-height-default\" data-id=\"03f5f63\" data-element_type=\"section\">\n\t\t\t\t\t\t<div class=\"elementor-container elementor-column-gap-default\">\n\t\t\t\t\t<div class=\"elementor-column elementor-col-100 elementor-top-column elementor-element elementor-element-55d8566\" data-id=\"55d8566\" data-element_type=\"column\">\n\t\t\t<div class=\"elementor-widget-wrap\">\n\t\t\t\t\t\t\t<\/div>\n\t\t<\/div>\n\t\t\t\t\t<\/div>\n\t\t<\/section>\n\t\t\t\t<\/div>\n\t\t","protected":false},"excerpt":{"rendered":"<p>Leopoldo de Bulh\u00f5es Voltar para Elei\u00e7\u00f5es Antigas arquivo \u00fanico [PDF] 18\/02\/1954-16\/11\/1961 [PDF] 18\/05\/1954 [PDF] 18\/05\/1954-28\/11\/1961 [PDF] 18\/05\/1954-19\/09\/1972 [PDF] 30\/07-07\/12\/1962 [PDF] 14\/12\/1962-16\/11\/1965 [PDF] 07\/09\/1966-25\/10\/1969 [PDF] 14\/12\/1969-08\/10\/1970 [PDF] 14\/12\/1969-16\/11\/1970 [PDF] 15-16\/11\/1970 [PDF] 20\/12\/1970 [PDF] 15-18\/11\/1978 [PDF] 15\/11\/1978-20\/08\/2003: 1\u00ba arquivo [PDF] | 2\u00ba arquivo [PDF] 15\/11\/1982 [PDF] 16\/11\/1982: 1\u00ba arquivo [PDF] | 2\u00ba arquivo [PDF] 17\/11\/1982 [PDF] 24\/08\/1988-06\/03\/1989 [&hellip;]<\/p>\n","protected":false},"author":5,"featured_media":0,"parent":0,"menu_order":0,"comment_status":"closed","ping_status":"closed","template":"","meta":{"site-sidebar-layout":"no-sidebar","site-content-layout":"page-builder","ast-site-content-layout":"default","site-content-style":"default","site-sidebar-style":"default","ast-global-header-display":"","ast-banner-title-visibility":"","ast-main-header-display":"","ast-hfb-above-header-display":"","ast-hfb-below-header-display":"","ast-hfb-mobile-header-display":"","site-post-title":"disabled","ast-breadcrumbs-content":"","ast-featured-img":"disabled","footer-sml-layout":"","theme-transparent-header-meta":"enabled","adv-header-id-meta":"","stick-header-meta":"","header-above-stick-meta":"","header-main-stick-meta":"","header-below-stick-meta":"","astra-migrate-meta-layouts":"default","ast-page-background-enabled":"default","ast-page-background-meta":{"desktop":{"background-color":"var(--ast-global-color-4)","background-image":"","background-repeat":"repeat","background-position":"center center","background-size":"auto","background-attachment":"scroll","background-type":"","background-media":"","overlay-type":"","overlay-color":"","overlay-opacity":"","overlay-gradient":""},"tablet":{"background-color":"","background-image":"","background-repeat":"repeat","background-position":"center center","background-size":"auto","background-attachment":"scroll","background-type":"","background-media":"","overlay-type":"","overlay-color":"","overlay-opacity":"","overlay-gradient":""},"mobile":{"background-color":"","background-image":"","background-repeat":"repeat","background-position":"center center","background-size":"auto","background-attachment":"scroll","background-type":"","background-media":"","overlay-type":"","overlay-color":"","overlay-opacity":"","overlay-gradient":""}},"ast-content-background-meta":{"desktop":{"background-color":"var(--ast-global-color-5)","background-image":"","background-repeat":"repeat","background-position":"center center","background-size":"auto","background-attachment":"scroll","background-type":"","background-media":"","overlay-type":"","overlay-color":"","overlay-opacity":"","overlay-gradient":""},"tablet":{"background-color":"var(--ast-global-color-5)","background-image":"","background-repeat":"repeat","background-position":"center center","background-size":"auto","background-attachment":"scroll","background-type":"","background-media":"","overlay-type":"","overlay-color":"","overlay-opacity":"","overlay-gradient":""},"mobile":{"background-color":"var(--ast-global-color-5)","background-image":"","background-repeat":"repeat","background-position":"center center","background-size":"auto","background-attachment":"scroll","background-type":"","background-media":"","overlay-type":"","overlay-color":"","overlay-opacity":"","overlay-gradient":""}},"footnotes":""},"class_list":["post-14457","page","type-page","status-publish","hentry"],"_links":{"self":[{"href":"http:\/\/10.10.1.232\/wordpress\/index.php?rest_route=\/wp\/v2\/pages\/14457","targetHints":{"allow":["GET"]}}],"collection":[{"href":"http:\/\/10.10.1.232\/wordpress\/index.php?rest_route=\/wp\/v2\/pages"}],"about":[{"href":"http:\/\/10.10.1.232\/wordpress\/index.php?rest_route=\/wp\/v2\/types\/page"}],"author":[{"embeddable":true,"href":"http:\/\/10.10.1.232\/wordpress\/index.php?rest_route=\/wp\/v2\/users\/5"}],"replies":[{"embeddable":true,"href":"http:\/\/10.10.1.232\/wordpress\/index.php?rest_route=%2Fwp%2Fv2%2Fcomments&post=14457"}],"version-history":[{"count":16,"href":"http:\/\/10.10.1.232\/wordpress\/index.php?rest_route=\/wp\/v2\/pages\/14457\/revisions"}],"predecessor-version":[{"id":23086,"href":"http:\/\/10.10.1.232\/wordpress\/index.php?rest_route=\/wp\/v2\/pages\/14457\/revisions\/23086"}],"wp:attachment":[{"href":"http:\/\/10.10.1.232\/wordpress\/index.php?rest_route=%2Fwp%2Fv2%2Fmedia&parent=14457"}],"curies":[{"name":"wp","href":"https:\/\/api.w.org\/{rel}","templated":true}]}}