{"id":14142,"date":"2022-09-19T14:18:26","date_gmt":"2022-09-19T17:18:26","guid":{"rendered":"http:\/\/10.10.1.232\/wordpress\/?page_id=14142"},"modified":"2025-06-27T14:35:41","modified_gmt":"2025-06-27T17:35:41","slug":"eleicoes-antigas-edeia","status":"publish","type":"page","link":"http:\/\/10.10.1.232\/wordpress\/?page_id=14142","title":{"rendered":"Elei\u00e7\u00f5es Antigas &#8211; Ed\u00e9ia"},"content":{"rendered":"\t\t<div data-elementor-type=\"wp-page\" data-elementor-id=\"14142\" class=\"elementor elementor-14142\">\n\t\t\t\t\t\t<section class=\"elementor-section elementor-top-section elementor-element elementor-element-c8ddeb6 elementor-section-height-min-height elementor-section-boxed elementor-section-height-default elementor-section-items-middle\" data-id=\"c8ddeb6\" data-element_type=\"section\" data-settings=\"{&quot;background_background&quot;:&quot;classic&quot;}\">\n\t\t\t\t\t\t\t<div class=\"elementor-background-overlay\"><\/div>\n\t\t\t\t\t\t\t<div class=\"elementor-container elementor-column-gap-default\">\n\t\t\t\t\t<div class=\"elementor-column elementor-col-100 elementor-top-column elementor-element elementor-element-6a5337e\" data-id=\"6a5337e\" data-element_type=\"column\">\n\t\t\t<div class=\"elementor-widget-wrap elementor-element-populated\">\n\t\t\t\t\t\t<div class=\"elementor-element elementor-element-feefb6c elementor-widget elementor-widget-heading\" data-id=\"feefb6c\" data-element_type=\"widget\" data-widget_type=\"heading.default\">\n\t\t\t\t<div class=\"elementor-widget-container\">\n\t\t\t\t\t<h1 class=\"elementor-heading-title elementor-size-default\">Ed\u00e9ia<\/h1>\t\t\t\t<\/div>\n\t\t\t\t<\/div>\n\t\t\t\t\t<\/div>\n\t\t<\/div>\n\t\t\t\t\t<\/div>\n\t\t<\/section>\n\t\t\t\t<section class=\"elementor-section elementor-top-section elementor-element elementor-element-ae3664b elementor-section-boxed elementor-section-height-default elementor-section-height-default\" data-id=\"ae3664b\" data-element_type=\"section\">\n\t\t\t\t\t\t<div class=\"elementor-container elementor-column-gap-default\">\n\t\t\t\t\t<div class=\"elementor-column elementor-col-100 elementor-top-column elementor-element elementor-element-18ea5ac\" data-id=\"18ea5ac\" data-element_type=\"column\">\n\t\t\t<div class=\"elementor-widget-wrap elementor-element-populated\">\n\t\t\t\t\t\t<div class=\"elementor-element elementor-element-a569c8a elementor-widget elementor-widget-spacer\" data-id=\"a569c8a\" data-element_type=\"widget\" data-widget_type=\"spacer.default\">\n\t\t\t\t<div class=\"elementor-widget-container\">\n\t\t\t\t\t\t\t<div class=\"elementor-spacer\">\n\t\t\t<div class=\"elementor-spacer-inner\"><\/div>\n\t\t<\/div>\n\t\t\t\t\t\t<\/div>\n\t\t\t\t<\/div>\n\t\t\t\t\t<\/div>\n\t\t<\/div>\n\t\t\t\t\t<\/div>\n\t\t<\/section>\n\t\t\t\t<section class=\"elementor-section elementor-top-section elementor-element elementor-element-888ef7b elementor-section-boxed elementor-section-height-default elementor-section-height-default\" data-id=\"888ef7b\" data-element_type=\"section\">\n\t\t\t\t\t\t<div class=\"elementor-container elementor-column-gap-default\">\n\t\t\t\t\t<div class=\"elementor-column elementor-col-100 elementor-top-column elementor-element elementor-element-5aa9915\" data-id=\"5aa9915\" data-element_type=\"column\">\n\t\t\t<div class=\"elementor-widget-wrap elementor-element-populated\">\n\t\t\t\t\t\t<div class=\"elementor-element elementor-element-7e109a9 elementor-widget elementor-widget-button\" data-id=\"7e109a9\" data-element_type=\"widget\" data-widget_type=\"button.default\">\n\t\t\t\t<div class=\"elementor-widget-container\">\n\t\t\t\t\t\t\t\t\t<div class=\"elementor-button-wrapper\">\n\t\t\t\t\t<a class=\"elementor-button elementor-button-link elementor-size-sm\" href=\"http:\/\/10.10.1.232\/wordpress\/?page_id=3520\">\n\t\t\t\t\t\t<span class=\"elementor-button-content-wrapper\">\n\t\t\t\t\t\t<span class=\"elementor-button-icon\">\n\t\t\t\t<i aria-hidden=\"true\" class=\"fas fa-angle-double-left\"><\/i>\t\t\t<\/span>\n\t\t\t\t\t\t\t\t\t<span class=\"elementor-button-text\">Voltar para Elei\u00e7\u00f5es Antigas<\/span>\n\t\t\t\t\t<\/span>\n\t\t\t\t\t<\/a>\n\t\t\t\t<\/div>\n\t\t\t\t\t\t\t\t<\/div>\n\t\t\t\t<\/div>\n\t\t\t\t<div class=\"elementor-element elementor-element-2ce43fe elementor-widget elementor-widget-spacer\" data-id=\"2ce43fe\" data-element_type=\"widget\" data-widget_type=\"spacer.default\">\n\t\t\t\t<div class=\"elementor-widget-container\">\n\t\t\t\t\t\t\t<div class=\"elementor-spacer\">\n\t\t\t<div class=\"elementor-spacer-inner\"><\/div>\n\t\t<\/div>\n\t\t\t\t\t\t<\/div>\n\t\t\t\t<\/div>\n\t\t\t\t<div class=\"elementor-element elementor-element-2b71a0e elementor-widget elementor-widget-text-editor\" data-id=\"2b71a0e\" data-element_type=\"widget\" data-widget_type=\"text-editor.default\">\n\t\t\t\t<div class=\"elementor-widget-container\">\n\t\t\t\t\t\t\t\t\t<ul><li><a href=\"http:\/\/10.10.1.232\/wordpress\/wp-content\/uploads\/memorial\/Elei%C3%A7%C3%B5es%20Antigas\/Ed%C3%A9ia\/Ed%C3%A9ia1.pdf\">arquivo<strong> \u00fanico [PDF]<\/strong><\/a><\/li><li><a href=\"http:\/\/10.10.1.232\/wordpress\/wp-content\/uploads\/memorial\/Elei%C3%A7%C3%B5es%20Antigas\/Ed%C3%A9ia\/Ed%C3%A9ia2.pdf\"><strong>04\/10\/1955 [PDF]<\/strong><\/a><\/li><li><a href=\"http:\/\/10.10.1.232\/wordpress\/wp-content\/uploads\/memorial\/Elei%C3%A7%C3%B5es%20Antigas\/Ed%C3%A9ia\/Ed%C3%A9ia3.pdf\"><strong>03\/12\/1956 [PDF]<\/strong><\/a><\/li><li><a href=\"http:\/\/10.10.1.232\/wordpress\/wp-content\/uploads\/memorial\/Elei%C3%A7%C3%B5es%20Antigas\/Ed%C3%A9ia\/Ed%C3%A9ia4.pdf\"><strong>08\/10\/1960 [PDF]<\/strong><\/a><\/li><li><a href=\"http:\/\/10.10.1.232\/wordpress\/wp-content\/uploads\/memorial\/Elei%C3%A7%C3%B5es%20Antigas\/Ed%C3%A9ia\/Ed%C3%A9ia5.pdf\"><strong>05\/06\/1961 [PDF]<\/strong><\/a><\/li><li><a href=\"http:\/\/10.10.1.232\/wordpress\/wp-content\/uploads\/memorial\/Elei%C3%A7%C3%B5es%20Antigas\/Ed%C3%A9ia\/Ed%C3%A9ia6.pdf\"><strong>08\/10-23\/11\/1962 [PDF]<\/strong><\/a><\/li><li><a href=\"http:\/\/10.10.1.232\/wordpress\/wp-content\/uploads\/memorial\/Elei%C3%A7%C3%B5es%20Antigas\/Ed%C3%A9ia\/Ed%C3%A9ia7.pdf\"><strong>04\/10-04\/12\/1965 [PDF]<\/strong><\/a><\/li><li><a href=\"http:\/\/10.10.1.232\/wordpress\/wp-content\/uploads\/memorial\/Elei%C3%A7%C3%B5es%20Antigas\/Ed%C3%A9ia\/Ed%C3%A9ia8.pdf\"><strong>16\/11\/1966 [PDF]<\/strong><\/a><\/li><li><a href=\"http:\/\/10.10.1.232\/wordpress\/wp-content\/uploads\/memorial\/Elei%C3%A7%C3%B5es%20Antigas\/Ed%C3%A9ia\/Ed%C3%A9ia9.pdf\"><strong>01\/12\/1969 [PDF]<\/strong><\/a><\/li><li><strong>16\/11\/1970: <a href=\"http:\/\/10.10.1.232\/wordpress\/wp-content\/uploads\/memorial\/Elei%C3%A7%C3%B5es%20Antigas\/Ed%C3%A9ia\/Ed%C3%A9ia10.pdf\">1\u00ba arquivo [PDF]<\/a> | <a href=\"http:\/\/10.10.1.232\/wordpress\/wp-content\/uploads\/memorial\/Elei%C3%A7%C3%B5es%20Antigas\/Ed%C3%A9ia\/Ed%C3%A9ia11.pdf\">2\u00ba arquivo [PDF]<\/a><\/strong><\/li><li><a href=\"http:\/\/10.10.1.232\/wordpress\/wp-content\/uploads\/memorial\/Elei%C3%A7%C3%B5es%20Antigas\/Ed%C3%A9ia\/Ed%C3%A9ia12.pdf\"><strong>16\/11\/1972 [PDF]<\/strong><\/a><\/li><li><strong>16\/11\/1974: <a href=\"http:\/\/10.10.1.232\/wordpress\/wp-content\/uploads\/memorial\/Elei%C3%A7%C3%B5es%20Antigas\/Ed%C3%A9ia\/Ed%C3%A9ia13.pdf\">1\u00ba arquivo [PDF]<\/a> | <a href=\"http:\/\/10.10.1.232\/wordpress\/wp-content\/uploads\/memorial\/Elei%C3%A7%C3%B5es%20Antigas\/Ed%C3%A9ia\/Ed%C3%A9ia14.pdf\">2\u00ba arquivo [PDF]<\/a><\/strong><\/li><li><strong>16\/11\/1976: <a href=\"http:\/\/10.10.1.232\/wordpress\/wp-content\/uploads\/memorial\/Elei%C3%A7%C3%B5es%20Antigas\/Ed%C3%A9ia\/Ed%C3%A9ia15.pdf\">1\u00ba arquivo [PDF]<\/a> | <a href=\"http:\/\/10.10.1.232\/wordpress\/wp-content\/uploads\/memorial\/Elei%C3%A7%C3%B5es%20Antigas\/Ed%C3%A9ia\/Ed%C3%A9ia16.pdf\">2\u00ba arquivo [PDF]<\/a><\/strong><\/li><li><a href=\"http:\/\/10.10.1.232\/wordpress\/wp-content\/uploads\/memorial\/Mem%C3%B3rias%20de%20Goi%C3%A1s\/mem%C3%B3ria%20de%20goi%C3%A1s%2015%20DE%20NOVEMBRO%20DE%201982\/Damian%C3%B3polis%20ate%20Galheiros\/Ed%C3%A9ia.pdf\"><strong>15\/11\/1982 [PDF]<\/strong><\/a><\/li><li><a href=\"http:\/\/10.10.1.232\/wordpress\/wp-content\/uploads\/memorial\/Elei%C3%A7%C3%B5es%20Antigas\/Ed%C3%A9ia\/Ed%C3%A9ia18.pdf\"><strong>1992 [PDF]<\/strong><\/a><\/li><li><a href=\"http:\/\/10.10.1.232\/wordpress\/wp-content\/uploads\/memorial\/Mem%C3%B3rias%20de%20Goi%C3%A1s\/memoria%2003%2010-12%20de%201992\/Edealina%20-%20Goian%C3%A9sia%20A\/Ed%C3%A9ia.pdf\"><strong>05\/10-23\/11\/1992 [PDF]<\/strong><\/a><\/li><li><strong><a href=\"https:\/\/drive.google.com\/file\/d\/1JXhI4l5hBMR6nKQAhDEHqEMF7oMAyQtH\/view?usp=drive_link\">06\/10\/1996<\/a><\/strong><\/li><\/ul>\t\t\t\t\t\t\t\t<\/div>\n\t\t\t\t<\/div>\n\t\t\t\t\t<\/div>\n\t\t<\/div>\n\t\t\t\t\t<\/div>\n\t\t<\/section>\n\t\t\t\t<section class=\"elementor-section elementor-top-section elementor-element elementor-element-085c54c elementor-section-boxed elementor-section-height-default elementor-section-height-default\" data-id=\"085c54c\" data-element_type=\"section\">\n\t\t\t\t\t\t<div class=\"elementor-container elementor-column-gap-default\">\n\t\t\t\t\t<div class=\"elementor-column elementor-col-100 elementor-top-column elementor-element elementor-element-fadac14\" data-id=\"fadac14\" data-element_type=\"column\">\n\t\t\t<div class=\"elementor-widget-wrap elementor-element-populated\">\n\t\t\t\t\t\t<div class=\"elementor-element elementor-element-596e09f elementor-widget elementor-widget-spacer\" data-id=\"596e09f\" data-element_type=\"widget\" data-widget_type=\"spacer.default\">\n\t\t\t\t<div class=\"elementor-widget-container\">\n\t\t\t\t\t\t\t<div class=\"elementor-spacer\">\n\t\t\t<div class=\"elementor-spacer-inner\"><\/div>\n\t\t<\/div>\n\t\t\t\t\t\t<\/div>\n\t\t\t\t<\/div>\n\t\t\t\t<div class=\"elementor-element elementor-element-5b54105 elementor-widget elementor-widget-spacer\" data-id=\"5b54105\" data-element_type=\"widget\" data-widget_type=\"spacer.default\">\n\t\t\t\t<div class=\"elementor-widget-container\">\n\t\t\t\t\t\t\t<div class=\"elementor-spacer\">\n\t\t\t<div class=\"elementor-spacer-inner\"><\/div>\n\t\t<\/div>\n\t\t\t\t\t\t<\/div>\n\t\t\t\t<\/div>\n\t\t\t\t\t<\/div>\n\t\t<\/div>\n\t\t\t\t\t<\/div>\n\t\t<\/section>\n\t\t\t\t<section class=\"elementor-section elementor-top-section elementor-element elementor-element-03f5f63 elementor-section-boxed elementor-section-height-default elementor-section-height-default\" data-id=\"03f5f63\" data-element_type=\"section\">\n\t\t\t\t\t\t<div class=\"elementor-container elementor-column-gap-default\">\n\t\t\t\t\t<div class=\"elementor-column elementor-col-100 elementor-top-column elementor-element elementor-element-55d8566\" data-id=\"55d8566\" data-element_type=\"column\">\n\t\t\t<div class=\"elementor-widget-wrap\">\n\t\t\t\t\t\t\t<\/div>\n\t\t<\/div>\n\t\t\t\t\t<\/div>\n\t\t<\/section>\n\t\t\t\t<\/div>\n\t\t","protected":false},"excerpt":{"rendered":"<p>Ed\u00e9ia Voltar para Elei\u00e7\u00f5es Antigas arquivo \u00fanico [PDF] 04\/10\/1955 [PDF] 03\/12\/1956 [PDF] 08\/10\/1960 [PDF] 05\/06\/1961 [PDF] 08\/10-23\/11\/1962 [PDF] 04\/10-04\/12\/1965 [PDF] 16\/11\/1966 [PDF] 01\/12\/1969 [PDF] 16\/11\/1970: 1\u00ba arquivo [PDF] | 2\u00ba arquivo [PDF] 16\/11\/1972 [PDF] 16\/11\/1974: 1\u00ba arquivo [PDF] | 2\u00ba arquivo [PDF] 16\/11\/1976: 1\u00ba arquivo [PDF] | 2\u00ba arquivo [PDF] 15\/11\/1982 [PDF] 1992 [PDF] 05\/10-23\/11\/1992 [&hellip;]<\/p>\n","protected":false},"author":5,"featured_media":0,"parent":0,"menu_order":0,"comment_status":"closed","ping_status":"closed","template":"","meta":{"site-sidebar-layout":"no-sidebar","site-content-layout":"page-builder","ast-site-content-layout":"default","site-content-style":"default","site-sidebar-style":"default","ast-global-header-display":"","ast-banner-title-visibility":"","ast-main-header-display":"","ast-hfb-above-header-display":"","ast-hfb-below-header-display":"","ast-hfb-mobile-header-display":"","site-post-title":"disabled","ast-breadcrumbs-content":"","ast-featured-img":"disabled","footer-sml-layout":"","theme-transparent-header-meta":"enabled","adv-header-id-meta":"","stick-header-meta":"","header-above-stick-meta":"","header-main-stick-meta":"","header-below-stick-meta":"","astra-migrate-meta-layouts":"default","ast-page-background-enabled":"default","ast-page-background-meta":{"desktop":{"background-color":"var(--ast-global-color-4)","background-image":"","background-repeat":"repeat","background-position":"center center","background-size":"auto","background-attachment":"scroll","background-type":"","background-media":"","overlay-type":"","overlay-color":"","overlay-opacity":"","overlay-gradient":""},"tablet":{"background-color":"","background-image":"","background-repeat":"repeat","background-position":"center center","background-size":"auto","background-attachment":"scroll","background-type":"","background-media":"","overlay-type":"","overlay-color":"","overlay-opacity":"","overlay-gradient":""},"mobile":{"background-color":"","background-image":"","background-repeat":"repeat","background-position":"center center","background-size":"auto","background-attachment":"scroll","background-type":"","background-media":"","overlay-type":"","overlay-color":"","overlay-opacity":"","overlay-gradient":""}},"ast-content-background-meta":{"desktop":{"background-color":"var(--ast-global-color-5)","background-image":"","background-repeat":"repeat","background-position":"center center","background-size":"auto","background-attachment":"scroll","background-type":"","background-media":"","overlay-type":"","overlay-color":"","overlay-opacity":"","overlay-gradient":""},"tablet":{"background-color":"var(--ast-global-color-5)","background-image":"","background-repeat":"repeat","background-position":"center center","background-size":"auto","background-attachment":"scroll","background-type":"","background-media":"","overlay-type":"","overlay-color":"","overlay-opacity":"","overlay-gradient":""},"mobile":{"background-color":"var(--ast-global-color-5)","background-image":"","background-repeat":"repeat","background-position":"center center","background-size":"auto","background-attachment":"scroll","background-type":"","background-media":"","overlay-type":"","overlay-color":"","overlay-opacity":"","overlay-gradient":""}},"footnotes":""},"class_list":["post-14142","page","type-page","status-publish","hentry"],"_links":{"self":[{"href":"http:\/\/10.10.1.232\/wordpress\/index.php?rest_route=\/wp\/v2\/pages\/14142","targetHints":{"allow":["GET"]}}],"collection":[{"href":"http:\/\/10.10.1.232\/wordpress\/index.php?rest_route=\/wp\/v2\/pages"}],"about":[{"href":"http:\/\/10.10.1.232\/wordpress\/index.php?rest_route=\/wp\/v2\/types\/page"}],"author":[{"embeddable":true,"href":"http:\/\/10.10.1.232\/wordpress\/index.php?rest_route=\/wp\/v2\/users\/5"}],"replies":[{"embeddable":true,"href":"http:\/\/10.10.1.232\/wordpress\/index.php?rest_route=%2Fwp%2Fv2%2Fcomments&post=14142"}],"version-history":[{"count":10,"href":"http:\/\/10.10.1.232\/wordpress\/index.php?rest_route=\/wp\/v2\/pages\/14142\/revisions"}],"predecessor-version":[{"id":22910,"href":"http:\/\/10.10.1.232\/wordpress\/index.php?rest_route=\/wp\/v2\/pages\/14142\/revisions\/22910"}],"wp:attachment":[{"href":"http:\/\/10.10.1.232\/wordpress\/index.php?rest_route=%2Fwp%2Fv2%2Fmedia&parent=14142"}],"curies":[{"name":"wp","href":"https:\/\/api.w.org\/{rel}","templated":true}]}}