{"id":13863,"date":"2022-09-16T17:18:46","date_gmt":"2022-09-16T20:18:46","guid":{"rendered":"http:\/\/10.10.1.232\/wordpress\/?page_id=13863"},"modified":"2025-05-20T13:20:16","modified_gmt":"2025-05-20T16:20:16","slug":"eleicoes-antigas-bonfinopolis","status":"publish","type":"page","link":"http:\/\/10.10.1.232\/wordpress\/?page_id=13863","title":{"rendered":"Elei\u00e7\u00f5es Antigas &#8211; Bonfin\u00f3polis"},"content":{"rendered":"\t\t<div data-elementor-type=\"wp-page\" data-elementor-id=\"13863\" class=\"elementor elementor-13863\">\n\t\t\t\t\t\t<section class=\"elementor-section elementor-top-section elementor-element elementor-element-c8ddeb6 elementor-section-height-min-height elementor-section-boxed elementor-section-height-default elementor-section-items-middle\" data-id=\"c8ddeb6\" data-element_type=\"section\" data-settings=\"{&quot;background_background&quot;:&quot;classic&quot;}\">\n\t\t\t\t\t\t\t<div class=\"elementor-background-overlay\"><\/div>\n\t\t\t\t\t\t\t<div class=\"elementor-container elementor-column-gap-default\">\n\t\t\t\t\t<div class=\"elementor-column elementor-col-100 elementor-top-column elementor-element elementor-element-6a5337e\" data-id=\"6a5337e\" data-element_type=\"column\">\n\t\t\t<div class=\"elementor-widget-wrap elementor-element-populated\">\n\t\t\t\t\t\t<div class=\"elementor-element elementor-element-feefb6c elementor-widget elementor-widget-heading\" data-id=\"feefb6c\" data-element_type=\"widget\" data-widget_type=\"heading.default\">\n\t\t\t\t<div class=\"elementor-widget-container\">\n\t\t\t\t\t<h1 class=\"elementor-heading-title elementor-size-default\">Bonfin\u00f3polis<\/h1>\t\t\t\t<\/div>\n\t\t\t\t<\/div>\n\t\t\t\t\t<\/div>\n\t\t<\/div>\n\t\t\t\t\t<\/div>\n\t\t<\/section>\n\t\t\t\t<section class=\"elementor-section elementor-top-section elementor-element elementor-element-ae3664b elementor-section-boxed elementor-section-height-default elementor-section-height-default\" data-id=\"ae3664b\" data-element_type=\"section\">\n\t\t\t\t\t\t<div class=\"elementor-container elementor-column-gap-default\">\n\t\t\t\t\t<div class=\"elementor-column elementor-col-100 elementor-top-column elementor-element elementor-element-18ea5ac\" data-id=\"18ea5ac\" data-element_type=\"column\">\n\t\t\t<div class=\"elementor-widget-wrap elementor-element-populated\">\n\t\t\t\t\t\t<div class=\"elementor-element elementor-element-a569c8a elementor-widget elementor-widget-spacer\" data-id=\"a569c8a\" data-element_type=\"widget\" data-widget_type=\"spacer.default\">\n\t\t\t\t<div class=\"elementor-widget-container\">\n\t\t\t\t\t\t\t<div class=\"elementor-spacer\">\n\t\t\t<div class=\"elementor-spacer-inner\"><\/div>\n\t\t<\/div>\n\t\t\t\t\t\t<\/div>\n\t\t\t\t<\/div>\n\t\t\t\t\t<\/div>\n\t\t<\/div>\n\t\t\t\t\t<\/div>\n\t\t<\/section>\n\t\t\t\t<section class=\"elementor-section elementor-top-section elementor-element elementor-element-888ef7b elementor-section-boxed elementor-section-height-default elementor-section-height-default\" data-id=\"888ef7b\" data-element_type=\"section\">\n\t\t\t\t\t\t<div class=\"elementor-container elementor-column-gap-default\">\n\t\t\t\t\t<div class=\"elementor-column elementor-col-100 elementor-top-column elementor-element elementor-element-5aa9915\" data-id=\"5aa9915\" data-element_type=\"column\">\n\t\t\t<div class=\"elementor-widget-wrap elementor-element-populated\">\n\t\t\t\t\t\t<div class=\"elementor-element elementor-element-7e109a9 elementor-widget elementor-widget-button\" data-id=\"7e109a9\" data-element_type=\"widget\" data-widget_type=\"button.default\">\n\t\t\t\t<div class=\"elementor-widget-container\">\n\t\t\t\t\t\t\t\t\t<div class=\"elementor-button-wrapper\">\n\t\t\t\t\t<a class=\"elementor-button elementor-button-link elementor-size-sm\" href=\"http:\/\/10.10.1.232\/wordpress\/?page_id=3520\">\n\t\t\t\t\t\t<span class=\"elementor-button-content-wrapper\">\n\t\t\t\t\t\t<span class=\"elementor-button-icon\">\n\t\t\t\t<i aria-hidden=\"true\" class=\"fas fa-angle-double-left\"><\/i>\t\t\t<\/span>\n\t\t\t\t\t\t\t\t\t<span class=\"elementor-button-text\">Voltar para Elei\u00e7\u00f5es Antigas<\/span>\n\t\t\t\t\t<\/span>\n\t\t\t\t\t<\/a>\n\t\t\t\t<\/div>\n\t\t\t\t\t\t\t\t<\/div>\n\t\t\t\t<\/div>\n\t\t\t\t<div class=\"elementor-element elementor-element-2ce43fe elementor-widget elementor-widget-spacer\" data-id=\"2ce43fe\" data-element_type=\"widget\" data-widget_type=\"spacer.default\">\n\t\t\t\t<div class=\"elementor-widget-container\">\n\t\t\t\t\t\t\t<div class=\"elementor-spacer\">\n\t\t\t<div class=\"elementor-spacer-inner\"><\/div>\n\t\t<\/div>\n\t\t\t\t\t\t<\/div>\n\t\t\t\t<\/div>\n\t\t\t\t<div class=\"elementor-element elementor-element-2b71a0e elementor-widget elementor-widget-text-editor\" data-id=\"2b71a0e\" data-element_type=\"widget\" data-widget_type=\"text-editor.default\">\n\t\t\t\t<div class=\"elementor-widget-container\">\n\t\t\t\t\t\t\t\t\t<ul class=\"n8H08c UVNKR\"><li class=\"TYR86d wXCUfe zfr3Q\" dir=\"ltr\"><p class=\"CDt4Ke zfr3Q\" dir=\"ltr\"><a href=\"http:\/\/10.10.1.232\/wordpress\/wp-content\/uploads\/memorial\/Elei%C3%A7%C3%B5es%20Antigas\/Bonfin%C3%B3polis\/Bonfin%C3%B3polis1.pdf\"><span class=\" aw5Odc\"><strong>arquivo \u00fanico [PDF]<\/strong><\/span><\/a><\/p><\/li><li class=\"TYR86d wXCUfe zfr3Q\" dir=\"ltr\"><p class=\"CDt4Ke zfr3Q\" dir=\"ltr\"><a href=\"http:\/\/10.10.1.232\/wordpress\/wp-content\/uploads\/memorial\/Elei%C3%A7%C3%B5es%20Antigas\/Bonfin%C3%B3polis\/Bonfin%C3%B3polis2.pdf\"><span class=\" aw5Odc\"><strong>18\/02\/1954-16\/11\/1961 [PDF]<\/strong><\/span><\/a><\/p><\/li><li class=\"TYR86d wXCUfe zfr3Q\" dir=\"ltr\"><p class=\"CDt4Ke zfr3Q\" dir=\"ltr\"><a href=\"http:\/\/10.10.1.232\/wordpress\/wp-content\/uploads\/memorial\/Elei%C3%A7%C3%B5es%20Antigas\/Bonfin%C3%B3polis\/Bonfin%C3%B3polis3.pdf\"><span class=\" aw5Odc\"><strong>18\/05\/1954 [PDF]<\/strong><\/span><\/a><\/p><\/li><li class=\"TYR86d wXCUfe zfr3Q\" dir=\"ltr\"><p class=\"CDt4Ke zfr3Q\" dir=\"ltr\"><a href=\"http:\/\/10.10.1.232\/wordpress\/wp-content\/uploads\/memorial\/Elei%C3%A7%C3%B5es%20Antigas\/Bonfin%C3%B3polis\/Bonfin%C3%B3polis4.pdf\"><span class=\" aw5Odc\"><strong>18\/05\/1954-28\/11\/1961 [PDF]<\/strong><\/span><\/a><\/p><\/li><li class=\"TYR86d wXCUfe zfr3Q\" dir=\"ltr\"><p class=\"CDt4Ke zfr3Q\" dir=\"ltr\"><a href=\"http:\/\/10.10.1.232\/wordpress\/wp-content\/uploads\/memorial\/Elei%C3%A7%C3%B5es%20Antigas\/Bonfin%C3%B3polis\/Bonfin%C3%B3polis5.pdf\"><span class=\" aw5Odc\"><strong>18\/05\/1954-19\/09\/1972 [PDF]<\/strong><\/span><\/a><\/p><\/li><li class=\"TYR86d wXCUfe zfr3Q\" dir=\"ltr\"><p class=\"CDt4Ke zfr3Q\" dir=\"ltr\"><a href=\"http:\/\/10.10.1.232\/wordpress\/wp-content\/uploads\/memorial\/Elei%C3%A7%C3%B5es%20Antigas\/Bonfin%C3%B3polis\/Bonfin%C3%B3polis6.pdf\"><span class=\" aw5Odc\"><strong>30\/07-07\/12\/1962 [PDF]<\/strong><\/span><\/a><\/p><\/li><li class=\"TYR86d wXCUfe zfr3Q\" dir=\"ltr\"><p class=\"CDt4Ke zfr3Q\" dir=\"ltr\"><a href=\"http:\/\/10.10.1.232\/wordpress\/wp-content\/uploads\/memorial\/Elei%C3%A7%C3%B5es%20Antigas\/Bonfin%C3%B3polis\/Bonfin%C3%B3polis7.pdf\"><span class=\" aw5Odc\"><strong>14\/12\/1962-16\/11\/1965 [PDF]<\/strong><\/span><\/a><\/p><\/li><li class=\"TYR86d wXCUfe zfr3Q\" dir=\"ltr\"><p class=\"CDt4Ke zfr3Q\" dir=\"ltr\"><a href=\"http:\/\/10.10.1.232\/wordpress\/wp-content\/uploads\/memorial\/Elei%C3%A7%C3%B5es%20Antigas\/Bonfin%C3%B3polis\/Bonfin%C3%B3polis8.pdf\"><span class=\" aw5Odc\"><strong>07\/09\/1966-25\/10\/1969 [PDF]<\/strong><\/span><\/a><\/p><\/li><li class=\"TYR86d wXCUfe zfr3Q\" dir=\"ltr\"><p class=\"CDt4Ke zfr3Q\" dir=\"ltr\"><a href=\"http:\/\/10.10.1.232\/wordpress\/wp-content\/uploads\/memorial\/Elei%C3%A7%C3%B5es%20Antigas\/Bonfin%C3%B3polis\/Bonfin%C3%B3polis9.pdf\"><span class=\" aw5Odc\"><strong>14\/12\/1969-08\/10\/1970 [PDF]<\/strong><\/span><\/a><\/p><\/li><li class=\"TYR86d wXCUfe zfr3Q\" dir=\"ltr\"><p class=\"CDt4Ke zfr3Q\" dir=\"ltr\"><a href=\"http:\/\/10.10.1.232\/wordpress\/wp-content\/uploads\/memorial\/Elei%C3%A7%C3%B5es%20Antigas\/Bonfin%C3%B3polis\/Bonfin%C3%B3polis10.pdf\"><span class=\" aw5Odc\"><strong>14\/12\/1969-16\/11\/1970 [PDF]<\/strong><\/span><\/a><\/p><\/li><li class=\"TYR86d wXCUfe zfr3Q\" dir=\"ltr\"><p class=\"CDt4Ke zfr3Q\" dir=\"ltr\"><a href=\"http:\/\/10.10.1.232\/wordpress\/wp-content\/uploads\/memorial\/Elei%C3%A7%C3%B5es%20Antigas\/Bonfin%C3%B3polis\/Bonfin%C3%B3polis11.pdf\"><span class=\" aw5Odc\"><strong>15-16\/11\/1970 [PDF]<\/strong><\/span><\/a><\/p><\/li><li class=\"TYR86d wXCUfe zfr3Q\" dir=\"ltr\"><p class=\"CDt4Ke zfr3Q\" dir=\"ltr\"><a href=\"http:\/\/10.10.1.232\/wordpress\/wp-content\/uploads\/memorial\/Elei%C3%A7%C3%B5es%20Antigas\/Bonfin%C3%B3polis\/Bonfin%C3%B3polis12.pdf\"><span class=\" aw5Odc\"><strong>20\/12\/1970 [PDF]<\/strong><\/span><\/a><\/p><\/li><li class=\"TYR86d wXCUfe zfr3Q\" dir=\"ltr\"><p class=\"CDt4Ke zfr3Q\" dir=\"ltr\"><a href=\"http:\/\/10.10.1.232\/wordpress\/wp-content\/uploads\/memorial\/Elei%C3%A7%C3%B5es%20Antigas\/Bonfin%C3%B3polis\/Bonfin%C3%B3polis13.pdf\"><span class=\" aw5Odc\"><strong>15-18\/11\/1978 [PDF]<\/strong><\/span><\/a><\/p><\/li><li class=\"TYR86d wXCUfe zfr3Q\" dir=\"ltr\"><p class=\"CDt4Ke zfr3Q\" dir=\"ltr\"><a href=\"http:\/\/10.10.1.232\/wordpress\/wp-content\/uploads\/memorial\/Elei%C3%A7%C3%B5es%20Antigas\/Bonfin%C3%B3polis\/Bonfin%C3%B3polis14.pdf\"><span class=\" aw5Odc\"><strong>15\/11\/1978-20\/08\/2003 [PDF]<\/strong><\/span><\/a><\/p><\/li><li class=\"TYR86d wXCUfe zfr3Q\" dir=\"ltr\"><p class=\"CDt4Ke zfr3Q\" dir=\"ltr\">16\/11\/1982: <a href=\"http:\/\/10.10.1.232\/wordpress\/wp-content\/uploads\/memorial\/Elei%C3%A7%C3%B5es%20Antigas\/Bonfin%C3%B3polis\/Bonfin%C3%B3polis15.pdf\"><span class=\" aw5Odc\"><strong>1\u00ba arquivo [PDF]<\/strong><\/span><\/a><strong> | <\/strong><a href=\"http:\/\/10.10.1.232\/wordpress\/wp-content\/uploads\/memorial\/Elei%C3%A7%C3%B5es%20Antigas\/Bonfin%C3%B3polis\/Bonfin%C3%B3polis16.pdf\"><span class=\" aw5Odc\"><strong>2\u00ba arquivo [PDF]<\/strong><\/span><\/a><\/p><\/li><li class=\"TYR86d wXCUfe zfr3Q\" dir=\"ltr\"><p class=\"CDt4Ke zfr3Q\" dir=\"ltr\"><a href=\"http:\/\/10.10.1.232\/wordpress\/wp-content\/uploads\/memorial\/Elei%C3%A7%C3%B5es%20Antigas\/Bonfin%C3%B3polis\/Bonfin%C3%B3polis17.pdf\"><span class=\" aw5Odc\"><strong>17\/11\/1982 [PDF]<\/strong><\/span><\/a><\/p><\/li><li class=\"TYR86d wXCUfe zfr3Q\" dir=\"ltr\"><p class=\"CDt4Ke zfr3Q\" dir=\"ltr\"><a href=\"http:\/\/10.10.1.232\/wordpress\/wp-content\/uploads\/memorial\/Elei%C3%A7%C3%B5es%20Antigas\/Bonfin%C3%B3polis\/Bonfin%C3%B3polis18.pdf\"><span class=\" aw5Odc\"><strong>24\/08\/1988-06\/03\/1989 [PDF]<\/strong><\/span><\/a><\/p><\/li><li class=\"TYR86d wXCUfe zfr3Q\" dir=\"ltr\"><p class=\"CDt4Ke zfr3Q\" dir=\"ltr\">24\/08\/1988-20\/11\/2009: <a href=\"http:\/\/10.10.1.232\/wordpress\/wp-content\/uploads\/memorial\/Elei%C3%A7%C3%B5es%20Antigas\/Bonfin%C3%B3polis\/Bonfin%C3%B3polis19.pdf\"><span class=\" aw5Odc\"><strong>1\u00ba arquivo [PDF]<\/strong><\/span><\/a><strong> | <\/strong><a href=\"http:\/\/10.10.1.232\/wordpress\/wp-content\/uploads\/memorial\/Elei%C3%A7%C3%B5es%20Antigas\/Bonfin%C3%B3polis\/Bonfin%C3%B3polis20.pdf\"><span class=\" aw5Odc\"><strong>2\u00ba arquivo [PDF]<\/strong><\/span><\/a><\/p><\/li><li class=\"TYR86d wXCUfe zfr3Q\" dir=\"ltr\"><p class=\"CDt4Ke zfr3Q\" dir=\"ltr\"><a href=\"http:\/\/10.10.1.232\/wordpress\/wp-content\/uploads\/memorial\/Elei%C3%A7%C3%B5es%20Antigas\/Bonfin%C3%B3polis\/Bonfin%C3%B3polis21.pdf\"><span class=\" aw5Odc\"><strong>18\/11\/1988-20\/08\/2003 [PDF]<\/strong><\/span><\/a><\/p><\/li><li class=\"TYR86d wXCUfe zfr3Q\" dir=\"ltr\"><p class=\"CDt4Ke zfr3Q\" dir=\"ltr\"><a href=\"http:\/\/10.10.1.232\/wordpress\/wp-content\/uploads\/memorial\/Elei%C3%A7%C3%B5es%20Antigas\/Bonfin%C3%B3polis\/Bonfin%C3%B3polis22.pdf\"><span class=\" aw5Odc\"><strong>06\/03\/1989-06\/08\/1992 [PDF]<\/strong><\/span><\/a><\/p><\/li><li class=\"TYR86d wXCUfe zfr3Q\" dir=\"ltr\"><p class=\"CDt4Ke zfr3Q\" dir=\"ltr\">16\/05\/1989-20\/11\/2009: <a href=\"http:\/\/10.10.1.232\/wordpress\/wp-content\/uploads\/memorial\/Elei%C3%A7%C3%B5es%20Antigas\/Bonfin%C3%B3polis\/Bonfin%C3%B3polis23.pdf\"><span class=\" aw5Odc\"><strong>1\u00ba arquivo [PDF]<\/strong><\/span><\/a><strong> | <\/strong><a href=\"http:\/\/10.10.1.232\/wordpress\/wp-content\/uploads\/memorial\/Elei%C3%A7%C3%B5es%20Antigas\/Bonfin%C3%B3polis\/Bonfin%C3%B3polis24.pdf\"><span class=\" aw5Odc\"><strong>2\u00ba arquivo [PDF]<\/strong><\/span><\/a><\/p><\/li><li class=\"TYR86d wXCUfe zfr3Q\" dir=\"ltr\"><p class=\"CDt4Ke zfr3Q\" dir=\"ltr\"><a href=\"http:\/\/10.10.1.232\/wordpress\/wp-content\/uploads\/memorial\/Elei%C3%A7%C3%B5es%20Antigas\/Bonfin%C3%B3polis\/Bonfin%C3%B3polis25.pdf\"><span class=\" aw5Odc\"><strong>16\/10\/1989-28\/11\/1992 [PDF]<\/strong><\/span><\/a><\/p><\/li><li class=\"TYR86d wXCUfe zfr3Q\" dir=\"ltr\"><p class=\"CDt4Ke zfr3Q\" dir=\"ltr\"><a href=\"http:\/\/10.10.1.232\/wordpress\/wp-content\/uploads\/memorial\/Elei%C3%A7%C3%B5es%20Antigas\/Bonfin%C3%B3polis\/Bonfin%C3%B3polis26.pdf\"><span class=\" aw5Odc\"><strong>16\/10\/1989-20\/11\/2009 [PDF]<\/strong><\/span><\/a><\/p><\/li><li class=\"TYR86d wXCUfe zfr3Q\" dir=\"ltr\"><p class=\"CDt4Ke zfr3Q\" dir=\"ltr\"><a href=\"http:\/\/10.10.1.232\/wordpress\/wp-content\/uploads\/memorial\/Elei%C3%A7%C3%B5es%20Antigas\/Bonfin%C3%B3polis\/Bonfin%C3%B3polis27.pdf\"><span class=\" aw5Odc\"><strong>04\/11\/1989-20\/11\/2009 [PDF]<\/strong><\/span><\/a><\/p><\/li><li class=\"TYR86d wXCUfe zfr3Q\" dir=\"ltr\"><p class=\"CDt4Ke zfr3Q\" dir=\"ltr\">01-04\/03\/1990: <a href=\"http:\/\/10.10.1.232\/wordpress\/wp-content\/uploads\/memorial\/Elei%C3%A7%C3%B5es%20Antigas\/Bonfin%C3%B3polis\/Bonfin%C3%B3polis28.pdf\"><span class=\" aw5Odc\"><strong>1\u00ba arquivo [PDF]<\/strong><\/span><\/a><strong> | <\/strong><a href=\"http:\/\/10.10.1.232\/wordpress\/wp-content\/uploads\/memorial\/Elei%C3%A7%C3%B5es%20Antigas\/Bonfin%C3%B3polis\/Bonfin%C3%B3polis29.pdf\"><span class=\" aw5Odc\"><strong>2\u00ba arquivo [PDF]<\/strong><\/span><\/a><\/p><\/li><li class=\"TYR86d wXCUfe zfr3Q\" dir=\"ltr\"><p class=\"CDt4Ke zfr3Q\" dir=\"ltr\"><a href=\"http:\/\/10.10.1.232\/wordpress\/wp-content\/uploads\/memorial\/Elei%C3%A7%C3%B5es%20Antigas\/Bonfin%C3%B3polis\/Bonfin%C3%B3polis30.pdf\"><span class=\" aw5Odc\"><strong>04\/03\/1990 [PDF]<\/strong><\/span><\/a><\/p><\/li><li class=\"TYR86d wXCUfe zfr3Q\" dir=\"ltr\"><p class=\"CDt4Ke zfr3Q\" dir=\"ltr\"><a href=\"http:\/\/10.10.1.232\/wordpress\/wp-content\/uploads\/memorial\/Elei%C3%A7%C3%B5es%20Antigas\/Bonfin%C3%B3polis\/Bonfin%C3%B3polis31.pdf\"><span class=\" aw5Odc\"><strong>06\/08\/1992-05\/07\/1996 [PDF]<\/strong><\/span><\/a><\/p><\/li><li class=\"TYR86d wXCUfe zfr3Q\" dir=\"ltr\"><p class=\"CDt4Ke zfr3Q\" dir=\"ltr\"><a href=\"http:\/\/10.10.1.232\/wordpress\/wp-content\/uploads\/memorial\/Mem%C3%B3rias%20de%20Goi%C3%A1s\/memoria%2003%2010-12%20de%201992\/Avelin%C3%B3polis%20-%20Cabeceiras%20A\/Bonfin%C3%B3polis.pdf\"><span class=\" aw5Odc\"><strong>30\/08-26\/11\/1992 [PDF]<\/strong><\/span><\/a><\/p><\/li><li class=\"TYR86d wXCUfe zfr3Q\" dir=\"ltr\"><p class=\"CDt4Ke zfr3Q\" dir=\"ltr\"><a href=\"http:\/\/10.10.1.232\/wordpress\/wp-content\/uploads\/memorial\/Elei%C3%A7%C3%B5es%20Antigas\/Bonfin%C3%B3polis\/Bonfin%C3%B3polis33.pdf\"><span class=\" aw5Odc\"><strong>28\/09\/1992-14\/08\/1996 [PDF]<\/strong><\/span><\/a><\/p><\/li><li dir=\"ltr\"><a href=\"https:\/\/drive.google.com\/file\/d\/1dGvdwCUzBh_8dIEqRpDNE0gdHjQBBRpC\/view?usp=drive_link\"><strong>06\/10\/1996<\/strong><\/a><\/li><li class=\"TYR86d wXCUfe zfr3Q\" dir=\"ltr\"><p class=\"CDt4Ke zfr3Q\" dir=\"ltr\"><a href=\"http:\/\/10.10.1.232\/wordpress\/wp-content\/uploads\/memorial\/Elei%C3%A7%C3%B5es%20Antigas\/Bonfin%C3%B3polis\/Bonfin%C3%B3polis34.pdf\"><span class=\" aw5Odc\"><strong>05\/07\/1996-30\/07\/2008 [PDF]<\/strong><\/span><\/a><\/p><\/li><li class=\"TYR86d wXCUfe zfr3Q\" dir=\"ltr\"><p class=\"CDt4Ke zfr3Q\" dir=\"ltr\"><a href=\"http:\/\/10.10.1.232\/wordpress\/wp-content\/uploads\/memorial\/Elei%C3%A7%C3%B5es%20Antigas\/Bonfin%C3%B3polis\/Bonfin%C3%B3polis35.pdf\"><span class=\" aw5Odc\"><strong>14\/08\/1996-04\/10\/1998 [PDF]<\/strong><\/span><\/a><\/p><\/li><li class=\"TYR86d wXCUfe zfr3Q\" dir=\"ltr\"><p class=\"CDt4Ke zfr3Q\" dir=\"ltr\">20\/02\/1998-28\/02\/2008: <a href=\"http:\/\/10.10.1.232\/wordpress\/wp-content\/uploads\/memorial\/Elei%C3%A7%C3%B5es%20Antigas\/Bonfin%C3%B3polis\/Bonfin%C3%B3polis36.pdf\"><span class=\" aw5Odc\"><strong>1\u00ba arquivo [PDF]<\/strong><\/span><\/a><strong> | <\/strong><a href=\"http:\/\/10.10.1.232\/wordpress\/wp-content\/uploads\/memorial\/Elei%C3%A7%C3%B5es%20Antigas\/Bonfin%C3%B3polis\/Bonfin%C3%B3polis37.pdf\"><span class=\" aw5Odc\"><strong>2\u00ba arquivo [PDF]<\/strong><\/span><\/a><strong> | <\/strong><a href=\"http:\/\/10.10.1.232\/wordpress\/wp-content\/uploads\/memorial\/Elei%C3%A7%C3%B5es%20Antigas\/Bonfin%C3%B3polis\/Bonfin%C3%B3polis38.pdf\"><span class=\" aw5Odc\"><strong>3\u00ba arquivo [PDF]<\/strong><\/span><\/a><\/p><\/li><li class=\"TYR86d wXCUfe zfr3Q\" dir=\"ltr\"><p class=\"CDt4Ke zfr3Q\" dir=\"ltr\"><a href=\"http:\/\/10.10.1.232\/wordpress\/wp-content\/uploads\/memorial\/Elei%C3%A7%C3%B5es%20Antigas\/Bonfin%C3%B3polis\/Bonfin%C3%B3polis39.pdf\"><span class=\" aw5Odc\"><strong>24\/09\/1998-09\/07\/2002 [PDF]<\/strong><\/span><\/a><\/p><\/li><li class=\"TYR86d wXCUfe zfr3Q\" dir=\"ltr\"><p class=\"CDt4Ke zfr3Q\" dir=\"ltr\"><a href=\"http:\/\/10.10.1.232\/wordpress\/wp-content\/uploads\/memorial\/Elei%C3%A7%C3%B5es%20Antigas\/Bonfin%C3%B3polis\/Bonfin%C3%B3polis40.pdf\"><span class=\" aw5Odc\"><strong>30\/09\/2002-28\/09\/2003 [PDF]<\/strong><\/span><\/a><\/p><\/li><li class=\"TYR86d wXCUfe zfr3Q\" dir=\"ltr\"><p class=\"CDt4Ke zfr3Q\" dir=\"ltr\"><a href=\"http:\/\/10.10.1.232\/wordpress\/wp-content\/uploads\/memorial\/Elei%C3%A7%C3%B5es%20Antigas\/Bonfin%C3%B3polis\/Bonfin%C3%B3polis41.pdf\"><span class=\" aw5Odc\"><strong>30\/09\/2002-05\/04\/2004 [PDF]<\/strong><\/span><\/a><\/p><\/li><li class=\"TYR86d wXCUfe zfr3Q\" dir=\"ltr\"><p class=\"CDt4Ke zfr3Q\" dir=\"ltr\"><a href=\"http:\/\/10.10.1.232\/wordpress\/wp-content\/uploads\/memorial\/Elei%C3%A7%C3%B5es%20Antigas\/Bonfin%C3%B3polis\/Bonfin%C3%B3polis42.pdf\"><span class=\" aw5Odc\"><strong>27\/01-05\/04\/2004 [PDF]<\/strong><\/span><\/a><\/p><\/li><li class=\"TYR86d wXCUfe zfr3Q\" dir=\"ltr\"><p class=\"CDt4Ke zfr3Q\" dir=\"ltr\"><a href=\"http:\/\/10.10.1.232\/wordpress\/wp-content\/uploads\/memorial\/Elei%C3%A7%C3%B5es%20Antigas\/Bonfin%C3%B3polis\/Bonfin%C3%B3polis44%20%281%29.pdf\"><span class=\" aw5Odc\"><strong>13\/08\/2004-01\/12\/2008 [PDF]<\/strong><\/span><\/a><\/p><\/li><li class=\"TYR86d wXCUfe zfr3Q\" dir=\"ltr\"><p class=\"CDt4Ke zfr3Q\" dir=\"ltr\"><a href=\"http:\/\/10.10.1.232\/wordpress\/wp-content\/uploads\/memorial\/Elei%C3%A7%C3%B5es%20Antigas\/Bonfin%C3%B3polis\/Bonfin%C3%B3polis44.pdf\"><span class=\" aw5Odc\"><strong>14\/11\/2006-29\/11\/2007 [PDF]<\/strong><\/span><\/a><\/p><\/li><li class=\"TYR86d wXCUfe zfr3Q\" dir=\"ltr\"><p class=\"CDt4Ke zfr3Q\" dir=\"ltr\"><a href=\"http:\/\/10.10.1.232\/wordpress\/wp-content\/uploads\/memorial\/Elei%C3%A7%C3%B5es%20Antigas\/Bonfin%C3%B3polis\/Bonfin%C3%B3polis46.pdf\"><span class=\" aw5Odc\"><strong>05\/10\/2008-20\/11\/2009 [PDF]<\/strong><\/span><\/a><\/p><\/li><\/ul>\t\t\t\t\t\t\t\t<\/div>\n\t\t\t\t<\/div>\n\t\t\t\t\t<\/div>\n\t\t<\/div>\n\t\t\t\t\t<\/div>\n\t\t<\/section>\n\t\t\t\t<section class=\"elementor-section elementor-top-section elementor-element elementor-element-085c54c elementor-section-boxed elementor-section-height-default elementor-section-height-default\" data-id=\"085c54c\" data-element_type=\"section\">\n\t\t\t\t\t\t<div class=\"elementor-container elementor-column-gap-default\">\n\t\t\t\t\t<div class=\"elementor-column elementor-col-100 elementor-top-column elementor-element elementor-element-fadac14\" data-id=\"fadac14\" data-element_type=\"column\">\n\t\t\t<div class=\"elementor-widget-wrap elementor-element-populated\">\n\t\t\t\t\t\t<div class=\"elementor-element elementor-element-596e09f elementor-widget elementor-widget-spacer\" data-id=\"596e09f\" data-element_type=\"widget\" data-widget_type=\"spacer.default\">\n\t\t\t\t<div class=\"elementor-widget-container\">\n\t\t\t\t\t\t\t<div class=\"elementor-spacer\">\n\t\t\t<div class=\"elementor-spacer-inner\"><\/div>\n\t\t<\/div>\n\t\t\t\t\t\t<\/div>\n\t\t\t\t<\/div>\n\t\t\t\t<div class=\"elementor-element elementor-element-5b54105 elementor-widget elementor-widget-spacer\" data-id=\"5b54105\" data-element_type=\"widget\" data-widget_type=\"spacer.default\">\n\t\t\t\t<div class=\"elementor-widget-container\">\n\t\t\t\t\t\t\t<div class=\"elementor-spacer\">\n\t\t\t<div class=\"elementor-spacer-inner\"><\/div>\n\t\t<\/div>\n\t\t\t\t\t\t<\/div>\n\t\t\t\t<\/div>\n\t\t\t\t\t<\/div>\n\t\t<\/div>\n\t\t\t\t\t<\/div>\n\t\t<\/section>\n\t\t\t\t<section class=\"elementor-section elementor-top-section elementor-element elementor-element-03f5f63 elementor-section-boxed elementor-section-height-default elementor-section-height-default\" data-id=\"03f5f63\" data-element_type=\"section\">\n\t\t\t\t\t\t<div class=\"elementor-container elementor-column-gap-default\">\n\t\t\t\t\t<div class=\"elementor-column elementor-col-100 elementor-top-column elementor-element elementor-element-55d8566\" data-id=\"55d8566\" data-element_type=\"column\">\n\t\t\t<div class=\"elementor-widget-wrap\">\n\t\t\t\t\t\t\t<\/div>\n\t\t<\/div>\n\t\t\t\t\t<\/div>\n\t\t<\/section>\n\t\t\t\t<\/div>\n\t\t","protected":false},"excerpt":{"rendered":"<p>Bonfin\u00f3polis Voltar para Elei\u00e7\u00f5es Antigas arquivo \u00fanico [PDF] 18\/02\/1954-16\/11\/1961 [PDF] 18\/05\/1954 [PDF] 18\/05\/1954-28\/11\/1961 [PDF] 18\/05\/1954-19\/09\/1972 [PDF] 30\/07-07\/12\/1962 [PDF] 14\/12\/1962-16\/11\/1965 [PDF] 07\/09\/1966-25\/10\/1969 [PDF] 14\/12\/1969-08\/10\/1970 [PDF] 14\/12\/1969-16\/11\/1970 [PDF] 15-16\/11\/1970 [PDF] 20\/12\/1970 [PDF] 15-18\/11\/1978 [PDF] 15\/11\/1978-20\/08\/2003 [PDF] 16\/11\/1982: 1\u00ba arquivo [PDF] | 2\u00ba arquivo [PDF] 17\/11\/1982 [PDF] 24\/08\/1988-06\/03\/1989 [PDF] 24\/08\/1988-20\/11\/2009: 1\u00ba arquivo [PDF] | 2\u00ba arquivo [PDF] 18\/11\/1988-20\/08\/2003 [&hellip;]<\/p>\n","protected":false},"author":5,"featured_media":0,"parent":0,"menu_order":0,"comment_status":"closed","ping_status":"closed","template":"","meta":{"site-sidebar-layout":"no-sidebar","site-content-layout":"page-builder","ast-site-content-layout":"default","site-content-style":"default","site-sidebar-style":"default","ast-global-header-display":"","ast-banner-title-visibility":"","ast-main-header-display":"","ast-hfb-above-header-display":"","ast-hfb-below-header-display":"","ast-hfb-mobile-header-display":"","site-post-title":"disabled","ast-breadcrumbs-content":"","ast-featured-img":"disabled","footer-sml-layout":"","theme-transparent-header-meta":"enabled","adv-header-id-meta":"","stick-header-meta":"","header-above-stick-meta":"","header-main-stick-meta":"","header-below-stick-meta":"","astra-migrate-meta-layouts":"default","ast-page-background-enabled":"default","ast-page-background-meta":{"desktop":{"background-color":"var(--ast-global-color-4)","background-image":"","background-repeat":"repeat","background-position":"center center","background-size":"auto","background-attachment":"scroll","background-type":"","background-media":"","overlay-type":"","overlay-color":"","overlay-opacity":"","overlay-gradient":""},"tablet":{"background-color":"","background-image":"","background-repeat":"repeat","background-position":"center center","background-size":"auto","background-attachment":"scroll","background-type":"","background-media":"","overlay-type":"","overlay-color":"","overlay-opacity":"","overlay-gradient":""},"mobile":{"background-color":"","background-image":"","background-repeat":"repeat","background-position":"center center","background-size":"auto","background-attachment":"scroll","background-type":"","background-media":"","overlay-type":"","overlay-color":"","overlay-opacity":"","overlay-gradient":""}},"ast-content-background-meta":{"desktop":{"background-color":"var(--ast-global-color-5)","background-image":"","background-repeat":"repeat","background-position":"center center","background-size":"auto","background-attachment":"scroll","background-type":"","background-media":"","overlay-type":"","overlay-color":"","overlay-opacity":"","overlay-gradient":""},"tablet":{"background-color":"var(--ast-global-color-5)","background-image":"","background-repeat":"repeat","background-position":"center center","background-size":"auto","background-attachment":"scroll","background-type":"","background-media":"","overlay-type":"","overlay-color":"","overlay-opacity":"","overlay-gradient":""},"mobile":{"background-color":"var(--ast-global-color-5)","background-image":"","background-repeat":"repeat","background-position":"center center","background-size":"auto","background-attachment":"scroll","background-type":"","background-media":"","overlay-type":"","overlay-color":"","overlay-opacity":"","overlay-gradient":""}},"footnotes":""},"class_list":["post-13863","page","type-page","status-publish","hentry"],"_links":{"self":[{"href":"http:\/\/10.10.1.232\/wordpress\/index.php?rest_route=\/wp\/v2\/pages\/13863","targetHints":{"allow":["GET"]}}],"collection":[{"href":"http:\/\/10.10.1.232\/wordpress\/index.php?rest_route=\/wp\/v2\/pages"}],"about":[{"href":"http:\/\/10.10.1.232\/wordpress\/index.php?rest_route=\/wp\/v2\/types\/page"}],"author":[{"embeddable":true,"href":"http:\/\/10.10.1.232\/wordpress\/index.php?rest_route=\/wp\/v2\/users\/5"}],"replies":[{"embeddable":true,"href":"http:\/\/10.10.1.232\/wordpress\/index.php?rest_route=%2Fwp%2Fv2%2Fcomments&post=13863"}],"version-history":[{"count":10,"href":"http:\/\/10.10.1.232\/wordpress\/index.php?rest_route=\/wp\/v2\/pages\/13863\/revisions"}],"predecessor-version":[{"id":22562,"href":"http:\/\/10.10.1.232\/wordpress\/index.php?rest_route=\/wp\/v2\/pages\/13863\/revisions\/22562"}],"wp:attachment":[{"href":"http:\/\/10.10.1.232\/wordpress\/index.php?rest_route=%2Fwp%2Fv2%2Fmedia&parent=13863"}],"curies":[{"name":"wp","href":"https:\/\/api.w.org\/{rel}","templated":true}]}}