{"id":11432,"date":"2022-09-06T17:38:48","date_gmt":"2022-09-06T20:38:48","guid":{"rendered":"http:\/\/10.10.1.232\/wordpress\/?page_id=11432"},"modified":"2022-09-22T14:24:36","modified_gmt":"2022-09-22T17:24:36","slug":"capsula-do-tempo-capsula-do-tempo-da-je-e-lacrada-no-encerramento-i-semana-da-memoria","status":"publish","type":"page","link":"http:\/\/10.10.1.232\/wordpress\/?page_id=11432","title":{"rendered":"C\u00e1psula do Tempo &#8211; C\u00e1psula do Tempo da JE \u00e9 lacrada no encerramento I Semana da Mem\u00f3ria"},"content":{"rendered":"\t\t<div data-elementor-type=\"wp-page\" data-elementor-id=\"11432\" class=\"elementor elementor-11432\">\n\t\t\t\t\t\t<section class=\"elementor-section elementor-top-section elementor-element elementor-element-c8ddeb6 elementor-section-height-min-height elementor-section-boxed elementor-section-height-default elementor-section-items-middle\" data-id=\"c8ddeb6\" data-element_type=\"section\" data-e-type=\"section\" data-settings=\"{&quot;background_background&quot;:&quot;classic&quot;}\">\n\t\t\t\t\t\t\t<div class=\"elementor-background-overlay\"><\/div>\n\t\t\t\t\t\t\t<div class=\"elementor-container elementor-column-gap-default\">\n\t\t\t\t\t<div class=\"elementor-column elementor-col-100 elementor-top-column elementor-element elementor-element-6a5337e\" data-id=\"6a5337e\" data-element_type=\"column\" data-e-type=\"column\">\n\t\t\t<div class=\"elementor-widget-wrap elementor-element-populated\">\n\t\t\t\t\t\t\t<\/div>\n\t\t<\/div>\n\t\t\t\t\t<\/div>\n\t\t<\/section>\n\t\t\t\t<section class=\"elementor-section elementor-top-section elementor-element elementor-element-ae3664b elementor-section-boxed elementor-section-height-default elementor-section-height-default\" data-id=\"ae3664b\" data-element_type=\"section\" data-e-type=\"section\">\n\t\t\t\t\t\t<div class=\"elementor-container elementor-column-gap-default\">\n\t\t\t\t\t<div class=\"elementor-column elementor-col-100 elementor-top-column elementor-element elementor-element-18ea5ac\" data-id=\"18ea5ac\" data-element_type=\"column\" data-e-type=\"column\">\n\t\t\t<div class=\"elementor-widget-wrap elementor-element-populated\">\n\t\t\t\t\t\t<div class=\"elementor-element elementor-element-a569c8a elementor-widget elementor-widget-spacer\" data-id=\"a569c8a\" data-element_type=\"widget\" data-e-type=\"widget\" data-widget_type=\"spacer.default\">\n\t\t\t\t<div class=\"elementor-widget-container\">\n\t\t\t\t\t\t\t<div class=\"elementor-spacer\">\n\t\t\t<div class=\"elementor-spacer-inner\"><\/div>\n\t\t<\/div>\n\t\t\t\t\t\t<\/div>\n\t\t\t\t<\/div>\n\t\t\t\t<div class=\"elementor-element elementor-element-e6603da elementor-widget elementor-widget-button\" data-id=\"e6603da\" data-element_type=\"widget\" data-e-type=\"widget\" data-widget_type=\"button.default\">\n\t\t\t\t<div class=\"elementor-widget-container\">\n\t\t\t\t\t\t\t\t\t<div class=\"elementor-button-wrapper\">\n\t\t\t\t\t<a class=\"elementor-button elementor-button-link elementor-size-sm\" href=\"http:\/\/10.10.1.232\/wordpress\/?page_id=7232\">\n\t\t\t\t\t\t<span class=\"elementor-button-content-wrapper\">\n\t\t\t\t\t\t<span class=\"elementor-button-icon\">\n\t\t\t\t<i aria-hidden=\"true\" class=\"fas fa-angle-double-left\"><\/i>\t\t\t<\/span>\n\t\t\t\t\t\t\t\t\t<span class=\"elementor-button-text\">Voltar para I Semana da Mem\u00f3ria<\/span>\n\t\t\t\t\t<\/span>\n\t\t\t\t\t<\/a>\n\t\t\t\t<\/div>\n\t\t\t\t\t\t\t\t<\/div>\n\t\t\t\t<\/div>\n\t\t\t\t\t<\/div>\n\t\t<\/div>\n\t\t\t\t\t<\/div>\n\t\t<\/section>\n\t\t\t\t<section class=\"elementor-section elementor-top-section elementor-element elementor-element-e4a418e elementor-section-boxed elementor-section-height-default elementor-section-height-default\" data-id=\"e4a418e\" data-element_type=\"section\" data-e-type=\"section\">\n\t\t\t\t\t\t<div class=\"elementor-container elementor-column-gap-default\">\n\t\t\t\t\t<div class=\"elementor-column elementor-col-100 elementor-top-column elementor-element elementor-element-2305793\" data-id=\"2305793\" data-element_type=\"column\" data-e-type=\"column\">\n\t\t\t<div class=\"elementor-widget-wrap elementor-element-populated\">\n\t\t\t\t\t\t<div class=\"elementor-element elementor-element-201e167 elementor-widget elementor-widget-spacer\" data-id=\"201e167\" data-element_type=\"widget\" data-e-type=\"widget\" data-widget_type=\"spacer.default\">\n\t\t\t\t<div class=\"elementor-widget-container\">\n\t\t\t\t\t\t\t<div class=\"elementor-spacer\">\n\t\t\t<div class=\"elementor-spacer-inner\"><\/div>\n\t\t<\/div>\n\t\t\t\t\t\t<\/div>\n\t\t\t\t<\/div>\n\t\t\t\t<div class=\"elementor-element elementor-element-fa88553 elementor-widget elementor-widget-heading\" data-id=\"fa88553\" data-element_type=\"widget\" data-e-type=\"widget\" data-widget_type=\"heading.default\">\n\t\t\t\t<div class=\"elementor-widget-container\">\n\t\t\t\t\t<h2 class=\"elementor-heading-title elementor-size-default\">C\u00e1psula do Tempo da JE \u00e9 lacrada no encerramento I Semana da Mem\u00f3ria<\/h2>\t\t\t\t<\/div>\n\t\t\t\t<\/div>\n\t\t\t\t<div class=\"elementor-element elementor-element-f418cdf elementor-widget elementor-widget-spacer\" data-id=\"f418cdf\" data-element_type=\"widget\" data-e-type=\"widget\" data-widget_type=\"spacer.default\">\n\t\t\t\t<div class=\"elementor-widget-container\">\n\t\t\t\t\t\t\t<div class=\"elementor-spacer\">\n\t\t\t<div class=\"elementor-spacer-inner\"><\/div>\n\t\t<\/div>\n\t\t\t\t\t\t<\/div>\n\t\t\t\t<\/div>\n\t\t\t\t<div class=\"elementor-element elementor-element-016849f elementor-widget elementor-widget-image\" data-id=\"016849f\" data-element_type=\"widget\" data-e-type=\"widget\" data-widget_type=\"image.default\">\n\t\t\t\t<div class=\"elementor-widget-container\">\n\t\t\t\t\t\t\t\t\t\t\t\t\t\t\t<img fetchpriority=\"high\" decoding=\"async\" width=\"758\" height=\"409\" src=\"http:\/\/10.10.1.232\/wordpress\/wp-content\/uploads\/2022\/09\/2.jpeg\" class=\"attachment-large size-large wp-image-11434\" alt=\"\" \/>\t\t\t\t\t\t\t\t\t\t\t\t\t\t\t<\/div>\n\t\t\t\t<\/div>\n\t\t\t\t<div class=\"elementor-element elementor-element-456284f elementor-widget elementor-widget-spacer\" data-id=\"456284f\" data-element_type=\"widget\" data-e-type=\"widget\" data-widget_type=\"spacer.default\">\n\t\t\t\t<div class=\"elementor-widget-container\">\n\t\t\t\t\t\t\t<div class=\"elementor-spacer\">\n\t\t\t<div class=\"elementor-spacer-inner\"><\/div>\n\t\t<\/div>\n\t\t\t\t\t\t<\/div>\n\t\t\t\t<\/div>\n\t\t\t\t<div class=\"elementor-element elementor-element-b220d49 elementor-widget elementor-widget-text-editor\" data-id=\"b220d49\" data-element_type=\"widget\" data-e-type=\"widget\" data-widget_type=\"text-editor.default\">\n\t\t\t\t<div class=\"elementor-widget-container\">\n\t\t\t\t\t\t\t\t\t<p>O Tribunal Regional do Trabalho da 18\u00aa Regi\u00e3o (TRT-18) concluiu nesta sexta-feira (20), no Audit\u00f3rio dos Goyazes, as celebra\u00e7\u00f5es da\u00a0<b>I Semana da Mem\u00f3ria do Poder Judici\u00e1rio<\/b>, realizada em parceria entre o Tribunal de Justi\u00e7a de Goi\u00e1s (TJGO), o Tribunal Regional Eleitoral de Goi\u00e1s (TRE-GO) e a Corte do Trabalho.<\/p><p>\u00a0<\/p><p>A abertura do \u00faltimo dia do evento foi composta pelo presidente do TRT-18 desembargador Daniel Viana J\u00fanior, pelo desembargador Itaney Francisco Campos, presidente do TRE-GO e pelo desembargador Luiz Cl\u00e1udio Veiga Braga, representante da presid\u00eancia do TJGO.<\/p><h5>\u00a0<\/h5><h5><b>C\u00e1psula do Tempo<\/b><\/h5><p>Durante o evento, o Dr. M\u00e1rcio Moraes J\u00fanior, juiz membro do Tribunal Regional Eleitoral e presidente da Comiss\u00e3o de Mem\u00f3ria da Justi\u00e7a Eleitoral de Goi\u00e1s, discursou no fechamento da C\u00e1psula do Tempo do TRE-GO. Ele reiterou a relev\u00e2ncia da I Semana da Mem\u00f3ria do Poder Judici\u00e1rio para a constitui\u00e7\u00e3o da hist\u00f3ria das tr\u00eas intui\u00e7\u00f5es envolvidas na elabora\u00e7\u00e3o do evento. O juiz-eleitoral do TRE-GO, que tamb\u00e9m cumula a fun\u00e7\u00e3o de Ouvidor Regional Eleitoral, deu destaque ao car\u00e1ter seguro, transparente, tecnol\u00f3gico e de preocupa\u00e7\u00e3o popular da Justi\u00e7a Eleitoral, mencionando a resposta de Kauan Vitor Rodrigues de Oliveira, de 17 anos, \u00e0 enquete\u00a0<a href=\"https:\/\/www.tre-go.jus.br\/comunicacao\/noticias\/2022\/Maio\/tre-go-lanca-projeto-capsula-do-tempo-da-justica-eleitoral-de-goias\">C\u00e1psula do Tempo<\/a>.<\/p><p>\u00a0<\/p><p>Materializada em uma urna de lona, usada antigamente pela Justi\u00e7a Eleitoral, a c\u00e1psula cont\u00e9m, dentre outros documentos, os resultados da campanha da \u201cJusti\u00e7a Eleitoral do Futuro\u201d, que tem por objetivo reunir sugest\u00f5es de servidores e outros populares com suas expectativas e opini\u00f5es sobre a Justi\u00e7a Eleitoral no per\u00edodo de 2022. A C\u00e1psula do Tempo ser\u00e1 aberta em 2032, durante as comemora\u00e7\u00f5es do centen\u00e1rio da Justi\u00e7a Eleitoral.<\/p><p>\u00a0<\/p><p>No encontro ocorreu a apresenta\u00e7\u00e3o do tour 360 graus do Centro de Mem\u00f3ria e Cultura do Tribunal de Justi\u00e7a de Goi\u00e1s e o lan\u00e7amento do livro virtual \u201cMem\u00f3rias do TRT-18\u201d. A obra, idealizada e organizada pelo Centro de Mem\u00f3ria, traz ao p\u00fablico narrativas textuais e visuais sobre a hist\u00f3ria da Justi\u00e7a do Trabalho em Goi\u00e1s. O t\u00edtulo tem como fio condutor os relatos colhidos pelo Programa Hist\u00f3ria Oral, de personalidades que protagonizaram e\/ou testemunharam a cria\u00e7\u00e3o, expans\u00e3o e consolida\u00e7\u00e3o do TRT de Goi\u00e1s. Al\u00e9m dos depoimentos, o livro tamb\u00e9m apresenta imagens do acervo permanente mantido pelo Centro de Mem\u00f3ria e in\u00fameros recursos de interatividade.<\/p><p>\u00a0<\/p><h5><b>Evento<\/b><\/h5><p>A I Semana da Mem\u00f3ria do Poder Judici\u00e1rio foi aberta na manh\u00e3 de quarta-feira (18) no audit\u00f3rio do TJGO, com a assinatura de termo de coopera\u00e7\u00e3o t\u00e9cnica entre os presidentes do TRE-GO e TJGO e representante do TRT-18. Na ocasi\u00e3o, houve ainda uma palestra sobre a import\u00e2ncia da pol\u00edtica de mem\u00f3ria e a entrega do Selo Hist\u00f3rico do TJGO.<\/p><p>\u00a0<\/p><p>O segundo dia de celebra\u00e7\u00f5es foi conduzido pelo O TRE-GO no dia 19 no Plen\u00e1rio Desembargador Geraldo Salvador de Moura. O encontro teve in\u00edcio com a palestra \u201cPoder Judici\u00e1rio e Pol\u00edtica no per\u00edodo do Imp\u00e9rio do Brasil\u201d, ministrada pela professora associada do Instituto de Estudos Brasileiros da Universidade de S\u00e3o Paulo (USP) Monica Dantas. Na sequ\u00eancia, a historiadora Yordanna Lara, mestre em Antropologia Social, abordou a mem\u00f3ria do judici\u00e1rio goiano de uma perspectiva hist\u00f3rica e psicanal\u00edtica. Ao final, historiadores e arquivistas dos tr\u00eas tribunais dirigiram o painel \u201cConhecendo os espa\u00e7os de mem\u00f3ria do Judici\u00e1rio goiano\u201d.<\/p>\t\t\t\t\t\t\t\t<\/div>\n\t\t\t\t<\/div>\n\t\t\t\t<div class=\"elementor-element elementor-element-f9e0513 elementor-widget elementor-widget-spacer\" data-id=\"f9e0513\" data-element_type=\"widget\" data-e-type=\"widget\" data-widget_type=\"spacer.default\">\n\t\t\t\t<div class=\"elementor-widget-container\">\n\t\t\t\t\t\t\t<div class=\"elementor-spacer\">\n\t\t\t<div class=\"elementor-spacer-inner\"><\/div>\n\t\t<\/div>\n\t\t\t\t\t\t<\/div>\n\t\t\t\t<\/div>\n\t\t\t\t<div class=\"elementor-element elementor-element-c497eb9 elementor-widget elementor-widget-text-editor\" data-id=\"c497eb9\" data-element_type=\"widget\" data-e-type=\"widget\" data-widget_type=\"text-editor.default\">\n\t\t\t\t<div class=\"elementor-widget-container\">\n\t\t\t\t\t\t\t\t\t<p style=\"text-align: right;\">Assessoria de Imprensa e Comunica\u00e7\u00e3o Social<\/p>\t\t\t\t\t\t\t\t<\/div>\n\t\t\t\t<\/div>\n\t\t\t\t\t<\/div>\n\t\t<\/div>\n\t\t\t\t\t<\/div>\n\t\t<\/section>\n\t\t\t\t<section class=\"elementor-section elementor-top-section elementor-element elementor-element-f0e259f elementor-section-boxed elementor-section-height-default elementor-section-height-default\" data-id=\"f0e259f\" data-element_type=\"section\" data-e-type=\"section\">\n\t\t\t\t\t\t<div class=\"elementor-container elementor-column-gap-default\">\n\t\t\t\t\t<div class=\"elementor-column elementor-col-100 elementor-top-column elementor-element elementor-element-ec8d71f\" data-id=\"ec8d71f\" data-element_type=\"column\" data-e-type=\"column\">\n\t\t\t<div class=\"elementor-widget-wrap elementor-element-populated\">\n\t\t\t\t\t\t<div class=\"elementor-element elementor-element-9fe839e elementor-widget elementor-widget-spacer\" data-id=\"9fe839e\" data-element_type=\"widget\" data-e-type=\"widget\" data-widget_type=\"spacer.default\">\n\t\t\t\t<div class=\"elementor-widget-container\">\n\t\t\t\t\t\t\t<div class=\"elementor-spacer\">\n\t\t\t<div class=\"elementor-spacer-inner\"><\/div>\n\t\t<\/div>\n\t\t\t\t\t\t<\/div>\n\t\t\t\t<\/div>\n\t\t\t\t\t<\/div>\n\t\t<\/div>\n\t\t\t\t\t<\/div>\n\t\t<\/section>\n\t\t\t\t<section class=\"elementor-section elementor-top-section elementor-element elementor-element-aeb68bd elementor-section-boxed elementor-section-height-default elementor-section-height-default\" data-id=\"aeb68bd\" data-element_type=\"section\" data-e-type=\"section\">\n\t\t\t\t\t\t<div class=\"elementor-container elementor-column-gap-default\">\n\t\t\t\t\t<div class=\"elementor-column elementor-col-100 elementor-top-column elementor-element elementor-element-2576807\" data-id=\"2576807\" data-element_type=\"column\" data-e-type=\"column\">\n\t\t\t<div class=\"elementor-widget-wrap\">\n\t\t\t\t\t\t\t<\/div>\n\t\t<\/div>\n\t\t\t\t\t<\/div>\n\t\t<\/section>\n\t\t\t\t<\/div>\n\t\t","protected":false},"excerpt":{"rendered":"<p>Voltar para I Semana da Mem\u00f3ria C\u00e1psula do Tempo da JE \u00e9 lacrada no encerramento I Semana da Mem\u00f3ria O Tribunal Regional do Trabalho da 18\u00aa Regi\u00e3o (TRT-18) concluiu nesta sexta-feira (20), no Audit\u00f3rio dos Goyazes, as celebra\u00e7\u00f5es da\u00a0I Semana da Mem\u00f3ria do Poder Judici\u00e1rio, realizada em parceria entre o Tribunal de Justi\u00e7a de Goi\u00e1s [&hellip;]<\/p>\n","protected":false},"author":4,"featured_media":0,"parent":0,"menu_order":0,"comment_status":"closed","ping_status":"closed","template":"","meta":{"site-sidebar-layout":"no-sidebar","site-content-layout":"page-builder","ast-site-content-layout":"default","site-content-style":"default","site-sidebar-style":"default","ast-global-header-display":"","ast-banner-title-visibility":"","ast-main-header-display":"","ast-hfb-above-header-display":"","ast-hfb-below-header-display":"","ast-hfb-mobile-header-display":"","site-post-title":"disabled","ast-breadcrumbs-content":"","ast-featured-img":"disabled","footer-sml-layout":"","ast-disable-related-posts":"","theme-transparent-header-meta":"enabled","adv-header-id-meta":"","stick-header-meta":"","header-above-stick-meta":"","header-main-stick-meta":"","header-below-stick-meta":"","astra-migrate-meta-layouts":"default","ast-page-background-enabled":"default","ast-page-background-meta":{"desktop":{"background-color":"var(--ast-global-color-4)","background-image":"","background-repeat":"repeat","background-position":"center center","background-size":"auto","background-attachment":"scroll","background-type":"","background-media":"","overlay-type":"","overlay-color":"","overlay-opacity":"","overlay-gradient":""},"tablet":{"background-color":"","background-image":"","background-repeat":"repeat","background-position":"center center","background-size":"auto","background-attachment":"scroll","background-type":"","background-media":"","overlay-type":"","overlay-color":"","overlay-opacity":"","overlay-gradient":""},"mobile":{"background-color":"","background-image":"","background-repeat":"repeat","background-position":"center center","background-size":"auto","background-attachment":"scroll","background-type":"","background-media":"","overlay-type":"","overlay-color":"","overlay-opacity":"","overlay-gradient":""}},"ast-content-background-meta":{"desktop":{"background-color":"var(--ast-global-color-5)","background-image":"","background-repeat":"repeat","background-position":"center center","background-size":"auto","background-attachment":"scroll","background-type":"","background-media":"","overlay-type":"","overlay-color":"","overlay-opacity":"","overlay-gradient":""},"tablet":{"background-color":"var(--ast-global-color-5)","background-image":"","background-repeat":"repeat","background-position":"center center","background-size":"auto","background-attachment":"scroll","background-type":"","background-media":"","overlay-type":"","overlay-color":"","overlay-opacity":"","overlay-gradient":""},"mobile":{"background-color":"var(--ast-global-color-5)","background-image":"","background-repeat":"repeat","background-position":"center center","background-size":"auto","background-attachment":"scroll","background-type":"","background-media":"","overlay-type":"","overlay-color":"","overlay-opacity":"","overlay-gradient":""}},"footnotes":""},"class_list":["post-11432","page","type-page","status-publish","hentry"],"_links":{"self":[{"href":"http:\/\/10.10.1.232\/wordpress\/index.php?rest_route=\/wp\/v2\/pages\/11432","targetHints":{"allow":["GET"]}}],"collection":[{"href":"http:\/\/10.10.1.232\/wordpress\/index.php?rest_route=\/wp\/v2\/pages"}],"about":[{"href":"http:\/\/10.10.1.232\/wordpress\/index.php?rest_route=\/wp\/v2\/types\/page"}],"author":[{"embeddable":true,"href":"http:\/\/10.10.1.232\/wordpress\/index.php?rest_route=\/wp\/v2\/users\/4"}],"replies":[{"embeddable":true,"href":"http:\/\/10.10.1.232\/wordpress\/index.php?rest_route=%2Fwp%2Fv2%2Fcomments&post=11432"}],"version-history":[{"count":13,"href":"http:\/\/10.10.1.232\/wordpress\/index.php?rest_route=\/wp\/v2\/pages\/11432\/revisions"}],"predecessor-version":[{"id":15640,"href":"http:\/\/10.10.1.232\/wordpress\/index.php?rest_route=\/wp\/v2\/pages\/11432\/revisions\/15640"}],"wp:attachment":[{"href":"http:\/\/10.10.1.232\/wordpress\/index.php?rest_route=%2Fwp%2Fv2%2Fmedia&parent=11432"}],"curies":[{"name":"wp","href":"https:\/\/api.w.org\/{rel}","templated":true}]}}