{"id":11418,"date":"2022-09-06T17:29:14","date_gmt":"2022-09-06T20:29:14","guid":{"rendered":"http:\/\/10.10.1.232\/wordpress\/?page_id=11418"},"modified":"2022-09-22T14:22:11","modified_gmt":"2022-09-22T17:22:11","slug":"capsula-do-tempo-tre-go-lanca-projeto-capsula-do-tempo-da-justica-eleitoral-de-goias","status":"publish","type":"page","link":"http:\/\/10.10.1.232\/wordpress\/?page_id=11418","title":{"rendered":"C\u00e1psula do Tempo &#8211; TRE-GO lan\u00e7a projeto C\u00e1psula do Tempo da Justi\u00e7a Eleitoral de Goi\u00e1s"},"content":{"rendered":"\t\t<div data-elementor-type=\"wp-page\" data-elementor-id=\"11418\" class=\"elementor elementor-11418\">\n\t\t\t\t\t\t<section class=\"elementor-section elementor-top-section elementor-element elementor-element-c8ddeb6 elementor-section-height-min-height elementor-section-boxed elementor-section-height-default elementor-section-items-middle\" data-id=\"c8ddeb6\" data-element_type=\"section\" data-e-type=\"section\" data-settings=\"{&quot;background_background&quot;:&quot;classic&quot;}\">\n\t\t\t\t\t\t\t<div class=\"elementor-background-overlay\"><\/div>\n\t\t\t\t\t\t\t<div class=\"elementor-container elementor-column-gap-default\">\n\t\t\t\t\t<div class=\"elementor-column elementor-col-100 elementor-top-column elementor-element elementor-element-6a5337e\" data-id=\"6a5337e\" data-element_type=\"column\" data-e-type=\"column\">\n\t\t\t<div class=\"elementor-widget-wrap elementor-element-populated\">\n\t\t\t\t\t\t\t<\/div>\n\t\t<\/div>\n\t\t\t\t\t<\/div>\n\t\t<\/section>\n\t\t\t\t<section class=\"elementor-section elementor-top-section elementor-element elementor-element-ae3664b elementor-section-boxed elementor-section-height-default elementor-section-height-default\" data-id=\"ae3664b\" data-element_type=\"section\" data-e-type=\"section\">\n\t\t\t\t\t\t<div class=\"elementor-container elementor-column-gap-default\">\n\t\t\t\t\t<div class=\"elementor-column elementor-col-100 elementor-top-column elementor-element elementor-element-18ea5ac\" data-id=\"18ea5ac\" data-element_type=\"column\" data-e-type=\"column\">\n\t\t\t<div class=\"elementor-widget-wrap elementor-element-populated\">\n\t\t\t\t\t\t<div class=\"elementor-element elementor-element-a569c8a elementor-widget elementor-widget-spacer\" data-id=\"a569c8a\" data-element_type=\"widget\" data-e-type=\"widget\" data-widget_type=\"spacer.default\">\n\t\t\t\t<div class=\"elementor-widget-container\">\n\t\t\t\t\t\t\t<div class=\"elementor-spacer\">\n\t\t\t<div class=\"elementor-spacer-inner\"><\/div>\n\t\t<\/div>\n\t\t\t\t\t\t<\/div>\n\t\t\t\t<\/div>\n\t\t\t\t<div class=\"elementor-element elementor-element-e6603da elementor-widget elementor-widget-button\" data-id=\"e6603da\" data-element_type=\"widget\" data-e-type=\"widget\" data-widget_type=\"button.default\">\n\t\t\t\t<div class=\"elementor-widget-container\">\n\t\t\t\t\t\t\t\t\t<div class=\"elementor-button-wrapper\">\n\t\t\t\t\t<a class=\"elementor-button elementor-button-link elementor-size-sm\" href=\"http:\/\/10.10.1.232\/wordpress\/?page_id=7232\">\n\t\t\t\t\t\t<span class=\"elementor-button-content-wrapper\">\n\t\t\t\t\t\t<span class=\"elementor-button-icon\">\n\t\t\t\t<i aria-hidden=\"true\" class=\"fas fa-angle-double-left\"><\/i>\t\t\t<\/span>\n\t\t\t\t\t\t\t\t\t<span class=\"elementor-button-text\">Voltar para I Semana da Mem\u00f3ria<\/span>\n\t\t\t\t\t<\/span>\n\t\t\t\t\t<\/a>\n\t\t\t\t<\/div>\n\t\t\t\t\t\t\t\t<\/div>\n\t\t\t\t<\/div>\n\t\t\t\t\t<\/div>\n\t\t<\/div>\n\t\t\t\t\t<\/div>\n\t\t<\/section>\n\t\t\t\t<section class=\"elementor-section elementor-top-section elementor-element elementor-element-e4a418e elementor-section-boxed elementor-section-height-default elementor-section-height-default\" data-id=\"e4a418e\" data-element_type=\"section\" data-e-type=\"section\">\n\t\t\t\t\t\t<div class=\"elementor-container elementor-column-gap-default\">\n\t\t\t\t\t<div class=\"elementor-column elementor-col-100 elementor-top-column elementor-element elementor-element-2305793\" data-id=\"2305793\" data-element_type=\"column\" data-e-type=\"column\">\n\t\t\t<div class=\"elementor-widget-wrap elementor-element-populated\">\n\t\t\t\t\t\t<div class=\"elementor-element elementor-element-201e167 elementor-widget elementor-widget-spacer\" data-id=\"201e167\" data-element_type=\"widget\" data-e-type=\"widget\" data-widget_type=\"spacer.default\">\n\t\t\t\t<div class=\"elementor-widget-container\">\n\t\t\t\t\t\t\t<div class=\"elementor-spacer\">\n\t\t\t<div class=\"elementor-spacer-inner\"><\/div>\n\t\t<\/div>\n\t\t\t\t\t\t<\/div>\n\t\t\t\t<\/div>\n\t\t\t\t<div class=\"elementor-element elementor-element-fa88553 elementor-widget elementor-widget-heading\" data-id=\"fa88553\" data-element_type=\"widget\" data-e-type=\"widget\" data-widget_type=\"heading.default\">\n\t\t\t\t<div class=\"elementor-widget-container\">\n\t\t\t\t\t<h2 class=\"elementor-heading-title elementor-size-default\">TRE-GO lan\u00e7a projeto C\u00e1psula do Tempo da Justi\u00e7a Eleitoral de Goi\u00e1s<\/h2>\t\t\t\t<\/div>\n\t\t\t\t<\/div>\n\t\t\t\t<div class=\"elementor-element elementor-element-f418cdf elementor-widget elementor-widget-spacer\" data-id=\"f418cdf\" data-element_type=\"widget\" data-e-type=\"widget\" data-widget_type=\"spacer.default\">\n\t\t\t\t<div class=\"elementor-widget-container\">\n\t\t\t\t\t\t\t<div class=\"elementor-spacer\">\n\t\t\t<div class=\"elementor-spacer-inner\"><\/div>\n\t\t<\/div>\n\t\t\t\t\t\t<\/div>\n\t\t\t\t<\/div>\n\t\t\t\t<div class=\"elementor-element elementor-element-016849f elementor-widget elementor-widget-image\" data-id=\"016849f\" data-element_type=\"widget\" data-e-type=\"widget\" data-widget_type=\"image.default\">\n\t\t\t\t<div class=\"elementor-widget-container\">\n\t\t\t\t\t\t\t\t\t\t\t\t\t\t\t<img fetchpriority=\"high\" decoding=\"async\" width=\"758\" height=\"409\" src=\"http:\/\/10.10.1.232\/wordpress\/wp-content\/uploads\/2022\/07\/9793f338-86a1-47e1-964f-b335e3869b6f.jpeg\" class=\"attachment-large size-large wp-image-7276\" alt=\"\" \/>\t\t\t\t\t\t\t\t\t\t\t\t\t\t\t<\/div>\n\t\t\t\t<\/div>\n\t\t\t\t<div class=\"elementor-element elementor-element-456284f elementor-widget elementor-widget-spacer\" data-id=\"456284f\" data-element_type=\"widget\" data-e-type=\"widget\" data-widget_type=\"spacer.default\">\n\t\t\t\t<div class=\"elementor-widget-container\">\n\t\t\t\t\t\t\t<div class=\"elementor-spacer\">\n\t\t\t<div class=\"elementor-spacer-inner\"><\/div>\n\t\t<\/div>\n\t\t\t\t\t\t<\/div>\n\t\t\t\t<\/div>\n\t\t\t\t<div class=\"elementor-element elementor-element-b220d49 elementor-widget elementor-widget-text-editor\" data-id=\"b220d49\" data-element_type=\"widget\" data-e-type=\"widget\" data-widget_type=\"text-editor.default\">\n\t\t\t\t<div class=\"elementor-widget-container\">\n\t\t\t\t\t\t\t\t\t<p>Em comemora\u00e7\u00e3o aos 90 anos da Justi\u00e7a Eleitoral, a Comiss\u00e3o de Gest\u00e3o da Mem\u00f3ria do Tribunal Regional Eleitoral de Goi\u00e1s idealizou o projeto \u201cC\u00e1psula do Tempo da Justi\u00e7a Eleitoral de Goi\u00e1s\u201d. Materializada em uma urna de lona, usada antigamente pela Justi\u00e7a Eleitoral, a c\u00e1psula conter\u00e1, dentre outros documentos, os resultados da campanha da \u201cJusti\u00e7a Eleitoral do Futuro\u201d, que tem por objetivo reunir sugest\u00f5es de servidores e outros populares com suas expectativas e opini\u00f5es sobre a Justi\u00e7a Eleitoral no per\u00edodo de 2022. Essas informa\u00e7\u00f5es ser\u00e3o recebidas por\u00a0<a href=\"https:\/\/docs.google.com\/forms\/d\/e\/1FAIpQLSfWDHIn-hocinS236FhJQmMf3cT3q90WiE13fX4SwTHjHNzVw\/viewform\">formul\u00e1rio eletr\u00f4nico<\/a>\u00a0ou fichas preenchidas manualmente, entregues presencialmente.<\/p><p>\u00a0<\/p><p>A urna de lona utilizada como C\u00e1psula do Tempo, cujo modelo foi utilizado pela Justi\u00e7a Eleitoral a partir de 1960, ser\u00e1 lacrada com cadeado e ficar\u00e1 exposta no Centro de Mem\u00f3ria do Tribunal Regional Eleitoral de Goi\u00e1s. No expositor, ser\u00e1 tamb\u00e9m exibida a chave para a abertura da c\u00e1psula do tempo, que ter\u00e1 uma c\u00f3pia em posse da Se\u00e7\u00e3o de Biblioteca, Arquivo e Mem\u00f3ria (SEBAM).<\/p><p>\u00a0<\/p><p>A C\u00e1psula do Tempo ser\u00e1 lacrada no dia 20 de maio de 2022, por ocasi\u00e3o do encerramento da I Semana da Mem\u00f3ria do Poder Judici\u00e1rio Goiano, evento idealizado e realizado em parceria com o Tribunal de Justi\u00e7a do Estado de Goi\u00e1s (TJ-GO) e o Tribunal Regional do Trabalho da 18\u00aa Regi\u00e3o (TRT-18). A previs\u00e3o \u00e9 que ela seja aberta na comemora\u00e7\u00e3o do Centen\u00e1rio da Justi\u00e7a Eleitoral, em 2032.<\/p><p>\u00a0<\/p><p>A I Semana da Mem\u00f3ria do Poder Judici\u00e1rio Goiano ser\u00e1 realizada de 18 a 20 de maio de 2022 e contar\u00e1 com a participa\u00e7\u00e3o de ilustres palestrantes que tratar\u00e3o de temas variados. O juiz de direito do Tribunal de Justi\u00e7a do Estado de S\u00e3o Paulo, Carlos Alexandre B\u00f6ttcher, falar\u00e1 sobre a import\u00e2ncia da pol\u00edtica de mem\u00f3ria no Poder Judici\u00e1rio. M\u00f4nica Duarte Dantas, docente da \u00e1rea de hist\u00f3ria da Universidade de S\u00e3o Paulo (USP), discorrer\u00e1 sobre o Poder Judici\u00e1rio e pol\u00edtica no per\u00edodo do Imp\u00e9rio no Brasil. Yordanna Lara Pereira R\u00eago, mestre e doutora em hist\u00f3ria pela Universidade Federal de Goi\u00e1s, mencionar\u00e1 os caminhos institucionais no presente e perspectivas de preserva\u00e7\u00e3o de documentos. O evento contar\u00e1, ainda, com um painel entre os historiadores e arquivistas dos tr\u00eas tribunais denominado \u201cConhecendo os espa\u00e7os de Mem\u00f3ria do Judici\u00e1rio Goiano\u201d.<\/p>\t\t\t\t\t\t\t\t<\/div>\n\t\t\t\t<\/div>\n\t\t\t\t<div class=\"elementor-element elementor-element-f9e0513 elementor-widget elementor-widget-spacer\" data-id=\"f9e0513\" data-element_type=\"widget\" data-e-type=\"widget\" data-widget_type=\"spacer.default\">\n\t\t\t\t<div class=\"elementor-widget-container\">\n\t\t\t\t\t\t\t<div class=\"elementor-spacer\">\n\t\t\t<div class=\"elementor-spacer-inner\"><\/div>\n\t\t<\/div>\n\t\t\t\t\t\t<\/div>\n\t\t\t\t<\/div>\n\t\t\t\t<div class=\"elementor-element elementor-element-c497eb9 elementor-widget elementor-widget-text-editor\" data-id=\"c497eb9\" data-element_type=\"widget\" data-e-type=\"widget\" data-widget_type=\"text-editor.default\">\n\t\t\t\t<div class=\"elementor-widget-container\">\n\t\t\t\t\t\t\t\t\t<p style=\"text-align: right;\">Assessoria de Imprensa e Comunica\u00e7\u00e3o Social<\/p>\t\t\t\t\t\t\t\t<\/div>\n\t\t\t\t<\/div>\n\t\t\t\t\t<\/div>\n\t\t<\/div>\n\t\t\t\t\t<\/div>\n\t\t<\/section>\n\t\t\t\t<section class=\"elementor-section elementor-top-section elementor-element elementor-element-f0e259f elementor-section-boxed elementor-section-height-default elementor-section-height-default\" data-id=\"f0e259f\" data-element_type=\"section\" data-e-type=\"section\">\n\t\t\t\t\t\t<div class=\"elementor-container elementor-column-gap-default\">\n\t\t\t\t\t<div class=\"elementor-column elementor-col-100 elementor-top-column elementor-element elementor-element-ec8d71f\" data-id=\"ec8d71f\" data-element_type=\"column\" data-e-type=\"column\">\n\t\t\t<div class=\"elementor-widget-wrap elementor-element-populated\">\n\t\t\t\t\t\t<div class=\"elementor-element elementor-element-9fe839e elementor-widget elementor-widget-spacer\" data-id=\"9fe839e\" data-element_type=\"widget\" data-e-type=\"widget\" data-widget_type=\"spacer.default\">\n\t\t\t\t<div class=\"elementor-widget-container\">\n\t\t\t\t\t\t\t<div class=\"elementor-spacer\">\n\t\t\t<div class=\"elementor-spacer-inner\"><\/div>\n\t\t<\/div>\n\t\t\t\t\t\t<\/div>\n\t\t\t\t<\/div>\n\t\t\t\t\t<\/div>\n\t\t<\/div>\n\t\t\t\t\t<\/div>\n\t\t<\/section>\n\t\t\t\t<section class=\"elementor-section elementor-top-section elementor-element elementor-element-aeb68bd elementor-section-boxed elementor-section-height-default elementor-section-height-default\" data-id=\"aeb68bd\" data-element_type=\"section\" data-e-type=\"section\">\n\t\t\t\t\t\t<div class=\"elementor-container elementor-column-gap-default\">\n\t\t\t\t\t<div class=\"elementor-column elementor-col-100 elementor-top-column elementor-element elementor-element-2576807\" data-id=\"2576807\" data-element_type=\"column\" data-e-type=\"column\">\n\t\t\t<div class=\"elementor-widget-wrap\">\n\t\t\t\t\t\t\t<\/div>\n\t\t<\/div>\n\t\t\t\t\t<\/div>\n\t\t<\/section>\n\t\t\t\t<\/div>\n\t\t","protected":false},"excerpt":{"rendered":"<p>Voltar para I Semana da Mem\u00f3ria TRE-GO lan\u00e7a projeto C\u00e1psula do Tempo da Justi\u00e7a Eleitoral de Goi\u00e1s Em comemora\u00e7\u00e3o aos 90 anos da Justi\u00e7a Eleitoral, a Comiss\u00e3o de Gest\u00e3o da Mem\u00f3ria do Tribunal Regional Eleitoral de Goi\u00e1s idealizou o projeto \u201cC\u00e1psula do Tempo da Justi\u00e7a Eleitoral de Goi\u00e1s\u201d. Materializada em uma urna de lona, usada [&hellip;]<\/p>\n","protected":false},"author":4,"featured_media":0,"parent":0,"menu_order":0,"comment_status":"closed","ping_status":"closed","template":"","meta":{"site-sidebar-layout":"no-sidebar","site-content-layout":"page-builder","ast-site-content-layout":"default","site-content-style":"default","site-sidebar-style":"default","ast-global-header-display":"","ast-banner-title-visibility":"","ast-main-header-display":"","ast-hfb-above-header-display":"","ast-hfb-below-header-display":"","ast-hfb-mobile-header-display":"","site-post-title":"disabled","ast-breadcrumbs-content":"","ast-featured-img":"disabled","footer-sml-layout":"","ast-disable-related-posts":"","theme-transparent-header-meta":"enabled","adv-header-id-meta":"","stick-header-meta":"","header-above-stick-meta":"","header-main-stick-meta":"","header-below-stick-meta":"","astra-migrate-meta-layouts":"default","ast-page-background-enabled":"default","ast-page-background-meta":{"desktop":{"background-color":"var(--ast-global-color-4)","background-image":"","background-repeat":"repeat","background-position":"center center","background-size":"auto","background-attachment":"scroll","background-type":"","background-media":"","overlay-type":"","overlay-color":"","overlay-opacity":"","overlay-gradient":""},"tablet":{"background-color":"","background-image":"","background-repeat":"repeat","background-position":"center center","background-size":"auto","background-attachment":"scroll","background-type":"","background-media":"","overlay-type":"","overlay-color":"","overlay-opacity":"","overlay-gradient":""},"mobile":{"background-color":"","background-image":"","background-repeat":"repeat","background-position":"center center","background-size":"auto","background-attachment":"scroll","background-type":"","background-media":"","overlay-type":"","overlay-color":"","overlay-opacity":"","overlay-gradient":""}},"ast-content-background-meta":{"desktop":{"background-color":"var(--ast-global-color-5)","background-image":"","background-repeat":"repeat","background-position":"center center","background-size":"auto","background-attachment":"scroll","background-type":"","background-media":"","overlay-type":"","overlay-color":"","overlay-opacity":"","overlay-gradient":""},"tablet":{"background-color":"var(--ast-global-color-5)","background-image":"","background-repeat":"repeat","background-position":"center center","background-size":"auto","background-attachment":"scroll","background-type":"","background-media":"","overlay-type":"","overlay-color":"","overlay-opacity":"","overlay-gradient":""},"mobile":{"background-color":"var(--ast-global-color-5)","background-image":"","background-repeat":"repeat","background-position":"center center","background-size":"auto","background-attachment":"scroll","background-type":"","background-media":"","overlay-type":"","overlay-color":"","overlay-opacity":"","overlay-gradient":""}},"footnotes":""},"class_list":["post-11418","page","type-page","status-publish","hentry"],"_links":{"self":[{"href":"http:\/\/10.10.1.232\/wordpress\/index.php?rest_route=\/wp\/v2\/pages\/11418","targetHints":{"allow":["GET"]}}],"collection":[{"href":"http:\/\/10.10.1.232\/wordpress\/index.php?rest_route=\/wp\/v2\/pages"}],"about":[{"href":"http:\/\/10.10.1.232\/wordpress\/index.php?rest_route=\/wp\/v2\/types\/page"}],"author":[{"embeddable":true,"href":"http:\/\/10.10.1.232\/wordpress\/index.php?rest_route=\/wp\/v2\/users\/4"}],"replies":[{"embeddable":true,"href":"http:\/\/10.10.1.232\/wordpress\/index.php?rest_route=%2Fwp%2Fv2%2Fcomments&post=11418"}],"version-history":[{"count":13,"href":"http:\/\/10.10.1.232\/wordpress\/index.php?rest_route=\/wp\/v2\/pages\/11418\/revisions"}],"predecessor-version":[{"id":15631,"href":"http:\/\/10.10.1.232\/wordpress\/index.php?rest_route=\/wp\/v2\/pages\/11418\/revisions\/15631"}],"wp:attachment":[{"href":"http:\/\/10.10.1.232\/wordpress\/index.php?rest_route=%2Fwp%2Fv2%2Fmedia&parent=11418"}],"curies":[{"name":"wp","href":"https:\/\/api.w.org\/{rel}","templated":true}]}}