{"id":11388,"date":"2022-09-06T16:51:10","date_gmt":"2022-09-06T19:51:10","guid":{"rendered":"http:\/\/10.10.1.232\/wordpress\/?page_id=11388"},"modified":"2022-09-22T14:16:36","modified_gmt":"2022-09-22T17:16:36","slug":"i-semana-da-memoria-aberta-a-i-semana-da-memoria-do-poder-judiciario-goiano","status":"publish","type":"page","link":"http:\/\/10.10.1.232\/wordpress\/?page_id=11388","title":{"rendered":"I Semana da Mem\u00f3ria &#8211; Aberta a I Semana da Mem\u00f3ria do Poder Judici\u00e1rio Goiano"},"content":{"rendered":"\t\t<div data-elementor-type=\"wp-page\" data-elementor-id=\"11388\" class=\"elementor elementor-11388\">\n\t\t\t\t\t\t<section class=\"elementor-section elementor-top-section elementor-element elementor-element-c8ddeb6 elementor-section-height-min-height elementor-section-boxed elementor-section-height-default elementor-section-items-middle\" data-id=\"c8ddeb6\" data-element_type=\"section\" data-e-type=\"section\" data-settings=\"{&quot;background_background&quot;:&quot;classic&quot;}\">\n\t\t\t\t\t\t\t<div class=\"elementor-background-overlay\"><\/div>\n\t\t\t\t\t\t\t<div class=\"elementor-container elementor-column-gap-default\">\n\t\t\t\t\t<div class=\"elementor-column elementor-col-100 elementor-top-column elementor-element elementor-element-6a5337e\" data-id=\"6a5337e\" data-element_type=\"column\" data-e-type=\"column\">\n\t\t\t<div class=\"elementor-widget-wrap elementor-element-populated\">\n\t\t\t\t\t\t\t<\/div>\n\t\t<\/div>\n\t\t\t\t\t<\/div>\n\t\t<\/section>\n\t\t\t\t<section class=\"elementor-section elementor-top-section elementor-element elementor-element-ae3664b elementor-section-boxed elementor-section-height-default elementor-section-height-default\" data-id=\"ae3664b\" data-element_type=\"section\" data-e-type=\"section\">\n\t\t\t\t\t\t<div class=\"elementor-container elementor-column-gap-default\">\n\t\t\t\t\t<div class=\"elementor-column elementor-col-100 elementor-top-column elementor-element elementor-element-18ea5ac\" data-id=\"18ea5ac\" data-element_type=\"column\" data-e-type=\"column\">\n\t\t\t<div class=\"elementor-widget-wrap elementor-element-populated\">\n\t\t\t\t\t\t<div class=\"elementor-element elementor-element-a569c8a elementor-widget elementor-widget-spacer\" data-id=\"a569c8a\" data-element_type=\"widget\" data-e-type=\"widget\" data-widget_type=\"spacer.default\">\n\t\t\t\t<div class=\"elementor-widget-container\">\n\t\t\t\t\t\t\t<div class=\"elementor-spacer\">\n\t\t\t<div class=\"elementor-spacer-inner\"><\/div>\n\t\t<\/div>\n\t\t\t\t\t\t<\/div>\n\t\t\t\t<\/div>\n\t\t\t\t<div class=\"elementor-element elementor-element-882cec9 elementor-widget elementor-widget-button\" data-id=\"882cec9\" data-element_type=\"widget\" data-e-type=\"widget\" data-widget_type=\"button.default\">\n\t\t\t\t<div class=\"elementor-widget-container\">\n\t\t\t\t\t\t\t\t\t<div class=\"elementor-button-wrapper\">\n\t\t\t\t\t<a class=\"elementor-button elementor-button-link elementor-size-sm\" href=\"http:\/\/10.10.1.232\/wordpress\/?page_id=7232\">\n\t\t\t\t\t\t<span class=\"elementor-button-content-wrapper\">\n\t\t\t\t\t\t<span class=\"elementor-button-icon\">\n\t\t\t\t<i aria-hidden=\"true\" class=\"fas fa-angle-double-left\"><\/i>\t\t\t<\/span>\n\t\t\t\t\t\t\t\t\t<span class=\"elementor-button-text\">Voltar para I Semana da Mem\u00f3ria<\/span>\n\t\t\t\t\t<\/span>\n\t\t\t\t\t<\/a>\n\t\t\t\t<\/div>\n\t\t\t\t\t\t\t\t<\/div>\n\t\t\t\t<\/div>\n\t\t\t\t\t<\/div>\n\t\t<\/div>\n\t\t\t\t\t<\/div>\n\t\t<\/section>\n\t\t\t\t<section class=\"elementor-section elementor-top-section elementor-element elementor-element-e4a418e elementor-section-boxed elementor-section-height-default elementor-section-height-default\" data-id=\"e4a418e\" data-element_type=\"section\" data-e-type=\"section\">\n\t\t\t\t\t\t<div class=\"elementor-container elementor-column-gap-default\">\n\t\t\t\t\t<div class=\"elementor-column elementor-col-100 elementor-top-column elementor-element elementor-element-2305793\" data-id=\"2305793\" data-element_type=\"column\" data-e-type=\"column\">\n\t\t\t<div class=\"elementor-widget-wrap elementor-element-populated\">\n\t\t\t\t\t\t<div class=\"elementor-element elementor-element-13a036d elementor-widget elementor-widget-spacer\" data-id=\"13a036d\" data-element_type=\"widget\" data-e-type=\"widget\" data-widget_type=\"spacer.default\">\n\t\t\t\t<div class=\"elementor-widget-container\">\n\t\t\t\t\t\t\t<div class=\"elementor-spacer\">\n\t\t\t<div class=\"elementor-spacer-inner\"><\/div>\n\t\t<\/div>\n\t\t\t\t\t\t<\/div>\n\t\t\t\t<\/div>\n\t\t\t\t<div class=\"elementor-element elementor-element-c18c63f elementor-widget elementor-widget-heading\" data-id=\"c18c63f\" data-element_type=\"widget\" data-e-type=\"widget\" data-widget_type=\"heading.default\">\n\t\t\t\t<div class=\"elementor-widget-container\">\n\t\t\t\t\t<h2 class=\"elementor-heading-title elementor-size-default\">Aberta a I Semana da Mem\u00f3ria do Poder Judici\u00e1rio Goiano<\/h2>\t\t\t\t<\/div>\n\t\t\t\t<\/div>\n\t\t\t\t<div class=\"elementor-element elementor-element-7079f20 elementor-widget elementor-widget-spacer\" data-id=\"7079f20\" data-element_type=\"widget\" data-e-type=\"widget\" data-widget_type=\"spacer.default\">\n\t\t\t\t<div class=\"elementor-widget-container\">\n\t\t\t\t\t\t\t<div class=\"elementor-spacer\">\n\t\t\t<div class=\"elementor-spacer-inner\"><\/div>\n\t\t<\/div>\n\t\t\t\t\t\t<\/div>\n\t\t\t\t<\/div>\n\t\t\t\t<div class=\"elementor-element elementor-element-9d55844 elementor-arrows-position-inside elementor-pagination-position-outside elementor-widget elementor-widget-image-carousel\" data-id=\"9d55844\" data-element_type=\"widget\" data-e-type=\"widget\" data-settings=\"{&quot;slides_to_show&quot;:&quot;1&quot;,&quot;navigation&quot;:&quot;both&quot;,&quot;autoplay&quot;:&quot;yes&quot;,&quot;pause_on_hover&quot;:&quot;yes&quot;,&quot;pause_on_interaction&quot;:&quot;yes&quot;,&quot;autoplay_speed&quot;:5000,&quot;infinite&quot;:&quot;yes&quot;,&quot;effect&quot;:&quot;slide&quot;,&quot;speed&quot;:500}\" data-widget_type=\"image-carousel.default\">\n\t\t\t\t<div class=\"elementor-widget-container\">\n\t\t\t\t\t\t\t<div class=\"elementor-image-carousel-wrapper swiper\" role=\"region\" aria-roledescription=\"carousel\" aria-label=\"Carrossel de imagens\" dir=\"ltr\">\n\t\t\t<div class=\"elementor-image-carousel swiper-wrapper\" aria-live=\"off\">\n\t\t\t\t\t\t\t\t<div class=\"swiper-slide\" role=\"group\" aria-roledescription=\"slide\" aria-label=\"1 de 4\"><figure class=\"swiper-slide-inner\"><img decoding=\"async\" class=\"swiper-slide-image\" src=\"http:\/\/10.10.1.232\/wordpress\/wp-content\/uploads\/2022\/07\/6cf15e3e-d030-4b1b-842f-f7f21d6fbe00.jpeg\" alt=\"6cf15e3e-d030-4b1b-842f-f7f21d6fbe00\" \/><\/figure><\/div><div class=\"swiper-slide\" role=\"group\" aria-roledescription=\"slide\" aria-label=\"2 de 4\"><figure class=\"swiper-slide-inner\"><img decoding=\"async\" class=\"swiper-slide-image\" src=\"http:\/\/10.10.1.232\/wordpress\/wp-content\/uploads\/2022\/07\/53f457ca-1197-4874-94ae-ed2f676c0e7b.jpeg\" alt=\"53f457ca-1197-4874-94ae-ed2f676c0e7b\" \/><\/figure><\/div><div class=\"swiper-slide\" role=\"group\" aria-roledescription=\"slide\" aria-label=\"3 de 4\"><figure class=\"swiper-slide-inner\"><img decoding=\"async\" class=\"swiper-slide-image\" src=\"http:\/\/10.10.1.232\/wordpress\/wp-content\/uploads\/2022\/07\/98c45cfb-c573-4328-8cce-1b08e125e3e4.jpeg\" alt=\"98c45cfb-c573-4328-8cce-1b08e125e3e4\" \/><\/figure><\/div><div class=\"swiper-slide\" role=\"group\" aria-roledescription=\"slide\" aria-label=\"4 de 4\"><figure class=\"swiper-slide-inner\"><img decoding=\"async\" class=\"swiper-slide-image\" src=\"http:\/\/10.10.1.232\/wordpress\/wp-content\/uploads\/2022\/07\/76001ed9-6b78-4e1c-a1d5-9133d4f58af7.jpeg\" alt=\"76001ed9-6b78-4e1c-a1d5-9133d4f58af7\" \/><\/figure><\/div>\t\t\t<\/div>\n\t\t\t\t\t\t\t\t\t\t\t\t<div class=\"elementor-swiper-button elementor-swiper-button-prev\" role=\"button\" tabindex=\"0\">\n\t\t\t\t\t\t<i aria-hidden=\"true\" class=\"eicon-chevron-left\"><\/i>\t\t\t\t\t<\/div>\n\t\t\t\t\t<div class=\"elementor-swiper-button elementor-swiper-button-next\" role=\"button\" tabindex=\"0\">\n\t\t\t\t\t\t<i aria-hidden=\"true\" class=\"eicon-chevron-right\"><\/i>\t\t\t\t\t<\/div>\n\t\t\t\t\n\t\t\t\t\t\t\t\t\t<div class=\"swiper-pagination\"><\/div>\n\t\t\t\t\t\t\t\t\t<\/div>\n\t\t\t\t\t\t<\/div>\n\t\t\t\t<\/div>\n\t\t\t\t<div class=\"elementor-element elementor-element-5ccecb1 elementor-widget elementor-widget-text-editor\" data-id=\"5ccecb1\" data-element_type=\"widget\" data-e-type=\"widget\" data-widget_type=\"text-editor.default\">\n\t\t\t\t<div class=\"elementor-widget-container\">\n\t\t\t\t\t\t\t\t\t<p>A abertura da I Semana da Mem\u00f3ria do Poder Judici\u00e1rio foi realizada na manh\u00e3 de hoje (18) no audit\u00f3rio do Tribunal de Justi\u00e7a do Estado de Goi\u00e1s (TJGO), com a assinatura de termo de coopera\u00e7\u00e3o t\u00e9cnica entre os presidentes do TJGO, do Tribunal Regional Eleitoral de Goi\u00e1s (TRE-GO) e representante do Tribunal Regional do Trabalho (TRT-18).<\/p><p>\u00a0<\/p><p>O presidente do TRE-GO e da Comiss\u00e3o de Mem\u00f3ria e Cultura do TJGO, desembargador Itaney Francisco Campos, discursou sobre a import\u00e2ncia da atua\u00e7\u00e3o conjunta dos tribunais na preserva\u00e7\u00e3o da mem\u00f3ria do Judici\u00e1rio: \u201cA finalidade da mem\u00f3ria \u00e9 propiciar o aprendizado, o reconhecimento e a identifica\u00e7\u00e3o entre a institui\u00e7\u00e3o e aqueles que dela participam, produziram e produzem a sua hist\u00f3ria\u201d.<\/p><p>Ele acrescentou a signific\u00e2ncia do m\u00eas de maio para a mem\u00f3ria do Poder Judici\u00e1rio e para a hist\u00f3ria socio evolutiva do Tribunal de Justi\u00e7a do Estado de Goi\u00e1s. Segundo o desembargador, \u201co pa\u00eds que n\u00e3o cultiva a sua mem\u00f3ria est\u00e1 condenado a repetir os seus erros do passado. \u00c9 com o conhecimento do passado que se compreende o presente e se pode construir as bases para o futuro\u201d.<\/p><p>\u00a0<\/p><p>Na ocasi\u00e3o, o presidente do TJGO, desembargador Carlos Alberto Fran\u00e7a, entregou o pr\u00eamio \u201cSelo Hist\u00f3rico do TJGO\u201d a William Rabelo Mendes, vencedor do concurso que selecionou o design do selo hist\u00f3rico de 150 anos do tribunal. O encontro contou ainda com a palestra \u201cA import\u00e2ncia da Pol\u00edtica de Mem\u00f3ria no \u00e2mbito do Poder Judici\u00e1rio\u201d, proferida pelo juiz Carlos Alexandre B\u00f6ttcher, um dos coordenadores do N\u00facleo de Estudos em Hist\u00f3ria e Mem\u00f3ria do Tribunal de Justi\u00e7a de S\u00e3o Paulo.<\/p><p>\u00a0<\/p><p>Compuseram a mesa de abertura, al\u00e9m de Carlos Fran\u00e7a (TJGO) e Itaney Francisco Campos (TRE-GO), Elv\u00e9cio Moura dos Santos, desembargador federal do trabalho representante do TRT-18; Dra. Juliana Prudente, Procuradora Geral do Estado de Goi\u00e1s, representante do Governador Ronaldo Caiado; Domilson Rabelo da Silva J\u00fanior, defensor p\u00fablico geral do Estado de Goi\u00e1s; Eduardo Alves Cardoso Junior, Diretor Tesoureiro da OAB\/GO, Marcio Ant\u00f4nio de Souza Moraes J\u00fanior, presidente da Comiss\u00e3o de Gest\u00e3o da Mem\u00f3ria da Justi\u00e7a Eleitoral de Goi\u00e1s; Vicente Lopes da Rocha, diretor da Escola Judiciaria Eleitoral de Goi\u00e1s, e Ra\u00edssa Coutinho, Secret\u00e1ria Municipal de Cultura da cidade de Goi\u00e1s.<\/p><p>\u00a0<\/p><p>O segundo dia de celebra\u00e7\u00f5es da I Semana da Mem\u00f3ria do Poder Judici\u00e1rio ser\u00e1 conduzido pelo TRE-GO. No dia 19, \u00e0s 9h da manh\u00e3, no Plen\u00e1rio do TRE-GO Desembargador Geraldo Salvador de Moura, a professora da USP Monica Dantas ministrar\u00e1 a palestra \u201cPoder Judici\u00e1rio e Pol\u00edtica no per\u00edodo do Imp\u00e9rio do Brasil\u201d. Na sequ\u00eancia, a historiadora Yordanna Lara, mestre em Antropologia Social, abordar\u00e1 a \u201cMem\u00f3ria do Judici\u00e1rio Goiano: caminhos institucionais no presente e perspectivas futuras de preserva\u00e7\u00e3o\u201d. Ao final, historiadores e arquivistas dos tr\u00eas tribunais v\u00e3o dirigir o painel \u201cConhecendo os espa\u00e7os de mem\u00f3ria do Judici\u00e1rio goiano\u201d.<\/p><p>\u00a0<\/p><p>No dia 20 de maio, \u00e0s 15h, o Tribunal Regional do Trabalho, far\u00e1 o lan\u00e7amento do livro virtual \u201cMem\u00f3rias do TRT-18\u201d no Audit\u00f3rio dos Goyazes. O livro, idealizado e organizado pelo Centro de Mem\u00f3ria, traz ao p\u00fablico narrativas textuais e visuais sobre a hist\u00f3ria da Justi\u00e7a do Trabalho em Goi\u00e1s. A obra tem como fio condutor os relatos colhidos pelo Programa Hist\u00f3ria Oral, de personalidades que protagonizaram e\/ou testemunharam a cria\u00e7\u00e3o, expans\u00e3o e consolida\u00e7\u00e3o do TRT de Goi\u00e1s. Al\u00e9m dos depoimentos, o livro tamb\u00e9m apresenta imagens do acervo permanente mantido pelo Centro de Mem\u00f3ria e in\u00fameros recursos de interatividade.<\/p><p>\u00a0<\/p><p>No mesmo dia ocorrer\u00e1 tamb\u00e9m a apresenta\u00e7\u00e3o do tour 360 graus do Centro de Mem\u00f3ria e Cultura do Tribunal de Justi\u00e7a de Goi\u00e1s e o fechamento da C\u00e1psula do Tempo do Tribunal Regional Eleitoral de Goi\u00e1s. Materializada em uma urna de lona, usada antigamente pela Justi\u00e7a Eleitoral, a c\u00e1psula cont\u00e9m, dentre outros documentos, os resultados da campanha da \u201cJusti\u00e7a Eleitoral do Futuro\u201d, que tem por objetivo reunir sugest\u00f5es de servidores e outros populares com suas expectativas e opini\u00f5es sobre a Justi\u00e7a Eleitoral no per\u00edodo de 2022. Essas informa\u00e7\u00f5es est\u00e3o sendo coletadas por meio de <a href=\"https:\/\/docs.google.com\/forms\/d\/e\/1FAIpQLSfWDHIn-hocinS236FhJQmMf3cT3q90WiE13fX4SwTHjHNzVw\/viewform\">formul\u00e1rio eletr\u00f4nico<\/a>. A C\u00e1psula do Tempo ser\u00e1 aberta em 2032, durante as comemora\u00e7\u00f5es do centen\u00e1rio da Justi\u00e7a Eleitoral.<\/p>\t\t\t\t\t\t\t\t<\/div>\n\t\t\t\t<\/div>\n\t\t\t\t<div class=\"elementor-element elementor-element-71458db elementor-widget elementor-widget-spacer\" data-id=\"71458db\" data-element_type=\"widget\" data-e-type=\"widget\" data-widget_type=\"spacer.default\">\n\t\t\t\t<div class=\"elementor-widget-container\">\n\t\t\t\t\t\t\t<div class=\"elementor-spacer\">\n\t\t\t<div class=\"elementor-spacer-inner\"><\/div>\n\t\t<\/div>\n\t\t\t\t\t\t<\/div>\n\t\t\t\t<\/div>\n\t\t\t\t<div class=\"elementor-element elementor-element-c497eb9 elementor-widget elementor-widget-text-editor\" data-id=\"c497eb9\" data-element_type=\"widget\" data-e-type=\"widget\" data-widget_type=\"text-editor.default\">\n\t\t\t\t<div class=\"elementor-widget-container\">\n\t\t\t\t\t\t\t\t\t<p style=\"text-align: right;\">Assessoria de Imprensa e Comunica\u00e7\u00e3o Social<\/p>\t\t\t\t\t\t\t\t<\/div>\n\t\t\t\t<\/div>\n\t\t\t\t\t<\/div>\n\t\t<\/div>\n\t\t\t\t\t<\/div>\n\t\t<\/section>\n\t\t\t\t<section class=\"elementor-section elementor-top-section elementor-element elementor-element-f0e259f elementor-section-boxed elementor-section-height-default elementor-section-height-default\" data-id=\"f0e259f\" data-element_type=\"section\" data-e-type=\"section\">\n\t\t\t\t\t\t<div class=\"elementor-container elementor-column-gap-default\">\n\t\t\t\t\t<div class=\"elementor-column elementor-col-100 elementor-top-column elementor-element elementor-element-ec8d71f\" data-id=\"ec8d71f\" data-element_type=\"column\" data-e-type=\"column\">\n\t\t\t<div class=\"elementor-widget-wrap elementor-element-populated\">\n\t\t\t\t\t\t<div class=\"elementor-element elementor-element-9fe839e elementor-widget elementor-widget-spacer\" data-id=\"9fe839e\" data-element_type=\"widget\" data-e-type=\"widget\" data-widget_type=\"spacer.default\">\n\t\t\t\t<div class=\"elementor-widget-container\">\n\t\t\t\t\t\t\t<div class=\"elementor-spacer\">\n\t\t\t<div class=\"elementor-spacer-inner\"><\/div>\n\t\t<\/div>\n\t\t\t\t\t\t<\/div>\n\t\t\t\t<\/div>\n\t\t\t\t\t<\/div>\n\t\t<\/div>\n\t\t\t\t\t<\/div>\n\t\t<\/section>\n\t\t\t\t<section class=\"elementor-section elementor-top-section elementor-element elementor-element-aeb68bd elementor-section-boxed elementor-section-height-default elementor-section-height-default\" data-id=\"aeb68bd\" data-element_type=\"section\" data-e-type=\"section\">\n\t\t\t\t\t\t<div class=\"elementor-container elementor-column-gap-default\">\n\t\t\t\t\t<div class=\"elementor-column elementor-col-100 elementor-top-column elementor-element elementor-element-2576807\" data-id=\"2576807\" data-element_type=\"column\" data-e-type=\"column\">\n\t\t\t<div class=\"elementor-widget-wrap\">\n\t\t\t\t\t\t\t<\/div>\n\t\t<\/div>\n\t\t\t\t\t<\/div>\n\t\t<\/section>\n\t\t\t\t<\/div>\n\t\t","protected":false},"excerpt":{"rendered":"<p>Voltar para I Semana da Mem\u00f3ria Aberta a I Semana da Mem\u00f3ria do Poder Judici\u00e1rio Goiano Previous Next A abertura da I Semana da Mem\u00f3ria do Poder Judici\u00e1rio foi realizada na manh\u00e3 de hoje (18) no audit\u00f3rio do Tribunal de Justi\u00e7a do Estado de Goi\u00e1s (TJGO), com a assinatura de termo de coopera\u00e7\u00e3o t\u00e9cnica entre [&hellip;]<\/p>\n","protected":false},"author":4,"featured_media":0,"parent":0,"menu_order":0,"comment_status":"closed","ping_status":"closed","template":"","meta":{"site-sidebar-layout":"no-sidebar","site-content-layout":"page-builder","ast-site-content-layout":"default","site-content-style":"default","site-sidebar-style":"default","ast-global-header-display":"","ast-banner-title-visibility":"","ast-main-header-display":"","ast-hfb-above-header-display":"","ast-hfb-below-header-display":"","ast-hfb-mobile-header-display":"","site-post-title":"disabled","ast-breadcrumbs-content":"","ast-featured-img":"disabled","footer-sml-layout":"","ast-disable-related-posts":"","theme-transparent-header-meta":"enabled","adv-header-id-meta":"","stick-header-meta":"","header-above-stick-meta":"","header-main-stick-meta":"","header-below-stick-meta":"","astra-migrate-meta-layouts":"default","ast-page-background-enabled":"default","ast-page-background-meta":{"desktop":{"background-color":"var(--ast-global-color-4)","background-image":"","background-repeat":"repeat","background-position":"center center","background-size":"auto","background-attachment":"scroll","background-type":"","background-media":"","overlay-type":"","overlay-color":"","overlay-opacity":"","overlay-gradient":""},"tablet":{"background-color":"","background-image":"","background-repeat":"repeat","background-position":"center center","background-size":"auto","background-attachment":"scroll","background-type":"","background-media":"","overlay-type":"","overlay-color":"","overlay-opacity":"","overlay-gradient":""},"mobile":{"background-color":"","background-image":"","background-repeat":"repeat","background-position":"center center","background-size":"auto","background-attachment":"scroll","background-type":"","background-media":"","overlay-type":"","overlay-color":"","overlay-opacity":"","overlay-gradient":""}},"ast-content-background-meta":{"desktop":{"background-color":"var(--ast-global-color-5)","background-image":"","background-repeat":"repeat","background-position":"center center","background-size":"auto","background-attachment":"scroll","background-type":"","background-media":"","overlay-type":"","overlay-color":"","overlay-opacity":"","overlay-gradient":""},"tablet":{"background-color":"var(--ast-global-color-5)","background-image":"","background-repeat":"repeat","background-position":"center center","background-size":"auto","background-attachment":"scroll","background-type":"","background-media":"","overlay-type":"","overlay-color":"","overlay-opacity":"","overlay-gradient":""},"mobile":{"background-color":"var(--ast-global-color-5)","background-image":"","background-repeat":"repeat","background-position":"center center","background-size":"auto","background-attachment":"scroll","background-type":"","background-media":"","overlay-type":"","overlay-color":"","overlay-opacity":"","overlay-gradient":""}},"footnotes":""},"class_list":["post-11388","page","type-page","status-publish","hentry"],"_links":{"self":[{"href":"http:\/\/10.10.1.232\/wordpress\/index.php?rest_route=\/wp\/v2\/pages\/11388","targetHints":{"allow":["GET"]}}],"collection":[{"href":"http:\/\/10.10.1.232\/wordpress\/index.php?rest_route=\/wp\/v2\/pages"}],"about":[{"href":"http:\/\/10.10.1.232\/wordpress\/index.php?rest_route=\/wp\/v2\/types\/page"}],"author":[{"embeddable":true,"href":"http:\/\/10.10.1.232\/wordpress\/index.php?rest_route=\/wp\/v2\/users\/4"}],"replies":[{"embeddable":true,"href":"http:\/\/10.10.1.232\/wordpress\/index.php?rest_route=%2Fwp%2Fv2%2Fcomments&post=11388"}],"version-history":[{"count":13,"href":"http:\/\/10.10.1.232\/wordpress\/index.php?rest_route=\/wp\/v2\/pages\/11388\/revisions"}],"predecessor-version":[{"id":15624,"href":"http:\/\/10.10.1.232\/wordpress\/index.php?rest_route=\/wp\/v2\/pages\/11388\/revisions\/15624"}],"wp:attachment":[{"href":"http:\/\/10.10.1.232\/wordpress\/index.php?rest_route=%2Fwp%2Fv2%2Fmedia&parent=11388"}],"curies":[{"name":"wp","href":"https:\/\/api.w.org\/{rel}","templated":true}]}}