{"id":11314,"date":"2022-09-06T15:49:43","date_gmt":"2022-09-06T18:49:43","guid":{"rendered":"http:\/\/10.10.1.232\/wordpress\/?page_id=11314"},"modified":"2022-09-14T17:35:18","modified_gmt":"2022-09-14T20:35:18","slug":"escola-judiciaria-eleitoral-cronograma-de-execucao-2006","status":"publish","type":"page","link":"http:\/\/10.10.1.232\/wordpress\/?page_id=11314","title":{"rendered":"Escola Judici\u00e1ria Eleitoral &#8211; Cronograma de Execu\u00e7\u00e3o &#8211; 2006"},"content":{"rendered":"\t\t<div data-elementor-type=\"wp-page\" data-elementor-id=\"11314\" class=\"elementor elementor-11314\">\n\t\t\t\t\t\t<section class=\"elementor-section elementor-top-section elementor-element elementor-element-c8ddeb6 elementor-section-height-min-height elementor-section-boxed elementor-section-height-default elementor-section-items-middle\" data-id=\"c8ddeb6\" data-element_type=\"section\" data-e-type=\"section\" data-settings=\"{&quot;background_background&quot;:&quot;classic&quot;}\">\n\t\t\t\t\t\t\t<div class=\"elementor-background-overlay\"><\/div>\n\t\t\t\t\t\t\t<div class=\"elementor-container elementor-column-gap-default\">\n\t\t\t\t\t<div class=\"elementor-column elementor-col-100 elementor-top-column elementor-element elementor-element-6a5337e\" data-id=\"6a5337e\" data-element_type=\"column\" data-e-type=\"column\">\n\t\t\t<div class=\"elementor-widget-wrap elementor-element-populated\">\n\t\t\t\t\t\t<div class=\"elementor-element elementor-element-feefb6c elementor-widget elementor-widget-heading\" data-id=\"feefb6c\" data-element_type=\"widget\" data-e-type=\"widget\" data-widget_type=\"heading.default\">\n\t\t\t\t<div class=\"elementor-widget-container\">\n\t\t\t\t\t<h1 class=\"elementor-heading-title elementor-size-default\">Programa Eleitor do Futuro<\/h1>\t\t\t\t<\/div>\n\t\t\t\t<\/div>\n\t\t\t\t\t<\/div>\n\t\t<\/div>\n\t\t\t\t\t<\/div>\n\t\t<\/section>\n\t\t\t\t<section class=\"elementor-section elementor-top-section elementor-element elementor-element-ae3664b elementor-section-boxed elementor-section-height-default elementor-section-height-default\" data-id=\"ae3664b\" data-element_type=\"section\" data-e-type=\"section\">\n\t\t\t\t\t\t<div class=\"elementor-container elementor-column-gap-default\">\n\t\t\t\t\t<div class=\"elementor-column elementor-col-100 elementor-top-column elementor-element elementor-element-18ea5ac\" data-id=\"18ea5ac\" data-element_type=\"column\" data-e-type=\"column\">\n\t\t\t<div class=\"elementor-widget-wrap elementor-element-populated\">\n\t\t\t\t\t\t<div class=\"elementor-element elementor-element-a569c8a elementor-widget elementor-widget-spacer\" data-id=\"a569c8a\" data-element_type=\"widget\" data-e-type=\"widget\" data-widget_type=\"spacer.default\">\n\t\t\t\t<div class=\"elementor-widget-container\">\n\t\t\t\t\t\t\t<div class=\"elementor-spacer\">\n\t\t\t<div class=\"elementor-spacer-inner\"><\/div>\n\t\t<\/div>\n\t\t\t\t\t\t<\/div>\n\t\t\t\t<\/div>\n\t\t\t\t<div class=\"elementor-element elementor-element-817941b elementor-widget elementor-widget-button\" data-id=\"817941b\" data-element_type=\"widget\" data-e-type=\"widget\" data-widget_type=\"button.default\">\n\t\t\t\t<div class=\"elementor-widget-container\">\n\t\t\t\t\t\t\t\t\t<div class=\"elementor-button-wrapper\">\n\t\t\t\t\t<a class=\"elementor-button elementor-button-link elementor-size-sm\" href=\"http:\/\/10.10.1.232\/wordpress\/?page_id=5095\">\n\t\t\t\t\t\t<span class=\"elementor-button-content-wrapper\">\n\t\t\t\t\t\t<span class=\"elementor-button-icon\">\n\t\t\t\t<i aria-hidden=\"true\" class=\"fas fa-angle-double-left\"><\/i>\t\t\t<\/span>\n\t\t\t\t\t\t\t\t\t<span class=\"elementor-button-text\">Voltar para Programa Eleitor do Futuro<\/span>\n\t\t\t\t\t<\/span>\n\t\t\t\t\t<\/a>\n\t\t\t\t<\/div>\n\t\t\t\t\t\t\t\t<\/div>\n\t\t\t\t<\/div>\n\t\t\t\t\t<\/div>\n\t\t<\/div>\n\t\t\t\t\t<\/div>\n\t\t<\/section>\n\t\t\t\t<section class=\"elementor-section elementor-top-section elementor-element elementor-element-e4a418e elementor-section-boxed elementor-section-height-default elementor-section-height-default\" data-id=\"e4a418e\" data-element_type=\"section\" data-e-type=\"section\">\n\t\t\t\t\t\t<div class=\"elementor-container elementor-column-gap-default\">\n\t\t\t\t\t<div class=\"elementor-column elementor-col-100 elementor-top-column elementor-element elementor-element-2305793\" data-id=\"2305793\" data-element_type=\"column\" data-e-type=\"column\">\n\t\t\t<div class=\"elementor-widget-wrap elementor-element-populated\">\n\t\t\t\t\t\t<div class=\"elementor-element elementor-element-72c2ab6 elementor-widget elementor-widget-heading\" data-id=\"72c2ab6\" data-element_type=\"widget\" data-e-type=\"widget\" data-widget_type=\"heading.default\">\n\t\t\t\t<div class=\"elementor-widget-container\">\n\t\t\t\t\t<h2 class=\"elementor-heading-title elementor-size-default\">Cronograma de Execu\u00e7\u00e3o - 2006<\/h2>\t\t\t\t<\/div>\n\t\t\t\t<\/div>\n\t\t\t\t<div class=\"elementor-element elementor-element-c132904 elementor-widget elementor-widget-spacer\" data-id=\"c132904\" data-element_type=\"widget\" data-e-type=\"widget\" data-widget_type=\"spacer.default\">\n\t\t\t\t<div class=\"elementor-widget-container\">\n\t\t\t\t\t\t\t<div class=\"elementor-spacer\">\n\t\t\t<div class=\"elementor-spacer-inner\"><\/div>\n\t\t<\/div>\n\t\t\t\t\t\t<\/div>\n\t\t\t\t<\/div>\n\t\t\t\t<div class=\"elementor-element elementor-element-33fa489 elementor-widget elementor-widget-text-editor\" data-id=\"33fa489\" data-element_type=\"widget\" data-e-type=\"widget\" data-widget_type=\"text-editor.default\">\n\t\t\t\t<div class=\"elementor-widget-container\">\n\t\t\t\t\t\t\t\t\t<p class=\"CDt4Ke zfr3Q\" dir=\"ltr\">I \u2013 Escola Centro Integrado SESI\/SENAI \u2014 Vila Cana\u00e3 \u2014 Goi\u00e2nia\/GO<\/p><p class=\"CDt4Ke zfr3Q\" dir=\"ltr\">\u2013 29\/03\/2006 \u2014 Lan\u00e7amento do Programa com a presen\u00e7a da Comiss\u00e3o<\/p><p class=\"CDt4Ke zfr3Q\" dir=\"ltr\">Executiva e demonstra\u00e7\u00e3o das urnas eletr\u00f4nicas.<\/p><p class=\"CDt4Ke zfr3Q\" dir=\"ltr\">\u2013 19\/04\/2006 \u2014 Palestra I, distribui\u00e7\u00e3o de cartilhas.<\/p><p class=\"CDt4Ke zfr3Q\" dir=\"ltr\">\u2013 26\/04\/2006 \u2014 Registro de candidatos, fotos, campanha eleitoral, com\u00edcio.<\/p><p class=\"CDt4Ke zfr3Q\" dir=\"ltr\">\u2013 09\/05\/2006 \u2014 Elei\u00e7\u00e3o.<\/p><p class=\"CDt4Ke zfr3Q\" dir=\"ltr\">Eleito com 74 votos: Partido do Esporte e do Lazer, representado por<\/p><p class=\"CDt4Ke zfr3Q\" dir=\"ltr\">Andreza Rodrigues Ribeiro Silva<\/p><p class=\"CDt4Ke zfr3Q\" dir=\"ltr\">\u2013 30\/05\/2006 \u2014 Entrega das reda\u00e7\u00f5es nas escolas.<\/p><p class=\"CDt4Ke zfr3Q\" dir=\"ltr\">\u2013 29\/06\/2006 \u2014 Escolha da reda\u00e7\u00e3o vencedora pelo TRE.<\/p><p dir=\"ltr\">\u00a0<\/p><p class=\"CDt4Ke zfr3Q\" dir=\"ltr\">II \u2013 Escola Estadual Ary Ribeiro Valad\u00e3o Filho \u2013 Goi\u00e2nia\/GO<\/p><p class=\"CDt4Ke zfr3Q\" dir=\"ltr\">\u2013 18\/04\/2006 \u2014 Lan\u00e7amento do Programa, palestra I, distribui\u00e7\u00e3o das cartilhas, transporte de urnas eletr\u00f4nicas.<\/p><p class=\"CDt4Ke zfr3Q\" dir=\"ltr\">\u2013 25\/04\/2006 \u2014 Registro de candidatos, fotos, campanha eleitoral, com\u00edcio.<\/p><p class=\"CDt4Ke zfr3Q\" dir=\"ltr\">\u2013 17\/05\/2006 \u2014 Elei\u00e7\u00e3o<\/p><p class=\"CDt4Ke zfr3Q\" dir=\"ltr\">Eleito com 140 votos: Partido da Educa\u00e7\u00e3o, da Profissionaliza\u00e7\u00e3o e da<\/p><p class=\"CDt4Ke zfr3Q\" dir=\"ltr\">Cultura representado por Kennedy Noleto Soares.<\/p><p class=\"CDt4Ke zfr3Q\" dir=\"ltr\">\u2013 30\/05\/2006 \u2014 Entrega das reda\u00e7\u00f5es nas escolas.<\/p><p class=\"CDt4Ke zfr3Q\" dir=\"ltr\">\u2013 29\/06\/2006 \u2014 Escolha da reda\u00e7\u00e3o vencedora pelo TRE.<\/p><p dir=\"ltr\">\u00a0<\/p><p class=\"CDt4Ke zfr3Q\" dir=\"ltr\">III \u2013 Escola Centro Integrado SESI \u2014 Jardim Planalto Goi\u00e2nia\/GO<\/p><p class=\"CDt4Ke zfr3Q\" dir=\"ltr\">\u2013 26\/04\/2006 \u2014 Lan\u00e7amento do Programa com a presen\u00e7a da Comiss\u00e3o Executiva, palestra | e distribui\u00e7\u00e3o das cartilhas; transporte de urnas eletr\u00f4nicas.<\/p><p class=\"CDt4Ke zfr3Q\" dir=\"ltr\">\u2013 22\/05\/2006 \u2014 Registro de candidatos, fotos, campanha eleitoral, palestra Dr. Donizete.<\/p><p class=\"CDt4Ke zfr3Q\" dir=\"ltr\">\u2013 29\/05\/2006 \u2014 Elei\u00e7\u00e3o<\/p><p class=\"CDt4Ke zfr3Q\" dir=\"ltr\">Eleito com 384 votos: Partido do Esporte e do Lazer representado por<\/p><p class=\"CDt4Ke zfr3Q\" dir=\"ltr\">Herbert Gomes Lemes.<\/p><p class=\"CDt4Ke zfr3Q\" dir=\"ltr\">\u2013 30\/05\/2006 \u2014 Entrega das reda\u00e7\u00f5es nas escolas.<\/p><p class=\"CDt4Ke zfr3Q\" dir=\"ltr\">\u2013 29\/06\/2006 \u2014 Escolha da reda\u00e7\u00e3o vencedora pelo TRE.<\/p><p dir=\"ltr\">\u00a0<\/p><p class=\"CDt4Ke zfr3Q\" dir=\"ltr\">IV \u2013 Col\u00e9gio Estadual Edmundo Rocha- Goi\u00e2nia\/GO<\/p><p class=\"CDt4Ke zfr3Q\" dir=\"ltr\">\u2013 15\/05\/2006 \u2014 Transporte dos alunos de 7\u00ba e 8\u00ba s\u00e9ries ao TRE\/GO, lan\u00e7amento do Programa com a presen\u00e7a da Comiss\u00e3o Executiva, palestras e distribui\u00e7\u00e3o das cartilhas, urnas eletr\u00f4nicas.<\/p><p class=\"CDt4Ke zfr3Q\" dir=\"ltr\">\u2013 09\/05\/2006 \u2014 Registro de candidatos, fotos, campanha eleitoral, com\u00edcio.<\/p><p class=\"CDt4Ke zfr3Q\" dir=\"ltr\">\u2013 07\/06\/2006 \u2014 Elei\u00e7\u00e3o<\/p><p class=\"CDt4Ke zfr3Q\" dir=\"ltr\">Eleito com 90 votos: Partido da Educa\u00e7\u00e3o, da Profissionaliza\u00e7\u00e3o e da<\/p><p class=\"CDt4Ke zfr3Q\" dir=\"ltr\">Cultura representado por Mirian Ingrid da Silva.<\/p><p class=\"CDt4Ke zfr3Q\" dir=\"ltr\">\u2013 31\/05\/2006 \u2014 Entrega das reda\u00e7\u00f5es nas escolas.<\/p><p class=\"CDt4Ke zfr3Q\" dir=\"ltr\">\u2013 29\/06\/2006 \u2014 Escolha da reda\u00e7\u00e3o vencedora pelo TRE.<\/p><p dir=\"ltr\">\u00a0<\/p><p class=\"CDt4Ke zfr3Q\" dir=\"ltr\">V \u2013 Col\u00e9gio Estadual Jos\u00e9 Ludovico de Almeida \u2014 An\u00e1polis\/GO<\/p><p class=\"CDt4Ke zfr3Q\" dir=\"ltr\">\u2013 06\/06\/2006 \u2014 Lan\u00e7amento do Programa com a presen\u00e7a da Comiss\u00e3o Executiva, palestra I e distribui\u00e7\u00e3o das cartilhas; transporte de urnas eletr\u00f4nicas.<\/p><p class=\"CDt4Ke zfr3Q\" dir=\"ltr\">\u2013 09\/06\/2006 \u2014 Registro de candidatos, fotos, campanha eleitoral, com\u00edcio.<\/p><p class=\"CDt4Ke zfr3Q\" dir=\"ltr\">\u2013 20\/06\/2006 \u2014 Elei\u00e7\u00e3o<\/p><p class=\"CDt4Ke zfr3Q\" dir=\"ltr\">Eleito com 157 votos: Partido do Esporte e do Lazer representado por<\/p><p class=\"CDt4Ke zfr3Q\" dir=\"ltr\">El\u00f3i Bispo da Silva J\u00fanior<\/p><p class=\"CDt4Ke zfr3Q\" dir=\"ltr\">\u2013 20\/06\/2006 \u2014 Entrega das reda\u00e7\u00f5es nas escolas.<\/p><p class=\"CDt4Ke zfr3Q\" dir=\"ltr\">\u2013 29\/06\/2006 \u2014 Escolha da reda\u00e7\u00e3o vencedora pelo TRE.<\/p>\t\t\t\t\t\t\t\t<\/div>\n\t\t\t\t<\/div>\n\t\t\t\t<div class=\"elementor-element elementor-element-526762b elementor-widget elementor-widget-spacer\" data-id=\"526762b\" data-element_type=\"widget\" data-e-type=\"widget\" data-widget_type=\"spacer.default\">\n\t\t\t\t<div class=\"elementor-widget-container\">\n\t\t\t\t\t\t\t<div class=\"elementor-spacer\">\n\t\t\t<div class=\"elementor-spacer-inner\"><\/div>\n\t\t<\/div>\n\t\t\t\t\t\t<\/div>\n\t\t\t\t<\/div>\n\t\t\t\t<div class=\"elementor-element elementor-element-6ecca01 elementor-widget elementor-widget-text-editor\" data-id=\"6ecca01\" data-element_type=\"widget\" data-e-type=\"widget\" data-widget_type=\"text-editor.default\">\n\t\t\t\t<div class=\"elementor-widget-container\">\n\t\t\t\t\t\t\t\t\t<p>Escola Judici\u00e1ria Eleitoral<\/p>\t\t\t\t\t\t\t\t<\/div>\n\t\t\t\t<\/div>\n\t\t\t\t\t<\/div>\n\t\t<\/div>\n\t\t\t\t\t<\/div>\n\t\t<\/section>\n\t\t\t\t<section class=\"elementor-section elementor-top-section elementor-element elementor-element-f0e259f elementor-section-boxed elementor-section-height-default elementor-section-height-default\" data-id=\"f0e259f\" data-element_type=\"section\" data-e-type=\"section\">\n\t\t\t\t\t\t<div class=\"elementor-container elementor-column-gap-default\">\n\t\t\t\t\t<div class=\"elementor-column elementor-col-100 elementor-top-column elementor-element elementor-element-ec8d71f\" data-id=\"ec8d71f\" data-element_type=\"column\" data-e-type=\"column\">\n\t\t\t<div class=\"elementor-widget-wrap elementor-element-populated\">\n\t\t\t\t\t\t<div class=\"elementor-element elementor-element-9fe839e elementor-widget elementor-widget-spacer\" data-id=\"9fe839e\" data-element_type=\"widget\" data-e-type=\"widget\" data-widget_type=\"spacer.default\">\n\t\t\t\t<div class=\"elementor-widget-container\">\n\t\t\t\t\t\t\t<div class=\"elementor-spacer\">\n\t\t\t<div class=\"elementor-spacer-inner\"><\/div>\n\t\t<\/div>\n\t\t\t\t\t\t<\/div>\n\t\t\t\t<\/div>\n\t\t\t\t\t<\/div>\n\t\t<\/div>\n\t\t\t\t\t<\/div>\n\t\t<\/section>\n\t\t\t\t<section class=\"elementor-section elementor-top-section elementor-element elementor-element-aeb68bd elementor-section-boxed elementor-section-height-default elementor-section-height-default\" data-id=\"aeb68bd\" data-element_type=\"section\" data-e-type=\"section\">\n\t\t\t\t\t\t<div class=\"elementor-container elementor-column-gap-default\">\n\t\t\t\t\t<div class=\"elementor-column elementor-col-100 elementor-top-column elementor-element elementor-element-2576807\" data-id=\"2576807\" data-element_type=\"column\" data-e-type=\"column\">\n\t\t\t<div class=\"elementor-widget-wrap\">\n\t\t\t\t\t\t\t<\/div>\n\t\t<\/div>\n\t\t\t\t\t<\/div>\n\t\t<\/section>\n\t\t\t\t<\/div>\n\t\t","protected":false},"excerpt":{"rendered":"<p>Programa Eleitor do Futuro Voltar para Programa Eleitor do Futuro Cronograma de Execu\u00e7\u00e3o &#8211; 2006 I \u2013 Escola Centro Integrado SESI\/SENAI \u2014 Vila Cana\u00e3 \u2014 Goi\u00e2nia\/GO \u2013 29\/03\/2006 \u2014 Lan\u00e7amento do Programa com a presen\u00e7a da Comiss\u00e3o Executiva e demonstra\u00e7\u00e3o das urnas eletr\u00f4nicas. \u2013 19\/04\/2006 \u2014 Palestra I, distribui\u00e7\u00e3o de cartilhas. \u2013 26\/04\/2006 \u2014 Registro [&hellip;]<\/p>\n","protected":false},"author":4,"featured_media":0,"parent":0,"menu_order":0,"comment_status":"closed","ping_status":"closed","template":"","meta":{"site-sidebar-layout":"no-sidebar","site-content-layout":"page-builder","ast-site-content-layout":"default","site-content-style":"default","site-sidebar-style":"default","ast-global-header-display":"","ast-banner-title-visibility":"","ast-main-header-display":"","ast-hfb-above-header-display":"","ast-hfb-below-header-display":"","ast-hfb-mobile-header-display":"","site-post-title":"disabled","ast-breadcrumbs-content":"","ast-featured-img":"disabled","footer-sml-layout":"","ast-disable-related-posts":"","theme-transparent-header-meta":"enabled","adv-header-id-meta":"","stick-header-meta":"","header-above-stick-meta":"","header-main-stick-meta":"","header-below-stick-meta":"","astra-migrate-meta-layouts":"default","ast-page-background-enabled":"default","ast-page-background-meta":{"desktop":{"background-color":"var(--ast-global-color-4)","background-image":"","background-repeat":"repeat","background-position":"center center","background-size":"auto","background-attachment":"scroll","background-type":"","background-media":"","overlay-type":"","overlay-color":"","overlay-opacity":"","overlay-gradient":""},"tablet":{"background-color":"","background-image":"","background-repeat":"repeat","background-position":"center center","background-size":"auto","background-attachment":"scroll","background-type":"","background-media":"","overlay-type":"","overlay-color":"","overlay-opacity":"","overlay-gradient":""},"mobile":{"background-color":"","background-image":"","background-repeat":"repeat","background-position":"center center","background-size":"auto","background-attachment":"scroll","background-type":"","background-media":"","overlay-type":"","overlay-color":"","overlay-opacity":"","overlay-gradient":""}},"ast-content-background-meta":{"desktop":{"background-color":"var(--ast-global-color-5)","background-image":"","background-repeat":"repeat","background-position":"center center","background-size":"auto","background-attachment":"scroll","background-type":"","background-media":"","overlay-type":"","overlay-color":"","overlay-opacity":"","overlay-gradient":""},"tablet":{"background-color":"var(--ast-global-color-5)","background-image":"","background-repeat":"repeat","background-position":"center center","background-size":"auto","background-attachment":"scroll","background-type":"","background-media":"","overlay-type":"","overlay-color":"","overlay-opacity":"","overlay-gradient":""},"mobile":{"background-color":"var(--ast-global-color-5)","background-image":"","background-repeat":"repeat","background-position":"center center","background-size":"auto","background-attachment":"scroll","background-type":"","background-media":"","overlay-type":"","overlay-color":"","overlay-opacity":"","overlay-gradient":""}},"footnotes":""},"class_list":["post-11314","page","type-page","status-publish","hentry"],"_links":{"self":[{"href":"http:\/\/10.10.1.232\/wordpress\/index.php?rest_route=\/wp\/v2\/pages\/11314","targetHints":{"allow":["GET"]}}],"collection":[{"href":"http:\/\/10.10.1.232\/wordpress\/index.php?rest_route=\/wp\/v2\/pages"}],"about":[{"href":"http:\/\/10.10.1.232\/wordpress\/index.php?rest_route=\/wp\/v2\/types\/page"}],"author":[{"embeddable":true,"href":"http:\/\/10.10.1.232\/wordpress\/index.php?rest_route=\/wp\/v2\/users\/4"}],"replies":[{"embeddable":true,"href":"http:\/\/10.10.1.232\/wordpress\/index.php?rest_route=%2Fwp%2Fv2%2Fcomments&post=11314"}],"version-history":[{"count":10,"href":"http:\/\/10.10.1.232\/wordpress\/index.php?rest_route=\/wp\/v2\/pages\/11314\/revisions"}],"predecessor-version":[{"id":13286,"href":"http:\/\/10.10.1.232\/wordpress\/index.php?rest_route=\/wp\/v2\/pages\/11314\/revisions\/13286"}],"wp:attachment":[{"href":"http:\/\/10.10.1.232\/wordpress\/index.php?rest_route=%2Fwp%2Fv2%2Fmedia&parent=11314"}],"curies":[{"name":"wp","href":"https:\/\/api.w.org\/{rel}","templated":true}]}}