{"id":11309,"date":"2022-09-06T15:41:52","date_gmt":"2022-09-06T18:41:52","guid":{"rendered":"http:\/\/10.10.1.232\/wordpress\/?page_id=11309"},"modified":"2022-09-14T17:31:44","modified_gmt":"2022-09-14T20:31:44","slug":"escola-judiciaria-eleitoral-relatorio-o-eleitor-do-futuro-em-2006","status":"publish","type":"page","link":"http:\/\/10.10.1.232\/wordpress\/?page_id=11309","title":{"rendered":"Escola Judici\u00e1ria Eleitoral &#8211; Relat\u00f3rio: O Eleitor do Futuro em 2006"},"content":{"rendered":"\t\t<div data-elementor-type=\"wp-page\" data-elementor-id=\"11309\" class=\"elementor elementor-11309\">\n\t\t\t\t\t\t<section class=\"elementor-section elementor-top-section elementor-element elementor-element-c8ddeb6 elementor-section-height-min-height elementor-section-boxed elementor-section-height-default elementor-section-items-middle\" data-id=\"c8ddeb6\" data-element_type=\"section\" data-e-type=\"section\" data-settings=\"{&quot;background_background&quot;:&quot;classic&quot;}\">\n\t\t\t\t\t\t\t<div class=\"elementor-background-overlay\"><\/div>\n\t\t\t\t\t\t\t<div class=\"elementor-container elementor-column-gap-default\">\n\t\t\t\t\t<div class=\"elementor-column elementor-col-100 elementor-top-column elementor-element elementor-element-6a5337e\" data-id=\"6a5337e\" data-element_type=\"column\" data-e-type=\"column\">\n\t\t\t<div class=\"elementor-widget-wrap elementor-element-populated\">\n\t\t\t\t\t\t<div class=\"elementor-element elementor-element-feefb6c elementor-widget elementor-widget-heading\" data-id=\"feefb6c\" data-element_type=\"widget\" data-e-type=\"widget\" data-widget_type=\"heading.default\">\n\t\t\t\t<div class=\"elementor-widget-container\">\n\t\t\t\t\t<h1 class=\"elementor-heading-title elementor-size-default\">Programa Eleitor do Futuro<\/h1>\t\t\t\t<\/div>\n\t\t\t\t<\/div>\n\t\t\t\t\t<\/div>\n\t\t<\/div>\n\t\t\t\t\t<\/div>\n\t\t<\/section>\n\t\t\t\t<section class=\"elementor-section elementor-top-section elementor-element elementor-element-ae3664b elementor-section-boxed elementor-section-height-default elementor-section-height-default\" data-id=\"ae3664b\" data-element_type=\"section\" data-e-type=\"section\">\n\t\t\t\t\t\t<div class=\"elementor-container elementor-column-gap-default\">\n\t\t\t\t\t<div class=\"elementor-column elementor-col-100 elementor-top-column elementor-element elementor-element-18ea5ac\" data-id=\"18ea5ac\" data-element_type=\"column\" data-e-type=\"column\">\n\t\t\t<div class=\"elementor-widget-wrap elementor-element-populated\">\n\t\t\t\t\t\t<div class=\"elementor-element elementor-element-a569c8a elementor-widget elementor-widget-spacer\" data-id=\"a569c8a\" data-element_type=\"widget\" data-e-type=\"widget\" data-widget_type=\"spacer.default\">\n\t\t\t\t<div class=\"elementor-widget-container\">\n\t\t\t\t\t\t\t<div class=\"elementor-spacer\">\n\t\t\t<div class=\"elementor-spacer-inner\"><\/div>\n\t\t<\/div>\n\t\t\t\t\t\t<\/div>\n\t\t\t\t<\/div>\n\t\t\t\t<div class=\"elementor-element elementor-element-817941b elementor-widget elementor-widget-button\" data-id=\"817941b\" data-element_type=\"widget\" data-e-type=\"widget\" data-widget_type=\"button.default\">\n\t\t\t\t<div class=\"elementor-widget-container\">\n\t\t\t\t\t\t\t\t\t<div class=\"elementor-button-wrapper\">\n\t\t\t\t\t<a class=\"elementor-button elementor-button-link elementor-size-sm\" href=\"http:\/\/10.10.1.232\/wordpress\/?page_id=5095\">\n\t\t\t\t\t\t<span class=\"elementor-button-content-wrapper\">\n\t\t\t\t\t\t<span class=\"elementor-button-icon\">\n\t\t\t\t<i aria-hidden=\"true\" class=\"fas fa-angle-double-left\"><\/i>\t\t\t<\/span>\n\t\t\t\t\t\t\t\t\t<span class=\"elementor-button-text\">Voltar para Programa Eleitor do Futuro<\/span>\n\t\t\t\t\t<\/span>\n\t\t\t\t\t<\/a>\n\t\t\t\t<\/div>\n\t\t\t\t\t\t\t\t<\/div>\n\t\t\t\t<\/div>\n\t\t\t\t\t<\/div>\n\t\t<\/div>\n\t\t\t\t\t<\/div>\n\t\t<\/section>\n\t\t\t\t<section class=\"elementor-section elementor-top-section elementor-element elementor-element-e4a418e elementor-section-boxed elementor-section-height-default elementor-section-height-default\" data-id=\"e4a418e\" data-element_type=\"section\" data-e-type=\"section\">\n\t\t\t\t\t\t<div class=\"elementor-container elementor-column-gap-default\">\n\t\t\t\t\t<div class=\"elementor-column elementor-col-100 elementor-top-column elementor-element elementor-element-2305793\" data-id=\"2305793\" data-element_type=\"column\" data-e-type=\"column\">\n\t\t\t<div class=\"elementor-widget-wrap elementor-element-populated\">\n\t\t\t\t\t\t<div class=\"elementor-element elementor-element-72c2ab6 elementor-widget elementor-widget-heading\" data-id=\"72c2ab6\" data-element_type=\"widget\" data-e-type=\"widget\" data-widget_type=\"heading.default\">\n\t\t\t\t<div class=\"elementor-widget-container\">\n\t\t\t\t\t<h2 class=\"elementor-heading-title elementor-size-default\">Relat\u00f3rio: O Eleitor do Futuro em 2006<\/h2>\t\t\t\t<\/div>\n\t\t\t\t<\/div>\n\t\t\t\t<div class=\"elementor-element elementor-element-c132904 elementor-widget elementor-widget-spacer\" data-id=\"c132904\" data-element_type=\"widget\" data-e-type=\"widget\" data-widget_type=\"spacer.default\">\n\t\t\t\t<div class=\"elementor-widget-container\">\n\t\t\t\t\t\t\t<div class=\"elementor-spacer\">\n\t\t\t<div class=\"elementor-spacer-inner\"><\/div>\n\t\t<\/div>\n\t\t\t\t\t\t<\/div>\n\t\t\t\t<\/div>\n\t\t\t\t<div class=\"elementor-element elementor-element-33fa489 elementor-widget elementor-widget-text-editor\" data-id=\"33fa489\" data-element_type=\"widget\" data-e-type=\"widget\" data-widget_type=\"text-editor.default\">\n\t\t\t\t<div class=\"elementor-widget-container\">\n\t\t\t\t\t\t\t\t\t<p class=\"CDt4Ke zfr3Q\" dir=\"ltr\">Neste per\u00edodo, implementamos o Programa Eleitor do Futuro em cinco escolas do Estado, sendo quatro em Goi\u00e2nia e uma em An\u00e1polis, quais sejam:<\/p><p dir=\"ltr\">\u00a0<\/p><ol class=\"n8H08c BKnRcf\"><li class=\"TYR86d wXCUfe zfr3Q\" dir=\"ltr\"><p class=\"CDt4Ke zfr3Q\" dir=\"ltr\">Escola Estadual Ary Ribeiro Valad\u00e3o Filho \u2014 Setor Finsocial;<\/p><\/li><li class=\"TYR86d wXCUfe zfr3Q\" dir=\"ltr\"><p class=\"CDt4Ke zfr3Q\" dir=\"ltr\">Col\u00e9gio Estadual Edmundo Rocha \u2014 Vila Mutir\u00e3o;<\/p><\/li><li class=\"TYR86d wXCUfe zfr3Q\" dir=\"ltr\"><p class=\"CDt4Ke zfr3Q\" dir=\"ltr\">Escola Centro Integrado SESI\/SENAI \u2014 Vila Cana\u00e3;<\/p><\/li><li class=\"TYR86d wXCUfe zfr3Q\" dir=\"ltr\"><p class=\"CDt4Ke zfr3Q\" dir=\"ltr\">Escola Centro Integrado SESI \u2014 Jardim Planalto;<\/p><\/li><li class=\"TYR86d wXCUfe zfr3Q\" dir=\"ltr\"><p class=\"CDt4Ke zfr3Q\" dir=\"ltr\">Col\u00e9gio Estadual Jos\u00e9 Ludovico Teixeira \u2014 An\u00e1polis\/GO.<\/p><\/li><\/ol><p class=\"CDt4Ke zfr3Q\" dir=\"ltr\">O Programa Eleitor do Futuro \u00e9 um dos projetos encampados pela escola, que tem por objetivo e como grande desafio, fazer a inclus\u00e3o social e pol\u00edtica dos jovens entre 10 e 15 anos, al\u00e9m de estimular o desenvolvimento e a consci\u00eancia pol\u00edtica dessas crian\u00e7as e adolescentes, preparando-os para o exerc\u00edcio do voto.<\/p><p dir=\"ltr\">\u00a0<\/p><p class=\"CDt4Ke zfr3Q\" dir=\"ltr\">Por meio de palestras e eventos interativos junto aos alunos da rede p\u00fablica, conveniada e privada de ensino, os futuros eleitores s\u00e3o informados sobre os seus direitos e deveres como cidad\u00e3os e sobre o papel respons\u00e1vel de cada um na forma\u00e7\u00e3o de uma sociedade justa e democr\u00e1tica.<\/p><p dir=\"ltr\">\u00a0<\/p><p class=\"CDt4Ke zfr3Q\" dir=\"ltr\">A Comiss\u00e3o Executiva do Programa elaborou uma cartilha educativa, contendo informa\u00e7\u00f5es \u00fateis sobre o exerc\u00edcio dos direitos de cidadania, denominada \u201cA Nave da Cidadania\u201d, que foi distribu\u00edda nas escolas e trabalhada pelos professores com seus alunos em sala de aula.<\/p><p dir=\"ltr\">\u00a0<\/p><p class=\"CDt4Ke zfr3Q\" dir=\"ltr\">O Programa se desenvolveu, inicialmente, com visita \u00e0s escolas para seu lan\u00e7amento e, posteriormente, com a realiza\u00e7\u00e3o de duas outras palestras em datas diversas, abordando temas sobre cidadania, democracia, solidariedade e a import\u00e2ncia do voto consciente para a constru\u00e7\u00e3o de um pa\u00eds melhor para todos.<\/p><p dir=\"ltr\">\u00a0<\/p><p class=\"CDt4Ke zfr3Q\" dir=\"ltr\">Excepcionalmente, trouxemos os alunos do col\u00e9gio Edmundo Rocha, da Vila Mutir\u00e3o, ao Tribunal, onde receberam os ricos depoimentos e ensinamentos do Dr. H\u00e9lio Telho Correa Filho, Procurador Regional Eleitoral, do Dr. Urbano Leal Berqu\u00f3, Juiz Membro da Corte, e do ent\u00e3o Presidente do TRE, Des. Elcy Santos de Melo.<\/p><p dir=\"ltr\">\u00a0<\/p><p class=\"CDt4Ke zfr3Q\" dir=\"ltr\">E, para que as crian\u00e7as pudessem compreender melhor o processo eleitoral, a equipe, contando com o valioso apoio da Secretaria da Tecnologia da Informa\u00e7\u00e3o, preparou e realizou elei\u00e7\u00f5es das pol\u00edticas p\u00fablicas priorit\u00e1rias, representadas pelos partidos pol\u00edticos a seguir discriminados:<\/p><p dir=\"ltr\">\u00a0<\/p><p class=\"CDt4Ke zfr3Q\" dir=\"ltr\">\u2013 Partido da Educa\u00e7\u00e3o, da Profissionaliza\u00e7\u00e3o e da Cultura;<\/p><p class=\"CDt4Ke zfr3Q\" dir=\"ltr\">\u2013 Partido da Vida e da Sa\u00fade;<\/p><p class=\"CDt4Ke zfr3Q\" dir=\"ltr\">\u2013 Partido da Liberdade, do Respeito e da Dignidade;<\/p><p class=\"CDt4Ke zfr3Q\" dir=\"ltr\">\u2013 Partido da Seguran\u00e7a P\u00fablica e do Combate \u00e0 Viol\u00eancia;<\/p><p class=\"CDt4Ke zfr3Q\" dir=\"ltr\">\u2013 Partido do Esporte e do Lazer.<\/p><p dir=\"ltr\">\u00a0<\/p><p class=\"CDt4Ke zfr3Q\" dir=\"ltr\">Os candidatos representantes de cada um desses partidos foram selecionados e, posteriormente, realizou-se o registro de suas candidaturas. Ap\u00f3s, os candidatos passaram a praticar os atos de campanha eleitoral, at\u00e9 a realiza\u00e7\u00e3o das elei\u00e7\u00f5es, com a utiliza\u00e7\u00e3o das urnas eletr\u00f4nicas.<\/p><p dir=\"ltr\">\u00a0<\/p><p class=\"CDt4Ke zfr3Q\" dir=\"ltr\">Tamb\u00e9m foi lan\u00e7ado o concurso de reda\u00e7\u00e3o, sob o tema \u201cPor que Votar?\u201d, cuja vencedora, Let\u00edcia Alves dos Anjos, aluna da Escola Centro Integrado Sesi\/Senai da Vila Cana\u00e3, recebeu, como pr\u00eamio, uma bicicleta, patrocinada pela CREDIJUR.<\/p><p dir=\"ltr\">\u00a0<\/p><p class=\"CDt4Ke zfr3Q\" dir=\"ltr\">Esse trabalho teve sua conclus\u00e3o com a solenidade de diploma\u00e7\u00e3o dos representantes dos Partidos Pol\u00edticos vencedores, realizada no Plen\u00e1rio desta Casa, no dia 29 de junho passado.<\/p><p dir=\"ltr\">\u00a0<\/p><p class=\"CDt4Ke zfr3Q\" dir=\"ltr\">Por fim, importante ressaltar que o sucesso do programa deve ser creditado, principalmente, \u00e0 participa\u00e7\u00e3o e entrosamento de toda a equipe do Tribunal, bem como \u00e0 receptividade que obteve das escolas participantes, atrav\u00e9s de sua dire\u00e7\u00e3o e seus professores.<\/p><p dir=\"ltr\">\u00a0<\/p><p class=\"CDt4Ke zfr3Q\" dir=\"ltr\">\u00c9 de se registrar tamb\u00e9m que a participa\u00e7\u00e3o e entusiasmo dos alunos motivou ainda mais a equipe em dar continuidade ao Programa, que sem d\u00favida ir\u00e1 produzir bons frutos tamb\u00e9m nos anos vindouros.<\/p>\t\t\t\t\t\t\t\t<\/div>\n\t\t\t\t<\/div>\n\t\t\t\t<div class=\"elementor-element elementor-element-526762b elementor-widget elementor-widget-spacer\" data-id=\"526762b\" data-element_type=\"widget\" data-e-type=\"widget\" data-widget_type=\"spacer.default\">\n\t\t\t\t<div class=\"elementor-widget-container\">\n\t\t\t\t\t\t\t<div class=\"elementor-spacer\">\n\t\t\t<div class=\"elementor-spacer-inner\"><\/div>\n\t\t<\/div>\n\t\t\t\t\t\t<\/div>\n\t\t\t\t<\/div>\n\t\t\t\t<div class=\"elementor-element elementor-element-6ecca01 elementor-widget elementor-widget-text-editor\" data-id=\"6ecca01\" data-element_type=\"widget\" data-e-type=\"widget\" data-widget_type=\"text-editor.default\">\n\t\t\t\t<div class=\"elementor-widget-container\">\n\t\t\t\t\t\t\t\t\t<p>Escola Judici\u00e1ria Eleitoral<\/p>\t\t\t\t\t\t\t\t<\/div>\n\t\t\t\t<\/div>\n\t\t\t\t\t<\/div>\n\t\t<\/div>\n\t\t\t\t\t<\/div>\n\t\t<\/section>\n\t\t\t\t<section class=\"elementor-section elementor-top-section elementor-element elementor-element-f0e259f elementor-section-boxed elementor-section-height-default elementor-section-height-default\" data-id=\"f0e259f\" data-element_type=\"section\" data-e-type=\"section\">\n\t\t\t\t\t\t<div class=\"elementor-container elementor-column-gap-default\">\n\t\t\t\t\t<div class=\"elementor-column elementor-col-100 elementor-top-column elementor-element elementor-element-ec8d71f\" data-id=\"ec8d71f\" data-element_type=\"column\" data-e-type=\"column\">\n\t\t\t<div class=\"elementor-widget-wrap elementor-element-populated\">\n\t\t\t\t\t\t<div class=\"elementor-element elementor-element-9fe839e elementor-widget elementor-widget-spacer\" data-id=\"9fe839e\" data-element_type=\"widget\" data-e-type=\"widget\" data-widget_type=\"spacer.default\">\n\t\t\t\t<div class=\"elementor-widget-container\">\n\t\t\t\t\t\t\t<div class=\"elementor-spacer\">\n\t\t\t<div class=\"elementor-spacer-inner\"><\/div>\n\t\t<\/div>\n\t\t\t\t\t\t<\/div>\n\t\t\t\t<\/div>\n\t\t\t\t\t<\/div>\n\t\t<\/div>\n\t\t\t\t\t<\/div>\n\t\t<\/section>\n\t\t\t\t<section class=\"elementor-section elementor-top-section elementor-element elementor-element-aeb68bd elementor-section-boxed elementor-section-height-default elementor-section-height-default\" data-id=\"aeb68bd\" data-element_type=\"section\" data-e-type=\"section\">\n\t\t\t\t\t\t<div class=\"elementor-container elementor-column-gap-default\">\n\t\t\t\t\t<div class=\"elementor-column elementor-col-100 elementor-top-column elementor-element elementor-element-2576807\" data-id=\"2576807\" data-element_type=\"column\" data-e-type=\"column\">\n\t\t\t<div class=\"elementor-widget-wrap\">\n\t\t\t\t\t\t\t<\/div>\n\t\t<\/div>\n\t\t\t\t\t<\/div>\n\t\t<\/section>\n\t\t\t\t<\/div>\n\t\t","protected":false},"excerpt":{"rendered":"<p>Programa Eleitor do Futuro Voltar para Programa Eleitor do Futuro Relat\u00f3rio: O Eleitor do Futuro em 2006 Neste per\u00edodo, implementamos o Programa Eleitor do Futuro em cinco escolas do Estado, sendo quatro em Goi\u00e2nia e uma em An\u00e1polis, quais sejam: \u00a0 Escola Estadual Ary Ribeiro Valad\u00e3o Filho \u2014 Setor Finsocial; Col\u00e9gio Estadual Edmundo Rocha \u2014 [&hellip;]<\/p>\n","protected":false},"author":4,"featured_media":0,"parent":0,"menu_order":0,"comment_status":"closed","ping_status":"closed","template":"","meta":{"site-sidebar-layout":"no-sidebar","site-content-layout":"page-builder","ast-site-content-layout":"default","site-content-style":"default","site-sidebar-style":"default","ast-global-header-display":"","ast-banner-title-visibility":"","ast-main-header-display":"","ast-hfb-above-header-display":"","ast-hfb-below-header-display":"","ast-hfb-mobile-header-display":"","site-post-title":"disabled","ast-breadcrumbs-content":"","ast-featured-img":"disabled","footer-sml-layout":"","ast-disable-related-posts":"","theme-transparent-header-meta":"enabled","adv-header-id-meta":"","stick-header-meta":"","header-above-stick-meta":"","header-main-stick-meta":"","header-below-stick-meta":"","astra-migrate-meta-layouts":"default","ast-page-background-enabled":"default","ast-page-background-meta":{"desktop":{"background-color":"var(--ast-global-color-4)","background-image":"","background-repeat":"repeat","background-position":"center center","background-size":"auto","background-attachment":"scroll","background-type":"","background-media":"","overlay-type":"","overlay-color":"","overlay-opacity":"","overlay-gradient":""},"tablet":{"background-color":"","background-image":"","background-repeat":"repeat","background-position":"center center","background-size":"auto","background-attachment":"scroll","background-type":"","background-media":"","overlay-type":"","overlay-color":"","overlay-opacity":"","overlay-gradient":""},"mobile":{"background-color":"","background-image":"","background-repeat":"repeat","background-position":"center center","background-size":"auto","background-attachment":"scroll","background-type":"","background-media":"","overlay-type":"","overlay-color":"","overlay-opacity":"","overlay-gradient":""}},"ast-content-background-meta":{"desktop":{"background-color":"var(--ast-global-color-5)","background-image":"","background-repeat":"repeat","background-position":"center center","background-size":"auto","background-attachment":"scroll","background-type":"","background-media":"","overlay-type":"","overlay-color":"","overlay-opacity":"","overlay-gradient":""},"tablet":{"background-color":"var(--ast-global-color-5)","background-image":"","background-repeat":"repeat","background-position":"center center","background-size":"auto","background-attachment":"scroll","background-type":"","background-media":"","overlay-type":"","overlay-color":"","overlay-opacity":"","overlay-gradient":""},"mobile":{"background-color":"var(--ast-global-color-5)","background-image":"","background-repeat":"repeat","background-position":"center center","background-size":"auto","background-attachment":"scroll","background-type":"","background-media":"","overlay-type":"","overlay-color":"","overlay-opacity":"","overlay-gradient":""}},"footnotes":""},"class_list":["post-11309","page","type-page","status-publish","hentry"],"_links":{"self":[{"href":"http:\/\/10.10.1.232\/wordpress\/index.php?rest_route=\/wp\/v2\/pages\/11309","targetHints":{"allow":["GET"]}}],"collection":[{"href":"http:\/\/10.10.1.232\/wordpress\/index.php?rest_route=\/wp\/v2\/pages"}],"about":[{"href":"http:\/\/10.10.1.232\/wordpress\/index.php?rest_route=\/wp\/v2\/types\/page"}],"author":[{"embeddable":true,"href":"http:\/\/10.10.1.232\/wordpress\/index.php?rest_route=\/wp\/v2\/users\/4"}],"replies":[{"embeddable":true,"href":"http:\/\/10.10.1.232\/wordpress\/index.php?rest_route=%2Fwp%2Fv2%2Fcomments&post=11309"}],"version-history":[{"count":10,"href":"http:\/\/10.10.1.232\/wordpress\/index.php?rest_route=\/wp\/v2\/pages\/11309\/revisions"}],"predecessor-version":[{"id":13283,"href":"http:\/\/10.10.1.232\/wordpress\/index.php?rest_route=\/wp\/v2\/pages\/11309\/revisions\/13283"}],"wp:attachment":[{"href":"http:\/\/10.10.1.232\/wordpress\/index.php?rest_route=%2Fwp%2Fv2%2Fmedia&parent=11309"}],"curies":[{"name":"wp","href":"https:\/\/api.w.org\/{rel}","templated":true}]}}