{"id":11046,"date":"2022-09-05T15:20:54","date_gmt":"2022-09-05T18:20:54","guid":{"rendered":"http:\/\/10.10.1.232\/wordpress\/?page_id=11046"},"modified":"2022-09-22T14:06:32","modified_gmt":"2022-09-22T17:06:32","slug":"mulheres-na-politica-primeiro-partido-feminista-do-brasil","status":"publish","type":"page","link":"http:\/\/10.10.1.232\/wordpress\/?page_id=11046","title":{"rendered":"Mulheres na Pol\u00edtica &#8211; Primeiro partido feminista do Brasil"},"content":{"rendered":"\t\t<div data-elementor-type=\"wp-page\" data-elementor-id=\"11046\" class=\"elementor elementor-11046\">\n\t\t\t\t\t\t<section class=\"elementor-section elementor-top-section elementor-element elementor-element-f609d5d elementor-section-boxed elementor-section-height-default elementor-section-height-default\" data-id=\"f609d5d\" data-element_type=\"section\">\n\t\t\t\t\t\t<div class=\"elementor-container elementor-column-gap-default\">\n\t\t\t\t\t<div class=\"elementor-column elementor-col-100 elementor-top-column elementor-element elementor-element-587ab86\" data-id=\"587ab86\" data-element_type=\"column\">\n\t\t\t<div class=\"elementor-widget-wrap elementor-element-populated\">\n\t\t\t\t\t\t<div class=\"elementor-element elementor-element-27f9174 elementor-widget elementor-widget-button\" data-id=\"27f9174\" data-element_type=\"widget\" data-widget_type=\"button.default\">\n\t\t\t\t<div class=\"elementor-widget-container\">\n\t\t\t\t\t\t\t\t\t<div class=\"elementor-button-wrapper\">\n\t\t\t\t\t<a class=\"elementor-button elementor-button-link elementor-size-sm\" href=\"http:\/\/10.10.1.232\/wordpress\/?page_id=3722\">\n\t\t\t\t\t\t<span class=\"elementor-button-content-wrapper\">\n\t\t\t\t\t\t<span class=\"elementor-button-icon\">\n\t\t\t\t<i aria-hidden=\"true\" class=\"fas fa-angle-double-left\"><\/i>\t\t\t<\/span>\n\t\t\t\t\t\t\t\t\t<span class=\"elementor-button-text\">Voltar para Mulheres na Pol\u00edtica<\/span>\n\t\t\t\t\t<\/span>\n\t\t\t\t\t<\/a>\n\t\t\t\t<\/div>\n\t\t\t\t\t\t\t\t<\/div>\n\t\t\t\t<\/div>\n\t\t\t\t<div class=\"elementor-element elementor-element-45d495b elementor-widget elementor-widget-spacer\" data-id=\"45d495b\" data-element_type=\"widget\" data-widget_type=\"spacer.default\">\n\t\t\t\t<div class=\"elementor-widget-container\">\n\t\t\t\t\t\t\t<div class=\"elementor-spacer\">\n\t\t\t<div class=\"elementor-spacer-inner\"><\/div>\n\t\t<\/div>\n\t\t\t\t\t\t<\/div>\n\t\t\t\t<\/div>\n\t\t\t\t<div class=\"elementor-element elementor-element-7e4a496 elementor-widget elementor-widget-heading\" data-id=\"7e4a496\" data-element_type=\"widget\" data-widget_type=\"heading.default\">\n\t\t\t\t<div class=\"elementor-widget-container\">\n\t\t\t\t\t<h2 class=\"elementor-heading-title elementor-size-default\">Primeiro partido feminista do Brasil<\/h2>\t\t\t\t<\/div>\n\t\t\t\t<\/div>\n\t\t\t\t<div class=\"elementor-element elementor-element-057a6d9 elementor-widget elementor-widget-spacer\" data-id=\"057a6d9\" data-element_type=\"widget\" data-widget_type=\"spacer.default\">\n\t\t\t\t<div class=\"elementor-widget-container\">\n\t\t\t\t\t\t\t<div class=\"elementor-spacer\">\n\t\t\t<div class=\"elementor-spacer-inner\"><\/div>\n\t\t<\/div>\n\t\t\t\t\t\t<\/div>\n\t\t\t\t<\/div>\n\t\t\t\t<section class=\"elementor-section elementor-inner-section elementor-element elementor-element-ebb8a5b elementor-section-boxed elementor-section-height-default elementor-section-height-default\" data-id=\"ebb8a5b\" data-element_type=\"section\">\n\t\t\t\t\t\t<div class=\"elementor-container elementor-column-gap-default\">\n\t\t\t\t\t<div class=\"elementor-column elementor-col-33 elementor-inner-column elementor-element elementor-element-e99d031\" data-id=\"e99d031\" data-element_type=\"column\">\n\t\t\t<div class=\"elementor-widget-wrap\">\n\t\t\t\t\t\t\t<\/div>\n\t\t<\/div>\n\t\t\t\t<div class=\"elementor-column elementor-col-33 elementor-inner-column elementor-element elementor-element-3fa4a9d\" data-id=\"3fa4a9d\" data-element_type=\"column\">\n\t\t\t<div class=\"elementor-widget-wrap elementor-element-populated\">\n\t\t\t\t\t\t<div class=\"elementor-element elementor-element-2bf86a0 elementor-widget elementor-widget-image\" data-id=\"2bf86a0\" data-element_type=\"widget\" data-widget_type=\"image.default\">\n\t\t\t\t<div class=\"elementor-widget-container\">\n\t\t\t\t\t\t\t\t\t\t\t\t<figure class=\"wp-caption\">\n\t\t\t\t\t\t\t\t\t\t<img fetchpriority=\"high\" decoding=\"async\" width=\"763\" height=\"453\" src=\"http:\/\/10.10.1.232\/wordpress\/wp-content\/uploads\/2022\/06\/Primeiro-partido-feminista-do-Brasil.png\" class=\"attachment-large size-large wp-image-3773\" alt=\"\" \/>\t\t\t\t\t\t\t\t\t\t\t<figcaption class=\"widget-image-caption wp-caption-text\"><\/figcaption>\n\t\t\t\t\t\t\t\t\t\t<\/figure>\n\t\t\t\t\t\t\t\t\t<\/div>\n\t\t\t\t<\/div>\n\t\t\t\t\t<\/div>\n\t\t<\/div>\n\t\t\t\t<div class=\"elementor-column elementor-col-33 elementor-inner-column elementor-element elementor-element-3e51ec7\" data-id=\"3e51ec7\" data-element_type=\"column\">\n\t\t\t<div class=\"elementor-widget-wrap\">\n\t\t\t\t\t\t\t<\/div>\n\t\t<\/div>\n\t\t\t\t\t<\/div>\n\t\t<\/section>\n\t\t\t\t\t<\/div>\n\t\t<\/div>\n\t\t\t\t\t<\/div>\n\t\t<\/section>\n\t\t\t\t<section class=\"elementor-section elementor-top-section elementor-element elementor-element-84d8aff elementor-section-boxed elementor-section-height-default elementor-section-height-default\" data-id=\"84d8aff\" data-element_type=\"section\">\n\t\t\t\t\t\t<div class=\"elementor-container elementor-column-gap-default\">\n\t\t\t\t\t<div class=\"elementor-column elementor-col-100 elementor-top-column elementor-element elementor-element-48aa7b6\" data-id=\"48aa7b6\" data-element_type=\"column\">\n\t\t\t<div class=\"elementor-widget-wrap elementor-element-populated\">\n\t\t\t\t\t\t<div class=\"elementor-element elementor-element-20be5d5 elementor-widget elementor-widget-spacer\" data-id=\"20be5d5\" data-element_type=\"widget\" data-widget_type=\"spacer.default\">\n\t\t\t\t<div class=\"elementor-widget-container\">\n\t\t\t\t\t\t\t<div class=\"elementor-spacer\">\n\t\t\t<div class=\"elementor-spacer-inner\"><\/div>\n\t\t<\/div>\n\t\t\t\t\t\t<\/div>\n\t\t\t\t<\/div>\n\t\t\t\t<div class=\"elementor-element elementor-element-c1ddc15 elementor-widget elementor-widget-text-editor\" data-id=\"c1ddc15\" data-element_type=\"widget\" data-widget_type=\"text-editor.default\">\n\t\t\t\t<div class=\"elementor-widget-container\">\n\t\t\t\t\t\t\t\t\t<p class=\"CDt4Ke zfr3Q\" dir=\"ltr\">Conhe\u00e7a a hist\u00f3ria do primeiro partido pol\u00edtico feminista do Brasil, fundado h\u00e1 110 anos.<\/p><p dir=\"ltr\">\u00a0<\/p><p class=\"CDt4Ke zfr3Q\" dir=\"ltr\">Partido Republicano Feminino foi fundado pela sufragista Leolinda de Figueiredo Daltro em dezembro de 1910 no Rio de Janeiro e tinha como objetivo mobilizar as mulheres na luta pelo direito ao voto.<\/p><p dir=\"ltr\">\u00a0<\/p><p class=\"CDt4Ke zfr3Q\" dir=\"ltr\">Leolinda de Figueiredo Daltro foi perseguida e apelidada de \u201cmulher do diabo\u201d por defender os direitos das mulheres e dos povos ind\u00edgenas.<\/p><p dir=\"ltr\">\u00a0<\/p><p class=\"CDt4Ke zfr3Q\" dir=\"ltr\">A luta das mulheres pelo direito ao voto no Brasil Antecede a proclama\u00e7\u00e3o da Rep\u00fablica. Mas \u00e9 no in\u00edcio de s\u00e9culo XX que a mobiliza\u00e7\u00e3o ganha um impulso maior e se organiza de forma mais efetiva. Um dos marcos desta hist\u00f3ria foi a funda\u00e7\u00e3o, em dezembro de 1910, do Partido Republicano Feminino.<\/p><p dir=\"ltr\">\u00a0<\/p><p class=\"CDt4Ke zfr3Q\" dir=\"ltr\">O primeiro partido feminista do pa\u00eds foi criado no Rio de Janeiro pela sufragista Leolinda de Figueiredo Daltro (1860-1935). A iniciativa de criar a agremia\u00e7\u00e3o partiu da revolta da ativista, que requereu o alistamento eleitoral naquele ano, mas teve seu pedido negado. O objetivo da organiza\u00e7\u00e3o era o de mobilizar mais mulheres na luta pelo direito ao voto.<\/p><p dir=\"ltr\">\u00a0<\/p><p class=\"CDt4Ke zfr3Q\" dir=\"ltr\">Leolinda questionava a aus\u00eancia do sufr\u00e1gio feminino na Constitui\u00e7\u00e3o de 1891. Durante a Constituinte de 1890, a discuss\u00e3o sobre o tema foi intensa, mas todas as propostas de estender o direito ao voto \u00e0s mulheres no texto legislativo foram derrotadas, sob a justificativa de que com ele, seria decretado o fim da \u201cfam\u00edlias brasileira\u201d.<\/p><p dir=\"ltr\">\u00a0<\/p><p class=\"CDt4Ke zfr3Q\" dir=\"ltr\">Leolinda era uma mulher desquitada, que criou seus cinco filhos separada do marido e muito ativa politicamente. Por sua atua\u00e7\u00e3o, foi perseguida e apelidada de \u201cmulher do diabo\u201d. Nascida na Bahia, ela mudou-se para o Rio de Janeiro onde morou a maior parte da vida.<\/p><p dir=\"ltr\">\u00a0<\/p><p class=\"CDt4Ke zfr3Q\" dir=\"ltr\">Antes de se dedicar a luta feminista, Leolinda abra\u00e7ou a causa ind\u00edgena. Seu objetivo era o de incorporar os \u00edndios brasileiros \u00e0 sociedade pela via da educa\u00e7\u00e3o, sobretudo sem conota\u00e7\u00e3o religiosa. Em 1896, iniciou uma empreitada ambiciosa e percorreu o interior do pa\u00eds promovendo a alfabetiza\u00e7\u00e3o em aldeias ind\u00edgenas. Em 1910, mesmo ano em que fundou o Partido Republicano Feminino, ela dirigia a Escola de Ciencias, Artes e Profiss\u00f5es Orsina da Fonseca, localizada no bairro da Tijuca, Zona Norte do Rio de Janeiro.<\/p><p dir=\"ltr\">\u00a0<\/p><p class=\"CDt4Ke zfr3Q\" dir=\"ltr\">Em dezembro daquele ano, Leolinda liderou em grupo de 27 mulheres, entre elas professoras, escritoras e donas de casa, que se reuniram na ent\u00e3o capital federal para assinar a ata da funda\u00e7\u00e3o do partido. O grupo buscava representar as mulheres brasileiras promovendo a coopera\u00e7\u00e3o entre elas na defesa das causas relativas ao progresso do pa\u00eds e de sua cidadania. Assim, o programa do partido destacava a luta pelo sufr\u00e1gio feminino como primeiro passo para a plena incorpora\u00e7\u00e3o das mulheres \u00e0 esfera p\u00fablica.<\/p><p dir=\"ltr\">\u00a0<\/p><p class=\"CDt4Ke zfr3Q\" dir=\"ltr\">Inspirado no movimento sufragista ingl\u00eas, o PRF organizava passeatas para reivindicar o direito ao voto e condi\u00e7\u00f5es dignas de trabalho e educa\u00e7\u00e3o para as mulheres brasileiras. O partido de tornou a primeira organiza\u00e7\u00e3o a liderar a luta pelo sufr\u00e1gio feminino no Brasil. Posteriormente, foi substitu\u00eddo pela Federa\u00e7\u00e3o Brasileira pelo Progresso Feminino, criada por Bertha Lutz em 1922.<\/p><p dir=\"ltr\">\u00a0<\/p><p class=\"CDt4Ke zfr3Q\" dir=\"ltr\">Por mais de uma d\u00e9cada, Leolinda e suas companheiras de milit\u00e2ncia \u2013 entre elas a poeta Gilka Machado, que foi a primeira secret\u00e1ria do partido \u2013 ocuparam a cena pol\u00edtica carioca colocando em evid\u00eancia a luta pelo sufr\u00e1gio feminino e pela cidadania das mulheres. Seu verbete no \u201cDicion\u00e1rio das Mulheres do Brasil\u201d (2000) descreve que fazia parte de estrat\u00e9gia Leolinda comparecer a todos os eventos que pudessem ter repercuss\u00e3o na imprensa. O movimento causou barulho e teve grande repercuss\u00e3o, dividindo opini\u00f5es a cerca do voto feminino.<\/p><p dir=\"ltr\">\u00a0<\/p><p class=\"CDt4Ke zfr3Q\" dir=\"ltr\">Em 1919, Leolinda se lan\u00e7ou candidata \u00e0 Intend\u00eancia Municipal do Distrito Federal, mas n\u00e3o conseguiu formalizar sua candidatura. No decorrer dos anos 1920, foi aos poucos se afastando da cena pol\u00edtica, passando a se dedicar exclusivamente a sua atua\u00e7\u00e3o como educadora. Logo ap\u00f3s as mulheres terem finalmente conquistado o direito ao voto, em 1932, Leolinda disse que morreria feliz, pois vira vitoriosa sua luta pela emancipa\u00e7\u00e3o pol\u00edtica das mulheres brasileiras. Morreu tr\u00eas anos depois, em 1935, num acidente de carro.<\/p>\t\t\t\t\t\t\t\t<\/div>\n\t\t\t\t<\/div>\n\t\t\t\t<div class=\"elementor-element elementor-element-aaa1edb elementor-widget elementor-widget-text-editor\" data-id=\"aaa1edb\" data-element_type=\"widget\" data-widget_type=\"text-editor.default\">\n\t\t\t\t<div class=\"elementor-widget-container\">\n\t\t\t\t\t\t\t\t\t<p style=\"text-align: right;\"><small id=\"h.9mvbih32cy12\" class=\"CDt4Ke zfr3Q TMjjoe\" dir=\"ltr\">Fonte: O Globo<\/small><\/p><p style=\"text-align: right;\"><small id=\"h.ple2ksh8f6bw\" class=\"CDt4Ke zfr3Q TMjjoe\" dir=\"ltr\">Imagem: Reprodu\u00e7\u00e3o<\/small><\/p>\t\t\t\t\t\t\t\t<\/div>\n\t\t\t\t<\/div>\n\t\t\t\t\t<\/div>\n\t\t<\/div>\n\t\t\t\t\t<\/div>\n\t\t<\/section>\n\t\t\t\t<section class=\"elementor-section elementor-top-section elementor-element elementor-element-fba3f8f elementor-section-boxed elementor-section-height-default elementor-section-height-default\" data-id=\"fba3f8f\" data-element_type=\"section\">\n\t\t\t\t\t\t<div class=\"elementor-container elementor-column-gap-default\">\n\t\t\t\t\t<div class=\"elementor-column elementor-col-100 elementor-top-column elementor-element elementor-element-406097e\" data-id=\"406097e\" data-element_type=\"column\">\n\t\t\t<div class=\"elementor-widget-wrap elementor-element-populated\">\n\t\t\t\t\t\t<div class=\"elementor-element elementor-element-2bd2a5c elementor-widget elementor-widget-spacer\" data-id=\"2bd2a5c\" data-element_type=\"widget\" data-widget_type=\"spacer.default\">\n\t\t\t\t<div class=\"elementor-widget-container\">\n\t\t\t\t\t\t\t<div class=\"elementor-spacer\">\n\t\t\t<div class=\"elementor-spacer-inner\"><\/div>\n\t\t<\/div>\n\t\t\t\t\t\t<\/div>\n\t\t\t\t<\/div>\n\t\t\t\t\t<\/div>\n\t\t<\/div>\n\t\t\t\t\t<\/div>\n\t\t<\/section>\n\t\t\t\t<section class=\"elementor-section elementor-top-section elementor-element elementor-element-5c752b5 elementor-section-boxed elementor-section-height-default elementor-section-height-default\" data-id=\"5c752b5\" data-element_type=\"section\">\n\t\t\t\t\t\t<div class=\"elementor-container elementor-column-gap-default\">\n\t\t\t\t\t<div class=\"elementor-column elementor-col-100 elementor-top-column elementor-element elementor-element-538b66a\" data-id=\"538b66a\" data-element_type=\"column\">\n\t\t\t<div class=\"elementor-widget-wrap\">\n\t\t\t\t\t\t\t<\/div>\n\t\t<\/div>\n\t\t\t\t\t<\/div>\n\t\t<\/section>\n\t\t\t\t<\/div>\n\t\t","protected":false},"excerpt":{"rendered":"<p>Voltar para Mulheres na Pol\u00edtica Primeiro partido feminista do Brasil Conhe\u00e7a a hist\u00f3ria do primeiro partido pol\u00edtico feminista do Brasil, fundado h\u00e1 110 anos. \u00a0 Partido Republicano Feminino foi fundado pela sufragista Leolinda de Figueiredo Daltro em dezembro de 1910 no Rio de Janeiro e tinha como objetivo mobilizar as mulheres na luta pelo direito [&hellip;]<\/p>\n","protected":false},"author":4,"featured_media":0,"parent":0,"menu_order":0,"comment_status":"closed","ping_status":"closed","template":"","meta":{"site-sidebar-layout":"no-sidebar","site-content-layout":"page-builder","ast-site-content-layout":"default","site-content-style":"default","site-sidebar-style":"default","ast-global-header-display":"","ast-banner-title-visibility":"","ast-main-header-display":"","ast-hfb-above-header-display":"","ast-hfb-below-header-display":"","ast-hfb-mobile-header-display":"","site-post-title":"disabled","ast-breadcrumbs-content":"","ast-featured-img":"disabled","footer-sml-layout":"","theme-transparent-header-meta":"","adv-header-id-meta":"","stick-header-meta":"","header-above-stick-meta":"","header-main-stick-meta":"","header-below-stick-meta":"","astra-migrate-meta-layouts":"default","ast-page-background-enabled":"default","ast-page-background-meta":{"desktop":{"background-color":"var(--ast-global-color-4)","background-image":"","background-repeat":"repeat","background-position":"center center","background-size":"auto","background-attachment":"scroll","background-type":"","background-media":"","overlay-type":"","overlay-color":"","overlay-opacity":"","overlay-gradient":""},"tablet":{"background-color":"","background-image":"","background-repeat":"repeat","background-position":"center center","background-size":"auto","background-attachment":"scroll","background-type":"","background-media":"","overlay-type":"","overlay-color":"","overlay-opacity":"","overlay-gradient":""},"mobile":{"background-color":"","background-image":"","background-repeat":"repeat","background-position":"center center","background-size":"auto","background-attachment":"scroll","background-type":"","background-media":"","overlay-type":"","overlay-color":"","overlay-opacity":"","overlay-gradient":""}},"ast-content-background-meta":{"desktop":{"background-color":"var(--ast-global-color-5)","background-image":"","background-repeat":"repeat","background-position":"center center","background-size":"auto","background-attachment":"scroll","background-type":"","background-media":"","overlay-type":"","overlay-color":"","overlay-opacity":"","overlay-gradient":""},"tablet":{"background-color":"var(--ast-global-color-5)","background-image":"","background-repeat":"repeat","background-position":"center center","background-size":"auto","background-attachment":"scroll","background-type":"","background-media":"","overlay-type":"","overlay-color":"","overlay-opacity":"","overlay-gradient":""},"mobile":{"background-color":"var(--ast-global-color-5)","background-image":"","background-repeat":"repeat","background-position":"center center","background-size":"auto","background-attachment":"scroll","background-type":"","background-media":"","overlay-type":"","overlay-color":"","overlay-opacity":"","overlay-gradient":""}},"footnotes":""},"class_list":["post-11046","page","type-page","status-publish","hentry"],"_links":{"self":[{"href":"http:\/\/10.10.1.232\/wordpress\/index.php?rest_route=\/wp\/v2\/pages\/11046","targetHints":{"allow":["GET"]}}],"collection":[{"href":"http:\/\/10.10.1.232\/wordpress\/index.php?rest_route=\/wp\/v2\/pages"}],"about":[{"href":"http:\/\/10.10.1.232\/wordpress\/index.php?rest_route=\/wp\/v2\/types\/page"}],"author":[{"embeddable":true,"href":"http:\/\/10.10.1.232\/wordpress\/index.php?rest_route=\/wp\/v2\/users\/4"}],"replies":[{"embeddable":true,"href":"http:\/\/10.10.1.232\/wordpress\/index.php?rest_route=%2Fwp%2Fv2%2Fcomments&post=11046"}],"version-history":[{"count":10,"href":"http:\/\/10.10.1.232\/wordpress\/index.php?rest_route=\/wp\/v2\/pages\/11046\/revisions"}],"predecessor-version":[{"id":15614,"href":"http:\/\/10.10.1.232\/wordpress\/index.php?rest_route=\/wp\/v2\/pages\/11046\/revisions\/15614"}],"wp:attachment":[{"href":"http:\/\/10.10.1.232\/wordpress\/index.php?rest_route=%2Fwp%2Fv2%2Fmedia&parent=11046"}],"curies":[{"name":"wp","href":"https:\/\/api.w.org\/{rel}","templated":true}]}}