{"id":11006,"date":"2022-09-05T15:03:11","date_gmt":"2022-09-05T18:03:11","guid":{"rendered":"http:\/\/10.10.1.232\/wordpress\/?page_id=11006"},"modified":"2022-09-22T14:06:48","modified_gmt":"2022-09-22T17:06:48","slug":"mulheres-na-politica-primeira-deputada-negra-do-brasil","status":"publish","type":"page","link":"http:\/\/10.10.1.232\/wordpress\/?page_id=11006","title":{"rendered":"Mulheres na Pol\u00edtica &#8211; Primeira deputada negra do Brasil"},"content":{"rendered":"\t\t<div data-elementor-type=\"wp-page\" data-elementor-id=\"11006\" class=\"elementor elementor-11006\">\n\t\t\t\t\t\t<section class=\"elementor-section elementor-top-section elementor-element elementor-element-f609d5d elementor-section-boxed elementor-section-height-default elementor-section-height-default\" data-id=\"f609d5d\" data-element_type=\"section\">\n\t\t\t\t\t\t<div class=\"elementor-container elementor-column-gap-default\">\n\t\t\t\t\t<div class=\"elementor-column elementor-col-100 elementor-top-column elementor-element elementor-element-587ab86\" data-id=\"587ab86\" data-element_type=\"column\">\n\t\t\t<div class=\"elementor-widget-wrap elementor-element-populated\">\n\t\t\t\t\t\t<div class=\"elementor-element elementor-element-27f9174 elementor-widget elementor-widget-button\" data-id=\"27f9174\" data-element_type=\"widget\" data-widget_type=\"button.default\">\n\t\t\t\t<div class=\"elementor-widget-container\">\n\t\t\t\t\t\t\t\t\t<div class=\"elementor-button-wrapper\">\n\t\t\t\t\t<a class=\"elementor-button elementor-button-link elementor-size-sm\" href=\"http:\/\/10.10.1.232\/wordpress\/?page_id=3722\">\n\t\t\t\t\t\t<span class=\"elementor-button-content-wrapper\">\n\t\t\t\t\t\t<span class=\"elementor-button-icon\">\n\t\t\t\t<i aria-hidden=\"true\" class=\"fas fa-angle-double-left\"><\/i>\t\t\t<\/span>\n\t\t\t\t\t\t\t\t\t<span class=\"elementor-button-text\">Voltar para Mulheres na Pol\u00edtica<\/span>\n\t\t\t\t\t<\/span>\n\t\t\t\t\t<\/a>\n\t\t\t\t<\/div>\n\t\t\t\t\t\t\t\t<\/div>\n\t\t\t\t<\/div>\n\t\t\t\t<div class=\"elementor-element elementor-element-45d495b elementor-widget elementor-widget-spacer\" data-id=\"45d495b\" data-element_type=\"widget\" data-widget_type=\"spacer.default\">\n\t\t\t\t<div class=\"elementor-widget-container\">\n\t\t\t\t\t\t\t<div class=\"elementor-spacer\">\n\t\t\t<div class=\"elementor-spacer-inner\"><\/div>\n\t\t<\/div>\n\t\t\t\t\t\t<\/div>\n\t\t\t\t<\/div>\n\t\t\t\t<div class=\"elementor-element elementor-element-7e4a496 elementor-widget elementor-widget-heading\" data-id=\"7e4a496\" data-element_type=\"widget\" data-widget_type=\"heading.default\">\n\t\t\t\t<div class=\"elementor-widget-container\">\n\t\t\t\t\t<h2 class=\"elementor-heading-title elementor-size-default\">Primeira deputada negra do Brasil<\/h2>\t\t\t\t<\/div>\n\t\t\t\t<\/div>\n\t\t\t\t<div class=\"elementor-element elementor-element-057a6d9 elementor-widget elementor-widget-spacer\" data-id=\"057a6d9\" data-element_type=\"widget\" data-widget_type=\"spacer.default\">\n\t\t\t\t<div class=\"elementor-widget-container\">\n\t\t\t\t\t\t\t<div class=\"elementor-spacer\">\n\t\t\t<div class=\"elementor-spacer-inner\"><\/div>\n\t\t<\/div>\n\t\t\t\t\t\t<\/div>\n\t\t\t\t<\/div>\n\t\t\t\t<section class=\"elementor-section elementor-inner-section elementor-element elementor-element-ebb8a5b elementor-section-boxed elementor-section-height-default elementor-section-height-default\" data-id=\"ebb8a5b\" data-element_type=\"section\">\n\t\t\t\t\t\t<div class=\"elementor-container elementor-column-gap-default\">\n\t\t\t\t\t<div class=\"elementor-column elementor-col-33 elementor-inner-column elementor-element elementor-element-e99d031\" data-id=\"e99d031\" data-element_type=\"column\">\n\t\t\t<div class=\"elementor-widget-wrap\">\n\t\t\t\t\t\t\t<\/div>\n\t\t<\/div>\n\t\t\t\t<div class=\"elementor-column elementor-col-33 elementor-inner-column elementor-element elementor-element-3fa4a9d\" data-id=\"3fa4a9d\" data-element_type=\"column\">\n\t\t\t<div class=\"elementor-widget-wrap elementor-element-populated\">\n\t\t\t\t\t\t<div class=\"elementor-element elementor-element-2bf86a0 elementor-widget elementor-widget-image\" data-id=\"2bf86a0\" data-element_type=\"widget\" data-widget_type=\"image.default\">\n\t\t\t\t<div class=\"elementor-widget-container\">\n\t\t\t\t\t\t\t\t\t\t\t\t<figure class=\"wp-caption\">\n\t\t\t\t\t\t\t\t\t\t<img fetchpriority=\"high\" decoding=\"async\" width=\"793\" height=\"445\" src=\"http:\/\/10.10.1.232\/wordpress\/wp-content\/uploads\/2022\/09\/Primeira-deputada-negra-do-Brasil.jpg\" class=\"attachment-large size-large wp-image-11021\" alt=\"\" \/>\t\t\t\t\t\t\t\t\t\t\t<figcaption class=\"widget-image-caption wp-caption-text\">Primeira deputada negra do Brasil criou o Dia do Professor em 1948<\/figcaption>\n\t\t\t\t\t\t\t\t\t\t<\/figure>\n\t\t\t\t\t\t\t\t\t<\/div>\n\t\t\t\t<\/div>\n\t\t\t\t\t<\/div>\n\t\t<\/div>\n\t\t\t\t<div class=\"elementor-column elementor-col-33 elementor-inner-column elementor-element elementor-element-3e51ec7\" data-id=\"3e51ec7\" data-element_type=\"column\">\n\t\t\t<div class=\"elementor-widget-wrap\">\n\t\t\t\t\t\t\t<\/div>\n\t\t<\/div>\n\t\t\t\t\t<\/div>\n\t\t<\/section>\n\t\t\t\t\t<\/div>\n\t\t<\/div>\n\t\t\t\t\t<\/div>\n\t\t<\/section>\n\t\t\t\t<section class=\"elementor-section elementor-top-section elementor-element elementor-element-84d8aff elementor-section-boxed elementor-section-height-default elementor-section-height-default\" data-id=\"84d8aff\" data-element_type=\"section\">\n\t\t\t\t\t\t<div class=\"elementor-container elementor-column-gap-default\">\n\t\t\t\t\t<div class=\"elementor-column elementor-col-100 elementor-top-column elementor-element elementor-element-48aa7b6\" data-id=\"48aa7b6\" data-element_type=\"column\">\n\t\t\t<div class=\"elementor-widget-wrap elementor-element-populated\">\n\t\t\t\t\t\t<div class=\"elementor-element elementor-element-20be5d5 elementor-widget elementor-widget-spacer\" data-id=\"20be5d5\" data-element_type=\"widget\" data-widget_type=\"spacer.default\">\n\t\t\t\t<div class=\"elementor-widget-container\">\n\t\t\t\t\t\t\t<div class=\"elementor-spacer\">\n\t\t\t<div class=\"elementor-spacer-inner\"><\/div>\n\t\t<\/div>\n\t\t\t\t\t\t<\/div>\n\t\t\t\t<\/div>\n\t\t\t\t<div class=\"elementor-element elementor-element-c1ddc15 elementor-widget elementor-widget-text-editor\" data-id=\"c1ddc15\" data-element_type=\"widget\" data-widget_type=\"text-editor.default\">\n\t\t\t\t<div class=\"elementor-widget-container\">\n\t\t\t\t\t\t\t\t\t<p class=\"CDt4Ke zfr3Q\" dir=\"ltr\">A partir de 1963 o Dia do Professor passou a ser comemorado oficialmente em 15 de outubro em todo o Brasil. Mas a data j\u00e1 era celebrada em Santa Catarina desde 1948 por iniciativa de Antonieta de Barros, a primeira mulher negra a ser eleita deputada no pa\u00eds. Professora por forma\u00e7\u00e3o e filha de uma ex-escrava, ela teve papel fundamental na luta pela igualdade racial e pelos direitos das mulheres.<\/p><p dir=\"ltr\">\u00a0<\/p><p class=\"CDt4Ke zfr3Q\" dir=\"ltr\">O dia 15 de outubro foi escolhido como Dia do Professor em refer\u00eancia \u00e0 data em que o imperador D. Pedro I instituiu o Ensino Elementar no Brasil, em 1827. No ano de 1947, o professor paulista Salom\u00e3o Becker j\u00e1 havia proposto a cria\u00e7\u00e3o de um dia de confraterniza\u00e7\u00e3o e homenagem aos professores. No ano seguinte, Antonieta de Barros apresentou \u00e0 Assembleia Legislativa catarinense o projeto de lei que criava o Dia do Professor. Somente 15 anos depois \u00e9 que a data passou a ser oficializada em todo o Brasil, ap\u00f3s a assinatura de um decreto do presidente Jo\u00e3o Goulart.<\/p>\t\t\t\t\t\t\t\t<\/div>\n\t\t\t\t<\/div>\n\t\t\t\t<div class=\"elementor-element elementor-element-2f59042 elementor-widget elementor-widget-spacer\" data-id=\"2f59042\" data-element_type=\"widget\" data-widget_type=\"spacer.default\">\n\t\t\t\t<div class=\"elementor-widget-container\">\n\t\t\t\t\t\t\t<div class=\"elementor-spacer\">\n\t\t\t<div class=\"elementor-spacer-inner\"><\/div>\n\t\t<\/div>\n\t\t\t\t\t\t<\/div>\n\t\t\t\t<\/div>\n\t\t\t\t<section class=\"elementor-section elementor-inner-section elementor-element elementor-element-87efb77 elementor-section-boxed elementor-section-height-default elementor-section-height-default\" data-id=\"87efb77\" data-element_type=\"section\">\n\t\t\t\t\t\t<div class=\"elementor-container elementor-column-gap-default\">\n\t\t\t\t\t<div class=\"elementor-column elementor-col-33 elementor-inner-column elementor-element elementor-element-3eb49b9\" data-id=\"3eb49b9\" data-element_type=\"column\">\n\t\t\t<div class=\"elementor-widget-wrap\">\n\t\t\t\t\t\t\t<\/div>\n\t\t<\/div>\n\t\t\t\t<div class=\"elementor-column elementor-col-33 elementor-inner-column elementor-element elementor-element-c4a438f\" data-id=\"c4a438f\" data-element_type=\"column\">\n\t\t\t<div class=\"elementor-widget-wrap elementor-element-populated\">\n\t\t\t\t\t\t<div class=\"elementor-element elementor-element-03f1d5f elementor-widget elementor-widget-image\" data-id=\"03f1d5f\" data-element_type=\"widget\" data-widget_type=\"image.default\">\n\t\t\t\t<div class=\"elementor-widget-container\">\n\t\t\t\t\t\t\t\t\t\t\t\t\t\t\t<img decoding=\"async\" width=\"929\" height=\"579\" src=\"http:\/\/10.10.1.232\/wordpress\/wp-content\/uploads\/2022\/06\/Primeira-deputada-negra-do-Brasil-criou-o-Dia-do-Professor-em-1948-2.png\" class=\"attachment-large size-large wp-image-3755\" alt=\"\" \/>\t\t\t\t\t\t\t\t\t\t\t\t\t\t\t<\/div>\n\t\t\t\t<\/div>\n\t\t\t\t\t<\/div>\n\t\t<\/div>\n\t\t\t\t<div class=\"elementor-column elementor-col-33 elementor-inner-column elementor-element elementor-element-0715df8\" data-id=\"0715df8\" data-element_type=\"column\">\n\t\t\t<div class=\"elementor-widget-wrap\">\n\t\t\t\t\t\t\t<\/div>\n\t\t<\/div>\n\t\t\t\t\t<\/div>\n\t\t<\/section>\n\t\t\t\t<div class=\"elementor-element elementor-element-5f739c7 elementor-widget elementor-widget-spacer\" data-id=\"5f739c7\" data-element_type=\"widget\" data-widget_type=\"spacer.default\">\n\t\t\t\t<div class=\"elementor-widget-container\">\n\t\t\t\t\t\t\t<div class=\"elementor-spacer\">\n\t\t\t<div class=\"elementor-spacer-inner\"><\/div>\n\t\t<\/div>\n\t\t\t\t\t\t<\/div>\n\t\t\t\t<\/div>\n\t\t\t\t\t<\/div>\n\t\t<\/div>\n\t\t\t\t\t<\/div>\n\t\t<\/section>\n\t\t\t\t<section class=\"elementor-section elementor-top-section elementor-element elementor-element-a3d3b2f elementor-section-boxed elementor-section-height-default elementor-section-height-default\" data-id=\"a3d3b2f\" data-element_type=\"section\">\n\t\t\t\t\t\t<div class=\"elementor-container elementor-column-gap-default\">\n\t\t\t\t\t<div class=\"elementor-column elementor-col-100 elementor-top-column elementor-element elementor-element-71b98c8\" data-id=\"71b98c8\" data-element_type=\"column\">\n\t\t\t<div class=\"elementor-widget-wrap elementor-element-populated\">\n\t\t\t\t\t\t<div class=\"elementor-element elementor-element-53f33c5 elementor-widget elementor-widget-text-editor\" data-id=\"53f33c5\" data-element_type=\"widget\" data-widget_type=\"text-editor.default\">\n\t\t\t\t<div class=\"elementor-widget-container\">\n\t\t\t\t\t\t\t\t\t<p class=\"CDt4Ke zfr3Q\" dir=\"ltr\">A trajet\u00f3ria de vida de Antonieta de Barros \u00e9 admir\u00e1vel. Nascida em Florian\u00f3polis, em 1901, ela teve uma inf\u00e2ncia dif\u00edcil. Ap\u00f3s ser libertada da escravid\u00e3o, sua m\u00e3e trabalhou como lavadeira e, para completar o or\u00e7amento, transformou sua casa em pens\u00e3o para estudantes. O pai de Antonieta, um jardineiro, morreu quando ela ainda era menina.<\/p><p dir=\"ltr\">\u00a0<\/p><p class=\"CDt4Ke zfr3Q\" dir=\"ltr\">Foi convivendo com os estudantes na pens\u00e3o de sua m\u00e3e que Antonieta se alfabetizou. Aos 17 anos, entrou na Escola Normal Catarinense, concluindo o curso em 1921. No ano seguinte, fundou o Curso Particular Antonieta de Barros, voltado para a educa\u00e7\u00e3o da popula\u00e7\u00e3o carente.<\/p><p dir=\"ltr\">\u00a0<\/p><p class=\"CDt4Ke zfr3Q\" dir=\"ltr\">Antonieta tamb\u00e9m trabalhou como jornalista, sendo fundadora do peri\u00f3dico A Semana, que circulou entre 1922 e 1927. Por meio de suas cr\u00f4nicas, divulgava ideias ligadas \u00e0s quest\u00f5es da educa\u00e7\u00e3o, dos desmandos pol\u00edticos, da condi\u00e7\u00e3o feminina e do preconceito.<\/p><p dir=\"ltr\">\u00a0<\/p><p class=\"CDt4Ke zfr3Q\" dir=\"ltr\">Em 1934, na primeira vez em que as mulheres brasileiras puderam votar e se candidatar, filiou-se ao Partido Liberal Catarinense, elegendo-se deputada estadual. Uma das principais bandeiras de seu mandato foi a concess\u00e3o de bolsas de estudo para alunos carentes. Ela exerceu o mandato at\u00e9 1937, quando come\u00e7ou o per\u00edodo ditatorial de Get\u00falio Vargas. No mesmo ano, sob o pseud\u00f4nimo Maria da Ilha, escreveu o livro Farrapos de Ideias.<\/p><p dir=\"ltr\">\u00a0<\/p><p class=\"CDt4Ke zfr3Q\" dir=\"ltr\">Em 1947, ap\u00f3s o fim da ditadura Vargas, ela se elegeu deputada novamente, desta vez pelo Partido Social Democr\u00e1tico, cumprindo o mandato at\u00e9 1951. Antonieta nunca deixou de exercer o magist\u00e9rio. Ela dirigiu a escola que levava seu nome at\u00e9 morrer, em 1952.<\/p>\t\t\t\t\t\t\t\t<\/div>\n\t\t\t\t<\/div>\n\t\t\t\t\t<\/div>\n\t\t<\/div>\n\t\t\t\t\t<\/div>\n\t\t<\/section>\n\t\t\t\t<section class=\"elementor-section elementor-top-section elementor-element elementor-element-fba3f8f elementor-section-boxed elementor-section-height-default elementor-section-height-default\" data-id=\"fba3f8f\" data-element_type=\"section\">\n\t\t\t\t\t\t<div class=\"elementor-container elementor-column-gap-default\">\n\t\t\t\t\t<div class=\"elementor-column elementor-col-100 elementor-top-column elementor-element elementor-element-406097e\" data-id=\"406097e\" data-element_type=\"column\">\n\t\t\t<div class=\"elementor-widget-wrap elementor-element-populated\">\n\t\t\t\t\t\t<div class=\"elementor-element elementor-element-2bd2a5c elementor-widget elementor-widget-spacer\" data-id=\"2bd2a5c\" data-element_type=\"widget\" data-widget_type=\"spacer.default\">\n\t\t\t\t<div class=\"elementor-widget-container\">\n\t\t\t\t\t\t\t<div class=\"elementor-spacer\">\n\t\t\t<div class=\"elementor-spacer-inner\"><\/div>\n\t\t<\/div>\n\t\t\t\t\t\t<\/div>\n\t\t\t\t<\/div>\n\t\t\t\t<div class=\"elementor-element elementor-element-0614822 elementor-widget elementor-widget-text-editor\" data-id=\"0614822\" data-element_type=\"widget\" data-widget_type=\"text-editor.default\">\n\t\t\t\t<div class=\"elementor-widget-container\">\n\t\t\t\t\t\t\t\t\t<p style=\"text-align: right;\"><small id=\"h.66cwrf4ydoux\" class=\"CDt4Ke zfr3Q TMjjoe\" dir=\"ltr\">Fontes:\u00a0<span class=\" aw5Odc\"><a class=\"XqQF9c\" href=\"https:\/\/www.google.com\/url?q=https%3A%2F%2Fhistory.uol.com.br%2Fnoticias%2Fprimeira-deputada-negra-do-brasil-criou-o-dia-do-professor-em-1948&amp;sa=D&amp;sntz=1&amp;usg=AOvVaw0_9kvkVfNbf46n1MxBEiB7\" target=\"_blank\" rel=\"noopener\">History<\/a><\/span>,\u00a0<a class=\"XqQF9c rXJpyf\" href=\"https:\/\/www.google.com\/url?q=https%3A%2F%2Fbrasil.elpais.com%2Fopiniao%2F2020-10-15%2Fantonieta-de-barros-a-parlamentar-negra-pioneira-que-criou-o-dia-do-professor.html%3Fssm%3Dwhatsapp&amp;sa=D&amp;sntz=1&amp;usg=AOvVaw11AGFmh5jNZ2uyXRrxVmSA\" target=\"_blank\" rel=\"noopener\">El Pa\u00eds<\/a>,\u00a0<a class=\"XqQF9c rXJpyf\" href=\"https:\/\/www.google.com\/url?q=https%3A%2F%2Fwww.nsctotal.com.br%2Fcolunistas%2Fdagmara-spautz%2Fconheca-a-lei-de-antonieta-de-barros-que-criou-o-dia-do-professor-em-sc&amp;sa=D&amp;sntz=1&amp;usg=AOvVaw23tZGjEiWO8qFCT-tOU72D\" target=\"_blank\" rel=\"noopener\">NSC Total<\/a>,\u00a0<a class=\"XqQF9c rXJpyf\" href=\"https:\/\/www.google.com\/url?q=https%3A%2F%2Fwww.hypeness.com.br%2F2016%2F07%2Fvoce-conhece-a-historia-de-antonieta-de-barros-a-primeira-mulher-negra-eleita-deputada-no-brasil%2F&amp;sa=D&amp;sntz=1&amp;usg=AOvVaw0IOErzkTUdws4kVlYIjBen\" target=\"_blank\" rel=\"noopener\">Hypeness<\/a>,\u00a0<a class=\"XqQF9c rXJpyf\" href=\"https:\/\/www.google.com\/url?q=https%3A%2F%2Fwww.huffpostbrasil.com%2F2017%2F11%2F16%2Fantonieta-de-barros-a-mulher-pobre-e-negra-que-tornou-se-deputada-jornalista-e-educadora_a_23279880%2F&amp;sa=D&amp;sntz=1&amp;usg=AOvVaw0aWdBeOIIcGdnL_zAqQc5R\" target=\"_blank\" rel=\"noopener\">HuffPost Brasil<\/a>,\u00a0<a class=\"XqQF9c rXJpyf\" href=\"https:\/\/www.google.com\/url?q=https%3A%2F%2Fhistory.uol.com.br%2Fnoticias%2F%2520http%3A%2F%2Fwww.palmares.gov.br%2F%3Fp%3D51253&amp;sa=D&amp;sntz=1&amp;usg=AOvVaw3jPPKchc6R3Sb-jB0kxHu1\" target=\"_blank\" rel=\"noopener\">Funda\u00e7\u00e3o Cultural Palmares<\/a>\u00a0e\u00a0<a class=\"XqQF9c rXJpyf\" href=\"http:\/\/www.google.com\/url?q=http%3A%2F%2Fantigo.acordacultura.org.br%2Fherois%2Fheroi%2Fantonietadebarros&amp;sa=D&amp;sntz=1&amp;usg=AOvVaw12iUgdd4j35KSfThuLkPo8\" target=\"_blank\" rel=\"noopener\">A Cor da Cultura<\/a><\/small><\/p><p style=\"text-align: right;\"><small id=\"h.mf2lzdg9c879\" class=\"CDt4Ke zfr3Q TMjjoe\" dir=\"ltr\">Imagens: Instituto Hist\u00f3rico e Geogr\u00e1fico de Santa Catarina e Assembleia Legislativa de Santa Catarina<\/small><\/p>\t\t\t\t\t\t\t\t<\/div>\n\t\t\t\t<\/div>\n\t\t\t\t<div class=\"elementor-element elementor-element-de08a62 elementor-widget elementor-widget-spacer\" data-id=\"de08a62\" data-element_type=\"widget\" data-widget_type=\"spacer.default\">\n\t\t\t\t<div class=\"elementor-widget-container\">\n\t\t\t\t\t\t\t<div class=\"elementor-spacer\">\n\t\t\t<div class=\"elementor-spacer-inner\"><\/div>\n\t\t<\/div>\n\t\t\t\t\t\t<\/div>\n\t\t\t\t<\/div>\n\t\t\t\t\t<\/div>\n\t\t<\/div>\n\t\t\t\t\t<\/div>\n\t\t<\/section>\n\t\t\t\t<section class=\"elementor-section elementor-top-section elementor-element elementor-element-5c752b5 elementor-section-boxed elementor-section-height-default elementor-section-height-default\" data-id=\"5c752b5\" data-element_type=\"section\">\n\t\t\t\t\t\t<div class=\"elementor-container elementor-column-gap-default\">\n\t\t\t\t\t<div class=\"elementor-column elementor-col-100 elementor-top-column elementor-element elementor-element-538b66a\" data-id=\"538b66a\" data-element_type=\"column\">\n\t\t\t<div class=\"elementor-widget-wrap\">\n\t\t\t\t\t\t\t<\/div>\n\t\t<\/div>\n\t\t\t\t\t<\/div>\n\t\t<\/section>\n\t\t\t\t<\/div>\n\t\t","protected":false},"excerpt":{"rendered":"<p>Voltar para Mulheres na Pol\u00edtica Primeira deputada negra do Brasil Primeira deputada negra do Brasil criou o Dia do Professor em 1948 A partir de 1963 o Dia do Professor passou a ser comemorado oficialmente em 15 de outubro em todo o Brasil. Mas a data j\u00e1 era celebrada em Santa Catarina desde 1948 por [&hellip;]<\/p>\n","protected":false},"author":4,"featured_media":0,"parent":0,"menu_order":0,"comment_status":"closed","ping_status":"closed","template":"","meta":{"site-sidebar-layout":"no-sidebar","site-content-layout":"page-builder","ast-site-content-layout":"default","site-content-style":"default","site-sidebar-style":"default","ast-global-header-display":"","ast-banner-title-visibility":"","ast-main-header-display":"","ast-hfb-above-header-display":"","ast-hfb-below-header-display":"","ast-hfb-mobile-header-display":"","site-post-title":"disabled","ast-breadcrumbs-content":"","ast-featured-img":"disabled","footer-sml-layout":"","theme-transparent-header-meta":"","adv-header-id-meta":"","stick-header-meta":"","header-above-stick-meta":"","header-main-stick-meta":"","header-below-stick-meta":"","astra-migrate-meta-layouts":"default","ast-page-background-enabled":"default","ast-page-background-meta":{"desktop":{"background-color":"var(--ast-global-color-4)","background-image":"","background-repeat":"repeat","background-position":"center center","background-size":"auto","background-attachment":"scroll","background-type":"","background-media":"","overlay-type":"","overlay-color":"","overlay-opacity":"","overlay-gradient":""},"tablet":{"background-color":"","background-image":"","background-repeat":"repeat","background-position":"center center","background-size":"auto","background-attachment":"scroll","background-type":"","background-media":"","overlay-type":"","overlay-color":"","overlay-opacity":"","overlay-gradient":""},"mobile":{"background-color":"","background-image":"","background-repeat":"repeat","background-position":"center center","background-size":"auto","background-attachment":"scroll","background-type":"","background-media":"","overlay-type":"","overlay-color":"","overlay-opacity":"","overlay-gradient":""}},"ast-content-background-meta":{"desktop":{"background-color":"var(--ast-global-color-5)","background-image":"","background-repeat":"repeat","background-position":"center center","background-size":"auto","background-attachment":"scroll","background-type":"","background-media":"","overlay-type":"","overlay-color":"","overlay-opacity":"","overlay-gradient":""},"tablet":{"background-color":"var(--ast-global-color-5)","background-image":"","background-repeat":"repeat","background-position":"center center","background-size":"auto","background-attachment":"scroll","background-type":"","background-media":"","overlay-type":"","overlay-color":"","overlay-opacity":"","overlay-gradient":""},"mobile":{"background-color":"var(--ast-global-color-5)","background-image":"","background-repeat":"repeat","background-position":"center center","background-size":"auto","background-attachment":"scroll","background-type":"","background-media":"","overlay-type":"","overlay-color":"","overlay-opacity":"","overlay-gradient":""}},"footnotes":""},"class_list":["post-11006","page","type-page","status-publish","hentry"],"_links":{"self":[{"href":"http:\/\/10.10.1.232\/wordpress\/index.php?rest_route=\/wp\/v2\/pages\/11006","targetHints":{"allow":["GET"]}}],"collection":[{"href":"http:\/\/10.10.1.232\/wordpress\/index.php?rest_route=\/wp\/v2\/pages"}],"about":[{"href":"http:\/\/10.10.1.232\/wordpress\/index.php?rest_route=\/wp\/v2\/types\/page"}],"author":[{"embeddable":true,"href":"http:\/\/10.10.1.232\/wordpress\/index.php?rest_route=\/wp\/v2\/users\/4"}],"replies":[{"embeddable":true,"href":"http:\/\/10.10.1.232\/wordpress\/index.php?rest_route=%2Fwp%2Fv2%2Fcomments&post=11006"}],"version-history":[{"count":44,"href":"http:\/\/10.10.1.232\/wordpress\/index.php?rest_route=\/wp\/v2\/pages\/11006\/revisions"}],"predecessor-version":[{"id":15617,"href":"http:\/\/10.10.1.232\/wordpress\/index.php?rest_route=\/wp\/v2\/pages\/11006\/revisions\/15617"}],"wp:attachment":[{"href":"http:\/\/10.10.1.232\/wordpress\/index.php?rest_route=%2Fwp%2Fv2%2Fmedia&parent=11006"}],"curies":[{"name":"wp","href":"https:\/\/api.w.org\/{rel}","templated":true}]}}